{"id":298,"date":"2018-10-18T03:10:55","date_gmt":"2018-10-18T00:10:55","guid":{"rendered":"http:\/\/lapsilopsi.ee\/product\/broneeriine\/"},"modified":"2025-02-20T14:21:16","modified_gmt":"2025-02-20T11:21:16","slug":"booking","status":"publish","type":"product","link":"https:\/\/lapsilopsi.ee\/et\/toode\/booking\/","title":{"rendered":"Broneerimine"},"content":{"rendered":"<ul>\n<li>LapsiLopsi\u2014 see on laste saal Linnam\u00e4e Peetri Pizza k\u00f5rval.<\/li>\n<li>Lastesaali broneerides, teie rentide ruumi peoks 3 tunniks.<\/li>\n<li>Broneerimistasu 65 \u20ac<\/li>\n<li>Broneerimiseks tuleb sisestada ees- ja perekonnanimi, e-posti aadress, telefoninumber, s\u00fcnnip\u00e4eva lapse nimi ja vanus, peopaketi liik ning kommentaarides m\u00e4rkida lisa soovitused , n\u00e4iteks meeleolu programmi nimetus, \u00f5hupallide v\u00e4rv, pizzade valik jne.<\/li>\n<\/ul>\n<p>Ruumi broneerimisega teie kinnitate automaatselt <a href=\"https:\/\/lapsilopsi.ee\/et\/terms\/\">ostutingimused<\/a> ja <a href=\"https:\/\/lapsilopsi.ee\/ru\/%D1%80%D0%B0%D1%81%D0%BF%D0%BE%D1%80%D1%8F%D0%B4%D0%BE%D0%BA\/\">m\u00e4ngukohviku reeglid.<\/a> Ning v\u00f5tate endale vastutus m\u00e4ngukohviku reeglite j\u00e4rgimises.<\/p>\n<ul>\n<li>S\u00fcnnip\u00e4evapeost teie poolt loobumise korral ettemaksu ei tagastata.<\/li>\n<li>Kui te olete haige v\u00f5i muul p\u00f5hjusel ei saa valitud p\u00e4eval osaleda, on teil v\u00f5imalus \u00fcks kord \u00fcmber planeerida v\u00f5i avada krediidikonto, vastasel juhul on broneeringu raha kadunud.<\/li>\n<li><strong>ALKOHOOLSETE JOOKIDE TARVITAMINE JA OLEMASOLU JOOBES V\u00d5I NARKOOTIKUMISEISUNDIS LASTEKOHVIKUS LAPSILOSPI RANGELT KEELATUD!<\/strong> Selle reegli rikkumise korral meil on \u00f5igus peatada teie pidu ja n\u00f5uda kohe lahkuda ruumi tasu tagasimakseta.<\/li>\n<\/ul>\n<p>&nbsp;<\/p>\n<p>&nbsp;<\/p>\n","protected":false},"excerpt":{"rendered":"<ul>\n<li>LapsiLopsi peo broneerimine\n<ol>\n<li>\n<h4><a href=\"https:\/\/lapsilopsi.ee\/et\/super-pidu\/\" target=\"_blank\" rel=\"noopener noreferrer\">Super pidu 315 eurot<\/a><\/h4>\n<\/li>\n<li>\n<h4><a href=\"https:\/\/lapsilopsi.ee\/et\/pizza-pidu\/\" target=\"_blank\" rel=\"noopener noreferrer\">Pitsapidu (!!10.00-13.00!!!) 205 eurot <\/a><\/h4>\n<\/li>\n<li>\n<h4><a href=\"https:\/\/lapsilopsi.ee\/et\/taispakett\/\" target=\"_blank\" rel=\"noopener noreferrer\">T\u00e4ispakett 195 eurot<\/a><\/h4>\n<\/li>\n<li>\n<h4><a href=\"https:\/\/lapsilopsi.ee\/et\/lihtne-pakett\/\" target=\"_blank\" rel=\"noopener noreferrer\">Lihtne pakett 135 \u20ac <\/a><\/h4>\n<\/li>\n<li>\n<h4><a href=\"https:\/\/lapsilopsi.ee\/et\/perepakett\/\">Perepakett alates 65 eurost <\/a><\/h4>\n<\/li>\n<li>\n<h4><a href=\"https:\/\/lapsilopsi.ee\/et\/pidu-koige-vaikestele-lastele\/\" target=\"_blank\" rel=\"noopener noreferrer\">Pidu k\u00f5ige v\u00e4ikestele 235 eurot<\/a><\/h4>\n<\/li>\n<li>\n<h4><a href=\"https:\/\/lapsilopsi.ee\/et\/disco-pidu\/\">Disco pidu 270 euro<\/a><\/h4>\n<\/li>\n<li>\n<h4><a href=\"https:\/\/lapsilopsi.ee\/et\/hea-pidu\/\">Hea pidu 225 eurot <\/a><\/h4>\n<\/li>\n<li>\n<h4><a href=\"https:\/\/lapsilopsi.ee\/et\/jaatise-kokteili-pidu\/\">Magus pidu 205 eurot<\/a><\/h4>\n<\/li>\n<\/ol>\n<\/li>\n<\/ul>\n<h4>Broneerimistasu on 65 eurot, mis arvatakse maha kogusummast.Kui broneerite pidu t\u00f6\u00f6p\u00e4evadel (E-R), on v\u00f5imalik alustada pidu kell 17.00 ja kell 17.30. Kirjutage sellest tellimuse kommentaaridesse.<\/h4>\n<p>&nbsp;<\/p>\n<h2><\/h2>\n","protected":false},"featured_media":240,"template":"","meta":{"_acf_changed":false,"jetpack_post_was_ever_published":false,"jetpack_publicize_message":"","jetpack_publicize_feature_enabled":true,"jetpack_social_post_already_shared":true,"jetpack_social_options":{"image_generator_settings":{"template":"highway","enabled":false},"version":2}},"product_brand":[],"product_cat":[26],"product_tag":[],"class_list":{"0":"post-298","1":"product","2":"type-product","3":"status-publish","4":"has-post-thumbnail","6":"product_cat-booking-et","8":"first","9":"instock","10":"virtual","11":"taxable","12":"purchasable","13":"product-type-phive_booking"},"jetpack_publicize_connections":[],"acf":[],"yoast_head":"<!-- This site is optimized with the Yoast SEO plugin v24.6 - https:\/\/yoast.com\/wordpress\/plugins\/seo\/ -->\n<title>Broneerimine - LapsiLopsi<\/title>\n<meta name=\"robots\" content=\"index, follow, max-snippet:-1, max-image-preview:large, max-video-preview:-1\" \/>\n<link rel=\"canonical\" href=\"https:\/\/lapsilopsi.ee\/et\/toode\/booking\/\" \/>\n<meta property=\"og:locale\" content=\"et_EE\" \/>\n<meta property=\"og:type\" content=\"article\" \/>\n<meta property=\"og:title\" content=\"Broneerimine - LapsiLopsi\" \/>\n<meta property=\"og:description\" content=\"LapsiLopsi peo broneerimine    Super pidu 315 eurot    Pitsapidu (!!10.00-13.00!!!) 205 eurot     T\u00e4ispakett 195 eurot    Lihtne pakett 135 \u20ac     Perepakett alates 65 eurost     Pidu k\u00f5ige v\u00e4ikestele 235 eurot    Disco pidu 270 euro    Hea pidu 225 eurot     Magus pidu 205 eurot     Broneerimistasu on 65 eurot, mis arvatakse maha kogusummast.Kui broneerite pidu t\u00f6\u00f6p\u00e4evadel (E-R), on v\u00f5imalik alustada pidu kell 17.00 ja kell 17.30. Kirjutage sellest tellimuse kommentaaridesse. &nbsp;\" \/>\n<meta property=\"og:url\" content=\"https:\/\/lapsilopsi.ee\/et\/toode\/booking\/\" \/>\n<meta property=\"og:site_name\" content=\"LapsiLopsi\" \/>\n<meta property=\"article:modified_time\" content=\"2025-02-20T11:21:16+00:00\" \/>\n<meta property=\"og:image\" content=\"https:\/\/lapsilopsi.ee\/wp-content\/uploads\/2018\/10\/1540803520563.jpeg\" \/>\n\t<meta property=\"og:image:width\" content=\"756\" \/>\n\t<meta property=\"og:image:height\" content=\"1008\" \/>\n\t<meta property=\"og:image:type\" content=\"image\/jpeg\" \/>\n<meta name=\"twitter:card\" content=\"summary_large_image\" \/>\n<meta name=\"twitter:label1\" content=\"Est. reading time\" \/>\n\t<meta name=\"twitter:data1\" content=\"1 minut\" \/>\n<script type=\"application\/ld+json\" class=\"yoast-schema-graph\">{\"@context\":\"https:\/\/schema.org\",\"@graph\":[{\"@type\":\"WebPage\",\"@id\":\"https:\/\/lapsilopsi.ee\/et\/toode\/booking\/\",\"url\":\"https:\/\/lapsilopsi.ee\/et\/toode\/booking\/\",\"name\":\"Broneerimine - LapsiLopsi\",\"isPartOf\":{\"@id\":\"https:\/\/lapsilopsi.ee\/et\/#website\"},\"primaryImageOfPage\":{\"@id\":\"https:\/\/lapsilopsi.ee\/et\/toode\/booking\/#primaryimage\"},\"image\":{\"@id\":\"https:\/\/lapsilopsi.ee\/et\/toode\/booking\/#primaryimage\"},\"thumbnailUrl\":\"https:\/\/lapsilopsi.ee\/wp-content\/uploads\/2018\/10\/1540803520563.jpeg\",\"datePublished\":\"2018-10-18T00:10:55+00:00\",\"dateModified\":\"2025-02-20T11:21:16+00:00\",\"breadcrumb\":{\"@id\":\"https:\/\/lapsilopsi.ee\/et\/toode\/booking\/#breadcrumb\"},\"inLanguage\":\"et\",\"potentialAction\":[{\"@type\":\"ReadAction\",\"target\":[\"https:\/\/lapsilopsi.ee\/et\/toode\/booking\/\"]}]},{\"@type\":\"ImageObject\",\"inLanguage\":\"et\",\"@id\":\"https:\/\/lapsilopsi.ee\/et\/toode\/booking\/#primaryimage\",\"url\":\"https:\/\/lapsilopsi.ee\/wp-content\/uploads\/2018\/10\/1540803520563.jpeg\",\"contentUrl\":\"https:\/\/lapsilopsi.ee\/wp-content\/uploads\/2018\/10\/1540803520563.jpeg\",\"width\":756,\"height\":1008},{\"@type\":\"BreadcrumbList\",\"@id\":\"https:\/\/lapsilopsi.ee\/et\/toode\/booking\/#breadcrumb\",\"itemListElement\":[{\"@type\":\"ListItem\",\"position\":1,\"name\":\"Home\",\"item\":\"https:\/\/lapsilopsi.ee\/et\/\"},{\"@type\":\"ListItem\",\"position\":2,\"name\":\"Broneerimine\"}]},{\"@type\":\"WebSite\",\"@id\":\"https:\/\/lapsilopsi.ee\/et\/#website\",\"url\":\"https:\/\/lapsilopsi.ee\/et\/\",\"name\":\"LapsiLopsi\",\"description\":\"Puhkame k\u00f5ik koos!\",\"publisher\":{\"@id\":\"https:\/\/lapsilopsi.ee\/et\/#organization\"},\"potentialAction\":[{\"@type\":\"SearchAction\",\"target\":{\"@type\":\"EntryPoint\",\"urlTemplate\":\"https:\/\/lapsilopsi.ee\/et\/?s={search_term_string}\"},\"query-input\":{\"@type\":\"PropertyValueSpecification\",\"valueRequired\":true,\"valueName\":\"search_term_string\"}}],\"inLanguage\":\"et\"},{\"@type\":\"Organization\",\"@id\":\"https:\/\/lapsilopsi.ee\/et\/#organization\",\"name\":\"LapsiLopsi\",\"url\":\"https:\/\/lapsilopsi.ee\/et\/\",\"logo\":{\"@type\":\"ImageObject\",\"inLanguage\":\"et\",\"@id\":\"https:\/\/lapsilopsi.ee\/et\/#\/schema\/logo\/image\/\",\"url\":\"https:\/\/lapsilopsi.ee\/wp-content\/uploads\/2022\/10\/lapsi-lapsi.jpg\",\"contentUrl\":\"https:\/\/lapsilopsi.ee\/wp-content\/uploads\/2022\/10\/lapsi-lapsi.jpg\",\"width\":699,\"height\":181,\"caption\":\"LapsiLopsi\"},\"image\":{\"@id\":\"https:\/\/lapsilopsi.ee\/et\/#\/schema\/logo\/image\/\"}}]}<\/script>\n<!-- \/ Yoast SEO plugin. -->","yoast_head_json":{"title":"Broneerimine - LapsiLopsi","robots":{"index":"index","follow":"follow","max-snippet":"max-snippet:-1","max-image-preview":"max-image-preview:large","max-video-preview":"max-video-preview:-1"},"canonical":"https:\/\/lapsilopsi.ee\/et\/toode\/booking\/","og_locale":"et_EE","og_type":"article","og_title":"Broneerimine - LapsiLopsi","og_description":"LapsiLopsi peo broneerimine    Super pidu 315 eurot    Pitsapidu (!!10.00-13.00!!!) 205 eurot     T\u00e4ispakett 195 eurot    Lihtne pakett 135 \u20ac     Perepakett alates 65 eurost     Pidu k\u00f5ige v\u00e4ikestele 235 eurot    Disco pidu 270 euro    Hea pidu 225 eurot     Magus pidu 205 eurot     Broneerimistasu on 65 eurot, mis arvatakse maha kogusummast.Kui broneerite pidu t\u00f6\u00f6p\u00e4evadel (E-R), on v\u00f5imalik alustada pidu kell 17.00 ja kell 17.30. Kirjutage sellest tellimuse kommentaaridesse. &nbsp;","og_url":"https:\/\/lapsilopsi.ee\/et\/toode\/booking\/","og_site_name":"LapsiLopsi","article_modified_time":"2025-02-20T11:21:16+00:00","og_image":[{"width":756,"height":1008,"url":"https:\/\/lapsilopsi.ee\/wp-content\/uploads\/2018\/10\/1540803520563.jpeg","type":"image\/jpeg"}],"twitter_card":"summary_large_image","twitter_misc":{"Est. reading time":"1 minut"},"schema":{"@context":"https:\/\/schema.org","@graph":[{"@type":"WebPage","@id":"https:\/\/lapsilopsi.ee\/et\/toode\/booking\/","url":"https:\/\/lapsilopsi.ee\/et\/toode\/booking\/","name":"Broneerimine - LapsiLopsi","isPartOf":{"@id":"https:\/\/lapsilopsi.ee\/et\/#website"},"primaryImageOfPage":{"@id":"https:\/\/lapsilopsi.ee\/et\/toode\/booking\/#primaryimage"},"image":{"@id":"https:\/\/lapsilopsi.ee\/et\/toode\/booking\/#primaryimage"},"thumbnailUrl":"https:\/\/lapsilopsi.ee\/wp-content\/uploads\/2018\/10\/1540803520563.jpeg","datePublished":"2018-10-18T00:10:55+00:00","dateModified":"2025-02-20T11:21:16+00:00","breadcrumb":{"@id":"https:\/\/lapsilopsi.ee\/et\/toode\/booking\/#breadcrumb"},"inLanguage":"et","potentialAction":[{"@type":"ReadAction","target":["https:\/\/lapsilopsi.ee\/et\/toode\/booking\/"]}]},{"@type":"ImageObject","inLanguage":"et","@id":"https:\/\/lapsilopsi.ee\/et\/toode\/booking\/#primaryimage","url":"https:\/\/lapsilopsi.ee\/wp-content\/uploads\/2018\/10\/1540803520563.jpeg","contentUrl":"https:\/\/lapsilopsi.ee\/wp-content\/uploads\/2018\/10\/1540803520563.jpeg","width":756,"height":1008},{"@type":"BreadcrumbList","@id":"https:\/\/lapsilopsi.ee\/et\/toode\/booking\/#breadcrumb","itemListElement":[{"@type":"ListItem","position":1,"name":"Home","item":"https:\/\/lapsilopsi.ee\/et\/"},{"@type":"ListItem","position":2,"name":"Broneerimine"}]},{"@type":"WebSite","@id":"https:\/\/lapsilopsi.ee\/et\/#website","url":"https:\/\/lapsilopsi.ee\/et\/","name":"LapsiLopsi","description":"Puhkame k\u00f5ik koos!","publisher":{"@id":"https:\/\/lapsilopsi.ee\/et\/#organization"},"potentialAction":[{"@type":"SearchAction","target":{"@type":"EntryPoint","urlTemplate":"https:\/\/lapsilopsi.ee\/et\/?s={search_term_string}"},"query-input":{"@type":"PropertyValueSpecification","valueRequired":true,"valueName":"search_term_string"}}],"inLanguage":"et"},{"@type":"Organization","@id":"https:\/\/lapsilopsi.ee\/et\/#organization","name":"LapsiLopsi","url":"https:\/\/lapsilopsi.ee\/et\/","logo":{"@type":"ImageObject","inLanguage":"et","@id":"https:\/\/lapsilopsi.ee\/et\/#\/schema\/logo\/image\/","url":"https:\/\/lapsilopsi.ee\/wp-content\/uploads\/2022\/10\/lapsi-lapsi.jpg","contentUrl":"https:\/\/lapsilopsi.ee\/wp-content\/uploads\/2022\/10\/lapsi-lapsi.jpg","width":699,"height":181,"caption":"LapsiLopsi"},"image":{"@id":"https:\/\/lapsilopsi.ee\/et\/#\/schema\/logo\/image\/"}}]}},"jetpack_sharing_enabled":true,"_links":{"self":[{"href":"https:\/\/lapsilopsi.ee\/et\/wp-json\/wp\/v2\/product\/298","targetHints":{"allow":["GET"]}}],"collection":[{"href":"https:\/\/lapsilopsi.ee\/et\/wp-json\/wp\/v2\/product"}],"about":[{"href":"https:\/\/lapsilopsi.ee\/et\/wp-json\/wp\/v2\/types\/product"}],"wp:featuredmedia":[{"embeddable":true,"href":"https:\/\/lapsilopsi.ee\/et\/wp-json\/wp\/v2\/media\/240"}],"wp:attachment":[{"href":"https:\/\/lapsilopsi.ee\/et\/wp-json\/wp\/v2\/media?parent=298"}],"wp:term":[{"taxonomy":"product_brand","embeddable":true,"href":"https:\/\/lapsilopsi.ee\/et\/wp-json\/wp\/v2\/product_brand?post=298"},{"taxonomy":"product_cat","embeddable":true,"href":"https:\/\/lapsilopsi.ee\/et\/wp-json\/wp\/v2\/product_cat?post=298"},{"taxonomy":"product_tag","embeddable":true,"href":"https:\/\/lapsilopsi.ee\/et\/wp-json\/wp\/v2\/product_tag?post=298"}],"curies":[{"name":"wp","href":"https:\/\/api.w.org\/{rel}","templated":true}]}}