{"id":287,"date":"2018-11-27T11:23:30","date_gmt":"2018-11-27T08:23:30","guid":{"rendered":"http:\/\/lapsilopsi.ee\/product\/mkpizzameister\/"},"modified":"2020-03-04T16:58:27","modified_gmt":"2020-03-04T13:58:27","slug":"mkpizzameister","status":"publish","type":"product","link":"https:\/\/lapsilopsi.ee\/et\/toode\/mkpizzameister\/","title":{"rendered":"V\u00e4ike pizza-meister kell 10.00-11.00"},"content":{"rendered":"<div class=\"_63eu _63ev\">\n<div class=\"_63ew\" data-testid=\"event-permalink-details\">\n<p>&nbsp;<\/p>\n<\/div>\n<\/div>\n<p>V\u00e4ike pizza-meister iga kuu viimane p\u00fchap\u00e4ev\u00a0 kell 10.00-11.00<\/p>\n<h4>Linnam\u00e4e Peetri Pizza<\/h4>\n","protected":false},"excerpt":{"rendered":"<p>Lapsed ise\u00a0 saavad valmistada endale v\u00e4ike \u00f5huke pizza kahe lisandiga nenede valikul. Pizzaeister \u00f5petab kuidas rullitakse pizzap\u00f5hi, kuidas ja missugune kaste on vaja panna. Ise ka lapsed panevad juustu ja nende valitud lisandid. Pizzameister n\u00e4itab kuidas pizza labida peale v\u00f5tta ja \u00f5igesti panna pizzaahjasse. Lapsed ise j\u00e4lgivad millal nende pizza valmis saab.\u00a0 Pizzameister annab teada millal on vaja ahjast v\u00f5tta. Lapsed ise v\u00f5tavad oma pizza ahjast v\u00e4lja ja panevad taldriku peale. Ise proovivad ka pizzanoaga l\u00f5igata.<\/p>\n<p>Hinna sees on \u00fcks k\u00f5rrejook\u00a0 \u00dcritus sobib lastele alates 7 aastast.<br \/>\n!!Kui juhtub nii et laps ei saa tulla , siis ta ikka saab v\u00e4ike \u00f5huke pizza kahe lisandiga tema valikul ja k\u00f5rrejook mugaval ajal. Ettemaks ei tagasta!!<\/p>\n","protected":false},"featured_media":285,"template":"","meta":{"_acf_changed":false,"jetpack_post_was_ever_published":false,"jetpack_publicize_message":"","jetpack_publicize_feature_enabled":true,"jetpack_social_post_already_shared":true,"jetpack_social_options":{"image_generator_settings":{"template":"highway","enabled":false},"version":2}},"product_brand":[],"product_cat":[26],"product_tag":[],"class_list":{"0":"post-287","1":"product","2":"type-product","3":"status-publish","4":"has-post-thumbnail","6":"product_cat-booking-et","8":"first","9":"instock","10":"taxable","11":"shipping-taxable","12":"purchasable","13":"product-type-simple"},"jetpack_publicize_connections":[],"acf":[],"yoast_head":"<!-- This site is optimized with the Yoast SEO plugin v24.6 - https:\/\/yoast.com\/wordpress\/plugins\/seo\/ -->\n<title>V\u00e4ike pizza-meister kell 10.00-11.00 - LapsiLopsi<\/title>\n<meta name=\"robots\" content=\"index, follow, max-snippet:-1, max-image-preview:large, max-video-preview:-1\" \/>\n<link rel=\"canonical\" href=\"https:\/\/lapsilopsi.ee\/et\/toode\/mkpizzameister\/\" \/>\n<meta property=\"og:locale\" content=\"et_EE\" \/>\n<meta property=\"og:type\" content=\"article\" \/>\n<meta property=\"og:title\" content=\"V\u00e4ike pizza-meister kell 10.00-11.00 - LapsiLopsi\" \/>\n<meta property=\"og:description\" content=\"Lapsed ise\u00a0 saavad valmistada endale v\u00e4ike \u00f5huke pizza kahe lisandiga nenede valikul. Pizzaeister \u00f5petab kuidas rullitakse pizzap\u00f5hi, kuidas ja missugune kaste on vaja panna. Ise ka lapsed panevad juustu ja nende valitud lisandid. Pizzameister n\u00e4itab kuidas pizza labida peale v\u00f5tta ja \u00f5igesti panna pizzaahjasse. Lapsed ise j\u00e4lgivad millal nende pizza valmis saab.\u00a0 Pizzameister annab teada millal on vaja ahjast v\u00f5tta. Lapsed ise v\u00f5tavad oma pizza ahjast v\u00e4lja ja panevad taldriku peale. Ise proovivad ka pizzanoaga l\u00f5igata.  Hinna sees on \u00fcks k\u00f5rrejook\u00a0 \u00dcritus sobib lastele alates 7 aastast. !!Kui juhtub nii et laps ei saa tulla , siis ta ikka saab v\u00e4ike \u00f5huke pizza kahe lisandiga tema valikul ja k\u00f5rrejook mugaval ajal. Ettemaks ei tagasta!!\" \/>\n<meta property=\"og:url\" content=\"https:\/\/lapsilopsi.ee\/et\/toode\/mkpizzameister\/\" \/>\n<meta property=\"og:site_name\" content=\"LapsiLopsi\" \/>\n<meta property=\"article:modified_time\" content=\"2020-03-04T13:58:27+00:00\" \/>\n<meta property=\"og:image\" content=\"https:\/\/lapsilopsi.ee\/wp-content\/uploads\/2018\/11\/DSC00441.jpg\" \/>\n\t<meta property=\"og:image:width\" content=\"1280\" \/>\n\t<meta property=\"og:image:height\" content=\"1920\" \/>\n\t<meta property=\"og:image:type\" content=\"image\/jpeg\" \/>\n<meta name=\"twitter:card\" content=\"summary_large_image\" \/>\n<script type=\"application\/ld+json\" class=\"yoast-schema-graph\">{\"@context\":\"https:\/\/schema.org\",\"@graph\":[{\"@type\":\"WebPage\",\"@id\":\"https:\/\/lapsilopsi.ee\/et\/toode\/mkpizzameister\/\",\"url\":\"https:\/\/lapsilopsi.ee\/et\/toode\/mkpizzameister\/\",\"name\":\"V\u00e4ike pizza-meister kell 10.00-11.00 - LapsiLopsi\",\"isPartOf\":{\"@id\":\"https:\/\/lapsilopsi.ee\/et\/#website\"},\"primaryImageOfPage\":{\"@id\":\"https:\/\/lapsilopsi.ee\/et\/toode\/mkpizzameister\/#primaryimage\"},\"image\":{\"@id\":\"https:\/\/lapsilopsi.ee\/et\/toode\/mkpizzameister\/#primaryimage\"},\"thumbnailUrl\":\"https:\/\/lapsilopsi.ee\/wp-content\/uploads\/2018\/11\/DSC00441.jpg\",\"datePublished\":\"2018-11-27T08:23:30+00:00\",\"dateModified\":\"2020-03-04T13:58:27+00:00\",\"breadcrumb\":{\"@id\":\"https:\/\/lapsilopsi.ee\/et\/toode\/mkpizzameister\/#breadcrumb\"},\"inLanguage\":\"et\",\"potentialAction\":[{\"@type\":\"ReadAction\",\"target\":[\"https:\/\/lapsilopsi.ee\/et\/toode\/mkpizzameister\/\"]}]},{\"@type\":\"ImageObject\",\"inLanguage\":\"et\",\"@id\":\"https:\/\/lapsilopsi.ee\/et\/toode\/mkpizzameister\/#primaryimage\",\"url\":\"https:\/\/lapsilopsi.ee\/wp-content\/uploads\/2018\/11\/DSC00441.jpg\",\"contentUrl\":\"https:\/\/lapsilopsi.ee\/wp-content\/uploads\/2018\/11\/DSC00441.jpg\",\"width\":1280,\"height\":1920},{\"@type\":\"BreadcrumbList\",\"@id\":\"https:\/\/lapsilopsi.ee\/et\/toode\/mkpizzameister\/#breadcrumb\",\"itemListElement\":[{\"@type\":\"ListItem\",\"position\":1,\"name\":\"Home\",\"item\":\"https:\/\/lapsilopsi.ee\/et\/\"},{\"@type\":\"ListItem\",\"position\":2,\"name\":\"V\u00e4ike pizza-meister kell 10.00-11.00\"}]},{\"@type\":\"WebSite\",\"@id\":\"https:\/\/lapsilopsi.ee\/et\/#website\",\"url\":\"https:\/\/lapsilopsi.ee\/et\/\",\"name\":\"LapsiLopsi\",\"description\":\"Puhkame k\u00f5ik koos!\",\"publisher\":{\"@id\":\"https:\/\/lapsilopsi.ee\/et\/#organization\"},\"potentialAction\":[{\"@type\":\"SearchAction\",\"target\":{\"@type\":\"EntryPoint\",\"urlTemplate\":\"https:\/\/lapsilopsi.ee\/et\/?s={search_term_string}\"},\"query-input\":{\"@type\":\"PropertyValueSpecification\",\"valueRequired\":true,\"valueName\":\"search_term_string\"}}],\"inLanguage\":\"et\"},{\"@type\":\"Organization\",\"@id\":\"https:\/\/lapsilopsi.ee\/et\/#organization\",\"name\":\"LapsiLopsi\",\"url\":\"https:\/\/lapsilopsi.ee\/et\/\",\"logo\":{\"@type\":\"ImageObject\",\"inLanguage\":\"et\",\"@id\":\"https:\/\/lapsilopsi.ee\/et\/#\/schema\/logo\/image\/\",\"url\":\"https:\/\/lapsilopsi.ee\/wp-content\/uploads\/2022\/10\/lapsi-lapsi.jpg\",\"contentUrl\":\"https:\/\/lapsilopsi.ee\/wp-content\/uploads\/2022\/10\/lapsi-lapsi.jpg\",\"width\":699,\"height\":181,\"caption\":\"LapsiLopsi\"},\"image\":{\"@id\":\"https:\/\/lapsilopsi.ee\/et\/#\/schema\/logo\/image\/\"}}]}<\/script>\n<!-- \/ Yoast SEO plugin. -->","yoast_head_json":{"title":"V\u00e4ike pizza-meister kell 10.00-11.00 - LapsiLopsi","robots":{"index":"index","follow":"follow","max-snippet":"max-snippet:-1","max-image-preview":"max-image-preview:large","max-video-preview":"max-video-preview:-1"},"canonical":"https:\/\/lapsilopsi.ee\/et\/toode\/mkpizzameister\/","og_locale":"et_EE","og_type":"article","og_title":"V\u00e4ike pizza-meister kell 10.00-11.00 - LapsiLopsi","og_description":"Lapsed ise\u00a0 saavad valmistada endale v\u00e4ike \u00f5huke pizza kahe lisandiga nenede valikul. Pizzaeister \u00f5petab kuidas rullitakse pizzap\u00f5hi, kuidas ja missugune kaste on vaja panna. Ise ka lapsed panevad juustu ja nende valitud lisandid. Pizzameister n\u00e4itab kuidas pizza labida peale v\u00f5tta ja \u00f5igesti panna pizzaahjasse. Lapsed ise j\u00e4lgivad millal nende pizza valmis saab.\u00a0 Pizzameister annab teada millal on vaja ahjast v\u00f5tta. Lapsed ise v\u00f5tavad oma pizza ahjast v\u00e4lja ja panevad taldriku peale. Ise proovivad ka pizzanoaga l\u00f5igata.  Hinna sees on \u00fcks k\u00f5rrejook\u00a0 \u00dcritus sobib lastele alates 7 aastast. !!Kui juhtub nii et laps ei saa tulla , siis ta ikka saab v\u00e4ike \u00f5huke pizza kahe lisandiga tema valikul ja k\u00f5rrejook mugaval ajal. Ettemaks ei tagasta!!","og_url":"https:\/\/lapsilopsi.ee\/et\/toode\/mkpizzameister\/","og_site_name":"LapsiLopsi","article_modified_time":"2020-03-04T13:58:27+00:00","og_image":[{"width":1280,"height":1920,"url":"https:\/\/lapsilopsi.ee\/wp-content\/uploads\/2018\/11\/DSC00441.jpg","type":"image\/jpeg"}],"twitter_card":"summary_large_image","schema":{"@context":"https:\/\/schema.org","@graph":[{"@type":"WebPage","@id":"https:\/\/lapsilopsi.ee\/et\/toode\/mkpizzameister\/","url":"https:\/\/lapsilopsi.ee\/et\/toode\/mkpizzameister\/","name":"V\u00e4ike pizza-meister kell 10.00-11.00 - LapsiLopsi","isPartOf":{"@id":"https:\/\/lapsilopsi.ee\/et\/#website"},"primaryImageOfPage":{"@id":"https:\/\/lapsilopsi.ee\/et\/toode\/mkpizzameister\/#primaryimage"},"image":{"@id":"https:\/\/lapsilopsi.ee\/et\/toode\/mkpizzameister\/#primaryimage"},"thumbnailUrl":"https:\/\/lapsilopsi.ee\/wp-content\/uploads\/2018\/11\/DSC00441.jpg","datePublished":"2018-11-27T08:23:30+00:00","dateModified":"2020-03-04T13:58:27+00:00","breadcrumb":{"@id":"https:\/\/lapsilopsi.ee\/et\/toode\/mkpizzameister\/#breadcrumb"},"inLanguage":"et","potentialAction":[{"@type":"ReadAction","target":["https:\/\/lapsilopsi.ee\/et\/toode\/mkpizzameister\/"]}]},{"@type":"ImageObject","inLanguage":"et","@id":"https:\/\/lapsilopsi.ee\/et\/toode\/mkpizzameister\/#primaryimage","url":"https:\/\/lapsilopsi.ee\/wp-content\/uploads\/2018\/11\/DSC00441.jpg","contentUrl":"https:\/\/lapsilopsi.ee\/wp-content\/uploads\/2018\/11\/DSC00441.jpg","width":1280,"height":1920},{"@type":"BreadcrumbList","@id":"https:\/\/lapsilopsi.ee\/et\/toode\/mkpizzameister\/#breadcrumb","itemListElement":[{"@type":"ListItem","position":1,"name":"Home","item":"https:\/\/lapsilopsi.ee\/et\/"},{"@type":"ListItem","position":2,"name":"V\u00e4ike pizza-meister kell 10.00-11.00"}]},{"@type":"WebSite","@id":"https:\/\/lapsilopsi.ee\/et\/#website","url":"https:\/\/lapsilopsi.ee\/et\/","name":"LapsiLopsi","description":"Puhkame k\u00f5ik koos!","publisher":{"@id":"https:\/\/lapsilopsi.ee\/et\/#organization"},"potentialAction":[{"@type":"SearchAction","target":{"@type":"EntryPoint","urlTemplate":"https:\/\/lapsilopsi.ee\/et\/?s={search_term_string}"},"query-input":{"@type":"PropertyValueSpecification","valueRequired":true,"valueName":"search_term_string"}}],"inLanguage":"et"},{"@type":"Organization","@id":"https:\/\/lapsilopsi.ee\/et\/#organization","name":"LapsiLopsi","url":"https:\/\/lapsilopsi.ee\/et\/","logo":{"@type":"ImageObject","inLanguage":"et","@id":"https:\/\/lapsilopsi.ee\/et\/#\/schema\/logo\/image\/","url":"https:\/\/lapsilopsi.ee\/wp-content\/uploads\/2022\/10\/lapsi-lapsi.jpg","contentUrl":"https:\/\/lapsilopsi.ee\/wp-content\/uploads\/2022\/10\/lapsi-lapsi.jpg","width":699,"height":181,"caption":"LapsiLopsi"},"image":{"@id":"https:\/\/lapsilopsi.ee\/et\/#\/schema\/logo\/image\/"}}]}},"jetpack_sharing_enabled":true,"_links":{"self":[{"href":"https:\/\/lapsilopsi.ee\/et\/wp-json\/wp\/v2\/product\/287","targetHints":{"allow":["GET"]}}],"collection":[{"href":"https:\/\/lapsilopsi.ee\/et\/wp-json\/wp\/v2\/product"}],"about":[{"href":"https:\/\/lapsilopsi.ee\/et\/wp-json\/wp\/v2\/types\/product"}],"wp:featuredmedia":[{"embeddable":true,"href":"https:\/\/lapsilopsi.ee\/et\/wp-json\/wp\/v2\/media\/285"}],"wp:attachment":[{"href":"https:\/\/lapsilopsi.ee\/et\/wp-json\/wp\/v2\/media?parent=287"}],"wp:term":[{"taxonomy":"product_brand","embeddable":true,"href":"https:\/\/lapsilopsi.ee\/et\/wp-json\/wp\/v2\/product_brand?post=287"},{"taxonomy":"product_cat","embeddable":true,"href":"https:\/\/lapsilopsi.ee\/et\/wp-json\/wp\/v2\/product_cat?post=287"},{"taxonomy":"product_tag","embeddable":true,"href":"https:\/\/lapsilopsi.ee\/et\/wp-json\/wp\/v2\/product_tag?post=287"}],"curies":[{"name":"wp","href":"https:\/\/api.w.org\/{rel}","templated":true}]}}