{"id":879,"date":"2019-04-10T23:11:47","date_gmt":"2019-04-10T20:11:47","guid":{"rendered":"http:\/\/lapsilopsi.ee\/uuritused\/"},"modified":"2023-12-02T21:46:57","modified_gmt":"2023-12-02T18:46:57","slug":"uuritused","status":"publish","type":"page","link":"https:\/\/lapsilopsi.ee\/et\/uuritused\/","title":{"rendered":"\u00dc\u00fcritused"},"content":{"rendered":"<p><span style=\"font-size: 16px;\">L\u00f5busad \u00f5htud Iriskaga neljap\u00e4eviti 18.00-19.00<\/span><\/p>\r\n<p><a href=\"https:\/\/lapsilopsi.ee\/et\/vaike-pizzameister-tootuba\/\">MK Pizzameister 10.00-11.00 ettetellimisel, min. 6 inimest\u00a0<\/a><\/p>\r\n<p><a href=\"http:\/\/lapsilopsi.ee\/ru\/matematika\/\">Mentaalne matemaatika algklassilastele T, N 14.00-16.00 tel.5580775<\/a><\/p>\r\n<p>&nbsp;<\/p>","protected":false},"excerpt":{"rendered":"<p>L\u00f5busad \u00f5htud Iriskaga neljap\u00e4eviti 18.00-19.00 MK Pizzameister 10.00-11.00 ettetellimisel, min. 6 inimest\u00a0 Mentaalne matemaatika algklassilastele T, N 14.00-16.00 tel.5580775 &nbsp;<\/p>\n","protected":false},"author":2,"featured_media":0,"parent":0,"menu_order":0,"comment_status":"closed","ping_status":"closed","template":"","meta":{"_acf_changed":false,"jetpack_post_was_ever_published":false,"footnotes":""},"class_list":["post-879","page","type-page","status-publish","hentry"],"acf":[],"yoast_head":"<!-- This site is optimized with the Yoast SEO plugin v24.6 - https:\/\/yoast.com\/wordpress\/plugins\/seo\/ -->\n<title>\u00dc\u00fcritused - LapsiLopsi<\/title>\n<meta name=\"robots\" content=\"index, follow, max-snippet:-1, max-image-preview:large, max-video-preview:-1\" \/>\n<link rel=\"canonical\" href=\"https:\/\/lapsilopsi.ee\/et\/uuritused\/\" \/>\n<meta property=\"og:locale\" content=\"et_EE\" \/>\n<meta property=\"og:type\" content=\"article\" \/>\n<meta property=\"og:title\" content=\"\u00dc\u00fcritused - LapsiLopsi\" \/>\n<meta property=\"og:description\" content=\"L\u00f5busad \u00f5htud Iriskaga neljap\u00e4eviti 18.00-19.00 MK Pizzameister 10.00-11.00 ettetellimisel, min. 6 inimest\u00a0 Mentaalne matemaatika algklassilastele T, N 14.00-16.00 tel.5580775 &nbsp;\" \/>\n<meta property=\"og:url\" content=\"https:\/\/lapsilopsi.ee\/et\/uuritused\/\" \/>\n<meta property=\"og:site_name\" content=\"LapsiLopsi\" \/>\n<meta property=\"article:modified_time\" content=\"2023-12-02T18:46:57+00:00\" \/>\n<meta name=\"twitter:card\" content=\"summary_large_image\" \/>\n<meta name=\"twitter:label1\" content=\"Est. reading time\" \/>\n\t<meta name=\"twitter:data1\" content=\"1 minut\" \/>\n<script type=\"application\/ld+json\" class=\"yoast-schema-graph\">{\"@context\":\"https:\/\/schema.org\",\"@graph\":[{\"@type\":\"WebPage\",\"@id\":\"https:\/\/lapsilopsi.ee\/et\/uuritused\/\",\"url\":\"https:\/\/lapsilopsi.ee\/et\/uuritused\/\",\"name\":\"\u00dc\u00fcritused - LapsiLopsi\",\"isPartOf\":{\"@id\":\"https:\/\/lapsilopsi.ee\/et\/#website\"},\"datePublished\":\"2019-04-10T20:11:47+00:00\",\"dateModified\":\"2023-12-02T18:46:57+00:00\",\"breadcrumb\":{\"@id\":\"https:\/\/lapsilopsi.ee\/et\/uuritused\/#breadcrumb\"},\"inLanguage\":\"et\",\"potentialAction\":[{\"@type\":\"ReadAction\",\"target\":[\"https:\/\/lapsilopsi.ee\/et\/uuritused\/\"]}]},{\"@type\":\"BreadcrumbList\",\"@id\":\"https:\/\/lapsilopsi.ee\/et\/uuritused\/#breadcrumb\",\"itemListElement\":[{\"@type\":\"ListItem\",\"position\":1,\"name\":\"Home\",\"item\":\"https:\/\/lapsilopsi.ee\/et\/\"},{\"@type\":\"ListItem\",\"position\":2,\"name\":\"\u00dc\u00fcritused\"}]},{\"@type\":\"WebSite\",\"@id\":\"https:\/\/lapsilopsi.ee\/et\/#website\",\"url\":\"https:\/\/lapsilopsi.ee\/et\/\",\"name\":\"LapsiLopsi\",\"description\":\"Puhkame k\u00f5ik koos!\",\"publisher\":{\"@id\":\"https:\/\/lapsilopsi.ee\/et\/#organization\"},\"potentialAction\":[{\"@type\":\"SearchAction\",\"target\":{\"@type\":\"EntryPoint\",\"urlTemplate\":\"https:\/\/lapsilopsi.ee\/et\/?s={search_term_string}\"},\"query-input\":{\"@type\":\"PropertyValueSpecification\",\"valueRequired\":true,\"valueName\":\"search_term_string\"}}],\"inLanguage\":\"et\"},{\"@type\":\"Organization\",\"@id\":\"https:\/\/lapsilopsi.ee\/et\/#organization\",\"name\":\"LapsiLopsi\",\"url\":\"https:\/\/lapsilopsi.ee\/et\/\",\"logo\":{\"@type\":\"ImageObject\",\"inLanguage\":\"et\",\"@id\":\"https:\/\/lapsilopsi.ee\/et\/#\/schema\/logo\/image\/\",\"url\":\"https:\/\/lapsilopsi.ee\/wp-content\/uploads\/2022\/10\/lapsi-lapsi.jpg\",\"contentUrl\":\"https:\/\/lapsilopsi.ee\/wp-content\/uploads\/2022\/10\/lapsi-lapsi.jpg\",\"width\":699,\"height\":181,\"caption\":\"LapsiLopsi\"},\"image\":{\"@id\":\"https:\/\/lapsilopsi.ee\/et\/#\/schema\/logo\/image\/\"}}]}<\/script>\n<!-- \/ Yoast SEO plugin. -->","yoast_head_json":{"title":"\u00dc\u00fcritused - LapsiLopsi","robots":{"index":"index","follow":"follow","max-snippet":"max-snippet:-1","max-image-preview":"max-image-preview:large","max-video-preview":"max-video-preview:-1"},"canonical":"https:\/\/lapsilopsi.ee\/et\/uuritused\/","og_locale":"et_EE","og_type":"article","og_title":"\u00dc\u00fcritused - LapsiLopsi","og_description":"L\u00f5busad \u00f5htud Iriskaga neljap\u00e4eviti 18.00-19.00 MK Pizzameister 10.00-11.00 ettetellimisel, min. 6 inimest\u00a0 Mentaalne matemaatika algklassilastele T, N 14.00-16.00 tel.5580775 &nbsp;","og_url":"https:\/\/lapsilopsi.ee\/et\/uuritused\/","og_site_name":"LapsiLopsi","article_modified_time":"2023-12-02T18:46:57+00:00","twitter_card":"summary_large_image","twitter_misc":{"Est. reading time":"1 minut"},"schema":{"@context":"https:\/\/schema.org","@graph":[{"@type":"WebPage","@id":"https:\/\/lapsilopsi.ee\/et\/uuritused\/","url":"https:\/\/lapsilopsi.ee\/et\/uuritused\/","name":"\u00dc\u00fcritused - LapsiLopsi","isPartOf":{"@id":"https:\/\/lapsilopsi.ee\/et\/#website"},"datePublished":"2019-04-10T20:11:47+00:00","dateModified":"2023-12-02T18:46:57+00:00","breadcrumb":{"@id":"https:\/\/lapsilopsi.ee\/et\/uuritused\/#breadcrumb"},"inLanguage":"et","potentialAction":[{"@type":"ReadAction","target":["https:\/\/lapsilopsi.ee\/et\/uuritused\/"]}]},{"@type":"BreadcrumbList","@id":"https:\/\/lapsilopsi.ee\/et\/uuritused\/#breadcrumb","itemListElement":[{"@type":"ListItem","position":1,"name":"Home","item":"https:\/\/lapsilopsi.ee\/et\/"},{"@type":"ListItem","position":2,"name":"\u00dc\u00fcritused"}]},{"@type":"WebSite","@id":"https:\/\/lapsilopsi.ee\/et\/#website","url":"https:\/\/lapsilopsi.ee\/et\/","name":"LapsiLopsi","description":"Puhkame k\u00f5ik koos!","publisher":{"@id":"https:\/\/lapsilopsi.ee\/et\/#organization"},"potentialAction":[{"@type":"SearchAction","target":{"@type":"EntryPoint","urlTemplate":"https:\/\/lapsilopsi.ee\/et\/?s={search_term_string}"},"query-input":{"@type":"PropertyValueSpecification","valueRequired":true,"valueName":"search_term_string"}}],"inLanguage":"et"},{"@type":"Organization","@id":"https:\/\/lapsilopsi.ee\/et\/#organization","name":"LapsiLopsi","url":"https:\/\/lapsilopsi.ee\/et\/","logo":{"@type":"ImageObject","inLanguage":"et","@id":"https:\/\/lapsilopsi.ee\/et\/#\/schema\/logo\/image\/","url":"https:\/\/lapsilopsi.ee\/wp-content\/uploads\/2022\/10\/lapsi-lapsi.jpg","contentUrl":"https:\/\/lapsilopsi.ee\/wp-content\/uploads\/2022\/10\/lapsi-lapsi.jpg","width":699,"height":181,"caption":"LapsiLopsi"},"image":{"@id":"https:\/\/lapsilopsi.ee\/et\/#\/schema\/logo\/image\/"}}]}},"jetpack_sharing_enabled":true,"jetpack_shortlink":"https:\/\/wp.me\/PafPRj-eb","_links":{"self":[{"href":"https:\/\/lapsilopsi.ee\/et\/wp-json\/wp\/v2\/pages\/879","targetHints":{"allow":["GET"]}}],"collection":[{"href":"https:\/\/lapsilopsi.ee\/et\/wp-json\/wp\/v2\/pages"}],"about":[{"href":"https:\/\/lapsilopsi.ee\/et\/wp-json\/wp\/v2\/types\/page"}],"author":[{"embeddable":true,"href":"https:\/\/lapsilopsi.ee\/et\/wp-json\/wp\/v2\/users\/2"}],"replies":[{"embeddable":true,"href":"https:\/\/lapsilopsi.ee\/et\/wp-json\/wp\/v2\/comments?post=879"}],"version-history":[{"count":7,"href":"https:\/\/lapsilopsi.ee\/et\/wp-json\/wp\/v2\/pages\/879\/revisions"}],"predecessor-version":[{"id":11152,"href":"https:\/\/lapsilopsi.ee\/et\/wp-json\/wp\/v2\/pages\/879\/revisions\/11152"}],"wp:attachment":[{"href":"https:\/\/lapsilopsi.ee\/et\/wp-json\/wp\/v2\/media?parent=879"}],"curies":[{"name":"wp","href":"https:\/\/api.w.org\/{rel}","templated":true}]}}