{"id":869,"date":"2019-04-10T21:51:00","date_gmt":"2019-04-10T18:51:00","guid":{"rendered":"http:\/\/lapsilopsi.ee\/vali-pidu\/"},"modified":"2025-08-06T16:27:30","modified_gmt":"2025-08-06T13:27:30","slug":"vali-pidu","status":"publish","type":"page","link":"https:\/\/lapsilopsi.ee\/et\/vali-pidu\/","title":{"rendered":"Vali pidu"},"content":{"rendered":"<h3>Teie pidu peab olema erip\u00e4rane!<\/h3>\n<p>Lastekohvikus LapsiLopsi meie pakkume erinevaid pidusid, s\u00f6\u00f6ki, jooki, dekoratsiooni ja kindlasti l\u00f5bustusprogrammiga erinevate vanustele.<\/p>\n<p>Meie peod sobivad erinevate vanuste inimestele: lastele, noortele, neiudele, vanaema\/vanaisa s\u00fcnnip\u00e4ev , perepeod, baby shower pidu, varrud jne.<\/p>\n<h3>Peod:<\/h3>\n<ol>\n<li>\n<h3><a href=\"https:\/\/lapsilopsi.ee\/et\/super-pidu\/\"> Super pidu 315 eurot<\/a><\/h3>\n<\/li>\n<li>\n<h3><a href=\"http:\/\/lapsilopsi.ee\/ru\/pizzaprazdnik\/\"> Pitsapidu (!!10.00-13.00!!!) 205 eurot <\/a><\/h3>\n<\/li>\n<li>\n<h3><a href=\"https:\/\/lapsilopsi.ee\/et\/taispakett\/\"> T\u00e4ispakett 175 euro<\/a><\/h3>\n<\/li>\n<li>\n<h3><a href=\"https:\/\/lapsilopsi.ee\/et\/lihtne-pakett\/\"> Lihtne pakett 135 eurot <\/a><\/h3>\n<\/li>\n<li>\n<h3><a href=\"https:\/\/lapsilopsi.ee\/et\/perepakett\/\">Perepakett alates 65 eurost<\/a><\/h3>\n<\/li>\n<li>\n<h3><a href=\"https:\/\/lapsilopsi.ee\/et\/pidu-koige-vaikestele-lastele\/\"> Pidu v\u00e4ikestele 235 eurot<\/a><\/h3>\n<\/li>\n<li>\n<h3><a href=\"https:\/\/lapsilopsi.ee\/et\/disco-pidu\/\">Disco pidu 270 euro<\/a><\/h3>\n<\/li>\n<li>\n<h3><a href=\"https:\/\/lapsilopsi.ee\/et\/hea-pidu\/\"> Hea pidu 225 eurot<\/a><\/h3>\n<\/li>\n<li>\n<h3><a href=\"https:\/\/lapsilopsi.ee\/et\/jaatise-kokteili-pidu\/\">Magus pidu 205 eurot<\/a><\/h3>\n<\/li>\n<\/ol>\n<h6><a href=\"https:\/\/lapsilopsi.ee\/et\/onnitlused\/\"><strong>V\u00d5RDLUSTABEL <\/strong><\/a><\/h6>\n<h5><strong><a href=\"https:\/\/lapsilopsi.ee\/et\/toode\/booking\/\" target=\"_blank\" rel=\"noopener noreferrer\">Broneeri siin<\/a><\/strong><\/h5>\n<p>Broneerimistasu on 65 eurot, mis arvatakse maha kogusummast.<\/p>\n<p>Maksimaalne inimeste arv: 12 last \u0438 12 t\u00e4iskasvanu<\/p>\n<p>Lisa s\u00f6\u00f6k ja jook saab tellida kohapeal. Soodustus pizzadele 15%<\/p>\n<p>Ruumis on k\u00f5ik vajalik kvaliteetne banketi n\u00f5ud: noad, kahvlid, lusikad, taldrikud, klaasid, tassid, salfr\u00e4tikud, kausid, vaasid jne.<\/p>\n<p>\u00dchekordne n\u00f5ud ei pea kaasa v\u00f5tta!<\/p>\n<p>Meie juures saab maksta kaardiga!<\/p>\n<p><img loading=\"lazy\" decoding=\"async\" class=\"alignnone size-medium wp-image-6560\" src=\"https:\/\/lapsilopsi.ee\/wp-content\/uploads\/2022\/03\/IMG_4032-300x199.jpg\" alt=\"\" width=\"300\" height=\"199\" srcset=\"https:\/\/lapsilopsi.ee\/wp-content\/uploads\/2022\/03\/IMG_4032-300x199.jpg 300w, https:\/\/lapsilopsi.ee\/wp-content\/uploads\/2022\/03\/IMG_4032-1024x679.jpg 1024w, https:\/\/lapsilopsi.ee\/wp-content\/uploads\/2022\/03\/IMG_4032-768x509.jpg 768w, https:\/\/lapsilopsi.ee\/wp-content\/uploads\/2022\/03\/IMG_4032-1536x1018.jpg 1536w, https:\/\/lapsilopsi.ee\/wp-content\/uploads\/2022\/03\/IMG_4032-2048x1357.jpg 2048w, https:\/\/lapsilopsi.ee\/wp-content\/uploads\/2022\/03\/IMG_4032-842x558.jpg 842w, https:\/\/lapsilopsi.ee\/wp-content\/uploads\/2022\/03\/IMG_4032-600x398.jpg 600w\" sizes=\"auto, (max-width: 300px) 100vw, 300px\" \/><\/p>\n<div class=\"jetpack-video-wrapper\"><iframe loading=\"lazy\" title=\"LapsiLopsi Halloween Party\" width=\"842\" height=\"474\" src=\"https:\/\/www.youtube.com\/embed\/uCzN0hx3HTI?feature=oembed\" frameborder=\"0\" allow=\"accelerometer; autoplay; clipboard-write; encrypted-media; gyroscope; picture-in-picture; web-share\" referrerpolicy=\"strict-origin-when-cross-origin\" allowfullscreen><\/iframe><\/div>\n","protected":false},"excerpt":{"rendered":"<p>Teie pidu peab olema erip\u00e4rane! Lastekohvikus LapsiLopsi meie pakkume erinevaid pidusid, s\u00f6\u00f6ki, jooki, dekoratsiooni ja kindlasti l\u00f5bustusprogrammiga erinevate vanustele. Meie peod sobivad erinevate vanuste inimestele: lastele, noortele, neiudele, vanaema\/vanaisa s\u00fcnnip\u00e4ev , perepeod, baby shower pidu, varrud jne. Peod: Super pidu 315 eurot Pitsapidu (!!10.00-13.00!!!) 205 eurot T\u00e4ispakett 175 euro Lihtne pakett 135 eurot Perepakett alates [&hellip;]<\/p>\n","protected":false},"author":1,"featured_media":0,"parent":0,"menu_order":0,"comment_status":"closed","ping_status":"open","template":"","meta":{"_acf_changed":false,"jetpack_post_was_ever_published":false,"footnotes":""},"class_list":["post-869","page","type-page","status-publish","hentry"],"acf":[],"yoast_head":"<!-- This site is optimized with the Yoast SEO plugin v24.6 - https:\/\/yoast.com\/wordpress\/plugins\/seo\/ -->\n<title>Vali pidu - LapsiLopsi<\/title>\n<meta name=\"description\" content=\"Teie pidu peab olema erip\u00e4rane! LapsiLopsis pakume erinevaid &quot;v\u00f5tmed k\u00e4tte&quot; puhkusev\u00f5imalusi igas vanuses. Meie p\u00fchad on m\u00f5eldud k\u00f5igile: lastele, teismelistele, t\u00fcdrukute\u00f5htutele. vanaema\/vanaisa s\u00fcnnip\u00e4ev , perepeod, baby shower pidu, varrud jne.\" \/>\n<meta name=\"robots\" content=\"index, follow, max-snippet:-1, max-image-preview:large, max-video-preview:-1\" \/>\n<link rel=\"canonical\" href=\"https:\/\/lapsilopsi.ee\/et\/vali-pidu\/\" \/>\n<meta property=\"og:locale\" content=\"et_EE\" \/>\n<meta property=\"og:type\" content=\"article\" \/>\n<meta property=\"og:title\" content=\"Vali pidu - LapsiLopsi\" \/>\n<meta property=\"og:description\" content=\"Teie pidu peab olema erip\u00e4rane! LapsiLopsis pakume erinevaid &quot;v\u00f5tmed k\u00e4tte&quot; puhkusev\u00f5imalusi igas vanuses. Meie p\u00fchad on m\u00f5eldud k\u00f5igile: lastele, teismelistele, t\u00fcdrukute\u00f5htutele. vanaema\/vanaisa s\u00fcnnip\u00e4ev , perepeod, baby shower pidu, varrud jne.\" \/>\n<meta property=\"og:url\" content=\"https:\/\/lapsilopsi.ee\/et\/vali-pidu\/\" \/>\n<meta property=\"og:site_name\" content=\"LapsiLopsi\" \/>\n<meta property=\"article:modified_time\" content=\"2025-08-06T13:27:30+00:00\" \/>\n<meta property=\"og:image\" content=\"https:\/\/lapsilopsi.ee\/wp-content\/uploads\/2022\/03\/IMG_4032-scaled.jpg\" \/>\n\t<meta property=\"og:image:width\" content=\"2560\" \/>\n\t<meta property=\"og:image:height\" content=\"1697\" \/>\n\t<meta property=\"og:image:type\" content=\"image\/jpeg\" \/>\n<meta name=\"twitter:card\" content=\"summary_large_image\" \/>\n<meta name=\"twitter:label1\" content=\"Est. reading time\" \/>\n\t<meta name=\"twitter:data1\" content=\"1 minut\" \/>\n<script type=\"application\/ld+json\" class=\"yoast-schema-graph\">{\"@context\":\"https:\/\/schema.org\",\"@graph\":[{\"@type\":\"WebPage\",\"@id\":\"https:\/\/lapsilopsi.ee\/et\/vali-pidu\/\",\"url\":\"https:\/\/lapsilopsi.ee\/et\/vali-pidu\/\",\"name\":\"Vali pidu - LapsiLopsi\",\"isPartOf\":{\"@id\":\"https:\/\/lapsilopsi.ee\/et\/#website\"},\"primaryImageOfPage\":{\"@id\":\"https:\/\/lapsilopsi.ee\/et\/vali-pidu\/#primaryimage\"},\"image\":{\"@id\":\"https:\/\/lapsilopsi.ee\/et\/vali-pidu\/#primaryimage\"},\"thumbnailUrl\":\"https:\/\/lapsilopsi.ee\/wp-content\/uploads\/2022\/03\/IMG_4032-300x199.jpg\",\"datePublished\":\"2019-04-10T18:51:00+00:00\",\"dateModified\":\"2025-08-06T13:27:30+00:00\",\"description\":\"Teie pidu peab olema erip\u00e4rane! LapsiLopsis pakume erinevaid \\\"v\u00f5tmed k\u00e4tte\\\" puhkusev\u00f5imalusi igas vanuses. Meie p\u00fchad on m\u00f5eldud k\u00f5igile: lastele, teismelistele, t\u00fcdrukute\u00f5htutele. vanaema\/vanaisa s\u00fcnnip\u00e4ev , perepeod, baby shower pidu, varrud jne.\",\"breadcrumb\":{\"@id\":\"https:\/\/lapsilopsi.ee\/et\/vali-pidu\/#breadcrumb\"},\"inLanguage\":\"et\",\"potentialAction\":[{\"@type\":\"ReadAction\",\"target\":[\"https:\/\/lapsilopsi.ee\/et\/vali-pidu\/\"]}]},{\"@type\":\"ImageObject\",\"inLanguage\":\"et\",\"@id\":\"https:\/\/lapsilopsi.ee\/et\/vali-pidu\/#primaryimage\",\"url\":\"https:\/\/lapsilopsi.ee\/wp-content\/uploads\/2022\/03\/IMG_4032-300x199.jpg\",\"contentUrl\":\"https:\/\/lapsilopsi.ee\/wp-content\/uploads\/2022\/03\/IMG_4032-300x199.jpg\"},{\"@type\":\"BreadcrumbList\",\"@id\":\"https:\/\/lapsilopsi.ee\/et\/vali-pidu\/#breadcrumb\",\"itemListElement\":[{\"@type\":\"ListItem\",\"position\":1,\"name\":\"Home\",\"item\":\"https:\/\/lapsilopsi.ee\/et\/\"},{\"@type\":\"ListItem\",\"position\":2,\"name\":\"Vali pidu\"}]},{\"@type\":\"WebSite\",\"@id\":\"https:\/\/lapsilopsi.ee\/et\/#website\",\"url\":\"https:\/\/lapsilopsi.ee\/et\/\",\"name\":\"LapsiLopsi\",\"description\":\"Puhkame k\u00f5ik koos!\",\"publisher\":{\"@id\":\"https:\/\/lapsilopsi.ee\/et\/#organization\"},\"potentialAction\":[{\"@type\":\"SearchAction\",\"target\":{\"@type\":\"EntryPoint\",\"urlTemplate\":\"https:\/\/lapsilopsi.ee\/et\/?s={search_term_string}\"},\"query-input\":{\"@type\":\"PropertyValueSpecification\",\"valueRequired\":true,\"valueName\":\"search_term_string\"}}],\"inLanguage\":\"et\"},{\"@type\":\"Organization\",\"@id\":\"https:\/\/lapsilopsi.ee\/et\/#organization\",\"name\":\"LapsiLopsi\",\"url\":\"https:\/\/lapsilopsi.ee\/et\/\",\"logo\":{\"@type\":\"ImageObject\",\"inLanguage\":\"et\",\"@id\":\"https:\/\/lapsilopsi.ee\/et\/#\/schema\/logo\/image\/\",\"url\":\"https:\/\/lapsilopsi.ee\/wp-content\/uploads\/2022\/10\/lapsi-lapsi.jpg\",\"contentUrl\":\"https:\/\/lapsilopsi.ee\/wp-content\/uploads\/2022\/10\/lapsi-lapsi.jpg\",\"width\":699,\"height\":181,\"caption\":\"LapsiLopsi\"},\"image\":{\"@id\":\"https:\/\/lapsilopsi.ee\/et\/#\/schema\/logo\/image\/\"}}]}<\/script>\n<!-- \/ Yoast SEO plugin. -->","yoast_head_json":{"title":"Vali pidu - LapsiLopsi","description":"Teie pidu peab olema erip\u00e4rane! LapsiLopsis pakume erinevaid \"v\u00f5tmed k\u00e4tte\" puhkusev\u00f5imalusi igas vanuses. Meie p\u00fchad on m\u00f5eldud k\u00f5igile: lastele, teismelistele, t\u00fcdrukute\u00f5htutele. vanaema\/vanaisa s\u00fcnnip\u00e4ev , perepeod, baby shower pidu, varrud jne.","robots":{"index":"index","follow":"follow","max-snippet":"max-snippet:-1","max-image-preview":"max-image-preview:large","max-video-preview":"max-video-preview:-1"},"canonical":"https:\/\/lapsilopsi.ee\/et\/vali-pidu\/","og_locale":"et_EE","og_type":"article","og_title":"Vali pidu - LapsiLopsi","og_description":"Teie pidu peab olema erip\u00e4rane! LapsiLopsis pakume erinevaid \"v\u00f5tmed k\u00e4tte\" puhkusev\u00f5imalusi igas vanuses. Meie p\u00fchad on m\u00f5eldud k\u00f5igile: lastele, teismelistele, t\u00fcdrukute\u00f5htutele. vanaema\/vanaisa s\u00fcnnip\u00e4ev , perepeod, baby shower pidu, varrud jne.","og_url":"https:\/\/lapsilopsi.ee\/et\/vali-pidu\/","og_site_name":"LapsiLopsi","article_modified_time":"2025-08-06T13:27:30+00:00","og_image":[{"width":2560,"height":1697,"url":"https:\/\/lapsilopsi.ee\/wp-content\/uploads\/2022\/03\/IMG_4032-scaled.jpg","type":"image\/jpeg"}],"twitter_card":"summary_large_image","twitter_misc":{"Est. reading time":"1 minut"},"schema":{"@context":"https:\/\/schema.org","@graph":[{"@type":"WebPage","@id":"https:\/\/lapsilopsi.ee\/et\/vali-pidu\/","url":"https:\/\/lapsilopsi.ee\/et\/vali-pidu\/","name":"Vali pidu - LapsiLopsi","isPartOf":{"@id":"https:\/\/lapsilopsi.ee\/et\/#website"},"primaryImageOfPage":{"@id":"https:\/\/lapsilopsi.ee\/et\/vali-pidu\/#primaryimage"},"image":{"@id":"https:\/\/lapsilopsi.ee\/et\/vali-pidu\/#primaryimage"},"thumbnailUrl":"https:\/\/lapsilopsi.ee\/wp-content\/uploads\/2022\/03\/IMG_4032-300x199.jpg","datePublished":"2019-04-10T18:51:00+00:00","dateModified":"2025-08-06T13:27:30+00:00","description":"Teie pidu peab olema erip\u00e4rane! LapsiLopsis pakume erinevaid \"v\u00f5tmed k\u00e4tte\" puhkusev\u00f5imalusi igas vanuses. Meie p\u00fchad on m\u00f5eldud k\u00f5igile: lastele, teismelistele, t\u00fcdrukute\u00f5htutele. vanaema\/vanaisa s\u00fcnnip\u00e4ev , perepeod, baby shower pidu, varrud jne.","breadcrumb":{"@id":"https:\/\/lapsilopsi.ee\/et\/vali-pidu\/#breadcrumb"},"inLanguage":"et","potentialAction":[{"@type":"ReadAction","target":["https:\/\/lapsilopsi.ee\/et\/vali-pidu\/"]}]},{"@type":"ImageObject","inLanguage":"et","@id":"https:\/\/lapsilopsi.ee\/et\/vali-pidu\/#primaryimage","url":"https:\/\/lapsilopsi.ee\/wp-content\/uploads\/2022\/03\/IMG_4032-300x199.jpg","contentUrl":"https:\/\/lapsilopsi.ee\/wp-content\/uploads\/2022\/03\/IMG_4032-300x199.jpg"},{"@type":"BreadcrumbList","@id":"https:\/\/lapsilopsi.ee\/et\/vali-pidu\/#breadcrumb","itemListElement":[{"@type":"ListItem","position":1,"name":"Home","item":"https:\/\/lapsilopsi.ee\/et\/"},{"@type":"ListItem","position":2,"name":"Vali pidu"}]},{"@type":"WebSite","@id":"https:\/\/lapsilopsi.ee\/et\/#website","url":"https:\/\/lapsilopsi.ee\/et\/","name":"LapsiLopsi","description":"Puhkame k\u00f5ik koos!","publisher":{"@id":"https:\/\/lapsilopsi.ee\/et\/#organization"},"potentialAction":[{"@type":"SearchAction","target":{"@type":"EntryPoint","urlTemplate":"https:\/\/lapsilopsi.ee\/et\/?s={search_term_string}"},"query-input":{"@type":"PropertyValueSpecification","valueRequired":true,"valueName":"search_term_string"}}],"inLanguage":"et"},{"@type":"Organization","@id":"https:\/\/lapsilopsi.ee\/et\/#organization","name":"LapsiLopsi","url":"https:\/\/lapsilopsi.ee\/et\/","logo":{"@type":"ImageObject","inLanguage":"et","@id":"https:\/\/lapsilopsi.ee\/et\/#\/schema\/logo\/image\/","url":"https:\/\/lapsilopsi.ee\/wp-content\/uploads\/2022\/10\/lapsi-lapsi.jpg","contentUrl":"https:\/\/lapsilopsi.ee\/wp-content\/uploads\/2022\/10\/lapsi-lapsi.jpg","width":699,"height":181,"caption":"LapsiLopsi"},"image":{"@id":"https:\/\/lapsilopsi.ee\/et\/#\/schema\/logo\/image\/"}}]}},"jetpack_sharing_enabled":true,"jetpack_shortlink":"https:\/\/wp.me\/PafPRj-e1","_links":{"self":[{"href":"https:\/\/lapsilopsi.ee\/et\/wp-json\/wp\/v2\/pages\/869","targetHints":{"allow":["GET"]}}],"collection":[{"href":"https:\/\/lapsilopsi.ee\/et\/wp-json\/wp\/v2\/pages"}],"about":[{"href":"https:\/\/lapsilopsi.ee\/et\/wp-json\/wp\/v2\/types\/page"}],"author":[{"embeddable":true,"href":"https:\/\/lapsilopsi.ee\/et\/wp-json\/wp\/v2\/users\/1"}],"replies":[{"embeddable":true,"href":"https:\/\/lapsilopsi.ee\/et\/wp-json\/wp\/v2\/comments?post=869"}],"version-history":[{"count":30,"href":"https:\/\/lapsilopsi.ee\/et\/wp-json\/wp\/v2\/pages\/869\/revisions"}],"predecessor-version":[{"id":14488,"href":"https:\/\/lapsilopsi.ee\/et\/wp-json\/wp\/v2\/pages\/869\/revisions\/14488"}],"wp:attachment":[{"href":"https:\/\/lapsilopsi.ee\/et\/wp-json\/wp\/v2\/media?parent=869"}],"curies":[{"name":"wp","href":"https:\/\/api.w.org\/{rel}","templated":true}]}}