{"id":855,"date":"2019-04-09T21:54:08","date_gmt":"2019-04-09T18:54:08","guid":{"rendered":"http:\/\/lapsilopsi.ee\/?page_id=855"},"modified":"2023-11-24T23:17:20","modified_gmt":"2023-11-24T20:17:20","slug":"baby-shower-pidu","status":"publish","type":"page","link":"https:\/\/lapsilopsi.ee\/et\/baby-shower-pidu\/","title":{"rendered":"Baby Shower Pidu"},"content":{"rendered":"<p>Tulevasele emale on nii oluline olla heas tujus. Traditsioon korraldada tulevasele emale erilist pidu eksisteerib Ameerika \u00fchendriikides ja Inglismaal juba ammu. Sel p\u00e4eval \u00f5nnitlevad tulevase ema k\u00f5ik tema s\u00f5brad ja l\u00e4hedased ning kinkivad kingitusi. Sellise traditsiooni nimetus on Baby Shower.<\/p><p>Selle nimetuse on raske t\u00f5lkida, aga kui ikka proovida, siis see on soe \u201cmudilase vihm\u201d \u2013 ehk \u00f5nnitluste ja kingituste vihm, mis sajab tulevase ema puhul.<\/p><p>T\u00e4na selle peo t\u00e4histamine toimub tulevasele emale sobival ajal \u2013 kasv\u00f5i viiendal raseduse kuul, v\u00f5i hoopis kaheksandal. Pidule on n\u00fc\u00fcd kutsutud ka mehed. Aga samas peamised p\u00f5him\u00f5tted on j\u00e4\u00e4nud samaks \u2013 pidu ei pea olema liiga pikk, sest tulevane ema kiiresti v\u00e4sib sel ajal. Tavaliselt, sel p\u00e4eval pakutakse kergeid suupisteid ja ilusat magustoitu.<\/p><p>Peo hind 300 euro<\/p><p>Peo hind sisaldab:<\/p><ol class=\"wp-block-list\">\r\n<li>Ruumi rent 3 tundi<\/li>\r\n<li>Ebatavaline magus\u00a0<span class=\"_5mfr\"><span class=\"_6qdm\">\ud83c\udf6d<\/span><\/span><span class=\"_5mfr\"><span class=\"_6qdm\">\ud83c\udf70<\/span><\/span>\u00a0fototsoon v\u00f5i fototsoon puuviljadega\u00a0<span class=\"_5mfr\"><span class=\"_6qdm\">\ud83c\udf49<\/span><\/span><span class=\"_5mfr\"><span class=\"_6qdm\">\ud83c\udf4b<\/span><\/span> I<a class=\"profileLink\" href=\"https:\/\/www.facebook.com\/inkdecosweets\/?__tn__=K-R&amp;eid=ARAM8dHZIIaUs-Wxq7q5Y0GeKhtgETw_e45ALq76MSg7AosjlFtKNUbV-q8qN2LE8vlXCPXMOG-xYlHY&amp;fref=mentions&amp;__xts__%5B0%5D=68.ARDFtH-dm8I2Z8j8ySL45vtsfpotVHFCjxuqJ5481h2OgvRnPscFIU4trAzNh7FtE492vqc7-nary7anGrgFR1dnE6zZkTeLhFo01NVlD202Qqt18GaWGRw3rgtsuBVPuF-Y53B-d-RM97uSvysJIEzOMFpPF6-XeZdNnWs_f2uh7inBgsiu5kIXGL5_BTbvq8Y90YpyBJnyvV14JSQ-8j2u-8bKoCTl3jYnBKte_yyxUS_vkUQwAz0MMCSwtPfQUYJEvyI5eqeycGea7proCUooXAS-kV2GGLAqsNwnBlday040ytg30Cx0jEqN8tZzer5Fq-L2Lf07n28iHsgR3IM\" data-hovercard=\"\/ajax\/hovercard\/page.php?id=263545014553734&amp;extragetparams=%7B%22__tn__%22%3A%22%2CdK-R-R%22%2C%22eid%22%3A%22ARAM8dHZIIaUs-Wxq7q5Y0GeKhtgETw_e45ALq76MSg7AosjlFtKNUbV-q8qN2LE8vlXCPXMOG-xYlHY%22%2C%22fref%22%3A%22mentions%22%7D\" data-hovercard-prefer-more-content-show=\"1\">nk Deco Sweets<\/a><\/li>\r\n<li>V\u00e4rvikirev ja maitsev stiliseeritud Mini Candy bar <a id=\"js_xq\" class=\"profileLink\" href=\"https:\/\/www.facebook.com\/inkdecoink\/?__tn__=K-R&amp;eid=ARCDgMTRfSrE8tGueuvZzTl0gewjOeRMOAs9DTw6RFLW9cjVF0tgjAdE66Sd_vDZW5n0f5ezp5Pkv9cr&amp;fref=mentions&amp;__xts__%5B0%5D=68.ARDFtH-dm8I2Z8j8ySL45vtsfpotVHFCjxuqJ5481h2OgvRnPscFIU4trAzNh7FtE492vqc7-nary7anGrgFR1dnE6zZkTeLhFo01NVlD202Qqt18GaWGRw3rgtsuBVPuF-Y53B-d-RM97uSvysJIEzOMFpPF6-XeZdNnWs_f2uh7inBgsiu5kIXGL5_BTbvq8Y90YpyBJnyvV14JSQ-8j2u-8bKoCTl3jYnBKte_yyxUS_vkUQwAz0MMCSwtPfQUYJEvyI5eqeycGea7proCUooXAS-kV2GGLAqsNwnBlday040ytg30Cx0jEqN8tZzer5Fq-L2Lf07n28iHsgR3IM\" data-hovercard=\"\/ajax\/hovercard\/page.php?id=1398267703613019&amp;extragetparams=%7B%22__tn__%22%3A%22%2CdK-R-R%22%2C%22eid%22%3A%22ARCDgMTRfSrE8tGueuvZzTl0gewjOeRMOAs9DTw6RFLW9cjVF0tgjAdE66Sd_vDZW5n0f5ezp5Pkv9cr%22%2C%22fref%22%3A%22mentions%22%7D\" data-hovercard-prefer-more-content-show=\"1\" aria-describedby=\"u_2m_1\" aria-owns=\"js_xp\">Ink Deco<\/a><\/li>\r\n<li>Fotograaf 1 tund<\/li>\r\n<li>Heeliumi sala\u00f5hupall &#8220;lapse sugu&#8221; sinise v\u00f5i roosaa liitritega sees <a href=\"https:\/\/www.facebook.com\/Joyeesti\/\">Joy Eesti<\/a><\/li>\r\n<li>Kohvimasin<\/li>\r\n<li>5 suurt \u00f5hukest pizzad teie valikul<\/li>\r\n<li>Pehmej\u00e4\u00e4tis<\/li>\r\n<li>Koristus<\/li>\r\n<\/ol>\r\n<p>&nbsp;<\/p>\r\n<p>Broneerimistasu on 60 eurot, mis arvatakse maha kogusummast.<\/p>\r\n<p>Maksimaalne inimeste arv on 12 last ja 12 t\u00e4iskasvanu.<\/p>\r\n<p>Lisa s\u00f6\u00f6k ja jook saab tellida kohapeal. Soodustus pizzadele 15%<\/p>\r\n<p>Ruumis on k\u00f5ik vajalik kvaliteetne banketi n\u00f5ud: noad, kahvlid, lusikad, taldrikud, klaasid, tassid, salfr\u00e4tikud, kausid, vaasid jne. \u00dchekordne n\u00f5ud ei pea kaasa v\u00f5tta!<\/p>\r\n<p><strong>Meie juures saab maksta kaardiga!<\/strong><\/p>\r\n<p><a href=\"https:\/\/lapsilopsi.ee\/et\/toode\/tuba-broneerimine\/\" target=\"_blank\" rel=\"noopener noreferrer\">Broneerida\u00a0<\/a><\/p><ul class=\"wp-block-gallery columns-3 is-cropped wp-block-gallery-1 is-layout-flex wp-block-gallery-is-layout-flex\">\r\n<li class=\"blocks-gallery-item\">\r\n<figure><img loading=\"lazy\" decoding=\"async\" width=\"960\" height=\"900\" class=\"wp-image-723\" src=\"https:\/\/lapsilopsi.ee\/wp-content\/uploads\/2019\/03\/shar-supriz-voprositelnye-znaki-na-50-sharov-konfetti-70216849025926.jpg\" alt=\"\" data-id=\"722\" data-link=\"http:\/\/lapsilopsi.ee\/ru\/responsive_slider\/baby-shower\/shar-supriz-voprositelnye-znaki-na-50-sharov-konfetti-70216849025926\/\" srcset=\"https:\/\/lapsilopsi.ee\/wp-content\/uploads\/2019\/03\/shar-supriz-voprositelnye-znaki-na-50-sharov-konfetti-70216849025926.jpg 960w, https:\/\/lapsilopsi.ee\/wp-content\/uploads\/2019\/03\/shar-supriz-voprositelnye-znaki-na-50-sharov-konfetti-70216849025926-300x281.jpg 300w, https:\/\/lapsilopsi.ee\/wp-content\/uploads\/2019\/03\/shar-supriz-voprositelnye-znaki-na-50-sharov-konfetti-70216849025926-768x720.jpg 768w, https:\/\/lapsilopsi.ee\/wp-content\/uploads\/2019\/03\/shar-supriz-voprositelnye-znaki-na-50-sharov-konfetti-70216849025926-842x789.jpg 842w, https:\/\/lapsilopsi.ee\/wp-content\/uploads\/2019\/03\/shar-supriz-voprositelnye-znaki-na-50-sharov-konfetti-70216849025926-600x563.jpg 600w\" sizes=\"auto, (max-width: 960px) 100vw, 960px\" \/><\/figure>\r\n<\/li>\r\n<li class=\"blocks-gallery-item\">\r\n<figure><img loading=\"lazy\" decoding=\"async\" width=\"1024\" height=\"788\" class=\"wp-image-720\" src=\"https:\/\/lapsilopsi.ee\/wp-content\/uploads\/2019\/03\/IMG_0688-1024x788.jpg\" alt=\"\" data-id=\"720\" data-link=\"http:\/\/lapsilopsi.ee\/ru\/responsive_slider\/baby-shower\/img_0688\/\" srcset=\"https:\/\/lapsilopsi.ee\/wp-content\/uploads\/2019\/03\/IMG_0688-1024x788.jpg 1024w, https:\/\/lapsilopsi.ee\/wp-content\/uploads\/2019\/03\/IMG_0688-300x231.jpg 300w, https:\/\/lapsilopsi.ee\/wp-content\/uploads\/2019\/03\/IMG_0688-768x591.jpg 768w, https:\/\/lapsilopsi.ee\/wp-content\/uploads\/2019\/03\/IMG_0688-842x648.jpg 842w, https:\/\/lapsilopsi.ee\/wp-content\/uploads\/2019\/03\/IMG_0688-600x462.jpg 600w\" sizes=\"auto, (max-width: 1024px) 100vw, 1024px\" \/><\/figure>\r\n<\/li>\r\n<li class=\"blocks-gallery-item\">\r\n<figure><img loading=\"lazy\" decoding=\"async\" width=\"1024\" height=\"683\" class=\"wp-image-718\" src=\"https:\/\/lapsilopsi.ee\/wp-content\/uploads\/2019\/03\/DSC_6641a-1-1024x683.jpg\" alt=\"\" data-id=\"718\" data-link=\"http:\/\/lapsilopsi.ee\/ru\/responsive_slider\/baby-shower\/dsc_6641a-2\/\" srcset=\"https:\/\/lapsilopsi.ee\/wp-content\/uploads\/2019\/03\/DSC_6641a-1-1024x683.jpg 1024w, https:\/\/lapsilopsi.ee\/wp-content\/uploads\/2019\/03\/DSC_6641a-1-300x200.jpg 300w, https:\/\/lapsilopsi.ee\/wp-content\/uploads\/2019\/03\/DSC_6641a-1-768x512.jpg 768w, https:\/\/lapsilopsi.ee\/wp-content\/uploads\/2019\/03\/DSC_6641a-1-842x561.jpg 842w, https:\/\/lapsilopsi.ee\/wp-content\/uploads\/2019\/03\/DSC_6641a-1-600x400.jpg 600w\" sizes=\"auto, (max-width: 1024px) 100vw, 1024px\" \/><\/figure>\r\n<\/li>\r\n<li class=\"blocks-gallery-item\">\r\n<figure><img loading=\"lazy\" decoding=\"async\" width=\"731\" height=\"1024\" class=\"wp-image-716\" src=\"https:\/\/lapsilopsi.ee\/wp-content\/uploads\/2019\/03\/ART_8094-731x1024.jpg\" alt=\"\" data-id=\"716\" data-link=\"http:\/\/lapsilopsi.ee\/ru\/responsive_slider\/baby-shower\/art_8094\/\" srcset=\"https:\/\/lapsilopsi.ee\/wp-content\/uploads\/2019\/03\/ART_8094-731x1024.jpg 731w, https:\/\/lapsilopsi.ee\/wp-content\/uploads\/2019\/03\/ART_8094-214x300.jpg 214w, https:\/\/lapsilopsi.ee\/wp-content\/uploads\/2019\/03\/ART_8094-768x1075.jpg 768w, https:\/\/lapsilopsi.ee\/wp-content\/uploads\/2019\/03\/ART_8094-713x999.jpg 713w, https:\/\/lapsilopsi.ee\/wp-content\/uploads\/2019\/03\/ART_8094-600x840.jpg 600w\" sizes=\"auto, (max-width: 731px) 100vw, 731px\" \/><\/figure>\r\n<\/li>\r\n<li class=\"blocks-gallery-item\">\r\n<figure><img loading=\"lazy\" decoding=\"async\" width=\"1024\" height=\"684\" class=\"wp-image-714\" src=\"https:\/\/lapsilopsi.ee\/wp-content\/uploads\/2019\/03\/ART_8065-1024x684.jpg\" alt=\"\" data-id=\"714\" data-link=\"http:\/\/lapsilopsi.ee\/ru\/responsive_slider\/baby-shower\/art_8065\/\" srcset=\"https:\/\/lapsilopsi.ee\/wp-content\/uploads\/2019\/03\/ART_8065-1024x684.jpg 1024w, https:\/\/lapsilopsi.ee\/wp-content\/uploads\/2019\/03\/ART_8065-300x200.jpg 300w, https:\/\/lapsilopsi.ee\/wp-content\/uploads\/2019\/03\/ART_8065-768x513.jpg 768w, https:\/\/lapsilopsi.ee\/wp-content\/uploads\/2019\/03\/ART_8065-842x562.jpg 842w, https:\/\/lapsilopsi.ee\/wp-content\/uploads\/2019\/03\/ART_8065-600x401.jpg 600w\" sizes=\"auto, (max-width: 1024px) 100vw, 1024px\" \/><\/figure>\r\n<\/li>\r\n<li class=\"blocks-gallery-item\">\r\n<figure><img loading=\"lazy\" decoding=\"async\" width=\"1024\" height=\"732\" class=\"wp-image-712\" src=\"https:\/\/lapsilopsi.ee\/wp-content\/uploads\/2019\/03\/ART_8047-1024x732.jpg\" alt=\"\" data-id=\"712\" data-link=\"http:\/\/lapsilopsi.ee\/ru\/responsive_slider\/baby-shower\/art_8047\/\" srcset=\"https:\/\/lapsilopsi.ee\/wp-content\/uploads\/2019\/03\/ART_8047-1024x732.jpg 1024w, https:\/\/lapsilopsi.ee\/wp-content\/uploads\/2019\/03\/ART_8047-300x214.jpg 300w, https:\/\/lapsilopsi.ee\/wp-content\/uploads\/2019\/03\/ART_8047-768x549.jpg 768w, https:\/\/lapsilopsi.ee\/wp-content\/uploads\/2019\/03\/ART_8047-842x602.jpg 842w, https:\/\/lapsilopsi.ee\/wp-content\/uploads\/2019\/03\/ART_8047-600x429.jpg 600w\" sizes=\"auto, (max-width: 1024px) 100vw, 1024px\" \/><\/figure>\r\n<\/li>\r\n<\/ul>","protected":false},"excerpt":{"rendered":"<p>Tulevasele emale on nii oluline olla heas tujus. Traditsioon korraldada tulevasele emale erilist pidu eksisteerib Ameerika \u00fchendriikides ja Inglismaal juba ammu. Sel p\u00e4eval \u00f5nnitlevad tulevase ema k\u00f5ik tema s\u00f5brad ja l\u00e4hedased ning kinkivad kingitusi. Sellise traditsiooni nimetus on Baby Shower. Selle nimetuse on raske t\u00f5lkida, aga kui ikka proovida, siis see on soe \u201cmudilase vihm\u201d [&hellip;]<\/p>\n","protected":false},"author":2,"featured_media":0,"parent":0,"menu_order":0,"comment_status":"closed","ping_status":"closed","template":"","meta":{"_acf_changed":false,"jetpack_post_was_ever_published":false,"footnotes":""},"class_list":["post-855","page","type-page","status-publish","hentry"],"acf":[],"yoast_head":"<!-- This site is optimized with the Yoast SEO plugin v24.6 - https:\/\/yoast.com\/wordpress\/plugins\/seo\/ -->\n<title>Baby Shower Pidu - LapsiLopsi<\/title>\n<meta name=\"robots\" content=\"index, follow, max-snippet:-1, max-image-preview:large, max-video-preview:-1\" \/>\n<link rel=\"canonical\" href=\"https:\/\/lapsilopsi.ee\/et\/baby-shower-pidu\/\" \/>\n<meta property=\"og:locale\" content=\"et_EE\" \/>\n<meta property=\"og:type\" content=\"article\" \/>\n<meta property=\"og:title\" content=\"Baby Shower Pidu - LapsiLopsi\" \/>\n<meta property=\"og:description\" content=\"Tulevasele emale on nii oluline olla heas tujus. Traditsioon korraldada tulevasele emale erilist pidu eksisteerib Ameerika \u00fchendriikides ja Inglismaal juba ammu. Sel p\u00e4eval \u00f5nnitlevad tulevase ema k\u00f5ik tema s\u00f5brad ja l\u00e4hedased ning kinkivad kingitusi. Sellise traditsiooni nimetus on Baby Shower. Selle nimetuse on raske t\u00f5lkida, aga kui ikka proovida, siis see on soe \u201cmudilase vihm\u201d [&hellip;]\" \/>\n<meta property=\"og:url\" content=\"https:\/\/lapsilopsi.ee\/et\/baby-shower-pidu\/\" \/>\n<meta property=\"og:site_name\" content=\"LapsiLopsi\" \/>\n<meta property=\"article:modified_time\" content=\"2023-11-24T20:17:20+00:00\" \/>\n<meta property=\"og:image\" content=\"https:\/\/lapsilopsi.ee\/wp-content\/uploads\/2019\/03\/shar-supriz-voprositelnye-znaki-na-50-sharov-konfetti-70216849025926.jpg\" \/>\n<meta name=\"twitter:card\" content=\"summary_large_image\" \/>\n<meta name=\"twitter:label1\" content=\"Est. reading time\" \/>\n\t<meta name=\"twitter:data1\" content=\"3 minutit\" \/>\n<script type=\"application\/ld+json\" class=\"yoast-schema-graph\">{\"@context\":\"https:\/\/schema.org\",\"@graph\":[{\"@type\":\"WebPage\",\"@id\":\"https:\/\/lapsilopsi.ee\/et\/baby-shower-pidu\/\",\"url\":\"https:\/\/lapsilopsi.ee\/et\/baby-shower-pidu\/\",\"name\":\"Baby Shower Pidu - LapsiLopsi\",\"isPartOf\":{\"@id\":\"https:\/\/lapsilopsi.ee\/et\/#website\"},\"primaryImageOfPage\":{\"@id\":\"https:\/\/lapsilopsi.ee\/et\/baby-shower-pidu\/#primaryimage\"},\"image\":{\"@id\":\"https:\/\/lapsilopsi.ee\/et\/baby-shower-pidu\/#primaryimage\"},\"thumbnailUrl\":\"https:\/\/lapsilopsi.ee\/wp-content\/uploads\/2019\/03\/shar-supriz-voprositelnye-znaki-na-50-sharov-konfetti-70216849025926.jpg\",\"datePublished\":\"2019-04-09T18:54:08+00:00\",\"dateModified\":\"2023-11-24T20:17:20+00:00\",\"breadcrumb\":{\"@id\":\"https:\/\/lapsilopsi.ee\/et\/baby-shower-pidu\/#breadcrumb\"},\"inLanguage\":\"et\",\"potentialAction\":[{\"@type\":\"ReadAction\",\"target\":[\"https:\/\/lapsilopsi.ee\/et\/baby-shower-pidu\/\"]}]},{\"@type\":\"ImageObject\",\"inLanguage\":\"et\",\"@id\":\"https:\/\/lapsilopsi.ee\/et\/baby-shower-pidu\/#primaryimage\",\"url\":\"https:\/\/lapsilopsi.ee\/wp-content\/uploads\/2019\/03\/shar-supriz-voprositelnye-znaki-na-50-sharov-konfetti-70216849025926.jpg\",\"contentUrl\":\"https:\/\/lapsilopsi.ee\/wp-content\/uploads\/2019\/03\/shar-supriz-voprositelnye-znaki-na-50-sharov-konfetti-70216849025926.jpg\"},{\"@type\":\"BreadcrumbList\",\"@id\":\"https:\/\/lapsilopsi.ee\/et\/baby-shower-pidu\/#breadcrumb\",\"itemListElement\":[{\"@type\":\"ListItem\",\"position\":1,\"name\":\"Home\",\"item\":\"https:\/\/lapsilopsi.ee\/et\/\"},{\"@type\":\"ListItem\",\"position\":2,\"name\":\"Baby Shower Pidu\"}]},{\"@type\":\"WebSite\",\"@id\":\"https:\/\/lapsilopsi.ee\/et\/#website\",\"url\":\"https:\/\/lapsilopsi.ee\/et\/\",\"name\":\"LapsiLopsi\",\"description\":\"Puhkame k\u00f5ik koos!\",\"publisher\":{\"@id\":\"https:\/\/lapsilopsi.ee\/et\/#organization\"},\"potentialAction\":[{\"@type\":\"SearchAction\",\"target\":{\"@type\":\"EntryPoint\",\"urlTemplate\":\"https:\/\/lapsilopsi.ee\/et\/?s={search_term_string}\"},\"query-input\":{\"@type\":\"PropertyValueSpecification\",\"valueRequired\":true,\"valueName\":\"search_term_string\"}}],\"inLanguage\":\"et\"},{\"@type\":\"Organization\",\"@id\":\"https:\/\/lapsilopsi.ee\/et\/#organization\",\"name\":\"LapsiLopsi\",\"url\":\"https:\/\/lapsilopsi.ee\/et\/\",\"logo\":{\"@type\":\"ImageObject\",\"inLanguage\":\"et\",\"@id\":\"https:\/\/lapsilopsi.ee\/et\/#\/schema\/logo\/image\/\",\"url\":\"https:\/\/lapsilopsi.ee\/wp-content\/uploads\/2022\/10\/lapsi-lapsi.jpg\",\"contentUrl\":\"https:\/\/lapsilopsi.ee\/wp-content\/uploads\/2022\/10\/lapsi-lapsi.jpg\",\"width\":699,\"height\":181,\"caption\":\"LapsiLopsi\"},\"image\":{\"@id\":\"https:\/\/lapsilopsi.ee\/et\/#\/schema\/logo\/image\/\"}}]}<\/script>\n<!-- \/ Yoast SEO plugin. -->","yoast_head_json":{"title":"Baby Shower Pidu - LapsiLopsi","robots":{"index":"index","follow":"follow","max-snippet":"max-snippet:-1","max-image-preview":"max-image-preview:large","max-video-preview":"max-video-preview:-1"},"canonical":"https:\/\/lapsilopsi.ee\/et\/baby-shower-pidu\/","og_locale":"et_EE","og_type":"article","og_title":"Baby Shower Pidu - LapsiLopsi","og_description":"Tulevasele emale on nii oluline olla heas tujus. Traditsioon korraldada tulevasele emale erilist pidu eksisteerib Ameerika \u00fchendriikides ja Inglismaal juba ammu. Sel p\u00e4eval \u00f5nnitlevad tulevase ema k\u00f5ik tema s\u00f5brad ja l\u00e4hedased ning kinkivad kingitusi. Sellise traditsiooni nimetus on Baby Shower. Selle nimetuse on raske t\u00f5lkida, aga kui ikka proovida, siis see on soe \u201cmudilase vihm\u201d [&hellip;]","og_url":"https:\/\/lapsilopsi.ee\/et\/baby-shower-pidu\/","og_site_name":"LapsiLopsi","article_modified_time":"2023-11-24T20:17:20+00:00","og_image":[{"url":"https:\/\/lapsilopsi.ee\/wp-content\/uploads\/2019\/03\/shar-supriz-voprositelnye-znaki-na-50-sharov-konfetti-70216849025926.jpg","type":"","width":"","height":""}],"twitter_card":"summary_large_image","twitter_misc":{"Est. reading time":"3 minutit"},"schema":{"@context":"https:\/\/schema.org","@graph":[{"@type":"WebPage","@id":"https:\/\/lapsilopsi.ee\/et\/baby-shower-pidu\/","url":"https:\/\/lapsilopsi.ee\/et\/baby-shower-pidu\/","name":"Baby Shower Pidu - LapsiLopsi","isPartOf":{"@id":"https:\/\/lapsilopsi.ee\/et\/#website"},"primaryImageOfPage":{"@id":"https:\/\/lapsilopsi.ee\/et\/baby-shower-pidu\/#primaryimage"},"image":{"@id":"https:\/\/lapsilopsi.ee\/et\/baby-shower-pidu\/#primaryimage"},"thumbnailUrl":"https:\/\/lapsilopsi.ee\/wp-content\/uploads\/2019\/03\/shar-supriz-voprositelnye-znaki-na-50-sharov-konfetti-70216849025926.jpg","datePublished":"2019-04-09T18:54:08+00:00","dateModified":"2023-11-24T20:17:20+00:00","breadcrumb":{"@id":"https:\/\/lapsilopsi.ee\/et\/baby-shower-pidu\/#breadcrumb"},"inLanguage":"et","potentialAction":[{"@type":"ReadAction","target":["https:\/\/lapsilopsi.ee\/et\/baby-shower-pidu\/"]}]},{"@type":"ImageObject","inLanguage":"et","@id":"https:\/\/lapsilopsi.ee\/et\/baby-shower-pidu\/#primaryimage","url":"https:\/\/lapsilopsi.ee\/wp-content\/uploads\/2019\/03\/shar-supriz-voprositelnye-znaki-na-50-sharov-konfetti-70216849025926.jpg","contentUrl":"https:\/\/lapsilopsi.ee\/wp-content\/uploads\/2019\/03\/shar-supriz-voprositelnye-znaki-na-50-sharov-konfetti-70216849025926.jpg"},{"@type":"BreadcrumbList","@id":"https:\/\/lapsilopsi.ee\/et\/baby-shower-pidu\/#breadcrumb","itemListElement":[{"@type":"ListItem","position":1,"name":"Home","item":"https:\/\/lapsilopsi.ee\/et\/"},{"@type":"ListItem","position":2,"name":"Baby Shower Pidu"}]},{"@type":"WebSite","@id":"https:\/\/lapsilopsi.ee\/et\/#website","url":"https:\/\/lapsilopsi.ee\/et\/","name":"LapsiLopsi","description":"Puhkame k\u00f5ik koos!","publisher":{"@id":"https:\/\/lapsilopsi.ee\/et\/#organization"},"potentialAction":[{"@type":"SearchAction","target":{"@type":"EntryPoint","urlTemplate":"https:\/\/lapsilopsi.ee\/et\/?s={search_term_string}"},"query-input":{"@type":"PropertyValueSpecification","valueRequired":true,"valueName":"search_term_string"}}],"inLanguage":"et"},{"@type":"Organization","@id":"https:\/\/lapsilopsi.ee\/et\/#organization","name":"LapsiLopsi","url":"https:\/\/lapsilopsi.ee\/et\/","logo":{"@type":"ImageObject","inLanguage":"et","@id":"https:\/\/lapsilopsi.ee\/et\/#\/schema\/logo\/image\/","url":"https:\/\/lapsilopsi.ee\/wp-content\/uploads\/2022\/10\/lapsi-lapsi.jpg","contentUrl":"https:\/\/lapsilopsi.ee\/wp-content\/uploads\/2022\/10\/lapsi-lapsi.jpg","width":699,"height":181,"caption":"LapsiLopsi"},"image":{"@id":"https:\/\/lapsilopsi.ee\/et\/#\/schema\/logo\/image\/"}}]}},"jetpack_sharing_enabled":true,"jetpack_shortlink":"https:\/\/wp.me\/PafPRj-dN","_links":{"self":[{"href":"https:\/\/lapsilopsi.ee\/et\/wp-json\/wp\/v2\/pages\/855","targetHints":{"allow":["GET"]}}],"collection":[{"href":"https:\/\/lapsilopsi.ee\/et\/wp-json\/wp\/v2\/pages"}],"about":[{"href":"https:\/\/lapsilopsi.ee\/et\/wp-json\/wp\/v2\/types\/page"}],"author":[{"embeddable":true,"href":"https:\/\/lapsilopsi.ee\/et\/wp-json\/wp\/v2\/users\/2"}],"replies":[{"embeddable":true,"href":"https:\/\/lapsilopsi.ee\/et\/wp-json\/wp\/v2\/comments?post=855"}],"version-history":[{"count":10,"href":"https:\/\/lapsilopsi.ee\/et\/wp-json\/wp\/v2\/pages\/855\/revisions"}],"predecessor-version":[{"id":11083,"href":"https:\/\/lapsilopsi.ee\/et\/wp-json\/wp\/v2\/pages\/855\/revisions\/11083"}],"wp:attachment":[{"href":"https:\/\/lapsilopsi.ee\/et\/wp-json\/wp\/v2\/media?parent=855"}],"curies":[{"name":"wp","href":"https:\/\/api.w.org\/{rel}","templated":true}]}}