{"id":6467,"date":"2022-03-23T11:11:01","date_gmt":"2022-03-23T08:11:01","guid":{"rendered":"https:\/\/lapsilopsi.ee\/jaatise-kokteili-pidu\/"},"modified":"2025-01-16T21:09:27","modified_gmt":"2025-01-16T18:09:27","slug":"jaatise-kokteili-pidu","status":"publish","type":"page","link":"https:\/\/lapsilopsi.ee\/et\/jaatise-kokteili-pidu\/","title":{"rendered":"Magus pidu"},"content":{"rendered":"<p><span style=\"font-size: 16px; color: #8b8271;\">Kui teile meeldib kokandus , siis see pidu on teie jaoks! R\u00f5\u00f5msameelne kokk maiustuste maalt r\u00e4\u00e4gib sulle k\u00f5ik saladused j\u00e4\u00e4tise ja suhkruvilla kohta! Valida saab 3 programmi vahel:<\/span><\/p>\n<p>1. &#8220;Kokteil &#8211; j\u00e4\u00e4tis&#8221;: r\u00e4\u00e4gime kokteilide ajaloost, r\u00e4\u00e4gime kokteilide tervislikust koostisest, valmistame koostisosi, kaunistame ja valmistame iga\u00fcks 3 erinevat kokteili. Iga osaleja valib ise kokleili koostiosasid.<\/p>\n<p>Toorained: j\u00e4\u00e4tis, piim, mahlad, banaanid, mango, maasikas, vaarikas, mustikas, kirss, kakao<\/p>\n<p>2. &#8220;Popkook j\u00e4\u00e4tisega&#8221; : r\u00e4\u00e4gime, mida see naljakas fraas t\u00e4hendab, ja popkookide valmistamise erinevad variandid. Oleme teie jaoks valinud kiireima (k\u00fclmkapis ootamata), kuid k\u00f5ige huvitavama ja tervislikuma (v\u00e4hema suhkruga!) Pop-kookide valmistamise ja s\u00f6\u00f6mise viisi! Sa oled meeldivalt \u00fcllatunud! Iga osaleja valmistab 3 popkooki.<\/p>\n<p>Koostis: tainas, toiduv\u00e4rv, kommid, erinevad puistad\/katted ja loomulikult J\u00c4\u00c4TIS!<\/p>\n<p>3. &#8220;Mullitee degusteerimine&#8221;: kingi oma lapsele p\u00f5nev teekond maitsete ja maitsete maailma! Legendaarse mullitee valmistamise meistriklass. \u00d5pime ajalugu ja paljastame v\u00f5lumullide saladusi ning loome ka oma maitse j\u00e4rgi jooke! Iga laps teeb joogist 3 variatsiooni.<\/p>\n<p>Koostis: erinevat sorti j\u00e4\u00e4tee, topiokk, piim, j\u00e4\u00e4tis, mullimahl, erineva maitsega siirupid, kaunistuseks glitter.<\/p>\n<p>Puhkuse maksumus on 205 eurot<\/p>\n<p>Hinna sees:<\/p>\n<ol>\n<li>Ruumi rent 3 tundi<\/li>\n<li>Meelelahutusprogrammi valik<\/li>\n<li>Koostis MK-le ja vajalik varustus<\/li>\n<li>P\u00f5lled ja m\u00fctsid<\/li>\n<li>Kohvimasin + kohvioad, piim, suhkur<\/li>\n<li>5 suurt \u00f5hukest pizzad <a href=\"https:\/\/lapsilopsi.ee\/ru\/menu\/\">teie valikul<\/a><\/li>\n<li>Marjamorss ja joogivesi<\/li>\n<li>Pehme j\u00e4\u00e4tis<\/li>\n<li>K\u00f5ik n\u00f5ud (mitte \u00fchekordsed!) ja salvr\u00e4tikud.<\/li>\n<li>Koristus<\/li>\n<\/ol>\n<p>Kaasa tuleb v\u00f5tta vaid tort ja soovi korral kergeid suupisteid, puuvilju, juurvilju.<\/p>\n<p>Broneerimistasu on 65 eurot, mis arvatakse maha kogusummast.<\/p>\n<p>Maksimaalne inimeste arv 12 last ja 12 t\u00e4iskasvanu.<\/p>\n<p>Programmi kestus on 1 tund. Programm algab tund p\u00e4rast puhkuse algust.<\/p>\n<p>Lisa s\u00f6\u00f6k ja jook saab tellida kohapeal. Soodustus pizzadele 15%<\/p>\n<p>Meil on k\u00f5ik vajalikud kvaliteetsed n\u00f5ud &#8211; noad, kahvlid, lusikad, taldrikud, klaasid, kruusid, salvr\u00e4tikud, kausid, vaasid. \u00dchekordne n\u00f5ud ei pea kaasa v\u00f5tta!<\/p>\n<p>Saalis on pidulik fototsoon Dekoratsiooni ja \u00f5hupallid koju v\u00f5tta ei tohi.<\/p>\n<p><strong>Meie juures saab maksta kaardiga!<\/strong><\/p>\n<p><a href=\"https:\/\/lapsilopsi.ee\/ru\/%D1%82%D0%BE%D0%B2%D0%B0%D1%80\/booking\/\" target=\"_blank\" rel=\"noopener noreferrer\">Broneeri siin <\/a><\/p>\n<p><img loading=\"lazy\" decoding=\"async\" class=\"alignnone size-medium wp-image-6436\" src=\"https:\/\/lapsilopsi.ee\/wp-content\/uploads\/2022\/03\/20211102_185727-225x300.jpg\" alt=\"\" width=\"225\" height=\"300\" srcset=\"https:\/\/lapsilopsi.ee\/wp-content\/uploads\/2022\/03\/20211102_185727-225x300.jpg 225w, https:\/\/lapsilopsi.ee\/wp-content\/uploads\/2022\/03\/20211102_185727-768x1024.jpg 768w, https:\/\/lapsilopsi.ee\/wp-content\/uploads\/2022\/03\/20211102_185727-1152x1536.jpg 1152w, https:\/\/lapsilopsi.ee\/wp-content\/uploads\/2022\/03\/20211102_185727-1536x2048.jpg 1536w, https:\/\/lapsilopsi.ee\/wp-content\/uploads\/2022\/03\/20211102_185727-749x999.jpg 749w, https:\/\/lapsilopsi.ee\/wp-content\/uploads\/2022\/03\/20211102_185727-600x800.jpg 600w, https:\/\/lapsilopsi.ee\/wp-content\/uploads\/2022\/03\/20211102_185727-scaled.jpg 1920w\" sizes=\"auto, (max-width: 225px) 100vw, 225px\" \/> <img loading=\"lazy\" decoding=\"async\" class=\"alignnone size-medium wp-image-6442\" src=\"https:\/\/lapsilopsi.ee\/wp-content\/uploads\/2022\/03\/20211102_181434-222x300.jpg\" alt=\"\" width=\"222\" height=\"300\" srcset=\"https:\/\/lapsilopsi.ee\/wp-content\/uploads\/2022\/03\/20211102_181434-222x300.jpg 222w, https:\/\/lapsilopsi.ee\/wp-content\/uploads\/2022\/03\/20211102_181434-758x1024.jpg 758w, https:\/\/lapsilopsi.ee\/wp-content\/uploads\/2022\/03\/20211102_181434-768x1037.jpg 768w, https:\/\/lapsilopsi.ee\/wp-content\/uploads\/2022\/03\/20211102_181434-1137x1536.jpg 1137w, https:\/\/lapsilopsi.ee\/wp-content\/uploads\/2022\/03\/20211102_181434-1517x2048.jpg 1517w, https:\/\/lapsilopsi.ee\/wp-content\/uploads\/2022\/03\/20211102_181434-740x999.jpg 740w, https:\/\/lapsilopsi.ee\/wp-content\/uploads\/2022\/03\/20211102_181434-600x810.jpg 600w, https:\/\/lapsilopsi.ee\/wp-content\/uploads\/2022\/03\/20211102_181434-scaled.jpg 1896w\" sizes=\"auto, (max-width: 222px) 100vw, 222px\" \/> <img loading=\"lazy\" decoding=\"async\" class=\"alignnone size-medium wp-image-6439\" src=\"https:\/\/lapsilopsi.ee\/wp-content\/uploads\/2022\/03\/20211102_182609-231x300.jpg\" alt=\"\" width=\"231\" height=\"300\" srcset=\"https:\/\/lapsilopsi.ee\/wp-content\/uploads\/2022\/03\/20211102_182609-231x300.jpg 231w, https:\/\/lapsilopsi.ee\/wp-content\/uploads\/2022\/03\/20211102_182609-787x1024.jpg 787w, https:\/\/lapsilopsi.ee\/wp-content\/uploads\/2022\/03\/20211102_182609-768x999.jpg 768w, https:\/\/lapsilopsi.ee\/wp-content\/uploads\/2022\/03\/20211102_182609-1181x1536.jpg 1181w, https:\/\/lapsilopsi.ee\/wp-content\/uploads\/2022\/03\/20211102_182609-1574x2048.jpg 1574w, https:\/\/lapsilopsi.ee\/wp-content\/uploads\/2022\/03\/20211102_182609-600x781.jpg 600w, https:\/\/lapsilopsi.ee\/wp-content\/uploads\/2022\/03\/20211102_182609-scaled.jpg 1968w\" sizes=\"auto, (max-width: 231px) 100vw, 231px\" \/><\/p>\n","protected":false},"excerpt":{"rendered":"<p>Kui teile meeldib kokandus , siis see pidu on teie jaoks! R\u00f5\u00f5msameelne kokk maiustuste maalt r\u00e4\u00e4gib sulle k\u00f5ik saladused j\u00e4\u00e4tise ja suhkruvilla kohta! Valida saab 3 programmi vahel: 1. &#8220;Kokteil &#8211; j\u00e4\u00e4tis&#8221;: r\u00e4\u00e4gime kokteilide ajaloost, r\u00e4\u00e4gime kokteilide tervislikust koostisest, valmistame koostisosi, kaunistame ja valmistame iga\u00fcks 3 erinevat kokteili. Iga osaleja valib ise kokleili koostiosasid. Toorained: [&hellip;]<\/p>\n","protected":false},"author":2,"featured_media":0,"parent":0,"menu_order":0,"comment_status":"closed","ping_status":"closed","template":"","meta":{"_acf_changed":false,"jetpack_post_was_ever_published":false,"footnotes":""},"class_list":["post-6467","page","type-page","status-publish","hentry"],"acf":[],"yoast_head":"<!-- This site is optimized with the Yoast SEO plugin v24.6 - https:\/\/yoast.com\/wordpress\/plugins\/seo\/ -->\n<title>Magus pidu - LapsiLopsi<\/title>\n<meta name=\"description\" content=\"Kui teile meeldib kokandus , siis see pidu on teie jaoks! R\u00f5\u00f5mus kokk Magus Riigist \u00fctleb sulle k\u00f5ik saladused j\u00e4\u00e4tisest. Valikul on kaks programmi:\" \/>\n<meta name=\"robots\" content=\"index, follow, max-snippet:-1, max-image-preview:large, max-video-preview:-1\" \/>\n<link rel=\"canonical\" href=\"https:\/\/lapsilopsi.ee\/et\/jaatise-kokteili-pidu\/\" \/>\n<meta property=\"og:locale\" content=\"et_EE\" \/>\n<meta property=\"og:type\" content=\"article\" \/>\n<meta property=\"og:title\" content=\"Magus pidu - LapsiLopsi\" \/>\n<meta property=\"og:description\" content=\"Kui teile meeldib kokandus , siis see pidu on teie jaoks! R\u00f5\u00f5mus kokk Magus Riigist \u00fctleb sulle k\u00f5ik saladused j\u00e4\u00e4tisest. Valikul on kaks programmi:\" \/>\n<meta property=\"og:url\" content=\"https:\/\/lapsilopsi.ee\/et\/jaatise-kokteili-pidu\/\" \/>\n<meta property=\"og:site_name\" content=\"LapsiLopsi\" \/>\n<meta property=\"article:modified_time\" content=\"2025-01-16T18:09:27+00:00\" \/>\n<meta property=\"og:image\" content=\"https:\/\/lapsilopsi.ee\/wp-content\/uploads\/2022\/03\/20211102_185727-225x300.jpg\" \/>\n<meta name=\"twitter:card\" content=\"summary_large_image\" \/>\n<meta name=\"twitter:label1\" content=\"Est. reading time\" \/>\n\t<meta name=\"twitter:data1\" content=\"3 minutit\" \/>\n<script type=\"application\/ld+json\" class=\"yoast-schema-graph\">{\"@context\":\"https:\/\/schema.org\",\"@graph\":[{\"@type\":\"WebPage\",\"@id\":\"https:\/\/lapsilopsi.ee\/et\/jaatise-kokteili-pidu\/\",\"url\":\"https:\/\/lapsilopsi.ee\/et\/jaatise-kokteili-pidu\/\",\"name\":\"Magus pidu - LapsiLopsi\",\"isPartOf\":{\"@id\":\"https:\/\/lapsilopsi.ee\/et\/#website\"},\"primaryImageOfPage\":{\"@id\":\"https:\/\/lapsilopsi.ee\/et\/jaatise-kokteili-pidu\/#primaryimage\"},\"image\":{\"@id\":\"https:\/\/lapsilopsi.ee\/et\/jaatise-kokteili-pidu\/#primaryimage\"},\"thumbnailUrl\":\"https:\/\/lapsilopsi.ee\/wp-content\/uploads\/2022\/03\/20211102_185727-225x300.jpg\",\"datePublished\":\"2022-03-23T08:11:01+00:00\",\"dateModified\":\"2025-01-16T18:09:27+00:00\",\"description\":\"Kui teile meeldib kokandus , siis see pidu on teie jaoks! R\u00f5\u00f5mus kokk Magus Riigist \u00fctleb sulle k\u00f5ik saladused j\u00e4\u00e4tisest. Valikul on kaks programmi:\",\"breadcrumb\":{\"@id\":\"https:\/\/lapsilopsi.ee\/et\/jaatise-kokteili-pidu\/#breadcrumb\"},\"inLanguage\":\"et\",\"potentialAction\":[{\"@type\":\"ReadAction\",\"target\":[\"https:\/\/lapsilopsi.ee\/et\/jaatise-kokteili-pidu\/\"]}]},{\"@type\":\"ImageObject\",\"inLanguage\":\"et\",\"@id\":\"https:\/\/lapsilopsi.ee\/et\/jaatise-kokteili-pidu\/#primaryimage\",\"url\":\"https:\/\/lapsilopsi.ee\/wp-content\/uploads\/2022\/03\/20211102_185727-225x300.jpg\",\"contentUrl\":\"https:\/\/lapsilopsi.ee\/wp-content\/uploads\/2022\/03\/20211102_185727-225x300.jpg\"},{\"@type\":\"BreadcrumbList\",\"@id\":\"https:\/\/lapsilopsi.ee\/et\/jaatise-kokteili-pidu\/#breadcrumb\",\"itemListElement\":[{\"@type\":\"ListItem\",\"position\":1,\"name\":\"Home\",\"item\":\"https:\/\/lapsilopsi.ee\/et\/\"},{\"@type\":\"ListItem\",\"position\":2,\"name\":\"Magus pidu\"}]},{\"@type\":\"WebSite\",\"@id\":\"https:\/\/lapsilopsi.ee\/et\/#website\",\"url\":\"https:\/\/lapsilopsi.ee\/et\/\",\"name\":\"LapsiLopsi\",\"description\":\"Puhkame k\u00f5ik koos!\",\"publisher\":{\"@id\":\"https:\/\/lapsilopsi.ee\/et\/#organization\"},\"potentialAction\":[{\"@type\":\"SearchAction\",\"target\":{\"@type\":\"EntryPoint\",\"urlTemplate\":\"https:\/\/lapsilopsi.ee\/et\/?s={search_term_string}\"},\"query-input\":{\"@type\":\"PropertyValueSpecification\",\"valueRequired\":true,\"valueName\":\"search_term_string\"}}],\"inLanguage\":\"et\"},{\"@type\":\"Organization\",\"@id\":\"https:\/\/lapsilopsi.ee\/et\/#organization\",\"name\":\"LapsiLopsi\",\"url\":\"https:\/\/lapsilopsi.ee\/et\/\",\"logo\":{\"@type\":\"ImageObject\",\"inLanguage\":\"et\",\"@id\":\"https:\/\/lapsilopsi.ee\/et\/#\/schema\/logo\/image\/\",\"url\":\"https:\/\/lapsilopsi.ee\/wp-content\/uploads\/2022\/10\/lapsi-lapsi.jpg\",\"contentUrl\":\"https:\/\/lapsilopsi.ee\/wp-content\/uploads\/2022\/10\/lapsi-lapsi.jpg\",\"width\":699,\"height\":181,\"caption\":\"LapsiLopsi\"},\"image\":{\"@id\":\"https:\/\/lapsilopsi.ee\/et\/#\/schema\/logo\/image\/\"}}]}<\/script>\n<!-- \/ Yoast SEO plugin. -->","yoast_head_json":{"title":"Magus pidu - LapsiLopsi","description":"Kui teile meeldib kokandus , siis see pidu on teie jaoks! R\u00f5\u00f5mus kokk Magus Riigist \u00fctleb sulle k\u00f5ik saladused j\u00e4\u00e4tisest. Valikul on kaks programmi:","robots":{"index":"index","follow":"follow","max-snippet":"max-snippet:-1","max-image-preview":"max-image-preview:large","max-video-preview":"max-video-preview:-1"},"canonical":"https:\/\/lapsilopsi.ee\/et\/jaatise-kokteili-pidu\/","og_locale":"et_EE","og_type":"article","og_title":"Magus pidu - LapsiLopsi","og_description":"Kui teile meeldib kokandus , siis see pidu on teie jaoks! R\u00f5\u00f5mus kokk Magus Riigist \u00fctleb sulle k\u00f5ik saladused j\u00e4\u00e4tisest. Valikul on kaks programmi:","og_url":"https:\/\/lapsilopsi.ee\/et\/jaatise-kokteili-pidu\/","og_site_name":"LapsiLopsi","article_modified_time":"2025-01-16T18:09:27+00:00","og_image":[{"url":"https:\/\/lapsilopsi.ee\/wp-content\/uploads\/2022\/03\/20211102_185727-225x300.jpg","type":"","width":"","height":""}],"twitter_card":"summary_large_image","twitter_misc":{"Est. reading time":"3 minutit"},"schema":{"@context":"https:\/\/schema.org","@graph":[{"@type":"WebPage","@id":"https:\/\/lapsilopsi.ee\/et\/jaatise-kokteili-pidu\/","url":"https:\/\/lapsilopsi.ee\/et\/jaatise-kokteili-pidu\/","name":"Magus pidu - LapsiLopsi","isPartOf":{"@id":"https:\/\/lapsilopsi.ee\/et\/#website"},"primaryImageOfPage":{"@id":"https:\/\/lapsilopsi.ee\/et\/jaatise-kokteili-pidu\/#primaryimage"},"image":{"@id":"https:\/\/lapsilopsi.ee\/et\/jaatise-kokteili-pidu\/#primaryimage"},"thumbnailUrl":"https:\/\/lapsilopsi.ee\/wp-content\/uploads\/2022\/03\/20211102_185727-225x300.jpg","datePublished":"2022-03-23T08:11:01+00:00","dateModified":"2025-01-16T18:09:27+00:00","description":"Kui teile meeldib kokandus , siis see pidu on teie jaoks! R\u00f5\u00f5mus kokk Magus Riigist \u00fctleb sulle k\u00f5ik saladused j\u00e4\u00e4tisest. Valikul on kaks programmi:","breadcrumb":{"@id":"https:\/\/lapsilopsi.ee\/et\/jaatise-kokteili-pidu\/#breadcrumb"},"inLanguage":"et","potentialAction":[{"@type":"ReadAction","target":["https:\/\/lapsilopsi.ee\/et\/jaatise-kokteili-pidu\/"]}]},{"@type":"ImageObject","inLanguage":"et","@id":"https:\/\/lapsilopsi.ee\/et\/jaatise-kokteili-pidu\/#primaryimage","url":"https:\/\/lapsilopsi.ee\/wp-content\/uploads\/2022\/03\/20211102_185727-225x300.jpg","contentUrl":"https:\/\/lapsilopsi.ee\/wp-content\/uploads\/2022\/03\/20211102_185727-225x300.jpg"},{"@type":"BreadcrumbList","@id":"https:\/\/lapsilopsi.ee\/et\/jaatise-kokteili-pidu\/#breadcrumb","itemListElement":[{"@type":"ListItem","position":1,"name":"Home","item":"https:\/\/lapsilopsi.ee\/et\/"},{"@type":"ListItem","position":2,"name":"Magus pidu"}]},{"@type":"WebSite","@id":"https:\/\/lapsilopsi.ee\/et\/#website","url":"https:\/\/lapsilopsi.ee\/et\/","name":"LapsiLopsi","description":"Puhkame k\u00f5ik koos!","publisher":{"@id":"https:\/\/lapsilopsi.ee\/et\/#organization"},"potentialAction":[{"@type":"SearchAction","target":{"@type":"EntryPoint","urlTemplate":"https:\/\/lapsilopsi.ee\/et\/?s={search_term_string}"},"query-input":{"@type":"PropertyValueSpecification","valueRequired":true,"valueName":"search_term_string"}}],"inLanguage":"et"},{"@type":"Organization","@id":"https:\/\/lapsilopsi.ee\/et\/#organization","name":"LapsiLopsi","url":"https:\/\/lapsilopsi.ee\/et\/","logo":{"@type":"ImageObject","inLanguage":"et","@id":"https:\/\/lapsilopsi.ee\/et\/#\/schema\/logo\/image\/","url":"https:\/\/lapsilopsi.ee\/wp-content\/uploads\/2022\/10\/lapsi-lapsi.jpg","contentUrl":"https:\/\/lapsilopsi.ee\/wp-content\/uploads\/2022\/10\/lapsi-lapsi.jpg","width":699,"height":181,"caption":"LapsiLopsi"},"image":{"@id":"https:\/\/lapsilopsi.ee\/et\/#\/schema\/logo\/image\/"}}]}},"jetpack_sharing_enabled":true,"jetpack_shortlink":"https:\/\/wp.me\/PafPRj-1Gj","_links":{"self":[{"href":"https:\/\/lapsilopsi.ee\/et\/wp-json\/wp\/v2\/pages\/6467","targetHints":{"allow":["GET"]}}],"collection":[{"href":"https:\/\/lapsilopsi.ee\/et\/wp-json\/wp\/v2\/pages"}],"about":[{"href":"https:\/\/lapsilopsi.ee\/et\/wp-json\/wp\/v2\/types\/page"}],"author":[{"embeddable":true,"href":"https:\/\/lapsilopsi.ee\/et\/wp-json\/wp\/v2\/users\/2"}],"replies":[{"embeddable":true,"href":"https:\/\/lapsilopsi.ee\/et\/wp-json\/wp\/v2\/comments?post=6467"}],"version-history":[{"count":5,"href":"https:\/\/lapsilopsi.ee\/et\/wp-json\/wp\/v2\/pages\/6467\/revisions"}],"predecessor-version":[{"id":13653,"href":"https:\/\/lapsilopsi.ee\/et\/wp-json\/wp\/v2\/pages\/6467\/revisions\/13653"}],"wp:attachment":[{"href":"https:\/\/lapsilopsi.ee\/et\/wp-json\/wp\/v2\/media?parent=6467"}],"curies":[{"name":"wp","href":"https:\/\/api.w.org\/{rel}","templated":true}]}}