{"id":5253,"date":"2021-09-16T10:14:10","date_gmt":"2021-09-16T07:14:10","guid":{"rendered":"https:\/\/lapsilopsi.ee\/muusikatunnid-vaikelastega\/"},"modified":"2023-12-02T20:41:19","modified_gmt":"2023-12-02T17:41:19","slug":"muusikatunnid-vaikelastega","status":"publish","type":"page","link":"https:\/\/lapsilopsi.ee\/et\/muusikatunnid-vaikelastega\/","title":{"rendered":"Muusikatunnid v\u00e4ikelastega"},"content":{"rendered":"<p>Muusikatunnid lastele vanuses 1,6-2,6 aastat.<br \/>\n-lapse sotsialiseerumine<br \/>\n&#8211; nende esimesed pillid<br \/>\n-areng muusika kaudu<br \/>\n&#8211; v\u00f5\u00f5rkeel muusika kaudu<br \/>\n&#8211; Ema on tund aega v\u00f5i rohkem vaba.<\/p>\n<p>Minust:<br \/>\n&#8211; muusika\u00f5petaja.<br \/>\n&#8211; Mul on v\u00e4ikeste laste ja lastega t\u00f6\u00f6tamise kogemus nii r\u00fchmas kui ka eratundides.<\/p>\n<p>Ootame teid esmasp\u00e4eviti, kolmap\u00e4eviti ja reedeti kell 10:00<\/p>\n<p>Hind:<\/p>\n<p>35 eurot 12 \u00f5ppetundi kuus<\/p>\n<p>25 eurot 8 \u00f5ppetundi kuus<\/p>\n<p>20 eurot 4 \u00f5ppetundi kuus<\/p>\n<div data-test='contact-form' id='contact-form-5253' class='wp-block-jetpack-contact-form-container '>\n<form action='https:\/\/lapsilopsi.ee\/et\/muusikatunnid-vaikelastega\/#contact-form-5253' method='post' class='contact-form commentsblock' aria-label=\"Muusikatunnid v\u00e4ikelastega\" novalidate>\n\n<div style=\"\" class='grunion-field-name-wrap grunion-field-wrap'  >\n<label\n\t\t\t\tfor='g5253-nimi'\n\t\t\t\tclass='grunion-field-label name'>Nimi<span class=\"grunion-label-required\" aria-hidden=\"true\">(required)<\/span><\/label>\n<input\n\t\t\t\t\ttype='text'\n\t\t\t\t\tname='g5253-nimi'\n\t\t\t\t\tid='g5253-nimi'\n\t\t\t\t\tvalue=''\n\t\t\t\t\tclass='name  grunion-field' \n\t\t\t\t\trequired aria-required='true' \/>\n\t<\/div>\n\n<div style=\"\" class='grunion-field-email-wrap grunion-field-wrap'  >\n<label\n\t\t\t\tfor='g5253-email'\n\t\t\t\tclass='grunion-field-label email'>Email<span class=\"grunion-label-required\" aria-hidden=\"true\">(required)<\/span><\/label>\n<input\n\t\t\t\t\ttype='email'\n\t\t\t\t\tname='g5253-email'\n\t\t\t\t\tid='g5253-email'\n\t\t\t\t\tvalue=''\n\t\t\t\t\tclass='email  grunion-field' \n\t\t\t\t\trequired aria-required='true' \/>\n\t<\/div>\n\n<div style=\"\" class='grunion-field-textarea-wrap grunion-field-wrap'  >\n<label\n\t\t\t\tfor='contact-form-comment-g5253-snum'\n\t\t\t\tclass='grunion-field-label textarea'>S\u00f5num<span class=\"grunion-label-required\" aria-hidden=\"true\">(required)<\/span><\/label>\n<textarea\n\t\t                style=''\n\t\t                name='g5253-snum'\n\t\t                id='contact-form-comment-g5253-snum'\n\t\t                rows='20' class='textarea  grunion-field'  required aria-required='true'><\/textarea>\n\t<\/div>\n\t<p class='contact-submit'>\n\t\t<button type='submit' class='pushbutton-wide'>Submit<\/button>\t\t<input type='hidden' name='contact-form-id' value='5253' \/>\n\t\t<input type='hidden' name='action' value='grunion-contact-form' \/>\n\t\t<input type='hidden' name='contact-form-hash' value='dec50ed7fa120b85635289bb7e18e120f24f9229' \/>\n\t<\/p>\n<\/form>\n<\/div>\n<p>Kontakt: ll.lastehoid@gmail.com<\/p>\n<p>Telefon: +37258755977 (09.00-14.00)<\/p>\n","protected":false},"excerpt":{"rendered":"<p>Muusikatunnid lastele vanuses 1,6-2,6 aastat. -lapse sotsialiseerumine &#8211; nende esimesed pillid -areng muusika kaudu &#8211; v\u00f5\u00f5rkeel muusika kaudu &#8211; Ema on tund aega v\u00f5i rohkem vaba. Minust: &#8211; muusika\u00f5petaja. &#8211; Mul on v\u00e4ikeste laste ja lastega t\u00f6\u00f6tamise kogemus nii r\u00fchmas kui ka eratundides. Ootame teid esmasp\u00e4eviti, kolmap\u00e4eviti ja reedeti kell 10:00 Hind: 35 eurot 12 [&hellip;]<\/p>\n","protected":false},"author":2,"featured_media":0,"parent":0,"menu_order":0,"comment_status":"closed","ping_status":"closed","template":"","meta":{"_acf_changed":false,"jetpack_post_was_ever_published":false,"footnotes":""},"class_list":["post-5253","page","type-page","status-publish","hentry"],"acf":[],"yoast_head":"<!-- This site is optimized with the Yoast SEO plugin v24.6 - https:\/\/yoast.com\/wordpress\/plugins\/seo\/ -->\n<title>Muusikatunnid v\u00e4ikelastega - LapsiLopsi<\/title>\n<meta name=\"robots\" content=\"index, follow, max-snippet:-1, max-image-preview:large, max-video-preview:-1\" \/>\n<link rel=\"canonical\" href=\"https:\/\/lapsilopsi.ee\/et\/muusikatunnid-vaikelastega\/\" \/>\n<meta property=\"og:locale\" content=\"et_EE\" \/>\n<meta property=\"og:type\" content=\"article\" \/>\n<meta property=\"og:title\" content=\"Muusikatunnid v\u00e4ikelastega - LapsiLopsi\" \/>\n<meta property=\"og:description\" content=\"Muusikatunnid lastele vanuses 1,6-2,6 aastat. -lapse sotsialiseerumine &#8211; nende esimesed pillid -areng muusika kaudu &#8211; v\u00f5\u00f5rkeel muusika kaudu &#8211; Ema on tund aega v\u00f5i rohkem vaba. Minust: &#8211; muusika\u00f5petaja. &#8211; Mul on v\u00e4ikeste laste ja lastega t\u00f6\u00f6tamise kogemus nii r\u00fchmas kui ka eratundides. Ootame teid esmasp\u00e4eviti, kolmap\u00e4eviti ja reedeti kell 10:00 Hind: 35 eurot 12 [&hellip;]\" \/>\n<meta property=\"og:url\" content=\"https:\/\/lapsilopsi.ee\/et\/muusikatunnid-vaikelastega\/\" \/>\n<meta property=\"og:site_name\" content=\"LapsiLopsi\" \/>\n<meta property=\"article:modified_time\" content=\"2023-12-02T17:41:19+00:00\" \/>\n<meta name=\"twitter:card\" content=\"summary_large_image\" \/>\n<meta name=\"twitter:label1\" content=\"Est. reading time\" \/>\n\t<meta name=\"twitter:data1\" content=\"1 minut\" \/>\n<script type=\"application\/ld+json\" class=\"yoast-schema-graph\">{\"@context\":\"https:\/\/schema.org\",\"@graph\":[{\"@type\":\"WebPage\",\"@id\":\"https:\/\/lapsilopsi.ee\/et\/muusikatunnid-vaikelastega\/\",\"url\":\"https:\/\/lapsilopsi.ee\/et\/muusikatunnid-vaikelastega\/\",\"name\":\"Muusikatunnid v\u00e4ikelastega - LapsiLopsi\",\"isPartOf\":{\"@id\":\"https:\/\/lapsilopsi.ee\/et\/#website\"},\"datePublished\":\"2021-09-16T07:14:10+00:00\",\"dateModified\":\"2023-12-02T17:41:19+00:00\",\"breadcrumb\":{\"@id\":\"https:\/\/lapsilopsi.ee\/et\/muusikatunnid-vaikelastega\/#breadcrumb\"},\"inLanguage\":\"et\",\"potentialAction\":[{\"@type\":\"ReadAction\",\"target\":[\"https:\/\/lapsilopsi.ee\/et\/muusikatunnid-vaikelastega\/\"]}]},{\"@type\":\"BreadcrumbList\",\"@id\":\"https:\/\/lapsilopsi.ee\/et\/muusikatunnid-vaikelastega\/#breadcrumb\",\"itemListElement\":[{\"@type\":\"ListItem\",\"position\":1,\"name\":\"Home\",\"item\":\"https:\/\/lapsilopsi.ee\/et\/\"},{\"@type\":\"ListItem\",\"position\":2,\"name\":\"Muusikatunnid v\u00e4ikelastega\"}]},{\"@type\":\"WebSite\",\"@id\":\"https:\/\/lapsilopsi.ee\/et\/#website\",\"url\":\"https:\/\/lapsilopsi.ee\/et\/\",\"name\":\"LapsiLopsi\",\"description\":\"Puhkame k\u00f5ik koos!\",\"publisher\":{\"@id\":\"https:\/\/lapsilopsi.ee\/et\/#organization\"},\"potentialAction\":[{\"@type\":\"SearchAction\",\"target\":{\"@type\":\"EntryPoint\",\"urlTemplate\":\"https:\/\/lapsilopsi.ee\/et\/?s={search_term_string}\"},\"query-input\":{\"@type\":\"PropertyValueSpecification\",\"valueRequired\":true,\"valueName\":\"search_term_string\"}}],\"inLanguage\":\"et\"},{\"@type\":\"Organization\",\"@id\":\"https:\/\/lapsilopsi.ee\/et\/#organization\",\"name\":\"LapsiLopsi\",\"url\":\"https:\/\/lapsilopsi.ee\/et\/\",\"logo\":{\"@type\":\"ImageObject\",\"inLanguage\":\"et\",\"@id\":\"https:\/\/lapsilopsi.ee\/et\/#\/schema\/logo\/image\/\",\"url\":\"https:\/\/lapsilopsi.ee\/wp-content\/uploads\/2022\/10\/lapsi-lapsi.jpg\",\"contentUrl\":\"https:\/\/lapsilopsi.ee\/wp-content\/uploads\/2022\/10\/lapsi-lapsi.jpg\",\"width\":699,\"height\":181,\"caption\":\"LapsiLopsi\"},\"image\":{\"@id\":\"https:\/\/lapsilopsi.ee\/et\/#\/schema\/logo\/image\/\"}}]}<\/script>\n<!-- \/ Yoast SEO plugin. -->","yoast_head_json":{"title":"Muusikatunnid v\u00e4ikelastega - LapsiLopsi","robots":{"index":"index","follow":"follow","max-snippet":"max-snippet:-1","max-image-preview":"max-image-preview:large","max-video-preview":"max-video-preview:-1"},"canonical":"https:\/\/lapsilopsi.ee\/et\/muusikatunnid-vaikelastega\/","og_locale":"et_EE","og_type":"article","og_title":"Muusikatunnid v\u00e4ikelastega - LapsiLopsi","og_description":"Muusikatunnid lastele vanuses 1,6-2,6 aastat. -lapse sotsialiseerumine &#8211; nende esimesed pillid -areng muusika kaudu &#8211; v\u00f5\u00f5rkeel muusika kaudu &#8211; Ema on tund aega v\u00f5i rohkem vaba. Minust: &#8211; muusika\u00f5petaja. &#8211; Mul on v\u00e4ikeste laste ja lastega t\u00f6\u00f6tamise kogemus nii r\u00fchmas kui ka eratundides. Ootame teid esmasp\u00e4eviti, kolmap\u00e4eviti ja reedeti kell 10:00 Hind: 35 eurot 12 [&hellip;]","og_url":"https:\/\/lapsilopsi.ee\/et\/muusikatunnid-vaikelastega\/","og_site_name":"LapsiLopsi","article_modified_time":"2023-12-02T17:41:19+00:00","twitter_card":"summary_large_image","twitter_misc":{"Est. reading time":"1 minut"},"schema":{"@context":"https:\/\/schema.org","@graph":[{"@type":"WebPage","@id":"https:\/\/lapsilopsi.ee\/et\/muusikatunnid-vaikelastega\/","url":"https:\/\/lapsilopsi.ee\/et\/muusikatunnid-vaikelastega\/","name":"Muusikatunnid v\u00e4ikelastega - LapsiLopsi","isPartOf":{"@id":"https:\/\/lapsilopsi.ee\/et\/#website"},"datePublished":"2021-09-16T07:14:10+00:00","dateModified":"2023-12-02T17:41:19+00:00","breadcrumb":{"@id":"https:\/\/lapsilopsi.ee\/et\/muusikatunnid-vaikelastega\/#breadcrumb"},"inLanguage":"et","potentialAction":[{"@type":"ReadAction","target":["https:\/\/lapsilopsi.ee\/et\/muusikatunnid-vaikelastega\/"]}]},{"@type":"BreadcrumbList","@id":"https:\/\/lapsilopsi.ee\/et\/muusikatunnid-vaikelastega\/#breadcrumb","itemListElement":[{"@type":"ListItem","position":1,"name":"Home","item":"https:\/\/lapsilopsi.ee\/et\/"},{"@type":"ListItem","position":2,"name":"Muusikatunnid v\u00e4ikelastega"}]},{"@type":"WebSite","@id":"https:\/\/lapsilopsi.ee\/et\/#website","url":"https:\/\/lapsilopsi.ee\/et\/","name":"LapsiLopsi","description":"Puhkame k\u00f5ik koos!","publisher":{"@id":"https:\/\/lapsilopsi.ee\/et\/#organization"},"potentialAction":[{"@type":"SearchAction","target":{"@type":"EntryPoint","urlTemplate":"https:\/\/lapsilopsi.ee\/et\/?s={search_term_string}"},"query-input":{"@type":"PropertyValueSpecification","valueRequired":true,"valueName":"search_term_string"}}],"inLanguage":"et"},{"@type":"Organization","@id":"https:\/\/lapsilopsi.ee\/et\/#organization","name":"LapsiLopsi","url":"https:\/\/lapsilopsi.ee\/et\/","logo":{"@type":"ImageObject","inLanguage":"et","@id":"https:\/\/lapsilopsi.ee\/et\/#\/schema\/logo\/image\/","url":"https:\/\/lapsilopsi.ee\/wp-content\/uploads\/2022\/10\/lapsi-lapsi.jpg","contentUrl":"https:\/\/lapsilopsi.ee\/wp-content\/uploads\/2022\/10\/lapsi-lapsi.jpg","width":699,"height":181,"caption":"LapsiLopsi"},"image":{"@id":"https:\/\/lapsilopsi.ee\/et\/#\/schema\/logo\/image\/"}}]}},"jetpack_sharing_enabled":true,"jetpack_shortlink":"https:\/\/wp.me\/PafPRj-1mJ","_links":{"self":[{"href":"https:\/\/lapsilopsi.ee\/et\/wp-json\/wp\/v2\/pages\/5253","targetHints":{"allow":["GET"]}}],"collection":[{"href":"https:\/\/lapsilopsi.ee\/et\/wp-json\/wp\/v2\/pages"}],"about":[{"href":"https:\/\/lapsilopsi.ee\/et\/wp-json\/wp\/v2\/types\/page"}],"author":[{"embeddable":true,"href":"https:\/\/lapsilopsi.ee\/et\/wp-json\/wp\/v2\/users\/2"}],"replies":[{"embeddable":true,"href":"https:\/\/lapsilopsi.ee\/et\/wp-json\/wp\/v2\/comments?post=5253"}],"version-history":[{"count":1,"href":"https:\/\/lapsilopsi.ee\/et\/wp-json\/wp\/v2\/pages\/5253\/revisions"}],"predecessor-version":[{"id":5254,"href":"https:\/\/lapsilopsi.ee\/et\/wp-json\/wp\/v2\/pages\/5253\/revisions\/5254"}],"wp:attachment":[{"href":"https:\/\/lapsilopsi.ee\/et\/wp-json\/wp\/v2\/media?parent=5253"}],"curies":[{"name":"wp","href":"https:\/\/api.w.org\/{rel}","templated":true}]}}