{"id":5229,"date":"2021-09-16T09:35:42","date_gmt":"2021-09-16T06:35:42","guid":{"rendered":"https:\/\/lapsilopsi.ee\/haid-ohtuid-iriskaga\/"},"modified":"2023-06-29T17:56:16","modified_gmt":"2023-06-29T14:56:16","slug":"haid-ohtuid-iriskaga","status":"publish","type":"page","link":"https:\/\/lapsilopsi.ee\/et\/haid-ohtuid-iriskaga\/","title":{"rendered":"H\u00e4id \u00f5htuid Iriskaga"},"content":{"rendered":"<div class=\"_4u-c _1wfr _9hq\">\n<div class=\"_5f0v uiScrollableArea fade contentBefore\" tabindex=\"0\">\n<div id=\"js_1j\" class=\"uiScrollableAreaWrap scrollable\">\n<div class=\"uiScrollableAreaBody\">\n<div class=\"uiScrollableAreaContent\">\n<div class=\"__i_ _7i2k\" role=\"region\" aria-label=\"\u0421\u043e\u043e\u0431\u0449\u0435\u043d\u0438\u044f\">\n<div id=\"js_2\">\n<div>\n<div class=\"_1t_p clearfix\">\n<div class=\"_41ud\">\n<div class=\"clearfix _o46 _3erg _3i_m _nd_ direction_ltr text_align_ltr\">\n<div id=\"js_1g6\" class=\"_3058 _ui9 _hh7 _6ybn _s1- _52mr _43by _6ybp _3oh-\" data-tooltip-content=\"11 \u0441\u0435\u043d\u0442\u044f\u0431\u0440\u044f 2019 \u0433., 11:25\" data-hover=\"tooltip\" data-tooltip-position=\"right\"><\/div>\n<\/div>\n<\/div>\n<\/div>\n<\/div>\n<\/div>\n<div class=\"_4gd0\">\n<div>\n<div class=\"kvgmc6g5 cxmmr5t8 oygrvhab hcukyx3x c1et5uql\">&#8220;L\u00f5busad \u00f5htud Iriskaga&#8221; vene keeles<br \/>\nIgal neljap\u00e4eva \u00f5htul 18.00-19.00 kutsume Lapsi Lopsis lapsi 3-7 r\u00f5\u00f5msale s\u00e4ravale peole. Meie Iriskal on uus soeng ning uus l\u00f5bustusprogramm. V\u00f5ta kaasa oma lemmikm\u00e4nguasja! \u00d5nnelik lapsep\u00f5lv pole v\u00f5imalik ilma m\u00e4nguasjadeta. Need muudavad meie elu helgemaks. Nad kingivad meile r\u00f5\u00f5mu. Teeme nendega pidu! Kutsuge peole oma lemmikm\u00e4nguasi. Tutvume teie ja teie m\u00e4nguasjadega. Meil k\u00f5igil on koos l\u00f5bus, m\u00e4ngime ja tantsime. Loome oma &#8220;M\u00e4nguasjaloo&#8221;. Peale peo jagab Iriska k\u00f5igile pehmej\u00e4\u00e4tist.<\/div>\n<div><\/div>\n<div class=\"o9v6fnle cxmmr5t8 oygrvhab hcukyx3x c1et5uql\">Programmi viib l\u00e4bi Happy Kids Tallinn.<\/div>\n<div><\/div>\n<div class=\"o9v6fnle cxmmr5t8 oygrvhab hcukyx3x c1et5uql\">\u00dcritus toimub tavap\u00e4rase \u00fchekordse k\u00fclastuse raames: maksumus on 5 eurot + tempel PPpitsa kaardile. Lastekohviku k\u00fclastamine kuni 2 tundi. Eelregistreerimine pole vajalik, kuid soovitame laua ette broneerida telefonil 56687818.<\/div>\n<div><\/div>\n<div class=\"o9v6fnle cxmmr5t8 oygrvhab hcukyx3x c1et5uql\">Tasuta tee ja kohv vanematele. Pitsat ja muid roogasid saate tellida Linnamae Peetri Pizza men\u00fc\u00fcst.<\/div>\n<div><\/div>\n<div class=\"o9v6fnle cxmmr5t8 oygrvhab hcukyx3x c1et5uql\">Peoruumi broneerimisel era peoks v\u00f5idakse \u00fcritus \u00e4ra j\u00e4tta. J\u00e4lgi postitused LapsiLopsi Lastekohviku FB lehel<\/div>\n<div><\/div>\n<\/div>\n<\/div>\n<\/div>\n<\/div>\n<\/div>\n<\/div>\n<\/div>\n<\/div>\n<div id=\"js_13\" class=\"_4rv3 _7og6\" role=\"region\" aria-label=\"\u041d\u043e\u0432\u043e\u0435 \u0441\u043e\u043e\u0431\u0449\u0435\u043d\u0438\u0435\">\n<div class=\"_5irm _7mkm\">\n<div class=\"_7mkh\">\n<div class=\"_7mki\">\n<p><img loading=\"lazy\" decoding=\"async\" class=\"alignnone size-medium wp-image-1609\" src=\"https:\/\/lapsilopsi.ee\/wp-content\/uploads\/2019\/09\/DSC_0148-300x298.jpg\" alt=\"\" width=\"300\" height=\"298\" srcset=\"https:\/\/lapsilopsi.ee\/wp-content\/uploads\/2019\/09\/DSC_0148-300x298.jpg 300w, https:\/\/lapsilopsi.ee\/wp-content\/uploads\/2019\/09\/DSC_0148-150x150.jpg 150w, https:\/\/lapsilopsi.ee\/wp-content\/uploads\/2019\/09\/DSC_0148-768x764.jpg 768w, https:\/\/lapsilopsi.ee\/wp-content\/uploads\/2019\/09\/DSC_0148-1024x1018.jpg 1024w, https:\/\/lapsilopsi.ee\/wp-content\/uploads\/2019\/09\/DSC_0148-842x837.jpg 842w, https:\/\/lapsilopsi.ee\/wp-content\/uploads\/2019\/09\/DSC_0148-600x597.jpg 600w, https:\/\/lapsilopsi.ee\/wp-content\/uploads\/2019\/09\/DSC_0148-100x100.jpg 100w, https:\/\/lapsilopsi.ee\/wp-content\/uploads\/2019\/09\/DSC_0148.jpg 2000w\" sizes=\"auto, (max-width: 300px) 100vw, 300px\" \/><\/p>\n<p>&nbsp;<\/p>\n<\/div>\n<\/div>\n<\/div>\n<\/div>\n","protected":false},"excerpt":{"rendered":"<p>&#8220;L\u00f5busad \u00f5htud Iriskaga&#8221; vene keeles Igal neljap\u00e4eva \u00f5htul 18.00-19.00 kutsume Lapsi Lopsis lapsi 3-7 r\u00f5\u00f5msale s\u00e4ravale peole. Meie Iriskal on uus soeng ning uus l\u00f5bustusprogramm. V\u00f5ta kaasa oma lemmikm\u00e4nguasja! \u00d5nnelik lapsep\u00f5lv pole v\u00f5imalik ilma m\u00e4nguasjadeta. Need muudavad meie elu helgemaks. Nad kingivad meile r\u00f5\u00f5mu. Teeme nendega pidu! Kutsuge peole oma lemmikm\u00e4nguasi. Tutvume teie ja teie [&hellip;]<\/p>\n","protected":false},"author":2,"featured_media":0,"parent":0,"menu_order":0,"comment_status":"closed","ping_status":"closed","template":"","meta":{"_acf_changed":false,"jetpack_post_was_ever_published":false,"footnotes":""},"class_list":["post-5229","page","type-page","status-publish","hentry"],"acf":[],"yoast_head":"<!-- This site is optimized with the Yoast SEO plugin v24.6 - https:\/\/yoast.com\/wordpress\/plugins\/seo\/ -->\n<title>H\u00e4id \u00f5htuid Iriskaga - LapsiLopsi<\/title>\n<meta name=\"robots\" content=\"index, follow, max-snippet:-1, max-image-preview:large, max-video-preview:-1\" \/>\n<link rel=\"canonical\" href=\"https:\/\/lapsilopsi.ee\/et\/haid-ohtuid-iriskaga\/\" \/>\n<meta property=\"og:locale\" content=\"et_EE\" \/>\n<meta property=\"og:type\" content=\"article\" \/>\n<meta property=\"og:title\" content=\"H\u00e4id \u00f5htuid Iriskaga - LapsiLopsi\" \/>\n<meta property=\"og:description\" content=\"&#8220;L\u00f5busad \u00f5htud Iriskaga&#8221; vene keeles Igal neljap\u00e4eva \u00f5htul 18.00-19.00 kutsume Lapsi Lopsis lapsi 3-7 r\u00f5\u00f5msale s\u00e4ravale peole. Meie Iriskal on uus soeng ning uus l\u00f5bustusprogramm. V\u00f5ta kaasa oma lemmikm\u00e4nguasja! \u00d5nnelik lapsep\u00f5lv pole v\u00f5imalik ilma m\u00e4nguasjadeta. Need muudavad meie elu helgemaks. Nad kingivad meile r\u00f5\u00f5mu. Teeme nendega pidu! Kutsuge peole oma lemmikm\u00e4nguasi. Tutvume teie ja teie [&hellip;]\" \/>\n<meta property=\"og:url\" content=\"https:\/\/lapsilopsi.ee\/et\/haid-ohtuid-iriskaga\/\" \/>\n<meta property=\"og:site_name\" content=\"LapsiLopsi\" \/>\n<meta property=\"article:modified_time\" content=\"2023-06-29T14:56:16+00:00\" \/>\n<meta property=\"og:image\" content=\"https:\/\/lapsilopsi.ee\/wp-content\/uploads\/2019\/09\/DSC_0148-300x298.jpg\" \/>\n<meta name=\"twitter:card\" content=\"summary_large_image\" \/>\n<meta name=\"twitter:label1\" content=\"Est. reading time\" \/>\n\t<meta name=\"twitter:data1\" content=\"1 minut\" \/>\n<script type=\"application\/ld+json\" class=\"yoast-schema-graph\">{\"@context\":\"https:\/\/schema.org\",\"@graph\":[{\"@type\":\"WebPage\",\"@id\":\"https:\/\/lapsilopsi.ee\/et\/haid-ohtuid-iriskaga\/\",\"url\":\"https:\/\/lapsilopsi.ee\/et\/haid-ohtuid-iriskaga\/\",\"name\":\"H\u00e4id \u00f5htuid Iriskaga - LapsiLopsi\",\"isPartOf\":{\"@id\":\"https:\/\/lapsilopsi.ee\/et\/#website\"},\"primaryImageOfPage\":{\"@id\":\"https:\/\/lapsilopsi.ee\/et\/haid-ohtuid-iriskaga\/#primaryimage\"},\"image\":{\"@id\":\"https:\/\/lapsilopsi.ee\/et\/haid-ohtuid-iriskaga\/#primaryimage\"},\"thumbnailUrl\":\"https:\/\/lapsilopsi.ee\/wp-content\/uploads\/2019\/09\/DSC_0148-300x298.jpg\",\"datePublished\":\"2021-09-16T06:35:42+00:00\",\"dateModified\":\"2023-06-29T14:56:16+00:00\",\"breadcrumb\":{\"@id\":\"https:\/\/lapsilopsi.ee\/et\/haid-ohtuid-iriskaga\/#breadcrumb\"},\"inLanguage\":\"et\",\"potentialAction\":[{\"@type\":\"ReadAction\",\"target\":[\"https:\/\/lapsilopsi.ee\/et\/haid-ohtuid-iriskaga\/\"]}]},{\"@type\":\"ImageObject\",\"inLanguage\":\"et\",\"@id\":\"https:\/\/lapsilopsi.ee\/et\/haid-ohtuid-iriskaga\/#primaryimage\",\"url\":\"https:\/\/lapsilopsi.ee\/wp-content\/uploads\/2019\/09\/DSC_0148-300x298.jpg\",\"contentUrl\":\"https:\/\/lapsilopsi.ee\/wp-content\/uploads\/2019\/09\/DSC_0148-300x298.jpg\"},{\"@type\":\"BreadcrumbList\",\"@id\":\"https:\/\/lapsilopsi.ee\/et\/haid-ohtuid-iriskaga\/#breadcrumb\",\"itemListElement\":[{\"@type\":\"ListItem\",\"position\":1,\"name\":\"Home\",\"item\":\"https:\/\/lapsilopsi.ee\/et\/\"},{\"@type\":\"ListItem\",\"position\":2,\"name\":\"H\u00e4id \u00f5htuid Iriskaga\"}]},{\"@type\":\"WebSite\",\"@id\":\"https:\/\/lapsilopsi.ee\/et\/#website\",\"url\":\"https:\/\/lapsilopsi.ee\/et\/\",\"name\":\"LapsiLopsi\",\"description\":\"Puhkame k\u00f5ik koos!\",\"publisher\":{\"@id\":\"https:\/\/lapsilopsi.ee\/et\/#organization\"},\"potentialAction\":[{\"@type\":\"SearchAction\",\"target\":{\"@type\":\"EntryPoint\",\"urlTemplate\":\"https:\/\/lapsilopsi.ee\/et\/?s={search_term_string}\"},\"query-input\":{\"@type\":\"PropertyValueSpecification\",\"valueRequired\":true,\"valueName\":\"search_term_string\"}}],\"inLanguage\":\"et\"},{\"@type\":\"Organization\",\"@id\":\"https:\/\/lapsilopsi.ee\/et\/#organization\",\"name\":\"LapsiLopsi\",\"url\":\"https:\/\/lapsilopsi.ee\/et\/\",\"logo\":{\"@type\":\"ImageObject\",\"inLanguage\":\"et\",\"@id\":\"https:\/\/lapsilopsi.ee\/et\/#\/schema\/logo\/image\/\",\"url\":\"https:\/\/lapsilopsi.ee\/wp-content\/uploads\/2022\/10\/lapsi-lapsi.jpg\",\"contentUrl\":\"https:\/\/lapsilopsi.ee\/wp-content\/uploads\/2022\/10\/lapsi-lapsi.jpg\",\"width\":699,\"height\":181,\"caption\":\"LapsiLopsi\"},\"image\":{\"@id\":\"https:\/\/lapsilopsi.ee\/et\/#\/schema\/logo\/image\/\"}}]}<\/script>\n<!-- \/ Yoast SEO plugin. -->","yoast_head_json":{"title":"H\u00e4id \u00f5htuid Iriskaga - LapsiLopsi","robots":{"index":"index","follow":"follow","max-snippet":"max-snippet:-1","max-image-preview":"max-image-preview:large","max-video-preview":"max-video-preview:-1"},"canonical":"https:\/\/lapsilopsi.ee\/et\/haid-ohtuid-iriskaga\/","og_locale":"et_EE","og_type":"article","og_title":"H\u00e4id \u00f5htuid Iriskaga - LapsiLopsi","og_description":"&#8220;L\u00f5busad \u00f5htud Iriskaga&#8221; vene keeles Igal neljap\u00e4eva \u00f5htul 18.00-19.00 kutsume Lapsi Lopsis lapsi 3-7 r\u00f5\u00f5msale s\u00e4ravale peole. Meie Iriskal on uus soeng ning uus l\u00f5bustusprogramm. V\u00f5ta kaasa oma lemmikm\u00e4nguasja! \u00d5nnelik lapsep\u00f5lv pole v\u00f5imalik ilma m\u00e4nguasjadeta. Need muudavad meie elu helgemaks. Nad kingivad meile r\u00f5\u00f5mu. Teeme nendega pidu! Kutsuge peole oma lemmikm\u00e4nguasi. Tutvume teie ja teie [&hellip;]","og_url":"https:\/\/lapsilopsi.ee\/et\/haid-ohtuid-iriskaga\/","og_site_name":"LapsiLopsi","article_modified_time":"2023-06-29T14:56:16+00:00","og_image":[{"url":"https:\/\/lapsilopsi.ee\/wp-content\/uploads\/2019\/09\/DSC_0148-300x298.jpg","type":"","width":"","height":""}],"twitter_card":"summary_large_image","twitter_misc":{"Est. reading time":"1 minut"},"schema":{"@context":"https:\/\/schema.org","@graph":[{"@type":"WebPage","@id":"https:\/\/lapsilopsi.ee\/et\/haid-ohtuid-iriskaga\/","url":"https:\/\/lapsilopsi.ee\/et\/haid-ohtuid-iriskaga\/","name":"H\u00e4id \u00f5htuid Iriskaga - LapsiLopsi","isPartOf":{"@id":"https:\/\/lapsilopsi.ee\/et\/#website"},"primaryImageOfPage":{"@id":"https:\/\/lapsilopsi.ee\/et\/haid-ohtuid-iriskaga\/#primaryimage"},"image":{"@id":"https:\/\/lapsilopsi.ee\/et\/haid-ohtuid-iriskaga\/#primaryimage"},"thumbnailUrl":"https:\/\/lapsilopsi.ee\/wp-content\/uploads\/2019\/09\/DSC_0148-300x298.jpg","datePublished":"2021-09-16T06:35:42+00:00","dateModified":"2023-06-29T14:56:16+00:00","breadcrumb":{"@id":"https:\/\/lapsilopsi.ee\/et\/haid-ohtuid-iriskaga\/#breadcrumb"},"inLanguage":"et","potentialAction":[{"@type":"ReadAction","target":["https:\/\/lapsilopsi.ee\/et\/haid-ohtuid-iriskaga\/"]}]},{"@type":"ImageObject","inLanguage":"et","@id":"https:\/\/lapsilopsi.ee\/et\/haid-ohtuid-iriskaga\/#primaryimage","url":"https:\/\/lapsilopsi.ee\/wp-content\/uploads\/2019\/09\/DSC_0148-300x298.jpg","contentUrl":"https:\/\/lapsilopsi.ee\/wp-content\/uploads\/2019\/09\/DSC_0148-300x298.jpg"},{"@type":"BreadcrumbList","@id":"https:\/\/lapsilopsi.ee\/et\/haid-ohtuid-iriskaga\/#breadcrumb","itemListElement":[{"@type":"ListItem","position":1,"name":"Home","item":"https:\/\/lapsilopsi.ee\/et\/"},{"@type":"ListItem","position":2,"name":"H\u00e4id \u00f5htuid Iriskaga"}]},{"@type":"WebSite","@id":"https:\/\/lapsilopsi.ee\/et\/#website","url":"https:\/\/lapsilopsi.ee\/et\/","name":"LapsiLopsi","description":"Puhkame k\u00f5ik koos!","publisher":{"@id":"https:\/\/lapsilopsi.ee\/et\/#organization"},"potentialAction":[{"@type":"SearchAction","target":{"@type":"EntryPoint","urlTemplate":"https:\/\/lapsilopsi.ee\/et\/?s={search_term_string}"},"query-input":{"@type":"PropertyValueSpecification","valueRequired":true,"valueName":"search_term_string"}}],"inLanguage":"et"},{"@type":"Organization","@id":"https:\/\/lapsilopsi.ee\/et\/#organization","name":"LapsiLopsi","url":"https:\/\/lapsilopsi.ee\/et\/","logo":{"@type":"ImageObject","inLanguage":"et","@id":"https:\/\/lapsilopsi.ee\/et\/#\/schema\/logo\/image\/","url":"https:\/\/lapsilopsi.ee\/wp-content\/uploads\/2022\/10\/lapsi-lapsi.jpg","contentUrl":"https:\/\/lapsilopsi.ee\/wp-content\/uploads\/2022\/10\/lapsi-lapsi.jpg","width":699,"height":181,"caption":"LapsiLopsi"},"image":{"@id":"https:\/\/lapsilopsi.ee\/et\/#\/schema\/logo\/image\/"}}]}},"jetpack_sharing_enabled":true,"jetpack_shortlink":"https:\/\/wp.me\/PafPRj-1ml","_links":{"self":[{"href":"https:\/\/lapsilopsi.ee\/et\/wp-json\/wp\/v2\/pages\/5229","targetHints":{"allow":["GET"]}}],"collection":[{"href":"https:\/\/lapsilopsi.ee\/et\/wp-json\/wp\/v2\/pages"}],"about":[{"href":"https:\/\/lapsilopsi.ee\/et\/wp-json\/wp\/v2\/types\/page"}],"author":[{"embeddable":true,"href":"https:\/\/lapsilopsi.ee\/et\/wp-json\/wp\/v2\/users\/2"}],"replies":[{"embeddable":true,"href":"https:\/\/lapsilopsi.ee\/et\/wp-json\/wp\/v2\/comments?post=5229"}],"version-history":[{"count":3,"href":"https:\/\/lapsilopsi.ee\/et\/wp-json\/wp\/v2\/pages\/5229\/revisions"}],"predecessor-version":[{"id":9918,"href":"https:\/\/lapsilopsi.ee\/et\/wp-json\/wp\/v2\/pages\/5229\/revisions\/9918"}],"wp:attachment":[{"href":"https:\/\/lapsilopsi.ee\/et\/wp-json\/wp\/v2\/media?parent=5229"}],"curies":[{"name":"wp","href":"https:\/\/api.w.org\/{rel}","templated":true}]}}