{"id":4738,"date":"2021-08-03T11:46:35","date_gmt":"2021-08-03T08:46:35","guid":{"rendered":"https:\/\/lapsilopsi.ee\/lastehoid\/"},"modified":"2023-11-30T19:36:26","modified_gmt":"2023-11-30T16:36:26","slug":"lastehoid","status":"publish","type":"page","link":"https:\/\/lapsilopsi.ee\/et\/lastehoid\/","title":{"rendered":"Lastehoid"},"content":{"rendered":"<p>Lastehoid<\/p>\n<p>Tegevusluba \u2116 SLH000908<\/p>\n<p>Alates 02.08.2021 pakub Lapsi Lopsi lastehoiu teenuseid vanuses 1,5-3 aastased. T\u00f6\u00f6aeg on 09:00-13:00 ja kaks s\u00f6\u00f6gikorda p\u00e4evas.<\/p>\n<p>Igapl n\u00e4dala plaanis on: muusikatunnid (kolmes keeles: vene, eesti ja inglise), kunst, liikumistunnid ja m\u00e4ngud.<img loading=\"lazy\" decoding=\"async\" class=\"alignright wp-image-4658 size-thumbnail\" src=\"https:\/\/lapsilopsi.ee\/wp-content\/uploads\/2021\/07\/20210713_143458-150x150.jpg\" alt=\"\" width=\"150\" height=\"150\" srcset=\"https:\/\/lapsilopsi.ee\/wp-content\/uploads\/2021\/07\/20210713_143458-150x150.jpg 150w, https:\/\/lapsilopsi.ee\/wp-content\/uploads\/2021\/07\/20210713_143458-300x300.jpg 300w, https:\/\/lapsilopsi.ee\/wp-content\/uploads\/2021\/07\/20210713_143458-100x100.jpg 100w\" sizes=\"auto, (max-width: 150px) 100vw, 150px\" \/><\/p>\n<p>Meie \u00f5petaja Diana:<\/p>\n<p><span style=\"font-weight: 400;\">Tere k\u00f5igile! Minu nimi on Diana. <\/span><span style=\"font-weight: 400;\"><br \/>\n<\/span><span style=\"font-weight: 400;\">Olen k\u00f5rgharidusega laulu-ja-klaveri \u00f5petaja. Tegelen nii lastega, kui ka t\u00e4iskasvanutega.<\/span><\/p>\n<p><span style=\"font-weight: 400;\">Paralleelselt \u00f5petamisega olen neli aastat t\u00f6\u00f6tanud kasvatajana lasteasutuses lastega vanuses alates 1,5 -aastat. <\/span><\/p>\n<p><span style=\"font-weight: 400;\">Lapsi Lopsi lastehoius anname lastele muusikatunde,tantsime, joonistame, voolime plastiliinist, loeme raamatuid, m\u00e4ngime . Muusikatunnis saab laps proovida oma esimesi muusikapille. Kunstitunnis saab laps proovida erinevaid joonistusviise ja tehnikaid. <\/span><\/p>\n<p>Tunniplaan<\/p>\n<p>9:00 Laste saabumine.<br \/>\n9:15 Tantsuring<br \/>\n10:15 Muusikatund (E. K. R.) v\u00f5i kunst (T. N.)<br \/>\n10:40 Vitamiinipaus<br \/>\n10.50 Liikumism\u00e4ngud<br \/>\n12:00 L\u00f5una<br \/>\n13.00 L\u00e4hme koju.<\/p>\n<p>Lepinguga hind on 20 euro\/p\u00e4ev + 3.80 toitlustus. Tallinna elanikele h\u00fcvitist 196 eurot + h\u00fcvitist toitlustuse eest 1.80-2.00 euro. Rohkem infot <a href=\"https:\/\/www.tallinn.ee\/Teenus-Lapsehoiutoetus\">siin.<\/a><\/p>\n<p><span lang=\"ET\">Kui<\/span><span lang=\"RU\">sa soovid tuua oma last proovip\u00e4evale, siis hind on 10 euro\/tund. Selle tunniaja jooksul me tutvume p\u00f5nniga, tantsime, m\u00e4ngime m\u00e4nguasjadega, laulame, teeme liikumism\u00e4nge. <\/span>NB! <span lang=\"RU\">Proovip\u00e4evale saab tulla ainult eelneva registreerimisega.<\/span><\/p>\n<p>Kirjuta meile<\/p>\n<div data-test='contact-form' id='contact-form-4738' class='wp-block-jetpack-contact-form-container '>\n<form action='https:\/\/lapsilopsi.ee\/et\/lastehoid\/#contact-form-4738' method='post' class='contact-form commentsblock' aria-label=\"Lastehoid\" novalidate>\n\n<div style=\"\" class='grunion-field-name-wrap grunion-field-wrap'  >\n<label\n\t\t\t\tfor='g4738-nimi'\n\t\t\t\tclass='grunion-field-label name'>Nimi<span class=\"grunion-label-required\" aria-hidden=\"true\">(required)<\/span><\/label>\n<input\n\t\t\t\t\ttype='text'\n\t\t\t\t\tname='g4738-nimi'\n\t\t\t\t\tid='g4738-nimi'\n\t\t\t\t\tvalue=''\n\t\t\t\t\tclass='name  grunion-field' \n\t\t\t\t\trequired aria-required='true' \/>\n\t<\/div>\n\n<div style=\"\" class='grunion-field-email-wrap grunion-field-wrap'  >\n<label\n\t\t\t\tfor='g4738-email'\n\t\t\t\tclass='grunion-field-label email'>Email<span class=\"grunion-label-required\" aria-hidden=\"true\">(required)<\/span><\/label>\n<input\n\t\t\t\t\ttype='email'\n\t\t\t\t\tname='g4738-email'\n\t\t\t\t\tid='g4738-email'\n\t\t\t\t\tvalue=''\n\t\t\t\t\tclass='email  grunion-field' \n\t\t\t\t\trequired aria-required='true' \/>\n\t<\/div>\n\n<div style=\"\" class='grunion-field-textarea-wrap grunion-field-wrap'  >\n<label\n\t\t\t\tfor='contact-form-comment-g4738-lapsevanus'\n\t\t\t\tclass='grunion-field-label textarea'>Lapse vanus<span class=\"grunion-label-required\" aria-hidden=\"true\">(required)<\/span><\/label>\n<textarea\n\t\t                style=''\n\t\t                name='g4738-lapsevanus'\n\t\t                id='contact-form-comment-g4738-lapsevanus'\n\t\t                rows='20' class='textarea  grunion-field'  required aria-required='true'><\/textarea>\n\t<\/div>\n\n<div style=\"\" class='grunion-field-text-wrap grunion-field-wrap'  >\n<label\n\t\t\t\tfor='g4738-kirjeldus'\n\t\t\t\tclass='grunion-field-label text'>Kirjeldus <span class=\"grunion-label-required\" aria-hidden=\"true\">(required)<\/span><\/label>\n<input\n\t\t\t\t\ttype='text'\n\t\t\t\t\tname='g4738-kirjeldus'\n\t\t\t\t\tid='g4738-kirjeldus'\n\t\t\t\t\tvalue=''\n\t\t\t\t\tclass='text  grunion-field' \n\t\t\t\t\trequired aria-required='true' \/>\n\t<\/div>\n\t<p class='contact-submit'>\n\t\t<button type='submit' class='pushbutton-wide'>Submit<\/button>\t\t<input type='hidden' name='contact-form-id' value='4738' \/>\n\t\t<input type='hidden' name='action' value='grunion-contact-form' \/>\n\t\t<input type='hidden' name='contact-form-hash' value='c1aacdcbb5844d9c901350dc808bbf2e89443829' \/>\n\t<\/p>\n<\/form>\n<\/div>\n<p>Kontakt: ll.lastehoid@gmail.com<\/p>\n<p>Telefon: +37258755977 (09.00-14.00)<\/p>\n<p>&nbsp;<\/p>\n<p>&nbsp;<\/p>\n<p>&nbsp;<\/p>\n","protected":false},"excerpt":{"rendered":"<p>Lastehoid Tegevusluba \u2116 SLH000908 Alates 02.08.2021 pakub Lapsi Lopsi lastehoiu teenuseid vanuses 1,5-3 aastased. T\u00f6\u00f6aeg on 09:00-13:00 ja kaks s\u00f6\u00f6gikorda p\u00e4evas. Igapl n\u00e4dala plaanis on: muusikatunnid (kolmes keeles: vene, eesti ja inglise), kunst, liikumistunnid ja m\u00e4ngud. Meie \u00f5petaja Diana: Tere k\u00f5igile! Minu nimi on Diana. Olen k\u00f5rgharidusega laulu-ja-klaveri \u00f5petaja. Tegelen nii lastega, kui ka t\u00e4iskasvanutega. [&hellip;]<\/p>\n","protected":false},"author":2,"featured_media":12889,"parent":0,"menu_order":0,"comment_status":"closed","ping_status":"closed","template":"","meta":{"_acf_changed":false,"jetpack_post_was_ever_published":false,"footnotes":""},"class_list":["post-4738","page","type-page","status-publish","has-post-thumbnail","hentry"],"acf":[],"yoast_head":"<!-- This site is optimized with the Yoast SEO plugin v24.6 - https:\/\/yoast.com\/wordpress\/plugins\/seo\/ -->\n<title>Lastehoid - LapsiLopsi<\/title>\n<meta name=\"robots\" content=\"index, follow, max-snippet:-1, max-image-preview:large, max-video-preview:-1\" \/>\n<link rel=\"canonical\" href=\"https:\/\/lapsilopsi.ee\/et\/lastehoid\/\" \/>\n<meta property=\"og:locale\" content=\"et_EE\" \/>\n<meta property=\"og:type\" content=\"article\" \/>\n<meta property=\"og:title\" content=\"Lastehoid - LapsiLopsi\" \/>\n<meta property=\"og:description\" content=\"Lastehoid Tegevusluba \u2116 SLH000908 Alates 02.08.2021 pakub Lapsi Lopsi lastehoiu teenuseid vanuses 1,5-3 aastased. T\u00f6\u00f6aeg on 09:00-13:00 ja kaks s\u00f6\u00f6gikorda p\u00e4evas. Igapl n\u00e4dala plaanis on: muusikatunnid (kolmes keeles: vene, eesti ja inglise), kunst, liikumistunnid ja m\u00e4ngud. Meie \u00f5petaja Diana: Tere k\u00f5igile! Minu nimi on Diana. Olen k\u00f5rgharidusega laulu-ja-klaveri \u00f5petaja. Tegelen nii lastega, kui ka t\u00e4iskasvanutega. [&hellip;]\" \/>\n<meta property=\"og:url\" content=\"https:\/\/lapsilopsi.ee\/et\/lastehoid\/\" \/>\n<meta property=\"og:site_name\" content=\"LapsiLopsi\" \/>\n<meta property=\"article:modified_time\" content=\"2023-11-30T16:36:26+00:00\" \/>\n<meta property=\"og:image\" content=\"https:\/\/lapsilopsi.ee\/wp-content\/uploads\/2021\/07\/20210713_143458-150x150.jpg\" \/>\n<meta name=\"twitter:card\" content=\"summary_large_image\" \/>\n<meta name=\"twitter:label1\" content=\"Est. reading time\" \/>\n\t<meta name=\"twitter:data1\" content=\"2 minutit\" \/>\n<script type=\"application\/ld+json\" class=\"yoast-schema-graph\">{\"@context\":\"https:\/\/schema.org\",\"@graph\":[{\"@type\":\"WebPage\",\"@id\":\"https:\/\/lapsilopsi.ee\/et\/lastehoid\/\",\"url\":\"https:\/\/lapsilopsi.ee\/et\/lastehoid\/\",\"name\":\"Lastehoid - LapsiLopsi\",\"isPartOf\":{\"@id\":\"https:\/\/lapsilopsi.ee\/et\/#website\"},\"primaryImageOfPage\":{\"@id\":\"https:\/\/lapsilopsi.ee\/et\/lastehoid\/#primaryimage\"},\"image\":{\"@id\":\"https:\/\/lapsilopsi.ee\/et\/lastehoid\/#primaryimage\"},\"thumbnailUrl\":\"https:\/\/lapsilopsi.ee\/wp-content\/uploads\/2024\/10\/DSC_7137-scaled.jpg\",\"datePublished\":\"2021-08-03T08:46:35+00:00\",\"dateModified\":\"2023-11-30T16:36:26+00:00\",\"breadcrumb\":{\"@id\":\"https:\/\/lapsilopsi.ee\/et\/lastehoid\/#breadcrumb\"},\"inLanguage\":\"et\",\"potentialAction\":[{\"@type\":\"ReadAction\",\"target\":[\"https:\/\/lapsilopsi.ee\/et\/lastehoid\/\"]}]},{\"@type\":\"ImageObject\",\"inLanguage\":\"et\",\"@id\":\"https:\/\/lapsilopsi.ee\/et\/lastehoid\/#primaryimage\",\"url\":\"https:\/\/lapsilopsi.ee\/wp-content\/uploads\/2024\/10\/DSC_7137-scaled.jpg\",\"contentUrl\":\"https:\/\/lapsilopsi.ee\/wp-content\/uploads\/2024\/10\/DSC_7137-scaled.jpg\",\"width\":1709,\"height\":2560},{\"@type\":\"BreadcrumbList\",\"@id\":\"https:\/\/lapsilopsi.ee\/et\/lastehoid\/#breadcrumb\",\"itemListElement\":[{\"@type\":\"ListItem\",\"position\":1,\"name\":\"Home\",\"item\":\"https:\/\/lapsilopsi.ee\/et\/\"},{\"@type\":\"ListItem\",\"position\":2,\"name\":\"Lastehoid\"}]},{\"@type\":\"WebSite\",\"@id\":\"https:\/\/lapsilopsi.ee\/et\/#website\",\"url\":\"https:\/\/lapsilopsi.ee\/et\/\",\"name\":\"LapsiLopsi\",\"description\":\"Puhkame k\u00f5ik koos!\",\"publisher\":{\"@id\":\"https:\/\/lapsilopsi.ee\/et\/#organization\"},\"potentialAction\":[{\"@type\":\"SearchAction\",\"target\":{\"@type\":\"EntryPoint\",\"urlTemplate\":\"https:\/\/lapsilopsi.ee\/et\/?s={search_term_string}\"},\"query-input\":{\"@type\":\"PropertyValueSpecification\",\"valueRequired\":true,\"valueName\":\"search_term_string\"}}],\"inLanguage\":\"et\"},{\"@type\":\"Organization\",\"@id\":\"https:\/\/lapsilopsi.ee\/et\/#organization\",\"name\":\"LapsiLopsi\",\"url\":\"https:\/\/lapsilopsi.ee\/et\/\",\"logo\":{\"@type\":\"ImageObject\",\"inLanguage\":\"et\",\"@id\":\"https:\/\/lapsilopsi.ee\/et\/#\/schema\/logo\/image\/\",\"url\":\"https:\/\/lapsilopsi.ee\/wp-content\/uploads\/2022\/10\/lapsi-lapsi.jpg\",\"contentUrl\":\"https:\/\/lapsilopsi.ee\/wp-content\/uploads\/2022\/10\/lapsi-lapsi.jpg\",\"width\":699,\"height\":181,\"caption\":\"LapsiLopsi\"},\"image\":{\"@id\":\"https:\/\/lapsilopsi.ee\/et\/#\/schema\/logo\/image\/\"}}]}<\/script>\n<!-- \/ Yoast SEO plugin. -->","yoast_head_json":{"title":"Lastehoid - LapsiLopsi","robots":{"index":"index","follow":"follow","max-snippet":"max-snippet:-1","max-image-preview":"max-image-preview:large","max-video-preview":"max-video-preview:-1"},"canonical":"https:\/\/lapsilopsi.ee\/et\/lastehoid\/","og_locale":"et_EE","og_type":"article","og_title":"Lastehoid - LapsiLopsi","og_description":"Lastehoid Tegevusluba \u2116 SLH000908 Alates 02.08.2021 pakub Lapsi Lopsi lastehoiu teenuseid vanuses 1,5-3 aastased. T\u00f6\u00f6aeg on 09:00-13:00 ja kaks s\u00f6\u00f6gikorda p\u00e4evas. Igapl n\u00e4dala plaanis on: muusikatunnid (kolmes keeles: vene, eesti ja inglise), kunst, liikumistunnid ja m\u00e4ngud. Meie \u00f5petaja Diana: Tere k\u00f5igile! Minu nimi on Diana. Olen k\u00f5rgharidusega laulu-ja-klaveri \u00f5petaja. Tegelen nii lastega, kui ka t\u00e4iskasvanutega. [&hellip;]","og_url":"https:\/\/lapsilopsi.ee\/et\/lastehoid\/","og_site_name":"LapsiLopsi","article_modified_time":"2023-11-30T16:36:26+00:00","og_image":[{"url":"https:\/\/lapsilopsi.ee\/wp-content\/uploads\/2021\/07\/20210713_143458-150x150.jpg","type":"","width":"","height":""}],"twitter_card":"summary_large_image","twitter_misc":{"Est. reading time":"2 minutit"},"schema":{"@context":"https:\/\/schema.org","@graph":[{"@type":"WebPage","@id":"https:\/\/lapsilopsi.ee\/et\/lastehoid\/","url":"https:\/\/lapsilopsi.ee\/et\/lastehoid\/","name":"Lastehoid - LapsiLopsi","isPartOf":{"@id":"https:\/\/lapsilopsi.ee\/et\/#website"},"primaryImageOfPage":{"@id":"https:\/\/lapsilopsi.ee\/et\/lastehoid\/#primaryimage"},"image":{"@id":"https:\/\/lapsilopsi.ee\/et\/lastehoid\/#primaryimage"},"thumbnailUrl":"https:\/\/lapsilopsi.ee\/wp-content\/uploads\/2024\/10\/DSC_7137-scaled.jpg","datePublished":"2021-08-03T08:46:35+00:00","dateModified":"2023-11-30T16:36:26+00:00","breadcrumb":{"@id":"https:\/\/lapsilopsi.ee\/et\/lastehoid\/#breadcrumb"},"inLanguage":"et","potentialAction":[{"@type":"ReadAction","target":["https:\/\/lapsilopsi.ee\/et\/lastehoid\/"]}]},{"@type":"ImageObject","inLanguage":"et","@id":"https:\/\/lapsilopsi.ee\/et\/lastehoid\/#primaryimage","url":"https:\/\/lapsilopsi.ee\/wp-content\/uploads\/2024\/10\/DSC_7137-scaled.jpg","contentUrl":"https:\/\/lapsilopsi.ee\/wp-content\/uploads\/2024\/10\/DSC_7137-scaled.jpg","width":1709,"height":2560},{"@type":"BreadcrumbList","@id":"https:\/\/lapsilopsi.ee\/et\/lastehoid\/#breadcrumb","itemListElement":[{"@type":"ListItem","position":1,"name":"Home","item":"https:\/\/lapsilopsi.ee\/et\/"},{"@type":"ListItem","position":2,"name":"Lastehoid"}]},{"@type":"WebSite","@id":"https:\/\/lapsilopsi.ee\/et\/#website","url":"https:\/\/lapsilopsi.ee\/et\/","name":"LapsiLopsi","description":"Puhkame k\u00f5ik koos!","publisher":{"@id":"https:\/\/lapsilopsi.ee\/et\/#organization"},"potentialAction":[{"@type":"SearchAction","target":{"@type":"EntryPoint","urlTemplate":"https:\/\/lapsilopsi.ee\/et\/?s={search_term_string}"},"query-input":{"@type":"PropertyValueSpecification","valueRequired":true,"valueName":"search_term_string"}}],"inLanguage":"et"},{"@type":"Organization","@id":"https:\/\/lapsilopsi.ee\/et\/#organization","name":"LapsiLopsi","url":"https:\/\/lapsilopsi.ee\/et\/","logo":{"@type":"ImageObject","inLanguage":"et","@id":"https:\/\/lapsilopsi.ee\/et\/#\/schema\/logo\/image\/","url":"https:\/\/lapsilopsi.ee\/wp-content\/uploads\/2022\/10\/lapsi-lapsi.jpg","contentUrl":"https:\/\/lapsilopsi.ee\/wp-content\/uploads\/2022\/10\/lapsi-lapsi.jpg","width":699,"height":181,"caption":"LapsiLopsi"},"image":{"@id":"https:\/\/lapsilopsi.ee\/et\/#\/schema\/logo\/image\/"}}]}},"jetpack_sharing_enabled":true,"jetpack_shortlink":"https:\/\/wp.me\/PafPRj-1eq","_links":{"self":[{"href":"https:\/\/lapsilopsi.ee\/et\/wp-json\/wp\/v2\/pages\/4738","targetHints":{"allow":["GET"]}}],"collection":[{"href":"https:\/\/lapsilopsi.ee\/et\/wp-json\/wp\/v2\/pages"}],"about":[{"href":"https:\/\/lapsilopsi.ee\/et\/wp-json\/wp\/v2\/types\/page"}],"author":[{"embeddable":true,"href":"https:\/\/lapsilopsi.ee\/et\/wp-json\/wp\/v2\/users\/2"}],"replies":[{"embeddable":true,"href":"https:\/\/lapsilopsi.ee\/et\/wp-json\/wp\/v2\/comments?post=4738"}],"version-history":[{"count":3,"href":"https:\/\/lapsilopsi.ee\/et\/wp-json\/wp\/v2\/pages\/4738\/revisions"}],"predecessor-version":[{"id":11117,"href":"https:\/\/lapsilopsi.ee\/et\/wp-json\/wp\/v2\/pages\/4738\/revisions\/11117"}],"wp:featuredmedia":[{"embeddable":true,"href":"https:\/\/lapsilopsi.ee\/et\/wp-json\/wp\/v2\/media\/12889"}],"wp:attachment":[{"href":"https:\/\/lapsilopsi.ee\/et\/wp-json\/wp\/v2\/media?parent=4738"}],"curies":[{"name":"wp","href":"https:\/\/api.w.org\/{rel}","templated":true}]}}