{"id":402,"date":"2018-09-24T19:10:21","date_gmt":"2018-09-24T16:10:21","guid":{"rendered":"http:\/\/lapsilopsi.ee\/terms\/"},"modified":"2025-03-11T13:06:49","modified_gmt":"2025-03-11T10:06:49","slug":"terms","status":"publish","type":"page","link":"https:\/\/lapsilopsi.ee\/et\/terms\/","title":{"rendered":"Broneerimistingimused"},"content":{"rendered":"&#13;\n<p>Kui broneering tehakse internetis meie kodulehel, tuleb ettemaksu teha kohe, makstes meie s\u00fcsteemis toetatud pankade kaudu (SWEDBANK, SEB, LHV, NORDEA, COOP) Makseteenuseid pakub Maksekeskus AS.<\/p>&#13;&#13;\n<p>Broneeringu tegemiseks peate sisestama oma eesnime, perekonnanime, e-posti aadressi ja telefoninumbri. Isikuandmeid hoitakse turvaliselt meie serveris ja neid ei avaldata kolmandatele isikutele v\u00f5i organisatsioonidele.<\/p>&#13;&#13;\n<p>Tasumata broneeringud t\u00fchistatakse automaatselt \u00fche tunni jooksul.<\/p>&#13;&#13;\n<p>K\u00f5ik hinnad veebilehel on esitatud eurodes (\u20ac) koos m\u00fc\u00fcgimaksuga.<\/p>&#13;&#13;\n<p>Puhkuse m\u00e4ngutoa broneerimiseks on vajalik ettemaks, ettemaksu suurus on 65 eurot.<\/p>&#13;&#13;\n<p>Kui teie puhkus t\u00fchistatakse omal algatusel, siis ettemaksu ei tagastata. V\u00f5imalik on puhkuse kuup\u00e4eva 1 kord vabale ajale nihutada v\u00f5i avada krediidikonto ja kasutada neid 65 eurot aasta jooksul pitsarestoranis ja lastekohvikus.<\/p>&#13;&#13;\n<p>Muude teenuste ostmisel (andmed, mitte s\u00fcnnip\u00e4evad) on vajalik 100% ettemaks.<\/p>&#13;&#13;\n<p>\u00dcrituse t\u00fchistamise korral (meie s\u00fc\u00fcl) tagastatakse ettemaks.<\/p>&#13;&#13;\n<p>Kui te j\u00e4\u00e4te meie \u00fcritusest mingil p\u00f5hjusel ilma &#8211; ettemaksu ei tagastata. <em>VMS 53, punkt 3 alapunkt 2: &#8220;Vastavalt v\u00f5la\u00f5igusseadusele ei ole kliendi ja tarbija vahel s\u00f5lmitud lepingute t\u00fchistamine lubatud, kuna lepingus on s\u00e4testatud teenuse osutamine teatud kuup\u00e4eval&#8221;. <\/em> <\/p>&#13;&#13;\n<p>KUIDAS BRONEERIDA TUBA?<\/p>&#13;&#13;\n<p>1. Vajutage men\u00fc\u00fcs Book<\/p>&#13;&#13;\n<p>2. Valige kalendris kuu p\u00e4ev ja kellaaeg, mida soovite kasutada.<\/p>&#13;&#13;\n<p>3. P\u00e4rast seda ilmub korviaken, kus n\u00e4ete teavet puhkuse alguse ja l\u00f5pu kohta. J\u00e4rgmisel lehel peate sisestama oma ja lapse andmed, valima puhkusepaketi ja kirjutama kommentaarid tellimusele. M\u00e4rkige ruut, millega kinnitate oma n\u00f5usolekut reeglitega, ja valige soovitud pank. Kui k\u00f5ik v\u00e4ljad on t\u00e4idetud, kl\u00f5psake nuppu &#8220;Maksa&#8221;.<\/p>&#13;&#13;\n<p>4. Avaneb Maksekeskus ASi aken, kus tuleb sisestada oma andmed, valida pank ja maksta.<\/p>&#13;&#13;\n<p>P\u00e4rast pangas maksmist kl\u00f5psake lingil &#8220;Tagasi m\u00fc\u00fcjale&#8221;.<\/p>&#13;&#13;\n<p>Kalendris n\u00e4ete, et see aeg on suletud ja seda ei saa enam valida. Saate automaatse e-kirja oma broneeringu \u00fcksikasjadega.<\/p>&#13;","protected":false},"excerpt":{"rendered":"<p>&#13; Kui broneering tehakse internetis meie kodulehel, tuleb ettemaksu teha kohe, makstes meie s\u00fcsteemis toetatud pankade kaudu (SWEDBANK, SEB, LHV, NORDEA, COOP) Makseteenuseid pakub Maksekeskus AS. &#13;&#13; Broneeringu tegemiseks peate sisestama oma eesnime, perekonnanime, e-posti aadressi ja telefoninumbri. Isikuandmeid hoitakse turvaliselt meie serveris ja neid ei avaldata kolmandatele isikutele v\u00f5i organisatsioonidele. &#13;&#13; Tasumata broneeringud t\u00fchistatakse [&hellip;]<\/p>\n","protected":false},"author":2,"featured_media":0,"parent":0,"menu_order":0,"comment_status":"closed","ping_status":"closed","template":"","meta":{"_acf_changed":false,"jetpack_post_was_ever_published":false,"footnotes":""},"class_list":["post-402","page","type-page","status-publish","hentry"],"acf":[],"yoast_head":"<!-- This site is optimized with the Yoast SEO plugin v24.6 - https:\/\/yoast.com\/wordpress\/plugins\/seo\/ -->\n<title>Broneerimistingimused - LapsiLopsi<\/title>\n<meta name=\"description\" content=\"Lastekohviku broneerimiseks on vajalik 60 euro suurune ettemaks. Teil on v\u00f5imalus puhkust \u00fcks kord vabaks ajaks \u00fcmber planeerida v\u00f5i avada krediidikonto ja kasutada neid 60 eurot aasta jooksul pitsarestoranis ja lastekohvikus. Kui ostate muid teenuseid (andmed ei ole s\u00fcnnip\u00e4evad), 100% ettemaksu Juhul, kui \u00fcrituse t\u00fchistamine (meie p\u00f5hjusel), ettemaksu tagastatakse. Kui te j\u00e4\u00e4te meie \u00fcritusest mingil p\u00f5hjusel ilma - ettemaksu ei tagastata. VMS 53, \u00a7 3 lg 2: &quot;V\u00f5la\u00f5igusseaduse kohaselt ei ole kliendi ja tarbija vahel s\u00f5lmitud lepingute \u00fcles\u00fctlemine lubatud, kuna lepingus on s\u00e4testatud teenuse osutamine teatud kuup\u00e4eval.&quot;\" \/>\n<meta name=\"robots\" content=\"index, follow, max-snippet:-1, max-image-preview:large, max-video-preview:-1\" \/>\n<link rel=\"canonical\" href=\"https:\/\/lapsilopsi.ee\/et\/terms\/\" \/>\n<meta property=\"og:locale\" content=\"et_EE\" \/>\n<meta property=\"og:type\" content=\"article\" \/>\n<meta property=\"og:title\" content=\"Broneerimistingimused - LapsiLopsi\" \/>\n<meta property=\"og:description\" content=\"Lastekohviku broneerimiseks on vajalik 60 euro suurune ettemaks. Teil on v\u00f5imalus puhkust \u00fcks kord vabaks ajaks \u00fcmber planeerida v\u00f5i avada krediidikonto ja kasutada neid 60 eurot aasta jooksul pitsarestoranis ja lastekohvikus. Kui ostate muid teenuseid (andmed ei ole s\u00fcnnip\u00e4evad), 100% ettemaksu Juhul, kui \u00fcrituse t\u00fchistamine (meie p\u00f5hjusel), ettemaksu tagastatakse. Kui te j\u00e4\u00e4te meie \u00fcritusest mingil p\u00f5hjusel ilma - ettemaksu ei tagastata. VMS 53, \u00a7 3 lg 2: &quot;V\u00f5la\u00f5igusseaduse kohaselt ei ole kliendi ja tarbija vahel s\u00f5lmitud lepingute \u00fcles\u00fctlemine lubatud, kuna lepingus on s\u00e4testatud teenuse osutamine teatud kuup\u00e4eval.&quot;\" \/>\n<meta property=\"og:url\" content=\"https:\/\/lapsilopsi.ee\/et\/terms\/\" \/>\n<meta property=\"og:site_name\" content=\"LapsiLopsi\" \/>\n<meta property=\"article:modified_time\" content=\"2025-03-11T10:06:49+00:00\" \/>\n<meta name=\"twitter:card\" content=\"summary_large_image\" \/>\n<meta name=\"twitter:label1\" content=\"Est. reading time\" \/>\n\t<meta name=\"twitter:data1\" content=\"1 minut\" \/>\n<script type=\"application\/ld+json\" class=\"yoast-schema-graph\">{\"@context\":\"https:\/\/schema.org\",\"@graph\":[{\"@type\":\"WebPage\",\"@id\":\"https:\/\/lapsilopsi.ee\/et\/terms\/\",\"url\":\"https:\/\/lapsilopsi.ee\/et\/terms\/\",\"name\":\"Broneerimistingimused - LapsiLopsi\",\"isPartOf\":{\"@id\":\"https:\/\/lapsilopsi.ee\/et\/#website\"},\"datePublished\":\"2018-09-24T16:10:21+00:00\",\"dateModified\":\"2025-03-11T10:06:49+00:00\",\"description\":\"Lastekohviku broneerimiseks on vajalik 60 euro suurune ettemaks. Teil on v\u00f5imalus puhkust \u00fcks kord vabaks ajaks \u00fcmber planeerida v\u00f5i avada krediidikonto ja kasutada neid 60 eurot aasta jooksul pitsarestoranis ja lastekohvikus. Kui ostate muid teenuseid (andmed ei ole s\u00fcnnip\u00e4evad), 100% ettemaksu Juhul, kui \u00fcrituse t\u00fchistamine (meie p\u00f5hjusel), ettemaksu tagastatakse. Kui te j\u00e4\u00e4te meie \u00fcritusest mingil p\u00f5hjusel ilma - ettemaksu ei tagastata. VMS 53, \u00a7 3 lg 2: \\\"V\u00f5la\u00f5igusseaduse kohaselt ei ole kliendi ja tarbija vahel s\u00f5lmitud lepingute \u00fcles\u00fctlemine lubatud, kuna lepingus on s\u00e4testatud teenuse osutamine teatud kuup\u00e4eval.\\\"\",\"breadcrumb\":{\"@id\":\"https:\/\/lapsilopsi.ee\/et\/terms\/#breadcrumb\"},\"inLanguage\":\"et\",\"potentialAction\":[{\"@type\":\"ReadAction\",\"target\":[\"https:\/\/lapsilopsi.ee\/et\/terms\/\"]}]},{\"@type\":\"BreadcrumbList\",\"@id\":\"https:\/\/lapsilopsi.ee\/et\/terms\/#breadcrumb\",\"itemListElement\":[{\"@type\":\"ListItem\",\"position\":1,\"name\":\"Home\",\"item\":\"https:\/\/lapsilopsi.ee\/et\/\"},{\"@type\":\"ListItem\",\"position\":2,\"name\":\"Broneerimistingimused\"}]},{\"@type\":\"WebSite\",\"@id\":\"https:\/\/lapsilopsi.ee\/et\/#website\",\"url\":\"https:\/\/lapsilopsi.ee\/et\/\",\"name\":\"LapsiLopsi\",\"description\":\"Puhkame k\u00f5ik koos!\",\"publisher\":{\"@id\":\"https:\/\/lapsilopsi.ee\/et\/#organization\"},\"potentialAction\":[{\"@type\":\"SearchAction\",\"target\":{\"@type\":\"EntryPoint\",\"urlTemplate\":\"https:\/\/lapsilopsi.ee\/et\/?s={search_term_string}\"},\"query-input\":{\"@type\":\"PropertyValueSpecification\",\"valueRequired\":true,\"valueName\":\"search_term_string\"}}],\"inLanguage\":\"et\"},{\"@type\":\"Organization\",\"@id\":\"https:\/\/lapsilopsi.ee\/et\/#organization\",\"name\":\"LapsiLopsi\",\"url\":\"https:\/\/lapsilopsi.ee\/et\/\",\"logo\":{\"@type\":\"ImageObject\",\"inLanguage\":\"et\",\"@id\":\"https:\/\/lapsilopsi.ee\/et\/#\/schema\/logo\/image\/\",\"url\":\"https:\/\/lapsilopsi.ee\/wp-content\/uploads\/2022\/10\/lapsi-lapsi.jpg\",\"contentUrl\":\"https:\/\/lapsilopsi.ee\/wp-content\/uploads\/2022\/10\/lapsi-lapsi.jpg\",\"width\":699,\"height\":181,\"caption\":\"LapsiLopsi\"},\"image\":{\"@id\":\"https:\/\/lapsilopsi.ee\/et\/#\/schema\/logo\/image\/\"}}]}<\/script>\n<!-- \/ Yoast SEO plugin. -->","yoast_head_json":{"title":"Broneerimistingimused - LapsiLopsi","description":"Lastekohviku broneerimiseks on vajalik 60 euro suurune ettemaks. Teil on v\u00f5imalus puhkust \u00fcks kord vabaks ajaks \u00fcmber planeerida v\u00f5i avada krediidikonto ja kasutada neid 60 eurot aasta jooksul pitsarestoranis ja lastekohvikus. Kui ostate muid teenuseid (andmed ei ole s\u00fcnnip\u00e4evad), 100% ettemaksu Juhul, kui \u00fcrituse t\u00fchistamine (meie p\u00f5hjusel), ettemaksu tagastatakse. Kui te j\u00e4\u00e4te meie \u00fcritusest mingil p\u00f5hjusel ilma - ettemaksu ei tagastata. VMS 53, \u00a7 3 lg 2: \"V\u00f5la\u00f5igusseaduse kohaselt ei ole kliendi ja tarbija vahel s\u00f5lmitud lepingute \u00fcles\u00fctlemine lubatud, kuna lepingus on s\u00e4testatud teenuse osutamine teatud kuup\u00e4eval.\"","robots":{"index":"index","follow":"follow","max-snippet":"max-snippet:-1","max-image-preview":"max-image-preview:large","max-video-preview":"max-video-preview:-1"},"canonical":"https:\/\/lapsilopsi.ee\/et\/terms\/","og_locale":"et_EE","og_type":"article","og_title":"Broneerimistingimused - LapsiLopsi","og_description":"Lastekohviku broneerimiseks on vajalik 60 euro suurune ettemaks. Teil on v\u00f5imalus puhkust \u00fcks kord vabaks ajaks \u00fcmber planeerida v\u00f5i avada krediidikonto ja kasutada neid 60 eurot aasta jooksul pitsarestoranis ja lastekohvikus. Kui ostate muid teenuseid (andmed ei ole s\u00fcnnip\u00e4evad), 100% ettemaksu Juhul, kui \u00fcrituse t\u00fchistamine (meie p\u00f5hjusel), ettemaksu tagastatakse. Kui te j\u00e4\u00e4te meie \u00fcritusest mingil p\u00f5hjusel ilma - ettemaksu ei tagastata. VMS 53, \u00a7 3 lg 2: \"V\u00f5la\u00f5igusseaduse kohaselt ei ole kliendi ja tarbija vahel s\u00f5lmitud lepingute \u00fcles\u00fctlemine lubatud, kuna lepingus on s\u00e4testatud teenuse osutamine teatud kuup\u00e4eval.\"","og_url":"https:\/\/lapsilopsi.ee\/et\/terms\/","og_site_name":"LapsiLopsi","article_modified_time":"2025-03-11T10:06:49+00:00","twitter_card":"summary_large_image","twitter_misc":{"Est. reading time":"1 minut"},"schema":{"@context":"https:\/\/schema.org","@graph":[{"@type":"WebPage","@id":"https:\/\/lapsilopsi.ee\/et\/terms\/","url":"https:\/\/lapsilopsi.ee\/et\/terms\/","name":"Broneerimistingimused - LapsiLopsi","isPartOf":{"@id":"https:\/\/lapsilopsi.ee\/et\/#website"},"datePublished":"2018-09-24T16:10:21+00:00","dateModified":"2025-03-11T10:06:49+00:00","description":"Lastekohviku broneerimiseks on vajalik 60 euro suurune ettemaks. Teil on v\u00f5imalus puhkust \u00fcks kord vabaks ajaks \u00fcmber planeerida v\u00f5i avada krediidikonto ja kasutada neid 60 eurot aasta jooksul pitsarestoranis ja lastekohvikus. Kui ostate muid teenuseid (andmed ei ole s\u00fcnnip\u00e4evad), 100% ettemaksu Juhul, kui \u00fcrituse t\u00fchistamine (meie p\u00f5hjusel), ettemaksu tagastatakse. Kui te j\u00e4\u00e4te meie \u00fcritusest mingil p\u00f5hjusel ilma - ettemaksu ei tagastata. VMS 53, \u00a7 3 lg 2: \"V\u00f5la\u00f5igusseaduse kohaselt ei ole kliendi ja tarbija vahel s\u00f5lmitud lepingute \u00fcles\u00fctlemine lubatud, kuna lepingus on s\u00e4testatud teenuse osutamine teatud kuup\u00e4eval.\"","breadcrumb":{"@id":"https:\/\/lapsilopsi.ee\/et\/terms\/#breadcrumb"},"inLanguage":"et","potentialAction":[{"@type":"ReadAction","target":["https:\/\/lapsilopsi.ee\/et\/terms\/"]}]},{"@type":"BreadcrumbList","@id":"https:\/\/lapsilopsi.ee\/et\/terms\/#breadcrumb","itemListElement":[{"@type":"ListItem","position":1,"name":"Home","item":"https:\/\/lapsilopsi.ee\/et\/"},{"@type":"ListItem","position":2,"name":"Broneerimistingimused"}]},{"@type":"WebSite","@id":"https:\/\/lapsilopsi.ee\/et\/#website","url":"https:\/\/lapsilopsi.ee\/et\/","name":"LapsiLopsi","description":"Puhkame k\u00f5ik koos!","publisher":{"@id":"https:\/\/lapsilopsi.ee\/et\/#organization"},"potentialAction":[{"@type":"SearchAction","target":{"@type":"EntryPoint","urlTemplate":"https:\/\/lapsilopsi.ee\/et\/?s={search_term_string}"},"query-input":{"@type":"PropertyValueSpecification","valueRequired":true,"valueName":"search_term_string"}}],"inLanguage":"et"},{"@type":"Organization","@id":"https:\/\/lapsilopsi.ee\/et\/#organization","name":"LapsiLopsi","url":"https:\/\/lapsilopsi.ee\/et\/","logo":{"@type":"ImageObject","inLanguage":"et","@id":"https:\/\/lapsilopsi.ee\/et\/#\/schema\/logo\/image\/","url":"https:\/\/lapsilopsi.ee\/wp-content\/uploads\/2022\/10\/lapsi-lapsi.jpg","contentUrl":"https:\/\/lapsilopsi.ee\/wp-content\/uploads\/2022\/10\/lapsi-lapsi.jpg","width":699,"height":181,"caption":"LapsiLopsi"},"image":{"@id":"https:\/\/lapsilopsi.ee\/et\/#\/schema\/logo\/image\/"}}]}},"jetpack_sharing_enabled":true,"jetpack_shortlink":"https:\/\/wp.me\/PafPRj-6u","_links":{"self":[{"href":"https:\/\/lapsilopsi.ee\/et\/wp-json\/wp\/v2\/pages\/402","targetHints":{"allow":["GET"]}}],"collection":[{"href":"https:\/\/lapsilopsi.ee\/et\/wp-json\/wp\/v2\/pages"}],"about":[{"href":"https:\/\/lapsilopsi.ee\/et\/wp-json\/wp\/v2\/types\/page"}],"author":[{"embeddable":true,"href":"https:\/\/lapsilopsi.ee\/et\/wp-json\/wp\/v2\/users\/2"}],"replies":[{"embeddable":true,"href":"https:\/\/lapsilopsi.ee\/et\/wp-json\/wp\/v2\/comments?post=402"}],"version-history":[{"count":9,"href":"https:\/\/lapsilopsi.ee\/et\/wp-json\/wp\/v2\/pages\/402\/revisions"}],"predecessor-version":[{"id":13943,"href":"https:\/\/lapsilopsi.ee\/et\/wp-json\/wp\/v2\/pages\/402\/revisions\/13943"}],"wp:attachment":[{"href":"https:\/\/lapsilopsi.ee\/et\/wp-json\/wp\/v2\/media?parent=402"}],"curies":[{"name":"wp","href":"https:\/\/api.w.org\/{rel}","templated":true}]}}