{"id":3999,"date":"2021-02-15T12:10:55","date_gmt":"2021-02-15T09:10:55","guid":{"rendered":"https:\/\/lapsilopsi.ee\/vaike-pizzameister-tootuba\/"},"modified":"2023-11-24T23:14:50","modified_gmt":"2023-11-24T20:14:50","slug":"vaike-pizzameister-tootuba","status":"publish","type":"page","link":"https:\/\/lapsilopsi.ee\/et\/vaike-pizzameister-tootuba\/","title":{"rendered":"\u201cV\u00e4ike pizzameister\u201d"},"content":{"rendered":"<h2 class=\"wp-block-heading\">\u00a0<\/h2><p>Lapsed ise saavad valmistada endale v\u00e4ike \u00f5huke pizza kahe lisandiga nende valikul. See \u00fcritus saab korraldada ainult kell 10.00. Pizzameister \u00f5petab kuidas rullitakse pizzap\u00f5hi, kuidas ja missugune kaste on vaja panna. Ise ka lapsed panevad juustu ja nende valitud lisandid. Pizzameister n\u00e4itab kuidas pizza labida peale v\u00f5tta ja \u00f5igesti panna pizzaahjusse. Lapsed ise j\u00e4lgivad millal nende pizza valmis saab. Pizzameister annab teada millal on vaja<span style=\"font-size: 16px;\">ahjust v\u00f5tta. <img loading=\"lazy\" decoding=\"async\" class=\" wp-image-346 alignright\" src=\"https:\/\/lapsilopsi.ee\/wp-content\/uploads\/2019\/01\/DSC00441-200x300.jpg\" alt=\"\" width=\"333\" height=\"500\" srcset=\"https:\/\/lapsilopsi.ee\/wp-content\/uploads\/2019\/01\/DSC00441-200x300.jpg 200w, https:\/\/lapsilopsi.ee\/wp-content\/uploads\/2019\/01\/DSC00441-768x1152.jpg 768w, https:\/\/lapsilopsi.ee\/wp-content\/uploads\/2019\/01\/DSC00441-683x1024.jpg 683w, https:\/\/lapsilopsi.ee\/wp-content\/uploads\/2019\/01\/DSC00441-666x999.jpg 666w, https:\/\/lapsilopsi.ee\/wp-content\/uploads\/2019\/01\/DSC00441-600x900.jpg 600w, https:\/\/lapsilopsi.ee\/wp-content\/uploads\/2019\/01\/DSC00441.jpg 1280w\" sizes=\"auto, (max-width: 333px) 100vw, 333px\" \/>Lapsed ise v\u00f5tavad oma pizza ahjust v\u00e4lja ja panevad taldriku peale. Ise proovivad ka pizzanoaga l\u00f5igata. Kui pizza on valmis, l\u00e4heb laps laua taha, <\/span>et oma k\u00e4etega valmistatud pizza degusteerida.<\/p><p>Hind on 15 euro 1 inimese eest. Hinna sees on 1 k\u00f5rrejook. Minimaalne vanus on 7a.<\/p><p><strong>Minimaalne inimeste arve on 6 inimest. <\/strong><\/p><p>Lisa info 56687818<\/p><p>Kirjuta <a href=\"https:\/\/lapsilopsi.ee\/et\/kontakt\/\">meile<\/a><\/p><p>&nbsp;<\/p><p>&nbsp;<\/p>\r\n<p><div class=\"jetpack-video-wrapper\"><iframe loading=\"lazy\" title=\"MK v\u00e4ike pizzameister\" width=\"842\" height=\"474\" src=\"https:\/\/www.youtube.com\/embed\/WJsEcaoJqEg?feature=oembed\" frameborder=\"0\" allow=\"accelerometer; autoplay; clipboard-write; encrypted-media; gyroscope; picture-in-picture; web-share\" referrerpolicy=\"strict-origin-when-cross-origin\" allowfullscreen><\/iframe><\/div><\/p>","protected":false},"excerpt":{"rendered":"<p>\u00a0 Lapsed ise saavad valmistada endale v\u00e4ike \u00f5huke pizza kahe lisandiga nende valikul. See \u00fcritus saab korraldada ainult kell 10.00. Pizzameister \u00f5petab kuidas rullitakse pizzap\u00f5hi, kuidas ja missugune kaste on vaja panna. Ise ka lapsed panevad juustu ja nende valitud lisandid. Pizzameister n\u00e4itab kuidas pizza labida peale v\u00f5tta ja \u00f5igesti panna pizzaahjusse. Lapsed ise j\u00e4lgivad [&hellip;]<\/p>\n","protected":false},"author":2,"featured_media":0,"parent":0,"menu_order":0,"comment_status":"closed","ping_status":"closed","template":"","meta":{"_acf_changed":false,"jetpack_post_was_ever_published":false,"footnotes":""},"class_list":["post-3999","page","type-page","status-publish","hentry"],"acf":[],"yoast_head":"<!-- This site is optimized with the Yoast SEO plugin v24.6 - https:\/\/yoast.com\/wordpress\/plugins\/seo\/ -->\n<title>\u201cV\u00e4ike pizzameister\u201d - LapsiLopsi<\/title>\n<meta name=\"robots\" content=\"index, follow, max-snippet:-1, max-image-preview:large, max-video-preview:-1\" \/>\n<link rel=\"canonical\" href=\"https:\/\/lapsilopsi.ee\/et\/vaike-pizzameister-tootuba\/\" \/>\n<meta property=\"og:locale\" content=\"et_EE\" \/>\n<meta property=\"og:type\" content=\"article\" \/>\n<meta property=\"og:title\" content=\"\u201cV\u00e4ike pizzameister\u201d - LapsiLopsi\" \/>\n<meta property=\"og:description\" content=\"\u00a0 Lapsed ise saavad valmistada endale v\u00e4ike \u00f5huke pizza kahe lisandiga nende valikul. See \u00fcritus saab korraldada ainult kell 10.00. Pizzameister \u00f5petab kuidas rullitakse pizzap\u00f5hi, kuidas ja missugune kaste on vaja panna. Ise ka lapsed panevad juustu ja nende valitud lisandid. Pizzameister n\u00e4itab kuidas pizza labida peale v\u00f5tta ja \u00f5igesti panna pizzaahjusse. Lapsed ise j\u00e4lgivad [&hellip;]\" \/>\n<meta property=\"og:url\" content=\"https:\/\/lapsilopsi.ee\/et\/vaike-pizzameister-tootuba\/\" \/>\n<meta property=\"og:site_name\" content=\"LapsiLopsi\" \/>\n<meta property=\"article:modified_time\" content=\"2023-11-24T20:14:50+00:00\" \/>\n<meta property=\"og:image\" content=\"https:\/\/lapsilopsi.ee\/wp-content\/uploads\/2019\/01\/DSC00441-200x300.jpg\" \/>\n<meta name=\"twitter:card\" content=\"summary_large_image\" \/>\n<meta name=\"twitter:label1\" content=\"Est. reading time\" \/>\n\t<meta name=\"twitter:data1\" content=\"1 minut\" \/>\n<script type=\"application\/ld+json\" class=\"yoast-schema-graph\">{\"@context\":\"https:\/\/schema.org\",\"@graph\":[{\"@type\":\"WebPage\",\"@id\":\"https:\/\/lapsilopsi.ee\/et\/vaike-pizzameister-tootuba\/\",\"url\":\"https:\/\/lapsilopsi.ee\/et\/vaike-pizzameister-tootuba\/\",\"name\":\"\u201cV\u00e4ike pizzameister\u201d - LapsiLopsi\",\"isPartOf\":{\"@id\":\"https:\/\/lapsilopsi.ee\/et\/#website\"},\"primaryImageOfPage\":{\"@id\":\"https:\/\/lapsilopsi.ee\/et\/vaike-pizzameister-tootuba\/#primaryimage\"},\"image\":{\"@id\":\"https:\/\/lapsilopsi.ee\/et\/vaike-pizzameister-tootuba\/#primaryimage\"},\"thumbnailUrl\":\"https:\/\/lapsilopsi.ee\/wp-content\/uploads\/2019\/01\/DSC00441-200x300.jpg\",\"datePublished\":\"2021-02-15T09:10:55+00:00\",\"dateModified\":\"2023-11-24T20:14:50+00:00\",\"breadcrumb\":{\"@id\":\"https:\/\/lapsilopsi.ee\/et\/vaike-pizzameister-tootuba\/#breadcrumb\"},\"inLanguage\":\"et\",\"potentialAction\":[{\"@type\":\"ReadAction\",\"target\":[\"https:\/\/lapsilopsi.ee\/et\/vaike-pizzameister-tootuba\/\"]}]},{\"@type\":\"ImageObject\",\"inLanguage\":\"et\",\"@id\":\"https:\/\/lapsilopsi.ee\/et\/vaike-pizzameister-tootuba\/#primaryimage\",\"url\":\"https:\/\/lapsilopsi.ee\/wp-content\/uploads\/2019\/01\/DSC00441-200x300.jpg\",\"contentUrl\":\"https:\/\/lapsilopsi.ee\/wp-content\/uploads\/2019\/01\/DSC00441-200x300.jpg\"},{\"@type\":\"BreadcrumbList\",\"@id\":\"https:\/\/lapsilopsi.ee\/et\/vaike-pizzameister-tootuba\/#breadcrumb\",\"itemListElement\":[{\"@type\":\"ListItem\",\"position\":1,\"name\":\"Home\",\"item\":\"https:\/\/lapsilopsi.ee\/et\/\"},{\"@type\":\"ListItem\",\"position\":2,\"name\":\"\u201cV\u00e4ike pizzameister\u201d\"}]},{\"@type\":\"WebSite\",\"@id\":\"https:\/\/lapsilopsi.ee\/et\/#website\",\"url\":\"https:\/\/lapsilopsi.ee\/et\/\",\"name\":\"LapsiLopsi\",\"description\":\"Puhkame k\u00f5ik koos!\",\"publisher\":{\"@id\":\"https:\/\/lapsilopsi.ee\/et\/#organization\"},\"potentialAction\":[{\"@type\":\"SearchAction\",\"target\":{\"@type\":\"EntryPoint\",\"urlTemplate\":\"https:\/\/lapsilopsi.ee\/et\/?s={search_term_string}\"},\"query-input\":{\"@type\":\"PropertyValueSpecification\",\"valueRequired\":true,\"valueName\":\"search_term_string\"}}],\"inLanguage\":\"et\"},{\"@type\":\"Organization\",\"@id\":\"https:\/\/lapsilopsi.ee\/et\/#organization\",\"name\":\"LapsiLopsi\",\"url\":\"https:\/\/lapsilopsi.ee\/et\/\",\"logo\":{\"@type\":\"ImageObject\",\"inLanguage\":\"et\",\"@id\":\"https:\/\/lapsilopsi.ee\/et\/#\/schema\/logo\/image\/\",\"url\":\"https:\/\/lapsilopsi.ee\/wp-content\/uploads\/2022\/10\/lapsi-lapsi.jpg\",\"contentUrl\":\"https:\/\/lapsilopsi.ee\/wp-content\/uploads\/2022\/10\/lapsi-lapsi.jpg\",\"width\":699,\"height\":181,\"caption\":\"LapsiLopsi\"},\"image\":{\"@id\":\"https:\/\/lapsilopsi.ee\/et\/#\/schema\/logo\/image\/\"}}]}<\/script>\n<!-- \/ Yoast SEO plugin. -->","yoast_head_json":{"title":"\u201cV\u00e4ike pizzameister\u201d - LapsiLopsi","robots":{"index":"index","follow":"follow","max-snippet":"max-snippet:-1","max-image-preview":"max-image-preview:large","max-video-preview":"max-video-preview:-1"},"canonical":"https:\/\/lapsilopsi.ee\/et\/vaike-pizzameister-tootuba\/","og_locale":"et_EE","og_type":"article","og_title":"\u201cV\u00e4ike pizzameister\u201d - LapsiLopsi","og_description":"\u00a0 Lapsed ise saavad valmistada endale v\u00e4ike \u00f5huke pizza kahe lisandiga nende valikul. See \u00fcritus saab korraldada ainult kell 10.00. Pizzameister \u00f5petab kuidas rullitakse pizzap\u00f5hi, kuidas ja missugune kaste on vaja panna. Ise ka lapsed panevad juustu ja nende valitud lisandid. Pizzameister n\u00e4itab kuidas pizza labida peale v\u00f5tta ja \u00f5igesti panna pizzaahjusse. Lapsed ise j\u00e4lgivad [&hellip;]","og_url":"https:\/\/lapsilopsi.ee\/et\/vaike-pizzameister-tootuba\/","og_site_name":"LapsiLopsi","article_modified_time":"2023-11-24T20:14:50+00:00","og_image":[{"url":"https:\/\/lapsilopsi.ee\/wp-content\/uploads\/2019\/01\/DSC00441-200x300.jpg","type":"","width":"","height":""}],"twitter_card":"summary_large_image","twitter_misc":{"Est. reading time":"1 minut"},"schema":{"@context":"https:\/\/schema.org","@graph":[{"@type":"WebPage","@id":"https:\/\/lapsilopsi.ee\/et\/vaike-pizzameister-tootuba\/","url":"https:\/\/lapsilopsi.ee\/et\/vaike-pizzameister-tootuba\/","name":"\u201cV\u00e4ike pizzameister\u201d - LapsiLopsi","isPartOf":{"@id":"https:\/\/lapsilopsi.ee\/et\/#website"},"primaryImageOfPage":{"@id":"https:\/\/lapsilopsi.ee\/et\/vaike-pizzameister-tootuba\/#primaryimage"},"image":{"@id":"https:\/\/lapsilopsi.ee\/et\/vaike-pizzameister-tootuba\/#primaryimage"},"thumbnailUrl":"https:\/\/lapsilopsi.ee\/wp-content\/uploads\/2019\/01\/DSC00441-200x300.jpg","datePublished":"2021-02-15T09:10:55+00:00","dateModified":"2023-11-24T20:14:50+00:00","breadcrumb":{"@id":"https:\/\/lapsilopsi.ee\/et\/vaike-pizzameister-tootuba\/#breadcrumb"},"inLanguage":"et","potentialAction":[{"@type":"ReadAction","target":["https:\/\/lapsilopsi.ee\/et\/vaike-pizzameister-tootuba\/"]}]},{"@type":"ImageObject","inLanguage":"et","@id":"https:\/\/lapsilopsi.ee\/et\/vaike-pizzameister-tootuba\/#primaryimage","url":"https:\/\/lapsilopsi.ee\/wp-content\/uploads\/2019\/01\/DSC00441-200x300.jpg","contentUrl":"https:\/\/lapsilopsi.ee\/wp-content\/uploads\/2019\/01\/DSC00441-200x300.jpg"},{"@type":"BreadcrumbList","@id":"https:\/\/lapsilopsi.ee\/et\/vaike-pizzameister-tootuba\/#breadcrumb","itemListElement":[{"@type":"ListItem","position":1,"name":"Home","item":"https:\/\/lapsilopsi.ee\/et\/"},{"@type":"ListItem","position":2,"name":"\u201cV\u00e4ike pizzameister\u201d"}]},{"@type":"WebSite","@id":"https:\/\/lapsilopsi.ee\/et\/#website","url":"https:\/\/lapsilopsi.ee\/et\/","name":"LapsiLopsi","description":"Puhkame k\u00f5ik koos!","publisher":{"@id":"https:\/\/lapsilopsi.ee\/et\/#organization"},"potentialAction":[{"@type":"SearchAction","target":{"@type":"EntryPoint","urlTemplate":"https:\/\/lapsilopsi.ee\/et\/?s={search_term_string}"},"query-input":{"@type":"PropertyValueSpecification","valueRequired":true,"valueName":"search_term_string"}}],"inLanguage":"et"},{"@type":"Organization","@id":"https:\/\/lapsilopsi.ee\/et\/#organization","name":"LapsiLopsi","url":"https:\/\/lapsilopsi.ee\/et\/","logo":{"@type":"ImageObject","inLanguage":"et","@id":"https:\/\/lapsilopsi.ee\/et\/#\/schema\/logo\/image\/","url":"https:\/\/lapsilopsi.ee\/wp-content\/uploads\/2022\/10\/lapsi-lapsi.jpg","contentUrl":"https:\/\/lapsilopsi.ee\/wp-content\/uploads\/2022\/10\/lapsi-lapsi.jpg","width":699,"height":181,"caption":"LapsiLopsi"},"image":{"@id":"https:\/\/lapsilopsi.ee\/et\/#\/schema\/logo\/image\/"}}]}},"jetpack_sharing_enabled":true,"jetpack_shortlink":"https:\/\/wp.me\/PafPRj-12v","_links":{"self":[{"href":"https:\/\/lapsilopsi.ee\/et\/wp-json\/wp\/v2\/pages\/3999","targetHints":{"allow":["GET"]}}],"collection":[{"href":"https:\/\/lapsilopsi.ee\/et\/wp-json\/wp\/v2\/pages"}],"about":[{"href":"https:\/\/lapsilopsi.ee\/et\/wp-json\/wp\/v2\/types\/page"}],"author":[{"embeddable":true,"href":"https:\/\/lapsilopsi.ee\/et\/wp-json\/wp\/v2\/users\/2"}],"replies":[{"embeddable":true,"href":"https:\/\/lapsilopsi.ee\/et\/wp-json\/wp\/v2\/comments?post=3999"}],"version-history":[{"count":5,"href":"https:\/\/lapsilopsi.ee\/et\/wp-json\/wp\/v2\/pages\/3999\/revisions"}],"predecessor-version":[{"id":11082,"href":"https:\/\/lapsilopsi.ee\/et\/wp-json\/wp\/v2\/pages\/3999\/revisions\/11082"}],"wp:attachment":[{"href":"https:\/\/lapsilopsi.ee\/et\/wp-json\/wp\/v2\/media?parent=3999"}],"curies":[{"name":"wp","href":"https:\/\/api.w.org\/{rel}","templated":true}]}}