{"id":275,"date":"2018-11-26T16:29:42","date_gmt":"2018-11-26T13:29:42","guid":{"rendered":"http:\/\/lapsilopsi.ee\/poliitika\/"},"modified":"2023-11-20T19:23:18","modified_gmt":"2023-11-20T16:23:18","slug":"poliitika","status":"publish","type":"page","link":"https:\/\/lapsilopsi.ee\/et\/poliitika\/","title":{"rendered":"Privaatsuspoliitika"},"content":{"rendered":"<h2>Kes me oleme<\/h2>\n<p>Meie veebilehe aadress on http:\/\/lapsilopsi.ee.<\/p>\n<div class=\"theme-page\" aria-hidden=\"false\">\n<div class=\"theme-page-content theme-clear-fix theme-main \">\n<div id=\"pb_line_76DACB3326F273B3187081F20B7AA643\" class=\"pb-line pb-clear-fix\">\n<ul class=\"pb-layout pb-layout-100 pb-reset-list pb-clear-fix pb-main\">\n<li class=\"pb-layout-column-left\">\n<div>\n<h3 class=\"pb-header\"><span class=\"pb-header-content\">Privaatsuspoliitika<\/span><\/h3>\n<div class=\"pb-space-line\"><\/div>\n<div class=\"pb-space pb-clear-fix\"><\/div>\n<div id=\"pb_list_7D4D89E75A75544ADF5F23D67141CB65\" class=\"pb-list pb-list-icon-type-gr\">\n<p><strong><span title=\"\">Milliseid isikuandmeid ettev\u00f5te kogub?<\/span><\/strong><\/p>\n<p><span title=\"\">MyKasta O\u00dc v\u00f5ib teenuse paremaks osutamiseks koguda isikuandmeid, sealhulgas, kuid mitte ainult, teie nime, e-posti aadressi, telefoninumbrit, eelistatud keelt, otseturunduse v\u00f5imalusi ja tehnilisi andmeid, mida digitaalsed seadmed (nt,<\/span> <span title=\"\">k\u00fcpsised ja muud sarnased tehnoloogiad).  <\/span> <span title=\"\">MyKasta O\u00dc<\/span><span class=\"\" title=\"\">  v\u00f5ib t\u00f6\u00f6delda ka muid vajalikke isikuandmeid klienditeeninduse parimaks otstarbeks vastavalt teie eelneva teadmise eesm\u00e4rkidele, v\u00f5imekusele ja meetodile.  <span title=\"\">MyKasta O\u00dc<\/span><\/span><span class=\"\" title=\"\">  on \u00f5igus keelduda kaupade \u00fcleandmisest v\u00f5i teenuste osutamisest, kui teenust ei ole v\u00f5imalik osutada ilma isikuandmeid t\u00f6\u00f6tlemata.<\/span><\/p>\n<p><strong><span class=\"\" title=\"\">Kuidas ettev\u00f5te kogub isikuandmeid?<\/span><\/strong><\/p>\n<p><span title=\"\">MyKasta O\u00dc ettev\u00f5tted koguvad teie isikuandmeid teie n\u00f5usolekul kliendisuhte alguses ning siis, kui te ostate ja kasutate ettev\u00f5tete tooteid ja teenuseid.<\/span> <span class=\"\" title=\"\">Ettev\u00f5te kogub teie isikuandmeid ainult siis, kui te annate neid andmeid vabatahtlikult.<\/span><\/p>\n<p><strong><span title=\"\">Millistel eesm\u00e4rkidel t\u00f6\u00f6tleb ettev\u00f5te isikuandmeid?<\/span><\/strong><\/p>\n<p><span class=\"\" title=\"\">Ettev\u00f5te t\u00f6\u00f6tleb isikuandmeid j\u00e4rgmistel eesm\u00e4rkidel: kliendisuhete haldamine ja kliendisuhete leping. Kliendisuhete leping. Kliendisuhete arendamine ja anal\u00fc\u00fcsimine. Kliendisuhete arendamine ja anal\u00fc\u00fcsimine. Kliendisuhete arendamine ja anal\u00fc\u00fcsimine. Teenuste ja rajatiste pakkumine. Otseturundus. Juriidiline huvi. Tarbijateenuste juhtimine ja arendamine. Veebisaitide kasutamine ja kasutamise parandamine.<\/span> <span class=\"\" title=\"\">t\u00e4ita isikute ja vara kaitsmise seadusest tulenevaid kohustusi.<\/span><\/p>\n<p><strong><span title=\"\">Kuidas kaitseb ettev\u00f5te teie isikuandmeid?<\/span><\/strong><\/p>\n<p><span class=\"\" title=\"\">Ettev\u00f5te kasutab teie isikuandmete kogumiseks, s\u00e4ilitamiseks ja t\u00f6\u00f6tlemiseks kaasaegseid ja asjakohaseid tehnilisi ja organisatsioonilisi turvameetmeid, mis kaitsevad kliendi andmebaasides ja veebilehtedel s\u00e4ilitatavate isikuandmete loata juurdep\u00e4\u00e4su, muutmise, avalikustamise v\u00f5i h\u00e4vitamise eest.<\/span> <span class=\"\" title=\"\">Juurdep\u00e4\u00e4su isikuandmetele saavad muuta ja t\u00f6\u00f6delda ainult volitatud isikud.<\/span><\/p>\n<p><strong><span title=\"\">Isikuandmete edastamine.<\/span><\/strong><\/p>\n<p><span title=\"\">Ettev\u00f5te v\u00f5ib kasutada kolmandatest isikutest teenusepakkujaid, kes osutavad MyKasta O\u00dc-le vajalikke teenuseid (n\u00e4iteks tarkvaraarendus, otseturundus, makseteenuse pakkuja ja postiteenused), et t\u00f6\u00f6delda teie isikuandmeid.<\/span> <span title=\"\">K\u00f5igi kolmandate tarnijatega, kellele ettev\u00f5te edastab isikuandmeid, s\u00f5lmitakse lepingud isikuandmete kaitse ja esitatud teabe konfidentsiaalsuse kohta.<\/span> <span title=\"\">Lisaks eespool nimetatule on ettev\u00f5tetel \u00f5igus edastada isikuandmeid j\u00e4relevalve-, uurimis- ja \u00f5iguskaitseasutustele seaduses s\u00e4testatud juhtudel.<\/span> <span class=\"\" title=\"\"><span title=\"\">MyKasta O\u00dc<\/span> on isikuandmete vastutavaks t\u00f6\u00f6tlejaks, <span title=\"\">MyKasta O\u00dc<\/span> annab makset\u00f6\u00f6tlejaks volitatud t\u00f6\u00f6tleja Maksekeskus AS .<\/span><\/p>\n<p><strong><span title=\"\">Isikuandmete t\u00f6\u00f6tlemise t\u00e4htaeg.<\/span><\/strong><\/p>\n<p><span class=\"\" title=\"\"><span title=\"\">MyKasta O\u00dc<\/span> v\u00f5ib teie isikuandmeid t\u00f6\u00f6delda nii kaua, kui see on vajalik teie ja teie vahelise kliendisuhte v\u00f5i muu samav\u00e4\u00e4rse suhte t\u00e4itmiseks, kui teie n\u00f5usolekut teie isikuandmete t\u00f6\u00f6tlemiseks ei ole saadud teie poolt v\u00f5i maksu- ja juriidilistel eesm\u00e4rkidel enne seadusj\u00e4rgsete t\u00e4htaegade m\u00f6\u00f6dumist.<\/span><\/p>\n<p>&nbsp;<\/p>\n<p><strong><span title=\"\">Otseturundus ja rahulolu-uuringud.<\/span><\/strong><\/p>\n<p><span title=\"\">MyKasta O\u00dc v\u00f5ib teie n\u00f5usolekul kasutada teie esitatud isikuandmeid selleks, et anda teile teavet kampaaniate, kampaaniate ja pakkumiste kohta ning viia l\u00e4bi rahulolu-uuringuid.<\/span> <span class=\"\" title=\"\">Juhul kui te ei soovi enam telemajakirja saada, on teil \u00f5igus igal ajal n\u00f5ustuda isikuandmete t\u00f6\u00f6tlemisega, j\u00e4rgides otsepostituses antud juhiseid v\u00f5i v\u00f5ttes \u00fchendust ettev\u00f5ttega, kelle puhul te soovite telemajakirja kasutamise l\u00f5petada.<\/span><\/p>\n<p>&nbsp;<\/p>\n<p><strong>Kasutage k\u00fcpsiseid.<\/strong><\/p>\n<p><span title=\"\">MyKasta O\u00dc<\/span> veebilehed kasutavad k\u00fcpsiseid. K\u00fcpsis on pisike tekstiosa, mille veebilehitseja salvestab automaatselt kasutaja kasutatavasse seadmesse. K\u00fcpsiseid kasutatakse teabe kogumiseks selle kohta, kuidas kasutaja kasutab veebilehte, et pakkuda kasutajale paremat kasutajakogemust. Veebilehtedel kasutatakse j\u00e4rgmisi k\u00fcpsiseid: seansik\u00fcpsised, mis on m\u00f5eldud veebilehe kasutamiseks; p\u00fcsik\u00fcpsised, mis on m\u00f5eldud kliendi valikute meelespidamiseks veebilehel; esimese ja\/v\u00f5i kolmanda osapoole k\u00fcpsised, mis on m\u00f5eldud selleks, et n\u00e4idata kasutajale \u00f5igeid reklaame ja pakkumisi; kolmanda osapoole anal\u00fc\u00fctilised k\u00fcpsised, mis on m\u00f5eldud turunduskommunikatsiooni optimeerimiseks. Kasutajad saavad oma seadmetesse salvestatud k\u00fcpsised kustutada ja\/v\u00f5i blokeerida, muutes oma brauseri seadeid. Kui k\u00fcpsiseid ei kasutata, ei pruugi veebisait korralikult toimida ja\/v\u00f5i m\u00f5ned funktsioonid ei pruugi olla kasutajatele k\u00e4ttesaadavad. Lisaks k\u00fcpsiste anal\u00fc\u00fcsile kasutavad veebisaidid piksleid (piksli sildid, veebimajakad), et j\u00e4lgida veebisaidi kasutamist. See ei t\u00f6\u00f6tle inimese isiksust.<\/p>\n<p>&nbsp;<\/p>\n<p><strong><span title=\"\">Toorandmete t\u00f6\u00f6tlemine.<\/span><\/strong><\/p>\n<p><span class=\"\" title=\"\">Kui k\u00fclastate <span title=\"\">MyKasta O\u00dc <\/span>veebisaite, v\u00f5ib ettev\u00f5te koguda teie isikuandmeid, n\u00e4iteks k\u00fclastuse kuup\u00e4eva ja kellaaega, veebisaidilt allalaaditud teavet, teavet teie brauseri nime ja operatsioonis\u00fcsteemi, internetiteenuse pakkuja ja muud sarnast teavet.<\/span> <span class=\"\" title=\"\">Ettev\u00f5te t\u00f6\u00f6tleb neid andmeid anon\u00fc\u00fcmselt ja andmeid kasutatakse veebilehe funktsionaalsuse parandamiseks.<\/span><\/p>\n<p><strong><span title=\"\">Videosalvestus.<\/span><\/strong><\/p>\n<p><span title=\"\">MyKasta O\u00dc teeninduspunktides ja jaem\u00fc\u00fcgipunktides on inimeste ja vara kaitseks videovalves\u00fcsteem.<\/span><span class=\"\" title=\"\">Videovalve tulemusel t\u00f6\u00f6deldud videosalvestuse ja filmimaterjali vastutavaks t\u00f6\u00f6tlejaks on valvekaamerate omanik.<\/span><span class=\"\" title=\"\">K\u00f5ik videomagnetofonid on k\u00e4ttesaadavad ainult isikutele, kellel on \u00f5igus p\u00e4\u00e4seda ligi videosalvestistele vastavalt oma t\u00f6\u00f6kohale.<\/span><span class=\"\" title=\"\">Videosalvestusi s\u00e4ilitatakse \u00fcldjuhul 30 kalendrip\u00e4eva, v\u00e4lja arvatud juhul, kui alaliste isikute j\u00e4relevalvemenetluste ja vara kaitsega on seotud pikemad s\u00e4ilitamisn\u00f5uded.<\/span><\/p>\n<p><strong><span title=\"\">Isikuandmete edastamine v\u00e4ljaspool Euroopa Liitu v\u00f5i Euroopa Majanduspiirkonda asuvatesse riikidesse.<\/span><\/strong><\/p>\n<p><span class=\"\" title=\"\">Ettev\u00f5te v\u00f5ib edastada isikuandmeid kolmandatele riikidele (riigid, mis ei ole Euroopa Liidu v\u00f5i Euroopa Majanduspiirkonna riigid) ainult siis, kui tal on selleks \u00f5iguslik alus.<\/span> <span class=\"\" title=\"\">Kontserni ettev\u00f5tted v\u00f5ivad kasutada isikuandmete t\u00f6\u00f6tlemisel rahvusvahelisi teenusepakkujaid v\u00f5i koost\u00f6\u00f6partnereid, sellisel juhul tagab ettev\u00f5te isikuandmete edastamise \u00f5igusliku aluse ja selle, et andmeid kaitstakse vastavalt kohaldatavale \u00f5igusele.<\/span><\/p>\n<p><strong>Profiil.<\/strong><\/p>\n<p><span title=\"\">MyKasta O\u00dc v\u00f5ib kasutada teie isikuandmeid ja ostustatistikat profiilianal\u00fc\u00fcside tegemiseks, et paremini m\u00f5ista teie ootusi ja selle tulemusena pakkuda teile paremaid tooteid ja teenuseid.<\/span> <span class=\"\" title=\"\">Ettev\u00f5te ei tee \u00fchtegi otsust, millel on teie jaoks profiilianal\u00fc\u00fcsi tulemusena \u00f5iguslikud tagaj\u00e4rjed.<\/span><\/p>\n<p>&nbsp;<\/p>\n<p><strong><span title=\"\">Teie \u00f5igused seoses teie isikuandmete t\u00f6\u00f6tlemisega.<\/span><\/strong><\/p>\n<p><span title=\"\">Teil on \u00f5igus v\u00f5tta igal ajal \u00fchendust ettev\u00f5ttega, kellele olete oma isikuandmed esitanud, et taotleda oma isikuandmete parandamist ja edastamist ning oma isikuandmete kustutamist.<\/span> <span class=\"\" title=\"\">Teie isikuandmete t\u00f6\u00f6tlemise taotlused tuleb esitada elektrooniliselt <span title=\"\">MyKasta O\u00dc<\/span> andmekaitseametnikule e-posti aadressil INFO@LAPSILOPSI.EE.<\/span> <span class=\"\" title=\"\">Isikuandmete turvalise t\u00f6\u00f6tlemise tagamiseks peab teie taotlus olema digitaalselt allkirjastatud.<\/span> <span class=\"\" title=\"\">Ettev\u00f5tetel on \u00f5igus keelduda teie taotluse esitamisest, kui teie isikut ei ole v\u00f5imalik tuvastada v\u00f5i kui isikuandmete edastamine ei ole turvaline.<\/span> <span class=\"\" title=\"\">Ettev\u00f5ttel on \u00f5igus keelduda teie isikuandmete kustutamise taotluse rahuldamisest, kui isikuandmete t\u00f6\u00f6tlemise kohustus tuleneb kehtivast lepingust, seadusest v\u00f5i on vajalik isikute ja vara kaitsega seotud \u00f5iguslike n\u00f5uete ettevalmistamiseks, esitamiseks v\u00f5i kaitsmiseks.<\/span><\/p>\n<p>&nbsp;<\/p>\n<p><strong><span title=\"\">Muutuv privaatsuspoliitika.<\/span><\/strong><\/p>\n<p><span class=\"\" title=\"\">Ettev\u00f5ttel on \u00f5igus privaatsuspoliitikat igal ajal muuta ja ajakohastada.<\/span> <span class=\"\" title=\"\">Tegelik privaatsuspoliitika on alati k\u00e4ttesaadav ettev\u00f5tte veebisaitidel.<\/span><\/p>\n<p>&nbsp;<\/p>\n<p><strong><span title=\"\">Kaebuste esitamine.<\/span><\/strong><\/p>\n<p><span class=\"\" title=\"\">Kui leiate, et ettev\u00f5te rikub teie \u00f5igusi isikuandmete t\u00f6\u00f6tlemisel, on teil \u00f5igus v\u00f5tta igal ajal \u00fchendust k\u00f5nealuse ettev\u00f5ttega eespool nimetatud kontaktidel v\u00f5i Andmekaitseinspektsiooniga (www.aki.ee) v\u00f5i kohtuga.<\/span><\/p>\n<\/div>\n<\/div>\n<\/li>\n<\/ul>\n<\/div>\n<div class=\"pb-script-tag\"><\/div>\n<\/div>\n<\/div>\n<div class=\"theme-footer theme-clear-fix\" aria-hidden=\"false\">\n<div class=\"theme-footer-top theme-clear-fix\">\n<div class=\"theme-main theme-layout-25x25x25x25\">\n<div id=\"text-2\" class=\"widget_text theme-clear-fix theme-widget theme-layout-column-left\">\n<h6 class=\"pb-header\"><\/h6>\n<\/div>\n<\/div>\n<\/div>\n<\/div>\n","protected":false},"excerpt":{"rendered":"<p>Kes me oleme Meie veebilehe aadress on http:\/\/lapsilopsi.ee. Privaatsuspoliitika Milliseid isikuandmeid ettev\u00f5te kogub? MyKasta O\u00dc v\u00f5ib teenuse paremaks osutamiseks koguda isikuandmeid, sealhulgas, kuid mitte ainult, teie nime, e-posti aadressi, telefoninumbrit, eelistatud keelt, otseturunduse v\u00f5imalusi ja tehnilisi andmeid, mida digitaalsed seadmed (nt, k\u00fcpsised ja muud sarnased tehnoloogiad). MyKasta O\u00dc v\u00f5ib t\u00f6\u00f6delda ka muid vajalikke isikuandmeid klienditeeninduse [&hellip;]<\/p>\n","protected":false},"author":1,"featured_media":0,"parent":0,"menu_order":0,"comment_status":"closed","ping_status":"open","template":"","meta":{"_acf_changed":false,"jetpack_post_was_ever_published":false,"footnotes":""},"class_list":["post-275","page","type-page","status-publish","hentry"],"acf":[],"yoast_head":"<!-- This site is optimized with the Yoast SEO plugin v24.6 - https:\/\/yoast.com\/wordpress\/plugins\/seo\/ -->\n<title>Privaatsuspoliitika - LapsiLopsi<\/title>\n<meta name=\"robots\" content=\"index, follow, max-snippet:-1, max-image-preview:large, max-video-preview:-1\" \/>\n<link rel=\"canonical\" href=\"https:\/\/lapsilopsi.ee\/et\/poliitika\/\" \/>\n<meta property=\"og:locale\" content=\"et_EE\" \/>\n<meta property=\"og:type\" content=\"article\" \/>\n<meta property=\"og:title\" content=\"Privaatsuspoliitika - LapsiLopsi\" \/>\n<meta property=\"og:description\" content=\"Kes me oleme Meie veebilehe aadress on http:\/\/lapsilopsi.ee. Privaatsuspoliitika Milliseid isikuandmeid ettev\u00f5te kogub? MyKasta O\u00dc v\u00f5ib teenuse paremaks osutamiseks koguda isikuandmeid, sealhulgas, kuid mitte ainult, teie nime, e-posti aadressi, telefoninumbrit, eelistatud keelt, otseturunduse v\u00f5imalusi ja tehnilisi andmeid, mida digitaalsed seadmed (nt, k\u00fcpsised ja muud sarnased tehnoloogiad). MyKasta O\u00dc v\u00f5ib t\u00f6\u00f6delda ka muid vajalikke isikuandmeid klienditeeninduse [&hellip;]\" \/>\n<meta property=\"og:url\" content=\"https:\/\/lapsilopsi.ee\/et\/poliitika\/\" \/>\n<meta property=\"og:site_name\" content=\"LapsiLopsi\" \/>\n<meta property=\"article:modified_time\" content=\"2023-11-20T16:23:18+00:00\" \/>\n<meta name=\"twitter:card\" content=\"summary_large_image\" \/>\n<meta name=\"twitter:label1\" content=\"Est. reading time\" \/>\n\t<meta name=\"twitter:data1\" content=\"5 minutit\" \/>\n<script type=\"application\/ld+json\" class=\"yoast-schema-graph\">{\"@context\":\"https:\/\/schema.org\",\"@graph\":[{\"@type\":\"WebPage\",\"@id\":\"https:\/\/lapsilopsi.ee\/et\/poliitika\/\",\"url\":\"https:\/\/lapsilopsi.ee\/et\/poliitika\/\",\"name\":\"Privaatsuspoliitika - LapsiLopsi\",\"isPartOf\":{\"@id\":\"https:\/\/lapsilopsi.ee\/et\/#website\"},\"datePublished\":\"2018-11-26T13:29:42+00:00\",\"dateModified\":\"2023-11-20T16:23:18+00:00\",\"breadcrumb\":{\"@id\":\"https:\/\/lapsilopsi.ee\/et\/poliitika\/#breadcrumb\"},\"inLanguage\":\"et\",\"potentialAction\":[{\"@type\":\"ReadAction\",\"target\":[\"https:\/\/lapsilopsi.ee\/et\/poliitika\/\"]}]},{\"@type\":\"BreadcrumbList\",\"@id\":\"https:\/\/lapsilopsi.ee\/et\/poliitika\/#breadcrumb\",\"itemListElement\":[{\"@type\":\"ListItem\",\"position\":1,\"name\":\"Home\",\"item\":\"https:\/\/lapsilopsi.ee\/et\/\"},{\"@type\":\"ListItem\",\"position\":2,\"name\":\"Privaatsuspoliitika\"}]},{\"@type\":\"WebSite\",\"@id\":\"https:\/\/lapsilopsi.ee\/et\/#website\",\"url\":\"https:\/\/lapsilopsi.ee\/et\/\",\"name\":\"LapsiLopsi\",\"description\":\"Puhkame k\u00f5ik koos!\",\"publisher\":{\"@id\":\"https:\/\/lapsilopsi.ee\/et\/#organization\"},\"potentialAction\":[{\"@type\":\"SearchAction\",\"target\":{\"@type\":\"EntryPoint\",\"urlTemplate\":\"https:\/\/lapsilopsi.ee\/et\/?s={search_term_string}\"},\"query-input\":{\"@type\":\"PropertyValueSpecification\",\"valueRequired\":true,\"valueName\":\"search_term_string\"}}],\"inLanguage\":\"et\"},{\"@type\":\"Organization\",\"@id\":\"https:\/\/lapsilopsi.ee\/et\/#organization\",\"name\":\"LapsiLopsi\",\"url\":\"https:\/\/lapsilopsi.ee\/et\/\",\"logo\":{\"@type\":\"ImageObject\",\"inLanguage\":\"et\",\"@id\":\"https:\/\/lapsilopsi.ee\/et\/#\/schema\/logo\/image\/\",\"url\":\"https:\/\/lapsilopsi.ee\/wp-content\/uploads\/2022\/10\/lapsi-lapsi.jpg\",\"contentUrl\":\"https:\/\/lapsilopsi.ee\/wp-content\/uploads\/2022\/10\/lapsi-lapsi.jpg\",\"width\":699,\"height\":181,\"caption\":\"LapsiLopsi\"},\"image\":{\"@id\":\"https:\/\/lapsilopsi.ee\/et\/#\/schema\/logo\/image\/\"}}]}<\/script>\n<!-- \/ Yoast SEO plugin. -->","yoast_head_json":{"title":"Privaatsuspoliitika - LapsiLopsi","robots":{"index":"index","follow":"follow","max-snippet":"max-snippet:-1","max-image-preview":"max-image-preview:large","max-video-preview":"max-video-preview:-1"},"canonical":"https:\/\/lapsilopsi.ee\/et\/poliitika\/","og_locale":"et_EE","og_type":"article","og_title":"Privaatsuspoliitika - LapsiLopsi","og_description":"Kes me oleme Meie veebilehe aadress on http:\/\/lapsilopsi.ee. Privaatsuspoliitika Milliseid isikuandmeid ettev\u00f5te kogub? MyKasta O\u00dc v\u00f5ib teenuse paremaks osutamiseks koguda isikuandmeid, sealhulgas, kuid mitte ainult, teie nime, e-posti aadressi, telefoninumbrit, eelistatud keelt, otseturunduse v\u00f5imalusi ja tehnilisi andmeid, mida digitaalsed seadmed (nt, k\u00fcpsised ja muud sarnased tehnoloogiad). MyKasta O\u00dc v\u00f5ib t\u00f6\u00f6delda ka muid vajalikke isikuandmeid klienditeeninduse [&hellip;]","og_url":"https:\/\/lapsilopsi.ee\/et\/poliitika\/","og_site_name":"LapsiLopsi","article_modified_time":"2023-11-20T16:23:18+00:00","twitter_card":"summary_large_image","twitter_misc":{"Est. reading time":"5 minutit"},"schema":{"@context":"https:\/\/schema.org","@graph":[{"@type":"WebPage","@id":"https:\/\/lapsilopsi.ee\/et\/poliitika\/","url":"https:\/\/lapsilopsi.ee\/et\/poliitika\/","name":"Privaatsuspoliitika - LapsiLopsi","isPartOf":{"@id":"https:\/\/lapsilopsi.ee\/et\/#website"},"datePublished":"2018-11-26T13:29:42+00:00","dateModified":"2023-11-20T16:23:18+00:00","breadcrumb":{"@id":"https:\/\/lapsilopsi.ee\/et\/poliitika\/#breadcrumb"},"inLanguage":"et","potentialAction":[{"@type":"ReadAction","target":["https:\/\/lapsilopsi.ee\/et\/poliitika\/"]}]},{"@type":"BreadcrumbList","@id":"https:\/\/lapsilopsi.ee\/et\/poliitika\/#breadcrumb","itemListElement":[{"@type":"ListItem","position":1,"name":"Home","item":"https:\/\/lapsilopsi.ee\/et\/"},{"@type":"ListItem","position":2,"name":"Privaatsuspoliitika"}]},{"@type":"WebSite","@id":"https:\/\/lapsilopsi.ee\/et\/#website","url":"https:\/\/lapsilopsi.ee\/et\/","name":"LapsiLopsi","description":"Puhkame k\u00f5ik koos!","publisher":{"@id":"https:\/\/lapsilopsi.ee\/et\/#organization"},"potentialAction":[{"@type":"SearchAction","target":{"@type":"EntryPoint","urlTemplate":"https:\/\/lapsilopsi.ee\/et\/?s={search_term_string}"},"query-input":{"@type":"PropertyValueSpecification","valueRequired":true,"valueName":"search_term_string"}}],"inLanguage":"et"},{"@type":"Organization","@id":"https:\/\/lapsilopsi.ee\/et\/#organization","name":"LapsiLopsi","url":"https:\/\/lapsilopsi.ee\/et\/","logo":{"@type":"ImageObject","inLanguage":"et","@id":"https:\/\/lapsilopsi.ee\/et\/#\/schema\/logo\/image\/","url":"https:\/\/lapsilopsi.ee\/wp-content\/uploads\/2022\/10\/lapsi-lapsi.jpg","contentUrl":"https:\/\/lapsilopsi.ee\/wp-content\/uploads\/2022\/10\/lapsi-lapsi.jpg","width":699,"height":181,"caption":"LapsiLopsi"},"image":{"@id":"https:\/\/lapsilopsi.ee\/et\/#\/schema\/logo\/image\/"}}]}},"jetpack_sharing_enabled":true,"jetpack_shortlink":"https:\/\/wp.me\/PafPRj-4r","_links":{"self":[{"href":"https:\/\/lapsilopsi.ee\/et\/wp-json\/wp\/v2\/pages\/275","targetHints":{"allow":["GET"]}}],"collection":[{"href":"https:\/\/lapsilopsi.ee\/et\/wp-json\/wp\/v2\/pages"}],"about":[{"href":"https:\/\/lapsilopsi.ee\/et\/wp-json\/wp\/v2\/types\/page"}],"author":[{"embeddable":true,"href":"https:\/\/lapsilopsi.ee\/et\/wp-json\/wp\/v2\/users\/1"}],"replies":[{"embeddable":true,"href":"https:\/\/lapsilopsi.ee\/et\/wp-json\/wp\/v2\/comments?post=275"}],"version-history":[{"count":3,"href":"https:\/\/lapsilopsi.ee\/et\/wp-json\/wp\/v2\/pages\/275\/revisions"}],"predecessor-version":[{"id":10987,"href":"https:\/\/lapsilopsi.ee\/et\/wp-json\/wp\/v2\/pages\/275\/revisions\/10987"}],"wp:attachment":[{"href":"https:\/\/lapsilopsi.ee\/et\/wp-json\/wp\/v2\/media?parent=275"}],"curies":[{"name":"wp","href":"https:\/\/api.w.org\/{rel}","templated":true}]}}