{"id":2401,"date":"2020-05-01T13:20:37","date_gmt":"2020-05-01T10:20:37","guid":{"rendered":"https:\/\/lapsilopsi.ee\/elav-postkaart\/"},"modified":"2023-11-30T19:13:02","modified_gmt":"2023-11-30T16:13:02","slug":"elav-postkaart","status":"publish","type":"page","link":"https:\/\/lapsilopsi.ee\/et\/elav-postkaart\/","title":{"rendered":"Elav Postkaart"},"content":{"rendered":"<blockquote><p>Iga s\u00fcnnip\u00e4evalaps s\u00f5ltumatu vanusest ootab \u00fcllatust. Kinkige &#8220;Elav Postkaart&#8221;! Selline erip\u00e4rane kingitus toob peole palju naeru ja unustamatu emotsioonid.<\/p><\/blockquote>\n<p>Hind on 60 eurot.<img loading=\"lazy\" decoding=\"async\" class=\"wp-image-2383 alignright\" src=\"https:\/\/lapsilopsi.ee\/wp-content\/uploads\/2020\/05\/20200430_173727_01-225x300.jpg\" alt=\"\" width=\"231\" height=\"309\" srcset=\"https:\/\/lapsilopsi.ee\/wp-content\/uploads\/2020\/05\/20200430_173727_01-225x300.jpg 225w, https:\/\/lapsilopsi.ee\/wp-content\/uploads\/2020\/05\/20200430_173727_01-768x1024.jpg 768w, https:\/\/lapsilopsi.ee\/wp-content\/uploads\/2020\/05\/20200430_173727_01-749x999.jpg 749w, https:\/\/lapsilopsi.ee\/wp-content\/uploads\/2020\/05\/20200430_173727_01-600x800.jpg 600w, https:\/\/lapsilopsi.ee\/wp-content\/uploads\/2020\/05\/20200430_173727_01.jpg 862w\" sizes=\"auto, (max-width: 231px) 100vw, 231px\" \/><\/p>\n<p>Hinna sees:<\/p>\n<ol>\n<li>Kohale v\u00e4ljas\u00f5it<\/li>\n<li>Kost\u00fc\u00fcmi tegelase effektne ilmumine<\/li>\n<li>Meelelahutusprogramm 30 minutid , vastavalt s\u00fcnnip\u00e4evalapse vanusele<\/li>\n<li>Soovi korral &#8211; teie kingituse pidulik k\u00e4tte andmine,<\/li>\n<li>Pildistamine ja kallistamine,<\/li>\n<li>2 suurt \u00f5hukest pizza teie valukul Peetri Pizza poolt,<\/li>\n<li>5 heeliumi \u00f5hupalli (v\u00e4rvide valik: punane,roheline, lilla, roosa)<\/li>\n<\/ol>\n<p>Kost\u00fcmeeritud tegelased: Dinosaurus, Caramel, Kor\u017eik, Marshalli, Sky, Racer, Mini Hiir, Spider-Man, Batman, Ninja Turtle, LOL Unicorn, Unicorn Sparkle Pony, Princess Celestia Pony, Baby Nyusha, Among Ace, Princess, Baba Yaga, Little Mermaid, Princess Jasmine.<\/p>\n<p>Pizzad saate valida <a href=\"https:\/\/lapsilopsi.ee\/ru\/menu\/\">siit<\/a><\/p>\n<p>Hinnale lisandub transporditasu , kui toimumiskoht on rohkem kui 5 km LapsiLopsi Kohvikust (Linnam\u00e4e tee 37a)<\/p>\n<p>Broneerige siin:<\/p>\n<div data-test='contact-form' id='contact-form-2401' class='wp-block-jetpack-contact-form-container '>\n<form action='https:\/\/lapsilopsi.ee\/et\/elav-postkaart\/#contact-form-2401' method='post' class='contact-form commentsblock' aria-label=\"Elav Postkaart\" novalidate>\n\n<div style=\"\" class='grunion-field-name-wrap grunion-field-wrap'  >\n<label\n\t\t\t\tfor='g2401-nimi'\n\t\t\t\tclass='grunion-field-label name'>Nimi<span class=\"grunion-label-required\" aria-hidden=\"true\">(required)<\/span><\/label>\n<input\n\t\t\t\t\ttype='text'\n\t\t\t\t\tname='g2401-nimi'\n\t\t\t\t\tid='g2401-nimi'\n\t\t\t\t\tvalue=''\n\t\t\t\t\tclass='name  grunion-field' \n\t\t\t\t\trequired aria-required='true' \/>\n\t<\/div>\n\n<div style=\"\" class='grunion-field-email-wrap grunion-field-wrap'  >\n<label\n\t\t\t\tfor='g2401-epost'\n\t\t\t\tclass='grunion-field-label email'>E-post<span class=\"grunion-label-required\" aria-hidden=\"true\">(required)<\/span><\/label>\n<input\n\t\t\t\t\ttype='email'\n\t\t\t\t\tname='g2401-epost'\n\t\t\t\t\tid='g2401-epost'\n\t\t\t\t\tvalue=''\n\t\t\t\t\tclass='email  grunion-field' \n\t\t\t\t\trequired aria-required='true' \/>\n\t<\/div>\n\n<div style=\"\" class='grunion-field-text-wrap grunion-field-wrap'  >\n<label\n\t\t\t\tfor='g2401-telefoninumber'\n\t\t\t\tclass='grunion-field-label text'>Telefoni number <span class=\"grunion-label-required\" aria-hidden=\"true\">(required)<\/span><\/label>\n<input\n\t\t\t\t\ttype='text'\n\t\t\t\t\tname='g2401-telefoninumber'\n\t\t\t\t\tid='g2401-telefoninumber'\n\t\t\t\t\tvalue=''\n\t\t\t\t\tclass='text  grunion-field' \n\t\t\t\t\trequired aria-required='true' \/>\n\t<\/div>\n\n<div style=\"\" class='grunion-field-textarea-wrap grunion-field-wrap'  >\n<label\n\t\t\t\tfor='contact-form-comment-g2401-tpsustusedsnnipevalapsenimijavanuspeokuupevkellaaegaadresskostmpizzadhupallidevrv'\n\t\t\t\tclass='grunion-field-label textarea'>T\u00e4psustused (s\u00fcnnip\u00e4evalapse nimi ja vanus, peo kuup\u00e4ev\/kellaaeg\/aadress, kost\u00fc\u00fcm, pizzad, \u00f5hupallide v\u00e4rv)<span class=\"grunion-label-required\" aria-hidden=\"true\">(required)<\/span><\/label>\n<textarea\n\t\t                style=''\n\t\t                name='g2401-tpsustusedsnnipevalapsenimijavanuspeokuupevkellaaegaadresskostmpizzadhupallidevrv'\n\t\t                id='contact-form-comment-g2401-tpsustusedsnnipevalapsenimijavanuspeokuupevkellaaegaadresskostmpizzadhupallidevrv'\n\t\t                rows='20' class='textarea  grunion-field'  required aria-required='true'><\/textarea>\n\t<\/div>\n\t<p class='contact-submit'>\n\t\t<button type='submit' class='pushbutton-wide'>Submit<\/button>\t\t<input type='hidden' name='contact-form-id' value='2401' \/>\n\t\t<input type='hidden' name='action' value='grunion-contact-form' \/>\n\t\t<input type='hidden' name='contact-form-hash' value='7c0b2e850b26553af61f984b091b87bf89bf1995' \/>\n\t<\/p>\n<\/form>\n<\/div>\n<p><img loading=\"lazy\" decoding=\"async\" class=\"alignnone wp-image-2392\" src=\"https:\/\/lapsilopsi.ee\/wp-content\/uploads\/2020\/05\/fb_img_1588321216240.jpg\" alt=\"\" width=\"194\" height=\"298\" \/> <img loading=\"lazy\" decoding=\"async\" class=\"alignnone size-medium wp-image-2388\" src=\"https:\/\/lapsilopsi.ee\/wp-content\/uploads\/2020\/05\/fb_img_1588321184895-200x300.jpg\" alt=\"\" width=\"200\" height=\"300\" srcset=\"https:\/\/lapsilopsi.ee\/wp-content\/uploads\/2020\/05\/fb_img_1588321184895-200x300.jpg 200w, https:\/\/lapsilopsi.ee\/wp-content\/uploads\/2020\/05\/fb_img_1588321184895.jpg 480w\" sizes=\"auto, (max-width: 200px) 100vw, 200px\" \/><img loading=\"lazy\" decoding=\"async\" class=\"alignnone wp-image-2383\" style=\"font-style: inherit;\" src=\"https:\/\/lapsilopsi.ee\/wp-content\/uploads\/2020\/05\/20200430_173727_01-225x300.jpg\" alt=\"\" width=\"225\" height=\"300\" srcset=\"https:\/\/lapsilopsi.ee\/wp-content\/uploads\/2020\/05\/20200430_173727_01-225x300.jpg 225w, https:\/\/lapsilopsi.ee\/wp-content\/uploads\/2020\/05\/20200430_173727_01-768x1024.jpg 768w, https:\/\/lapsilopsi.ee\/wp-content\/uploads\/2020\/05\/20200430_173727_01-749x999.jpg 749w, https:\/\/lapsilopsi.ee\/wp-content\/uploads\/2020\/05\/20200430_173727_01-600x800.jpg 600w, https:\/\/lapsilopsi.ee\/wp-content\/uploads\/2020\/05\/20200430_173727_01.jpg 862w\" sizes=\"auto, (max-width: 225px) 100vw, 225px\" \/><\/p>\n<p><img loading=\"lazy\" decoding=\"async\" class=\"alignnone wp-image-2386\" style=\"font-family: inherit; font-style: inherit; font-weight: inherit;\" src=\"https:\/\/lapsilopsi.ee\/wp-content\/uploads\/2020\/05\/fb_img_1588321227213-300x300.jpg\" alt=\"\" width=\"249\" height=\"249\" srcset=\"https:\/\/lapsilopsi.ee\/wp-content\/uploads\/2020\/05\/fb_img_1588321227213-300x300.jpg 300w, https:\/\/lapsilopsi.ee\/wp-content\/uploads\/2020\/05\/fb_img_1588321227213-150x150.jpg 150w, https:\/\/lapsilopsi.ee\/wp-content\/uploads\/2020\/05\/fb_img_1588321227213-768x768.jpg 768w, https:\/\/lapsilopsi.ee\/wp-content\/uploads\/2020\/05\/fb_img_1588321227213-842x842.jpg 842w, https:\/\/lapsilopsi.ee\/wp-content\/uploads\/2020\/05\/fb_img_1588321227213-600x600.jpg 600w, https:\/\/lapsilopsi.ee\/wp-content\/uploads\/2020\/05\/fb_img_1588321227213-100x100.jpg 100w, https:\/\/lapsilopsi.ee\/wp-content\/uploads\/2020\/05\/fb_img_1588321227213.jpg 960w\" sizes=\"auto, (max-width: 249px) 100vw, 249px\" \/> <img loading=\"lazy\" decoding=\"async\" class=\"alignnone wp-image-2390\" style=\"font-family: inherit; font-style: inherit; font-weight: inherit;\" src=\"https:\/\/lapsilopsi.ee\/wp-content\/uploads\/2020\/05\/fb_img_1588321257402-300x200.jpg\" alt=\"\" width=\"372\" height=\"248\" srcset=\"https:\/\/lapsilopsi.ee\/wp-content\/uploads\/2020\/05\/fb_img_1588321257402-300x200.jpg 300w, https:\/\/lapsilopsi.ee\/wp-content\/uploads\/2020\/05\/fb_img_1588321257402-768x512.jpg 768w, https:\/\/lapsilopsi.ee\/wp-content\/uploads\/2020\/05\/fb_img_1588321257402-600x400.jpg 600w, https:\/\/lapsilopsi.ee\/wp-content\/uploads\/2020\/05\/fb_img_1588321257402.jpg 800w\" sizes=\"auto, (max-width: 372px) 100vw, 372px\" \/><\/p>\n","protected":false},"excerpt":{"rendered":"<p>Iga s\u00fcnnip\u00e4evalaps s\u00f5ltumatu vanusest ootab \u00fcllatust. Kinkige &#8220;Elav Postkaart&#8221;! Selline erip\u00e4rane kingitus toob peole palju naeru ja unustamatu emotsioonid. Hind on 60 eurot. Hinna sees: Kohale v\u00e4ljas\u00f5it Kost\u00fc\u00fcmi tegelase effektne ilmumine Meelelahutusprogramm 30 minutid , vastavalt s\u00fcnnip\u00e4evalapse vanusele Soovi korral &#8211; teie kingituse pidulik k\u00e4tte andmine, Pildistamine ja kallistamine, 2 suurt \u00f5hukest pizza teie valukul [&hellip;]<\/p>\n","protected":false},"author":2,"featured_media":2384,"parent":0,"menu_order":0,"comment_status":"closed","ping_status":"closed","template":"","meta":{"_acf_changed":false,"jetpack_post_was_ever_published":false,"footnotes":""},"class_list":["post-2401","page","type-page","status-publish","has-post-thumbnail","hentry"],"acf":[],"yoast_head":"<!-- This site is optimized with the Yoast SEO plugin v24.6 - https:\/\/yoast.com\/wordpress\/plugins\/seo\/ -->\n<title>Elav Postkaart - LapsiLopsi<\/title>\n<meta name=\"robots\" content=\"index, follow, max-snippet:-1, max-image-preview:large, max-video-preview:-1\" \/>\n<link rel=\"canonical\" href=\"https:\/\/lapsilopsi.ee\/et\/elav-postkaart\/\" \/>\n<meta property=\"og:locale\" content=\"et_EE\" \/>\n<meta property=\"og:type\" content=\"article\" \/>\n<meta property=\"og:title\" content=\"Elav Postkaart - LapsiLopsi\" \/>\n<meta property=\"og:description\" content=\"Iga s\u00fcnnip\u00e4evalaps s\u00f5ltumatu vanusest ootab \u00fcllatust. Kinkige &#8220;Elav Postkaart&#8221;! Selline erip\u00e4rane kingitus toob peole palju naeru ja unustamatu emotsioonid. Hind on 60 eurot. Hinna sees: Kohale v\u00e4ljas\u00f5it Kost\u00fc\u00fcmi tegelase effektne ilmumine Meelelahutusprogramm 30 minutid , vastavalt s\u00fcnnip\u00e4evalapse vanusele Soovi korral &#8211; teie kingituse pidulik k\u00e4tte andmine, Pildistamine ja kallistamine, 2 suurt \u00f5hukest pizza teie valukul [&hellip;]\" \/>\n<meta property=\"og:url\" content=\"https:\/\/lapsilopsi.ee\/et\/elav-postkaart\/\" \/>\n<meta property=\"og:site_name\" content=\"LapsiLopsi\" \/>\n<meta property=\"article:modified_time\" content=\"2023-11-30T16:13:02+00:00\" \/>\n<meta property=\"og:image\" content=\"https:\/\/lapsilopsi.ee\/wp-content\/uploads\/2020\/05\/20200430_173727_01.jpg\" \/>\n\t<meta property=\"og:image:width\" content=\"862\" \/>\n\t<meta property=\"og:image:height\" content=\"1149\" \/>\n\t<meta property=\"og:image:type\" content=\"image\/jpeg\" \/>\n<meta name=\"twitter:card\" content=\"summary_large_image\" \/>\n<meta name=\"twitter:label1\" content=\"Est. reading time\" \/>\n\t<meta name=\"twitter:data1\" content=\"2 minutit\" \/>\n<script type=\"application\/ld+json\" class=\"yoast-schema-graph\">{\"@context\":\"https:\/\/schema.org\",\"@graph\":[{\"@type\":\"WebPage\",\"@id\":\"https:\/\/lapsilopsi.ee\/et\/elav-postkaart\/\",\"url\":\"https:\/\/lapsilopsi.ee\/et\/elav-postkaart\/\",\"name\":\"Elav Postkaart - LapsiLopsi\",\"isPartOf\":{\"@id\":\"https:\/\/lapsilopsi.ee\/et\/#website\"},\"primaryImageOfPage\":{\"@id\":\"https:\/\/lapsilopsi.ee\/et\/elav-postkaart\/#primaryimage\"},\"image\":{\"@id\":\"https:\/\/lapsilopsi.ee\/et\/elav-postkaart\/#primaryimage\"},\"thumbnailUrl\":\"https:\/\/lapsilopsi.ee\/wp-content\/uploads\/2020\/05\/20200430_173727_01.jpg\",\"datePublished\":\"2020-05-01T10:20:37+00:00\",\"dateModified\":\"2023-11-30T16:13:02+00:00\",\"breadcrumb\":{\"@id\":\"https:\/\/lapsilopsi.ee\/et\/elav-postkaart\/#breadcrumb\"},\"inLanguage\":\"et\",\"potentialAction\":[{\"@type\":\"ReadAction\",\"target\":[\"https:\/\/lapsilopsi.ee\/et\/elav-postkaart\/\"]}]},{\"@type\":\"ImageObject\",\"inLanguage\":\"et\",\"@id\":\"https:\/\/lapsilopsi.ee\/et\/elav-postkaart\/#primaryimage\",\"url\":\"https:\/\/lapsilopsi.ee\/wp-content\/uploads\/2020\/05\/20200430_173727_01.jpg\",\"contentUrl\":\"https:\/\/lapsilopsi.ee\/wp-content\/uploads\/2020\/05\/20200430_173727_01.jpg\",\"width\":862,\"height\":1149},{\"@type\":\"BreadcrumbList\",\"@id\":\"https:\/\/lapsilopsi.ee\/et\/elav-postkaart\/#breadcrumb\",\"itemListElement\":[{\"@type\":\"ListItem\",\"position\":1,\"name\":\"Home\",\"item\":\"https:\/\/lapsilopsi.ee\/et\/\"},{\"@type\":\"ListItem\",\"position\":2,\"name\":\"Elav Postkaart\"}]},{\"@type\":\"WebSite\",\"@id\":\"https:\/\/lapsilopsi.ee\/et\/#website\",\"url\":\"https:\/\/lapsilopsi.ee\/et\/\",\"name\":\"LapsiLopsi\",\"description\":\"Puhkame k\u00f5ik koos!\",\"publisher\":{\"@id\":\"https:\/\/lapsilopsi.ee\/et\/#organization\"},\"potentialAction\":[{\"@type\":\"SearchAction\",\"target\":{\"@type\":\"EntryPoint\",\"urlTemplate\":\"https:\/\/lapsilopsi.ee\/et\/?s={search_term_string}\"},\"query-input\":{\"@type\":\"PropertyValueSpecification\",\"valueRequired\":true,\"valueName\":\"search_term_string\"}}],\"inLanguage\":\"et\"},{\"@type\":\"Organization\",\"@id\":\"https:\/\/lapsilopsi.ee\/et\/#organization\",\"name\":\"LapsiLopsi\",\"url\":\"https:\/\/lapsilopsi.ee\/et\/\",\"logo\":{\"@type\":\"ImageObject\",\"inLanguage\":\"et\",\"@id\":\"https:\/\/lapsilopsi.ee\/et\/#\/schema\/logo\/image\/\",\"url\":\"https:\/\/lapsilopsi.ee\/wp-content\/uploads\/2022\/10\/lapsi-lapsi.jpg\",\"contentUrl\":\"https:\/\/lapsilopsi.ee\/wp-content\/uploads\/2022\/10\/lapsi-lapsi.jpg\",\"width\":699,\"height\":181,\"caption\":\"LapsiLopsi\"},\"image\":{\"@id\":\"https:\/\/lapsilopsi.ee\/et\/#\/schema\/logo\/image\/\"}}]}<\/script>\n<!-- \/ Yoast SEO plugin. -->","yoast_head_json":{"title":"Elav Postkaart - LapsiLopsi","robots":{"index":"index","follow":"follow","max-snippet":"max-snippet:-1","max-image-preview":"max-image-preview:large","max-video-preview":"max-video-preview:-1"},"canonical":"https:\/\/lapsilopsi.ee\/et\/elav-postkaart\/","og_locale":"et_EE","og_type":"article","og_title":"Elav Postkaart - LapsiLopsi","og_description":"Iga s\u00fcnnip\u00e4evalaps s\u00f5ltumatu vanusest ootab \u00fcllatust. Kinkige &#8220;Elav Postkaart&#8221;! Selline erip\u00e4rane kingitus toob peole palju naeru ja unustamatu emotsioonid. Hind on 60 eurot. Hinna sees: Kohale v\u00e4ljas\u00f5it Kost\u00fc\u00fcmi tegelase effektne ilmumine Meelelahutusprogramm 30 minutid , vastavalt s\u00fcnnip\u00e4evalapse vanusele Soovi korral &#8211; teie kingituse pidulik k\u00e4tte andmine, Pildistamine ja kallistamine, 2 suurt \u00f5hukest pizza teie valukul [&hellip;]","og_url":"https:\/\/lapsilopsi.ee\/et\/elav-postkaart\/","og_site_name":"LapsiLopsi","article_modified_time":"2023-11-30T16:13:02+00:00","og_image":[{"width":862,"height":1149,"url":"https:\/\/lapsilopsi.ee\/wp-content\/uploads\/2020\/05\/20200430_173727_01.jpg","type":"image\/jpeg"}],"twitter_card":"summary_large_image","twitter_misc":{"Est. reading time":"2 minutit"},"schema":{"@context":"https:\/\/schema.org","@graph":[{"@type":"WebPage","@id":"https:\/\/lapsilopsi.ee\/et\/elav-postkaart\/","url":"https:\/\/lapsilopsi.ee\/et\/elav-postkaart\/","name":"Elav Postkaart - LapsiLopsi","isPartOf":{"@id":"https:\/\/lapsilopsi.ee\/et\/#website"},"primaryImageOfPage":{"@id":"https:\/\/lapsilopsi.ee\/et\/elav-postkaart\/#primaryimage"},"image":{"@id":"https:\/\/lapsilopsi.ee\/et\/elav-postkaart\/#primaryimage"},"thumbnailUrl":"https:\/\/lapsilopsi.ee\/wp-content\/uploads\/2020\/05\/20200430_173727_01.jpg","datePublished":"2020-05-01T10:20:37+00:00","dateModified":"2023-11-30T16:13:02+00:00","breadcrumb":{"@id":"https:\/\/lapsilopsi.ee\/et\/elav-postkaart\/#breadcrumb"},"inLanguage":"et","potentialAction":[{"@type":"ReadAction","target":["https:\/\/lapsilopsi.ee\/et\/elav-postkaart\/"]}]},{"@type":"ImageObject","inLanguage":"et","@id":"https:\/\/lapsilopsi.ee\/et\/elav-postkaart\/#primaryimage","url":"https:\/\/lapsilopsi.ee\/wp-content\/uploads\/2020\/05\/20200430_173727_01.jpg","contentUrl":"https:\/\/lapsilopsi.ee\/wp-content\/uploads\/2020\/05\/20200430_173727_01.jpg","width":862,"height":1149},{"@type":"BreadcrumbList","@id":"https:\/\/lapsilopsi.ee\/et\/elav-postkaart\/#breadcrumb","itemListElement":[{"@type":"ListItem","position":1,"name":"Home","item":"https:\/\/lapsilopsi.ee\/et\/"},{"@type":"ListItem","position":2,"name":"Elav Postkaart"}]},{"@type":"WebSite","@id":"https:\/\/lapsilopsi.ee\/et\/#website","url":"https:\/\/lapsilopsi.ee\/et\/","name":"LapsiLopsi","description":"Puhkame k\u00f5ik koos!","publisher":{"@id":"https:\/\/lapsilopsi.ee\/et\/#organization"},"potentialAction":[{"@type":"SearchAction","target":{"@type":"EntryPoint","urlTemplate":"https:\/\/lapsilopsi.ee\/et\/?s={search_term_string}"},"query-input":{"@type":"PropertyValueSpecification","valueRequired":true,"valueName":"search_term_string"}}],"inLanguage":"et"},{"@type":"Organization","@id":"https:\/\/lapsilopsi.ee\/et\/#organization","name":"LapsiLopsi","url":"https:\/\/lapsilopsi.ee\/et\/","logo":{"@type":"ImageObject","inLanguage":"et","@id":"https:\/\/lapsilopsi.ee\/et\/#\/schema\/logo\/image\/","url":"https:\/\/lapsilopsi.ee\/wp-content\/uploads\/2022\/10\/lapsi-lapsi.jpg","contentUrl":"https:\/\/lapsilopsi.ee\/wp-content\/uploads\/2022\/10\/lapsi-lapsi.jpg","width":699,"height":181,"caption":"LapsiLopsi"},"image":{"@id":"https:\/\/lapsilopsi.ee\/et\/#\/schema\/logo\/image\/"}}]}},"jetpack_sharing_enabled":true,"jetpack_shortlink":"https:\/\/wp.me\/PafPRj-CJ","_links":{"self":[{"href":"https:\/\/lapsilopsi.ee\/et\/wp-json\/wp\/v2\/pages\/2401","targetHints":{"allow":["GET"]}}],"collection":[{"href":"https:\/\/lapsilopsi.ee\/et\/wp-json\/wp\/v2\/pages"}],"about":[{"href":"https:\/\/lapsilopsi.ee\/et\/wp-json\/wp\/v2\/types\/page"}],"author":[{"embeddable":true,"href":"https:\/\/lapsilopsi.ee\/et\/wp-json\/wp\/v2\/users\/2"}],"replies":[{"embeddable":true,"href":"https:\/\/lapsilopsi.ee\/et\/wp-json\/wp\/v2\/comments?post=2401"}],"version-history":[{"count":5,"href":"https:\/\/lapsilopsi.ee\/et\/wp-json\/wp\/v2\/pages\/2401\/revisions"}],"predecessor-version":[{"id":11106,"href":"https:\/\/lapsilopsi.ee\/et\/wp-json\/wp\/v2\/pages\/2401\/revisions\/11106"}],"wp:featuredmedia":[{"embeddable":true,"href":"https:\/\/lapsilopsi.ee\/et\/wp-json\/wp\/v2\/media\/2384"}],"wp:attachment":[{"href":"https:\/\/lapsilopsi.ee\/et\/wp-json\/wp\/v2\/media?parent=2401"}],"curies":[{"name":"wp","href":"https:\/\/api.w.org\/{rel}","templated":true}]}}