{"id":2282,"date":"2020-03-04T16:49:34","date_gmt":"2020-03-04T13:49:34","guid":{"rendered":"https:\/\/lapsilopsi.ee\/pidu-koige-vaikestele-lastele\/"},"modified":"2026-01-14T00:03:54","modified_gmt":"2026-01-13T21:03:54","slug":"pidu-koige-vaikestele-lastele","status":"publish","type":"page","link":"https:\/\/lapsilopsi.ee\/et\/pidu-koige-vaikestele-lastele\/","title":{"rendered":"Pidu k\u00f5ige v\u00e4ikestele lastele"},"content":{"rendered":"<hr>\n<p>See peopakett sobib lastele vanuses 1 kuni 3 aastat. D\u00fcnaamiline &#8220;Elav Kaart&#8221; lemmiktegelasega j\u00e4tab elava mulje ja ei tee v\u00e4ikesele s\u00fcnnip\u00e4evalapsele igavaks. Lihtne ja tervislik s\u00f6\u00f6k on hea maiuspala k\u00f5igile. Ja fotov\u00f6\u00f6nd ja valgusk\u00fcllased dekoratsioonielemendid annavad teile t\u00f5elise puhkuse meeleolu.  <\/p>\n<p>Hind 235 eurot<\/p>\n<p><!-- \/wp:paragraph --><\/p>\n<p><!-- wp:paragraph --><\/p>\n<p>Hinna sees:<\/p>\n<p><!-- \/wp:paragraph --><\/p>\n<p><!-- wp:list {\"ordered\":true} --><\/p>\n<ol>\n<li>Ruumi rent 3 tundi<\/li>\n<li>Programmid, mille hulgast valida: &#8220;Elav postkaart&#8221;, <a href=\"https:\/\/www.facebook.com\/happykidstallinn\/\" target=\"_blank\" rel=\"noopener noreferrer\">Happy Kids Tallinn<\/a>. 30 minutit (kost\u00fcmeeritud animaator, s\u00fcnnip\u00e4evalapse tervitamine, m\u00e4ngud ja meelelahutus, fotode tegemine oma lemmiktegelasega, tordi serveerimine) V\u00d5I programm &#8220;Mees mullas&#8221; (ainulaadne v\u00f5imalus leida end seebimullis ja teha l\u00f5busaid fotosid).  <\/li>\n<li>Kohvimasin + kohvioad, piim, suhkur<\/li>\n<li>Pehmej\u00e4\u00e4tis<\/li>\n<li>4 suurt \u00f5hukest pizzad teie <a href=\"https:\/\/lapsilopsi.ee\/et\/menuu\/\">valikul<\/a><\/li>\n<li>Friikartuli vaagen koos kananagitsate ja lihapallidega (ahjus k\u00fcpsetatud, mitte frit\u00fc\u00fcritud!). <\/li>\n<li>K\u00f6\u00f6givilja taldrik  <\/li>\n<li>Marjam\u00f5rskede  <\/li>\n<li>Joogivesi<\/li>\n<li>K\u00f5ik n\u00f5ud (mitte \u00fchekordsed!),  <\/li>\n<li>P\u00fchkimisvahendid<\/li>\n<li>Koristus<\/li>\n<\/ol>\n<p>Te peate ainult oma torti kaasa v\u00f5tma. <\/p>\n<p><!-- \/wp:list --><\/p>\n<p><!-- wp:paragraph --><\/p>\n<p>Broneerimistasu on 65 eurot, mis arvatakse maha kogusummast.<\/p>\n<p>Maksimaalne inimeste arv 12 last ja 12 t\u00e4iskasvanu.<\/p>\n<p><!-- \/wp:paragraph --><\/p>\n<p><!-- wp:paragraph --><\/p>\n<p>Lisa s\u00f6\u00f6k ja jook saab tellida kohapeal. Soodustus pizzadele 15%<\/p>\n<p><!-- \/wp:paragraph --><\/p>\n<p><!-- wp:paragraph --><!-- \/wp:paragraph --><\/p>\n<p><!-- wp:paragraph --><\/p>\n<p>Ruumis on k\u00f5ik vajalik kvaliteetne banketi n\u00f5ud: noad, kahvlid, lusikad, taldrikud, klaasid, tassid, salfr\u00e4tikud, kausid, vaagnad, vaasid jne. \u00dchekordne n\u00f5ud ei pea kaasa v\u00f5tta! \u00dchekordne n\u00f5ud ei pea kaasa v\u00f5tta!<\/p>\n<p><!-- \/wp:paragraph --><\/p>\n<p><!-- wp:paragraph --><\/p>\n<p><strong>Meie juures saab maksta kaardiga!<\/strong><\/p>\n<p><a href=\"https:\/\/lapsilopsi.ee\/et\/toode\/booking\/\" target=\"_blank\" rel=\"noopener noreferrer\">Broneeri siin<\/a>  <\/p>\n<p>&nbsp;<\/p>\n\n\t\t<style type=\"text\/css\">\n\t\t\t#gallery-1 {\n\t\t\t\tmargin: auto;\n\t\t\t}\n\t\t\t#gallery-1 .gallery-item {\n\t\t\t\tfloat: left;\n\t\t\t\tmargin-top: 10px;\n\t\t\t\ttext-align: center;\n\t\t\t\twidth: 33%;\n\t\t\t}\n\t\t\t#gallery-1 img {\n\t\t\t\tborder: 2px solid #cfcfcf;\n\t\t\t}\n\t\t\t#gallery-1 .gallery-caption {\n\t\t\t\tmargin-left: 0;\n\t\t\t}\n\t\t\t\/* see gallery_shortcode() in wp-includes\/media.php *\/\n\t\t<\/style>\n\t\t<div id='gallery-1' class='gallery galleryid-2282 gallery-columns-3 gallery-size-full'><dl class='gallery-item'>\n\t\t\t<dt class='gallery-icon portrait'>\n\t\t\t\t<a href='https:\/\/lapsilopsi.ee\/wp-content\/uploads\/2020\/02\/img-417367ec3db94c75f909fa0c4db637f1-v.jpg'><img loading=\"lazy\" decoding=\"async\" width=\"960\" height=\"1280\" src=\"https:\/\/lapsilopsi.ee\/wp-content\/uploads\/2020\/02\/img-417367ec3db94c75f909fa0c4db637f1-v.jpg\" class=\"attachment-full size-full\" alt=\"\" srcset=\"https:\/\/lapsilopsi.ee\/wp-content\/uploads\/2020\/02\/img-417367ec3db94c75f909fa0c4db637f1-v.jpg 960w, https:\/\/lapsilopsi.ee\/wp-content\/uploads\/2020\/02\/img-417367ec3db94c75f909fa0c4db637f1-v-225x300.jpg 225w, https:\/\/lapsilopsi.ee\/wp-content\/uploads\/2020\/02\/img-417367ec3db94c75f909fa0c4db637f1-v-768x1024.jpg 768w, https:\/\/lapsilopsi.ee\/wp-content\/uploads\/2020\/02\/img-417367ec3db94c75f909fa0c4db637f1-v-749x999.jpg 749w, https:\/\/lapsilopsi.ee\/wp-content\/uploads\/2020\/02\/img-417367ec3db94c75f909fa0c4db637f1-v-600x800.jpg 600w\" sizes=\"auto, (max-width: 960px) 100vw, 960px\" \/><\/a>\n\t\t\t<\/dt><\/dl>\n\t\t\t<br style='clear: both' \/>\n\t\t<\/div>\n\n<p>&nbsp;<\/p>\n<p>&nbsp;<\/p>","protected":false},"excerpt":{"rendered":"<p>See peopakett sobib lastele vanuses 1 kuni 3 aastat. D\u00fcnaamiline &#8220;Elav Kaart&#8221; lemmiktegelasega j\u00e4tab elava mulje ja ei tee v\u00e4ikesele s\u00fcnnip\u00e4evalapsele igavaks. Lihtne ja tervislik s\u00f6\u00f6k on hea maiuspala k\u00f5igile. Ja fotov\u00f6\u00f6nd ja valgusk\u00fcllased dekoratsioonielemendid annavad teile t\u00f5elise puhkuse meeleolu. Hind 235 eurot Hinna sees: Ruumi rent 3 tundi Programmid, mille hulgast valida: &#8220;Elav postkaart&#8221;, [&hellip;]<\/p>\n","protected":false},"author":2,"featured_media":0,"parent":0,"menu_order":0,"comment_status":"closed","ping_status":"closed","template":"","meta":{"_acf_changed":false,"jetpack_post_was_ever_published":false,"footnotes":""},"class_list":["post-2282","page","type-page","status-publish","hentry"],"acf":[],"yoast_head":"<!-- This site is optimized with the Yoast SEO plugin v24.6 - https:\/\/yoast.com\/wordpress\/plugins\/seo\/ -->\n<title>Pidu k\u00f5ige v\u00e4ikestele lastele - LapsiLopsi<\/title>\n<meta name=\"description\" content=\"See peopakett sobib lastele vanuses 1 kuni 3 aastat. D\u00fcnaamiline &quot;Elav Kaart&quot; lemmiktegelasega j\u00e4tab elava mulje ja ei tee v\u00e4ikesele s\u00fcnnip\u00e4evalapsele igavaks. Lihtne ja tervislik s\u00f6\u00f6k oleks hea maiuspala. Ja \u00f5hupallid on v\u00e4ikestele k\u00fclalistele v\u00e4ga l\u00f5busad.\" \/>\n<meta name=\"robots\" content=\"index, follow, max-snippet:-1, max-image-preview:large, max-video-preview:-1\" \/>\n<link rel=\"canonical\" href=\"https:\/\/lapsilopsi.ee\/et\/pidu-koige-vaikestele-lastele\/\" \/>\n<meta property=\"og:locale\" content=\"et_EE\" \/>\n<meta property=\"og:type\" content=\"article\" \/>\n<meta property=\"og:title\" content=\"Pidu k\u00f5ige v\u00e4ikestele lastele - LapsiLopsi\" \/>\n<meta property=\"og:description\" content=\"See peopakett sobib lastele vanuses 1 kuni 3 aastat. D\u00fcnaamiline &quot;Elav Kaart&quot; lemmiktegelasega j\u00e4tab elava mulje ja ei tee v\u00e4ikesele s\u00fcnnip\u00e4evalapsele igavaks. Lihtne ja tervislik s\u00f6\u00f6k oleks hea maiuspala. Ja \u00f5hupallid on v\u00e4ikestele k\u00fclalistele v\u00e4ga l\u00f5busad.\" \/>\n<meta property=\"og:url\" content=\"https:\/\/lapsilopsi.ee\/et\/pidu-koige-vaikestele-lastele\/\" \/>\n<meta property=\"og:site_name\" content=\"LapsiLopsi\" \/>\n<meta property=\"article:modified_time\" content=\"2026-01-13T21:03:54+00:00\" \/>\n<meta property=\"og:image\" content=\"https:\/\/lapsilopsi.ee\/wp-content\/uploads\/2020\/02\/img-417367ec3db94c75f909fa0c4db637f1-v.jpg\" \/>\n<meta name=\"twitter:card\" content=\"summary_large_image\" \/>\n<meta name=\"twitter:label1\" content=\"Est. reading time\" \/>\n\t<meta name=\"twitter:data1\" content=\"1 minut\" \/>\n<script type=\"application\/ld+json\" class=\"yoast-schema-graph\">{\"@context\":\"https:\/\/schema.org\",\"@graph\":[{\"@type\":\"WebPage\",\"@id\":\"https:\/\/lapsilopsi.ee\/et\/pidu-koige-vaikestele-lastele\/\",\"url\":\"https:\/\/lapsilopsi.ee\/et\/pidu-koige-vaikestele-lastele\/\",\"name\":\"Pidu k\u00f5ige v\u00e4ikestele lastele - LapsiLopsi\",\"isPartOf\":{\"@id\":\"https:\/\/lapsilopsi.ee\/et\/#website\"},\"datePublished\":\"2020-03-04T13:49:34+00:00\",\"dateModified\":\"2026-01-13T21:03:54+00:00\",\"description\":\"See peopakett sobib lastele vanuses 1 kuni 3 aastat. D\u00fcnaamiline \\\"Elav Kaart\\\" lemmiktegelasega j\u00e4tab elava mulje ja ei tee v\u00e4ikesele s\u00fcnnip\u00e4evalapsele igavaks. Lihtne ja tervislik s\u00f6\u00f6k oleks hea maiuspala. Ja \u00f5hupallid on v\u00e4ikestele k\u00fclalistele v\u00e4ga l\u00f5busad.\",\"breadcrumb\":{\"@id\":\"https:\/\/lapsilopsi.ee\/et\/pidu-koige-vaikestele-lastele\/#breadcrumb\"},\"inLanguage\":\"et\",\"potentialAction\":[{\"@type\":\"ReadAction\",\"target\":[\"https:\/\/lapsilopsi.ee\/et\/pidu-koige-vaikestele-lastele\/\"]}]},{\"@type\":\"BreadcrumbList\",\"@id\":\"https:\/\/lapsilopsi.ee\/et\/pidu-koige-vaikestele-lastele\/#breadcrumb\",\"itemListElement\":[{\"@type\":\"ListItem\",\"position\":1,\"name\":\"Home\",\"item\":\"https:\/\/lapsilopsi.ee\/et\/\"},{\"@type\":\"ListItem\",\"position\":2,\"name\":\"Pidu k\u00f5ige v\u00e4ikestele lastele\"}]},{\"@type\":\"WebSite\",\"@id\":\"https:\/\/lapsilopsi.ee\/et\/#website\",\"url\":\"https:\/\/lapsilopsi.ee\/et\/\",\"name\":\"LapsiLopsi\",\"description\":\"Puhkame k\u00f5ik koos!\",\"publisher\":{\"@id\":\"https:\/\/lapsilopsi.ee\/et\/#organization\"},\"potentialAction\":[{\"@type\":\"SearchAction\",\"target\":{\"@type\":\"EntryPoint\",\"urlTemplate\":\"https:\/\/lapsilopsi.ee\/et\/?s={search_term_string}\"},\"query-input\":{\"@type\":\"PropertyValueSpecification\",\"valueRequired\":true,\"valueName\":\"search_term_string\"}}],\"inLanguage\":\"et\"},{\"@type\":\"Organization\",\"@id\":\"https:\/\/lapsilopsi.ee\/et\/#organization\",\"name\":\"LapsiLopsi\",\"url\":\"https:\/\/lapsilopsi.ee\/et\/\",\"logo\":{\"@type\":\"ImageObject\",\"inLanguage\":\"et\",\"@id\":\"https:\/\/lapsilopsi.ee\/et\/#\/schema\/logo\/image\/\",\"url\":\"https:\/\/lapsilopsi.ee\/wp-content\/uploads\/2022\/10\/lapsi-lapsi.jpg\",\"contentUrl\":\"https:\/\/lapsilopsi.ee\/wp-content\/uploads\/2022\/10\/lapsi-lapsi.jpg\",\"width\":699,\"height\":181,\"caption\":\"LapsiLopsi\"},\"image\":{\"@id\":\"https:\/\/lapsilopsi.ee\/et\/#\/schema\/logo\/image\/\"}}]}<\/script>\n<!-- \/ Yoast SEO plugin. -->","yoast_head_json":{"title":"Pidu k\u00f5ige v\u00e4ikestele lastele - LapsiLopsi","description":"See peopakett sobib lastele vanuses 1 kuni 3 aastat. D\u00fcnaamiline \"Elav Kaart\" lemmiktegelasega j\u00e4tab elava mulje ja ei tee v\u00e4ikesele s\u00fcnnip\u00e4evalapsele igavaks. Lihtne ja tervislik s\u00f6\u00f6k oleks hea maiuspala. Ja \u00f5hupallid on v\u00e4ikestele k\u00fclalistele v\u00e4ga l\u00f5busad.","robots":{"index":"index","follow":"follow","max-snippet":"max-snippet:-1","max-image-preview":"max-image-preview:large","max-video-preview":"max-video-preview:-1"},"canonical":"https:\/\/lapsilopsi.ee\/et\/pidu-koige-vaikestele-lastele\/","og_locale":"et_EE","og_type":"article","og_title":"Pidu k\u00f5ige v\u00e4ikestele lastele - LapsiLopsi","og_description":"See peopakett sobib lastele vanuses 1 kuni 3 aastat. D\u00fcnaamiline \"Elav Kaart\" lemmiktegelasega j\u00e4tab elava mulje ja ei tee v\u00e4ikesele s\u00fcnnip\u00e4evalapsele igavaks. Lihtne ja tervislik s\u00f6\u00f6k oleks hea maiuspala. Ja \u00f5hupallid on v\u00e4ikestele k\u00fclalistele v\u00e4ga l\u00f5busad.","og_url":"https:\/\/lapsilopsi.ee\/et\/pidu-koige-vaikestele-lastele\/","og_site_name":"LapsiLopsi","article_modified_time":"2026-01-13T21:03:54+00:00","og_image":[{"url":"https:\/\/lapsilopsi.ee\/wp-content\/uploads\/2020\/02\/img-417367ec3db94c75f909fa0c4db637f1-v.jpg","type":"","width":"","height":""}],"twitter_card":"summary_large_image","twitter_misc":{"Est. reading time":"1 minut"},"schema":{"@context":"https:\/\/schema.org","@graph":[{"@type":"WebPage","@id":"https:\/\/lapsilopsi.ee\/et\/pidu-koige-vaikestele-lastele\/","url":"https:\/\/lapsilopsi.ee\/et\/pidu-koige-vaikestele-lastele\/","name":"Pidu k\u00f5ige v\u00e4ikestele lastele - LapsiLopsi","isPartOf":{"@id":"https:\/\/lapsilopsi.ee\/et\/#website"},"datePublished":"2020-03-04T13:49:34+00:00","dateModified":"2026-01-13T21:03:54+00:00","description":"See peopakett sobib lastele vanuses 1 kuni 3 aastat. D\u00fcnaamiline \"Elav Kaart\" lemmiktegelasega j\u00e4tab elava mulje ja ei tee v\u00e4ikesele s\u00fcnnip\u00e4evalapsele igavaks. Lihtne ja tervislik s\u00f6\u00f6k oleks hea maiuspala. Ja \u00f5hupallid on v\u00e4ikestele k\u00fclalistele v\u00e4ga l\u00f5busad.","breadcrumb":{"@id":"https:\/\/lapsilopsi.ee\/et\/pidu-koige-vaikestele-lastele\/#breadcrumb"},"inLanguage":"et","potentialAction":[{"@type":"ReadAction","target":["https:\/\/lapsilopsi.ee\/et\/pidu-koige-vaikestele-lastele\/"]}]},{"@type":"BreadcrumbList","@id":"https:\/\/lapsilopsi.ee\/et\/pidu-koige-vaikestele-lastele\/#breadcrumb","itemListElement":[{"@type":"ListItem","position":1,"name":"Home","item":"https:\/\/lapsilopsi.ee\/et\/"},{"@type":"ListItem","position":2,"name":"Pidu k\u00f5ige v\u00e4ikestele lastele"}]},{"@type":"WebSite","@id":"https:\/\/lapsilopsi.ee\/et\/#website","url":"https:\/\/lapsilopsi.ee\/et\/","name":"LapsiLopsi","description":"Puhkame k\u00f5ik koos!","publisher":{"@id":"https:\/\/lapsilopsi.ee\/et\/#organization"},"potentialAction":[{"@type":"SearchAction","target":{"@type":"EntryPoint","urlTemplate":"https:\/\/lapsilopsi.ee\/et\/?s={search_term_string}"},"query-input":{"@type":"PropertyValueSpecification","valueRequired":true,"valueName":"search_term_string"}}],"inLanguage":"et"},{"@type":"Organization","@id":"https:\/\/lapsilopsi.ee\/et\/#organization","name":"LapsiLopsi","url":"https:\/\/lapsilopsi.ee\/et\/","logo":{"@type":"ImageObject","inLanguage":"et","@id":"https:\/\/lapsilopsi.ee\/et\/#\/schema\/logo\/image\/","url":"https:\/\/lapsilopsi.ee\/wp-content\/uploads\/2022\/10\/lapsi-lapsi.jpg","contentUrl":"https:\/\/lapsilopsi.ee\/wp-content\/uploads\/2022\/10\/lapsi-lapsi.jpg","width":699,"height":181,"caption":"LapsiLopsi"},"image":{"@id":"https:\/\/lapsilopsi.ee\/et\/#\/schema\/logo\/image\/"}}]}},"jetpack_sharing_enabled":true,"jetpack_shortlink":"https:\/\/wp.me\/PafPRj-AO","_links":{"self":[{"href":"https:\/\/lapsilopsi.ee\/et\/wp-json\/wp\/v2\/pages\/2282","targetHints":{"allow":["GET"]}}],"collection":[{"href":"https:\/\/lapsilopsi.ee\/et\/wp-json\/wp\/v2\/pages"}],"about":[{"href":"https:\/\/lapsilopsi.ee\/et\/wp-json\/wp\/v2\/types\/page"}],"author":[{"embeddable":true,"href":"https:\/\/lapsilopsi.ee\/et\/wp-json\/wp\/v2\/users\/2"}],"replies":[{"embeddable":true,"href":"https:\/\/lapsilopsi.ee\/et\/wp-json\/wp\/v2\/comments?post=2282"}],"version-history":[{"count":32,"href":"https:\/\/lapsilopsi.ee\/et\/wp-json\/wp\/v2\/pages\/2282\/revisions"}],"predecessor-version":[{"id":15237,"href":"https:\/\/lapsilopsi.ee\/et\/wp-json\/wp\/v2\/pages\/2282\/revisions\/15237"}],"wp:attachment":[{"href":"https:\/\/lapsilopsi.ee\/et\/wp-json\/wp\/v2\/media?parent=2282"}],"curies":[{"name":"wp","href":"https:\/\/api.w.org\/{rel}","templated":true}]}}