{"id":2277,"date":"2020-03-04T16:36:01","date_gmt":"2020-03-04T13:36:01","guid":{"rendered":"https:\/\/lapsilopsi.ee\/disco-pidu\/"},"modified":"2025-01-17T01:15:41","modified_gmt":"2025-01-16T22:15:41","slug":"disco-pidu","status":"publish","type":"page","link":"https:\/\/lapsilopsi.ee\/et\/disco-pidu\/","title":{"rendered":"Disco pidu"},"content":{"rendered":"<p>Hind 270 eurot<\/p>\r\n<p><!-- \/wp:paragraph --><\/p>\r\n<p><!-- wp:paragraph --><\/p>\r\n<p>Hinna sees:<\/p>\r\n<p><!-- \/wp:paragraph --><\/p>\r\n<p><!-- wp:list {\"ordered\":true} --><\/p>\r\n<ol>\r\n<li>Ruumi rent 3 tundi<\/li>\r\n<li>Programm &#8220;H\u00f5be show&#8221; <a href=\"https:\/\/www.facebook.com\/happykidstallinn\/\" target=\"_blank\" rel=\"noopener noreferrer\">Happy Kids Tallinn<\/a> poolt See on imeline disco 1 tund<\/li>\r\n<li>Kohvimasin + kohvioad, piim, suhkur<\/li>\r\n<li>5 suurt \u00f5hukest pizzat teie <a href=\"https:\/\/lapsilopsi.ee\/et\/menuu\/\">valikul<\/a><\/li>\r\n<li>pehme j\u00e4\u00e4tis<\/li>\r\n<li>Vagen frii kartili, kana nagitsate ja lihapallidega<\/li>\r\n<li>marjamahl ja joogivesi,<\/li>\r\n<li>K\u00f5ik n\u00f5ud (mitte \u00fchekordne), k\u00f5rred , salfr\u00e4tikud<\/li>\r\n<li>Koristus<\/li>\r\n<\/ol>\r\n<p><!-- \/wp:list --><\/p>\r\n<p><!-- wp:paragraph --><\/p>\r\n<p>Broneeringu tasu 65 euro<\/p>\r\n<p>Maksimaalne inimeste arv: 12 last \u0438 12 t\u00e4iskasvanu<\/p>\r\n<p><!-- \/wp:paragraph --><\/p>\r\n<p><!-- wp:paragraph --><\/p>\r\n<p>Lisa s\u00f6\u00f6k ja jook saab tellida kohapeal. Soodustus pizzadele 15%<\/p>\r\n<p><!-- \/wp:paragraph --><\/p>\r\n<p><!-- wp:paragraph --><\/p>\r\n<p>Ruumis on k\u00f5ik vajalik kvaliteetne banketi n\u00f5ud: noad, kahvlid, lusikad, taldrikud, klaasid, tassid, salfr\u00e4tikud, kausid, vaagnad, vaasid jne. \u00dchekordne n\u00f5ud ei pea kaasa v\u00f5tta! \u00dchekordne n\u00f5ud ei pea kaasa v\u00f5tta!<\/p>\r\n<p>NB! &#8220;H\u00f5beshow&#8221; peojuht ilma kost\u00fc\u00fcmita<\/p>\r\n<p><!-- \/wp:paragraph --><\/p>\r\n<p><!-- wp:paragraph --><\/p>\r\n<p><strong>Meie juures saab maksta kaardiga!<\/strong><\/p>\r\n<p><a href=\"https:\/\/lapsilopsi.ee\/et\/toode\/booking\/\" target=\"_blank\" rel=\"noopener noreferrer\">Broneeri siin<\/a><\/p>\r\n<p><div class=\"jetpack-video-wrapper\"><iframe loading=\"lazy\" title=\"\u0421\u0443\u043f\u0435\u0440\u043f\u0440\u0430\u0437\u0434\u043d\u0438\u043a \u0432 \u041b\u0430\u043f\u0441\u0438\u041b\u043e\u043f\u0441\u0438 03.08.2020\" width=\"842\" height=\"474\" src=\"https:\/\/www.youtube.com\/embed\/GK8TEONBC_4?feature=oembed\" frameborder=\"0\" allow=\"accelerometer; autoplay; clipboard-write; encrypted-media; gyroscope; picture-in-picture; web-share\" referrerpolicy=\"strict-origin-when-cross-origin\" allowfullscreen><\/iframe><\/div><\/p>\r\n\n\t\t<style type=\"text\/css\">\n\t\t\t#gallery-1 {\n\t\t\t\tmargin: auto;\n\t\t\t}\n\t\t\t#gallery-1 .gallery-item {\n\t\t\t\tfloat: left;\n\t\t\t\tmargin-top: 10px;\n\t\t\t\ttext-align: center;\n\t\t\t\twidth: 33%;\n\t\t\t}\n\t\t\t#gallery-1 img {\n\t\t\t\tborder: 2px solid #cfcfcf;\n\t\t\t}\n\t\t\t#gallery-1 .gallery-caption {\n\t\t\t\tmargin-left: 0;\n\t\t\t}\n\t\t\t\/* see gallery_shortcode() in wp-includes\/media.php *\/\n\t\t<\/style>\n\t\t<div id='gallery-1' class='gallery galleryid-2277 gallery-columns-3 gallery-size-large'><dl class='gallery-item'>\n\t\t\t<dt class='gallery-icon landscape'>\n\t\t\t\t<a href='https:\/\/lapsilopsi.ee\/wp-content\/uploads\/2020\/02\/dsc_0015.png'><img loading=\"lazy\" decoding=\"async\" width=\"842\" height=\"729\" src=\"https:\/\/lapsilopsi.ee\/wp-content\/uploads\/2020\/02\/dsc_0015-1024x887.png\" class=\"attachment-large size-large\" alt=\"\" srcset=\"https:\/\/lapsilopsi.ee\/wp-content\/uploads\/2020\/02\/dsc_0015-1024x887.png 1024w, https:\/\/lapsilopsi.ee\/wp-content\/uploads\/2020\/02\/dsc_0015-300x260.png 300w, https:\/\/lapsilopsi.ee\/wp-content\/uploads\/2020\/02\/dsc_0015-768x665.png 768w, https:\/\/lapsilopsi.ee\/wp-content\/uploads\/2020\/02\/dsc_0015-1536x1331.png 1536w, https:\/\/lapsilopsi.ee\/wp-content\/uploads\/2020\/02\/dsc_0015-2048x1774.png 2048w, https:\/\/lapsilopsi.ee\/wp-content\/uploads\/2020\/02\/dsc_0015-842x729.png 842w, https:\/\/lapsilopsi.ee\/wp-content\/uploads\/2020\/02\/dsc_0015-600x520.png 600w\" sizes=\"auto, (max-width: 842px) 100vw, 842px\" \/><\/a>\n\t\t\t<\/dt><\/dl><dl class='gallery-item'>\n\t\t\t<dt class='gallery-icon landscape'>\n\t\t\t\t<a href='https:\/\/lapsilopsi.ee\/wp-content\/uploads\/2020\/02\/dsc_0022.png'><img loading=\"lazy\" decoding=\"async\" width=\"842\" height=\"722\" src=\"https:\/\/lapsilopsi.ee\/wp-content\/uploads\/2020\/02\/dsc_0022-1024x878.png\" class=\"attachment-large size-large\" alt=\"\" srcset=\"https:\/\/lapsilopsi.ee\/wp-content\/uploads\/2020\/02\/dsc_0022-1024x878.png 1024w, https:\/\/lapsilopsi.ee\/wp-content\/uploads\/2020\/02\/dsc_0022-300x257.png 300w, https:\/\/lapsilopsi.ee\/wp-content\/uploads\/2020\/02\/dsc_0022-768x659.png 768w, https:\/\/lapsilopsi.ee\/wp-content\/uploads\/2020\/02\/dsc_0022-1536x1317.png 1536w, https:\/\/lapsilopsi.ee\/wp-content\/uploads\/2020\/02\/dsc_0022-842x722.png 842w, https:\/\/lapsilopsi.ee\/wp-content\/uploads\/2020\/02\/dsc_0022-600x515.png 600w, https:\/\/lapsilopsi.ee\/wp-content\/uploads\/2020\/02\/dsc_0022.png 2000w\" sizes=\"auto, (max-width: 842px) 100vw, 842px\" \/><\/a>\n\t\t\t<\/dt><\/dl>\n\t\t\t<br style='clear: both' \/>\n\t\t<\/div>\n\r\n<p>&nbsp;<\/p>","protected":false},"excerpt":{"rendered":"<p>Hind 270 eurot Hinna sees: Ruumi rent 3 tundi Programm &#8220;H\u00f5be show&#8221; Happy Kids Tallinn poolt See on imeline disco 1 tund Kohvimasin + kohvioad, piim, suhkur 5 suurt \u00f5hukest pizzat teie valikul pehme j\u00e4\u00e4tis Vagen frii kartili, kana nagitsate ja lihapallidega marjamahl ja joogivesi, K\u00f5ik n\u00f5ud (mitte \u00fchekordne), k\u00f5rred , salfr\u00e4tikud Koristus Broneeringu tasu [&hellip;]<\/p>\n","protected":false},"author":2,"featured_media":0,"parent":0,"menu_order":0,"comment_status":"closed","ping_status":"closed","template":"","meta":{"_acf_changed":false,"jetpack_post_was_ever_published":true,"footnotes":""},"class_list":["post-2277","page","type-page","status-publish","hentry"],"acf":[],"yoast_head":"<!-- This site is optimized with the Yoast SEO plugin v24.6 - https:\/\/yoast.com\/wordpress\/plugins\/seo\/ -->\n<title>Disco pidu - LapsiLopsi<\/title>\n<meta name=\"robots\" content=\"index, follow, max-snippet:-1, max-image-preview:large, max-video-preview:-1\" \/>\n<link rel=\"canonical\" href=\"https:\/\/lapsilopsi.ee\/et\/disco-pidu\/\" \/>\n<meta property=\"og:locale\" content=\"et_EE\" \/>\n<meta property=\"og:type\" content=\"article\" \/>\n<meta property=\"og:title\" content=\"Disco pidu - LapsiLopsi\" \/>\n<meta property=\"og:description\" content=\"Hind 270 eurot Hinna sees: Ruumi rent 3 tundi Programm &#8220;H\u00f5be show&#8221; Happy Kids Tallinn poolt See on imeline disco 1 tund Kohvimasin + kohvioad, piim, suhkur 5 suurt \u00f5hukest pizzat teie valikul pehme j\u00e4\u00e4tis Vagen frii kartili, kana nagitsate ja lihapallidega marjamahl ja joogivesi, K\u00f5ik n\u00f5ud (mitte \u00fchekordne), k\u00f5rred , salfr\u00e4tikud Koristus Broneeringu tasu [&hellip;]\" \/>\n<meta property=\"og:url\" content=\"https:\/\/lapsilopsi.ee\/et\/disco-pidu\/\" \/>\n<meta property=\"og:site_name\" content=\"LapsiLopsi\" \/>\n<meta property=\"article:modified_time\" content=\"2025-01-16T22:15:41+00:00\" \/>\n<meta property=\"og:image\" content=\"https:\/\/lapsilopsi.ee\/wp-content\/uploads\/2022\/10\/logo-lapsi.png\" \/>\n<meta name=\"twitter:card\" content=\"summary_large_image\" \/>\n<meta name=\"twitter:label1\" content=\"Est. reading time\" \/>\n\t<meta name=\"twitter:data1\" content=\"1 minut\" \/>\n<script type=\"application\/ld+json\" class=\"yoast-schema-graph\">{\"@context\":\"https:\/\/schema.org\",\"@graph\":[{\"@type\":\"WebPage\",\"@id\":\"https:\/\/lapsilopsi.ee\/et\/disco-pidu\/\",\"url\":\"https:\/\/lapsilopsi.ee\/et\/disco-pidu\/\",\"name\":\"Disco pidu - LapsiLopsi\",\"isPartOf\":{\"@id\":\"https:\/\/lapsilopsi.ee\/et\/#website\"},\"datePublished\":\"2020-03-04T13:36:01+00:00\",\"dateModified\":\"2025-01-16T22:15:41+00:00\",\"breadcrumb\":{\"@id\":\"https:\/\/lapsilopsi.ee\/et\/disco-pidu\/#breadcrumb\"},\"inLanguage\":\"et\",\"potentialAction\":[{\"@type\":\"ReadAction\",\"target\":[\"https:\/\/lapsilopsi.ee\/et\/disco-pidu\/\"]}]},{\"@type\":\"BreadcrumbList\",\"@id\":\"https:\/\/lapsilopsi.ee\/et\/disco-pidu\/#breadcrumb\",\"itemListElement\":[{\"@type\":\"ListItem\",\"position\":1,\"name\":\"Home\",\"item\":\"https:\/\/lapsilopsi.ee\/et\/\"},{\"@type\":\"ListItem\",\"position\":2,\"name\":\"Disco pidu\"}]},{\"@type\":\"WebSite\",\"@id\":\"https:\/\/lapsilopsi.ee\/et\/#website\",\"url\":\"https:\/\/lapsilopsi.ee\/et\/\",\"name\":\"LapsiLopsi\",\"description\":\"Puhkame k\u00f5ik koos!\",\"publisher\":{\"@id\":\"https:\/\/lapsilopsi.ee\/et\/#organization\"},\"potentialAction\":[{\"@type\":\"SearchAction\",\"target\":{\"@type\":\"EntryPoint\",\"urlTemplate\":\"https:\/\/lapsilopsi.ee\/et\/?s={search_term_string}\"},\"query-input\":{\"@type\":\"PropertyValueSpecification\",\"valueRequired\":true,\"valueName\":\"search_term_string\"}}],\"inLanguage\":\"et\"},{\"@type\":\"Organization\",\"@id\":\"https:\/\/lapsilopsi.ee\/et\/#organization\",\"name\":\"LapsiLopsi\",\"url\":\"https:\/\/lapsilopsi.ee\/et\/\",\"logo\":{\"@type\":\"ImageObject\",\"inLanguage\":\"et\",\"@id\":\"https:\/\/lapsilopsi.ee\/et\/#\/schema\/logo\/image\/\",\"url\":\"https:\/\/lapsilopsi.ee\/wp-content\/uploads\/2022\/10\/lapsi-lapsi.jpg\",\"contentUrl\":\"https:\/\/lapsilopsi.ee\/wp-content\/uploads\/2022\/10\/lapsi-lapsi.jpg\",\"width\":699,\"height\":181,\"caption\":\"LapsiLopsi\"},\"image\":{\"@id\":\"https:\/\/lapsilopsi.ee\/et\/#\/schema\/logo\/image\/\"}}]}<\/script>\n<!-- \/ Yoast SEO plugin. -->","yoast_head_json":{"title":"Disco pidu - LapsiLopsi","robots":{"index":"index","follow":"follow","max-snippet":"max-snippet:-1","max-image-preview":"max-image-preview:large","max-video-preview":"max-video-preview:-1"},"canonical":"https:\/\/lapsilopsi.ee\/et\/disco-pidu\/","og_locale":"et_EE","og_type":"article","og_title":"Disco pidu - LapsiLopsi","og_description":"Hind 270 eurot Hinna sees: Ruumi rent 3 tundi Programm &#8220;H\u00f5be show&#8221; Happy Kids Tallinn poolt See on imeline disco 1 tund Kohvimasin + kohvioad, piim, suhkur 5 suurt \u00f5hukest pizzat teie valikul pehme j\u00e4\u00e4tis Vagen frii kartili, kana nagitsate ja lihapallidega marjamahl ja joogivesi, K\u00f5ik n\u00f5ud (mitte \u00fchekordne), k\u00f5rred , salfr\u00e4tikud Koristus Broneeringu tasu [&hellip;]","og_url":"https:\/\/lapsilopsi.ee\/et\/disco-pidu\/","og_site_name":"LapsiLopsi","article_modified_time":"2025-01-16T22:15:41+00:00","og_image":[{"url":"https:\/\/lapsilopsi.ee\/wp-content\/uploads\/2022\/10\/logo-lapsi.png","type":"","width":"","height":""}],"twitter_card":"summary_large_image","twitter_misc":{"Est. reading time":"1 minut"},"schema":{"@context":"https:\/\/schema.org","@graph":[{"@type":"WebPage","@id":"https:\/\/lapsilopsi.ee\/et\/disco-pidu\/","url":"https:\/\/lapsilopsi.ee\/et\/disco-pidu\/","name":"Disco pidu - LapsiLopsi","isPartOf":{"@id":"https:\/\/lapsilopsi.ee\/et\/#website"},"datePublished":"2020-03-04T13:36:01+00:00","dateModified":"2025-01-16T22:15:41+00:00","breadcrumb":{"@id":"https:\/\/lapsilopsi.ee\/et\/disco-pidu\/#breadcrumb"},"inLanguage":"et","potentialAction":[{"@type":"ReadAction","target":["https:\/\/lapsilopsi.ee\/et\/disco-pidu\/"]}]},{"@type":"BreadcrumbList","@id":"https:\/\/lapsilopsi.ee\/et\/disco-pidu\/#breadcrumb","itemListElement":[{"@type":"ListItem","position":1,"name":"Home","item":"https:\/\/lapsilopsi.ee\/et\/"},{"@type":"ListItem","position":2,"name":"Disco pidu"}]},{"@type":"WebSite","@id":"https:\/\/lapsilopsi.ee\/et\/#website","url":"https:\/\/lapsilopsi.ee\/et\/","name":"LapsiLopsi","description":"Puhkame k\u00f5ik koos!","publisher":{"@id":"https:\/\/lapsilopsi.ee\/et\/#organization"},"potentialAction":[{"@type":"SearchAction","target":{"@type":"EntryPoint","urlTemplate":"https:\/\/lapsilopsi.ee\/et\/?s={search_term_string}"},"query-input":{"@type":"PropertyValueSpecification","valueRequired":true,"valueName":"search_term_string"}}],"inLanguage":"et"},{"@type":"Organization","@id":"https:\/\/lapsilopsi.ee\/et\/#organization","name":"LapsiLopsi","url":"https:\/\/lapsilopsi.ee\/et\/","logo":{"@type":"ImageObject","inLanguage":"et","@id":"https:\/\/lapsilopsi.ee\/et\/#\/schema\/logo\/image\/","url":"https:\/\/lapsilopsi.ee\/wp-content\/uploads\/2022\/10\/lapsi-lapsi.jpg","contentUrl":"https:\/\/lapsilopsi.ee\/wp-content\/uploads\/2022\/10\/lapsi-lapsi.jpg","width":699,"height":181,"caption":"LapsiLopsi"},"image":{"@id":"https:\/\/lapsilopsi.ee\/et\/#\/schema\/logo\/image\/"}}]}},"jetpack_sharing_enabled":true,"jetpack_shortlink":"https:\/\/wp.me\/PafPRj-AJ","_links":{"self":[{"href":"https:\/\/lapsilopsi.ee\/et\/wp-json\/wp\/v2\/pages\/2277","targetHints":{"allow":["GET"]}}],"collection":[{"href":"https:\/\/lapsilopsi.ee\/et\/wp-json\/wp\/v2\/pages"}],"about":[{"href":"https:\/\/lapsilopsi.ee\/et\/wp-json\/wp\/v2\/types\/page"}],"author":[{"embeddable":true,"href":"https:\/\/lapsilopsi.ee\/et\/wp-json\/wp\/v2\/users\/2"}],"replies":[{"embeddable":true,"href":"https:\/\/lapsilopsi.ee\/et\/wp-json\/wp\/v2\/comments?post=2277"}],"version-history":[{"count":20,"href":"https:\/\/lapsilopsi.ee\/et\/wp-json\/wp\/v2\/pages\/2277\/revisions"}],"predecessor-version":[{"id":13657,"href":"https:\/\/lapsilopsi.ee\/et\/wp-json\/wp\/v2\/pages\/2277\/revisions\/13657"}],"wp:attachment":[{"href":"https:\/\/lapsilopsi.ee\/et\/wp-json\/wp\/v2\/media?parent=2277"}],"curies":[{"name":"wp","href":"https:\/\/api.w.org\/{rel}","templated":true}]}}