{"id":220,"date":"2018-10-31T11:34:48","date_gmt":"2018-10-31T08:34:48","guid":{"rendered":"http:\/\/lapsilopsi.ee\/hinnakiri\/"},"modified":"2025-01-18T14:03:08","modified_gmt":"2025-01-18T11:03:08","slug":"hinnakiri","status":"publish","type":"page","link":"https:\/\/lapsilopsi.ee\/et\/hinnakiri\/","title":{"rendered":"Vabak\u00fclastus"},"content":{"rendered":"<h2><strong>Vabak\u00fclastuse hind on 5 eurot. <\/strong><\/h2>\n<p>Vabak\u00fclastus 10.00-21.00 tingimusel, et saal ei ole broneeritud peoks . Seda saate teada, kui helistate pitsarestoranile <em><strong>+372 55923222<\/strong><\/em> v\u00f5i k\u00fclastate meie <a href=\"https:\/\/www.facebook.com\/lapsilopsilinnamae\">Facebooki<\/a> lehek\u00fclge.<\/p>\n<p>Hinnas sisaldub &#8211; viibimine saalis kuni 2 tundi (kui broneeringugraafik seda v\u00f5imaldab &#8211; kindlasti t\u00e4psustage saabumisel pizzameistrilt) + tasuta vesi, kohv ja tee. Laste saali saab tellida toitu pizzeriast. <strong>Nii et saate s\u00fc\u00fca ja m\u00e4ngida!<\/strong><\/p>\n<ul>\n<li>\u00dchekordsele k\u00fclla kutsume ka suuremaid lapsi. Meil on lauam\u00e4ngud, m\u00e4ngukonsool, suur teler filmi vaatamiseks ja tasuta wifi.<\/li>\n<\/ul>\n<h2><strong>Vabak\u00fclastuse reeglid:<\/strong><\/h2>\n<ol>\n<li>Lastetuppa tulles n\u00f5ustud k\u00f5igi reeglitega<\/li>\n<li>Lastetoas on videovalve.<\/li>\n<li>Tasuline sissep\u00e4\u00e4s lastele vanuses 0 kuni 18 aastat.<\/li>\n<li>Saalis viibimine kuni 2 tundi.<\/li>\n<li>Lapsevanemale tasuta kohv ja tee.<\/li>\n<li>S\u00f6\u00f6me ja joome ainult laudades.<\/li>\n<li>S\u00f6\u00f6ki ja jooke ise kaasa v\u00f5tta ei saa.<\/li>\n<li>Asetage mustad n\u00f5ud mustadesse kandikutesse.<\/li>\n<li>Hoiame puhtust.<\/li>\n<li>Hoolitseme m\u00e4nguasjade eest v\u00e4ga.<\/li>\n<li>Iga vanem vastutab oma lapse k\u00e4itumise ja turvalisuse eest.<\/li>\n<li>Hoiame v\u00e4lisukse alati suletuna.<\/li>\n<li>Me k\u00e4itume s\u00f5bralikult.<\/li>\n<li>Muid m\u00e4nguasju me pallidega basseini ei viska.<\/li>\n<li>Me ei viska palle basseinist v\u00e4lja.<\/li>\n<li>Palun \u00e4rge loobige m\u00e4nguasju.<\/li>\n<li>Tunneme end koduselt.<\/li>\n<li>K\u00fcsige kindlasti t\u00f6\u00f6tajatelt: kuidas kohvimasinat kasutada, ruum on liiga k\u00fclm v\u00f5i kuum, midagi ei t\u00f6\u00f6ta h\u00e4sti v\u00f5i on katki<\/li>\n<\/ol>\n<h5><strong>Meie juures saab maksta kaardiga!<\/strong><\/h5>\n<h3><\/h3>\n","protected":false},"excerpt":{"rendered":"<p>Vabak\u00fclastuse hind on 5 eurot. Vabak\u00fclastus 10.00-21.00 tingimusel, et saal ei ole broneeritud peoks . Seda saate teada, kui helistate pitsarestoranile +372 55923222 v\u00f5i k\u00fclastate meie Facebooki lehek\u00fclge. Hinnas sisaldub &#8211; viibimine saalis kuni 2 tundi (kui broneeringugraafik seda v\u00f5imaldab &#8211; kindlasti t\u00e4psustage saabumisel pizzameistrilt) + tasuta vesi, kohv ja tee. Laste saali saab tellida [&hellip;]<\/p>\n","protected":false},"author":1,"featured_media":0,"parent":0,"menu_order":0,"comment_status":"closed","ping_status":"closed","template":"","meta":{"_acf_changed":false,"jetpack_post_was_ever_published":false,"footnotes":""},"class_list":["post-220","page","type-page","status-publish","hentry"],"acf":[],"yoast_head":"<!-- This site is optimized with the Yoast SEO plugin v24.6 - https:\/\/yoast.com\/wordpress\/plugins\/seo\/ -->\n<title>Vabak\u00fclastus - LapsiLopsi<\/title>\n<meta name=\"robots\" content=\"index, follow, max-snippet:-1, max-image-preview:large, max-video-preview:-1\" \/>\n<link rel=\"canonical\" href=\"https:\/\/lapsilopsi.ee\/et\/hinnakiri\/\" \/>\n<meta property=\"og:locale\" content=\"et_EE\" \/>\n<meta property=\"og:type\" content=\"article\" \/>\n<meta property=\"og:title\" content=\"Vabak\u00fclastus - LapsiLopsi\" \/>\n<meta property=\"og:description\" content=\"Vabak\u00fclastuse hind on 5 eurot. Vabak\u00fclastus 10.00-21.00 tingimusel, et saal ei ole broneeritud peoks . Seda saate teada, kui helistate pitsarestoranile +372 55923222 v\u00f5i k\u00fclastate meie Facebooki lehek\u00fclge. Hinnas sisaldub &#8211; viibimine saalis kuni 2 tundi (kui broneeringugraafik seda v\u00f5imaldab &#8211; kindlasti t\u00e4psustage saabumisel pizzameistrilt) + tasuta vesi, kohv ja tee. Laste saali saab tellida [&hellip;]\" \/>\n<meta property=\"og:url\" content=\"https:\/\/lapsilopsi.ee\/et\/hinnakiri\/\" \/>\n<meta property=\"og:site_name\" content=\"LapsiLopsi\" \/>\n<meta property=\"article:modified_time\" content=\"2025-01-18T11:03:08+00:00\" \/>\n<meta name=\"twitter:card\" content=\"summary_large_image\" \/>\n<meta name=\"twitter:label1\" content=\"Est. reading time\" \/>\n\t<meta name=\"twitter:data1\" content=\"2 minutit\" \/>\n<script type=\"application\/ld+json\" class=\"yoast-schema-graph\">{\"@context\":\"https:\/\/schema.org\",\"@graph\":[{\"@type\":\"WebPage\",\"@id\":\"https:\/\/lapsilopsi.ee\/et\/hinnakiri\/\",\"url\":\"https:\/\/lapsilopsi.ee\/et\/hinnakiri\/\",\"name\":\"Vabak\u00fclastus - LapsiLopsi\",\"isPartOf\":{\"@id\":\"https:\/\/lapsilopsi.ee\/et\/#website\"},\"datePublished\":\"2018-10-31T08:34:48+00:00\",\"dateModified\":\"2025-01-18T11:03:08+00:00\",\"breadcrumb\":{\"@id\":\"https:\/\/lapsilopsi.ee\/et\/hinnakiri\/#breadcrumb\"},\"inLanguage\":\"et\",\"potentialAction\":[{\"@type\":\"ReadAction\",\"target\":[\"https:\/\/lapsilopsi.ee\/et\/hinnakiri\/\"]}]},{\"@type\":\"BreadcrumbList\",\"@id\":\"https:\/\/lapsilopsi.ee\/et\/hinnakiri\/#breadcrumb\",\"itemListElement\":[{\"@type\":\"ListItem\",\"position\":1,\"name\":\"Home\",\"item\":\"https:\/\/lapsilopsi.ee\/et\/\"},{\"@type\":\"ListItem\",\"position\":2,\"name\":\"Vabak\u00fclastus\"}]},{\"@type\":\"WebSite\",\"@id\":\"https:\/\/lapsilopsi.ee\/et\/#website\",\"url\":\"https:\/\/lapsilopsi.ee\/et\/\",\"name\":\"LapsiLopsi\",\"description\":\"Puhkame k\u00f5ik koos!\",\"publisher\":{\"@id\":\"https:\/\/lapsilopsi.ee\/et\/#organization\"},\"potentialAction\":[{\"@type\":\"SearchAction\",\"target\":{\"@type\":\"EntryPoint\",\"urlTemplate\":\"https:\/\/lapsilopsi.ee\/et\/?s={search_term_string}\"},\"query-input\":{\"@type\":\"PropertyValueSpecification\",\"valueRequired\":true,\"valueName\":\"search_term_string\"}}],\"inLanguage\":\"et\"},{\"@type\":\"Organization\",\"@id\":\"https:\/\/lapsilopsi.ee\/et\/#organization\",\"name\":\"LapsiLopsi\",\"url\":\"https:\/\/lapsilopsi.ee\/et\/\",\"logo\":{\"@type\":\"ImageObject\",\"inLanguage\":\"et\",\"@id\":\"https:\/\/lapsilopsi.ee\/et\/#\/schema\/logo\/image\/\",\"url\":\"https:\/\/lapsilopsi.ee\/wp-content\/uploads\/2022\/10\/lapsi-lapsi.jpg\",\"contentUrl\":\"https:\/\/lapsilopsi.ee\/wp-content\/uploads\/2022\/10\/lapsi-lapsi.jpg\",\"width\":699,\"height\":181,\"caption\":\"LapsiLopsi\"},\"image\":{\"@id\":\"https:\/\/lapsilopsi.ee\/et\/#\/schema\/logo\/image\/\"}}]}<\/script>\n<!-- \/ Yoast SEO plugin. -->","yoast_head_json":{"title":"Vabak\u00fclastus - LapsiLopsi","robots":{"index":"index","follow":"follow","max-snippet":"max-snippet:-1","max-image-preview":"max-image-preview:large","max-video-preview":"max-video-preview:-1"},"canonical":"https:\/\/lapsilopsi.ee\/et\/hinnakiri\/","og_locale":"et_EE","og_type":"article","og_title":"Vabak\u00fclastus - LapsiLopsi","og_description":"Vabak\u00fclastuse hind on 5 eurot. Vabak\u00fclastus 10.00-21.00 tingimusel, et saal ei ole broneeritud peoks . Seda saate teada, kui helistate pitsarestoranile +372 55923222 v\u00f5i k\u00fclastate meie Facebooki lehek\u00fclge. Hinnas sisaldub &#8211; viibimine saalis kuni 2 tundi (kui broneeringugraafik seda v\u00f5imaldab &#8211; kindlasti t\u00e4psustage saabumisel pizzameistrilt) + tasuta vesi, kohv ja tee. Laste saali saab tellida [&hellip;]","og_url":"https:\/\/lapsilopsi.ee\/et\/hinnakiri\/","og_site_name":"LapsiLopsi","article_modified_time":"2025-01-18T11:03:08+00:00","twitter_card":"summary_large_image","twitter_misc":{"Est. reading time":"2 minutit"},"schema":{"@context":"https:\/\/schema.org","@graph":[{"@type":"WebPage","@id":"https:\/\/lapsilopsi.ee\/et\/hinnakiri\/","url":"https:\/\/lapsilopsi.ee\/et\/hinnakiri\/","name":"Vabak\u00fclastus - LapsiLopsi","isPartOf":{"@id":"https:\/\/lapsilopsi.ee\/et\/#website"},"datePublished":"2018-10-31T08:34:48+00:00","dateModified":"2025-01-18T11:03:08+00:00","breadcrumb":{"@id":"https:\/\/lapsilopsi.ee\/et\/hinnakiri\/#breadcrumb"},"inLanguage":"et","potentialAction":[{"@type":"ReadAction","target":["https:\/\/lapsilopsi.ee\/et\/hinnakiri\/"]}]},{"@type":"BreadcrumbList","@id":"https:\/\/lapsilopsi.ee\/et\/hinnakiri\/#breadcrumb","itemListElement":[{"@type":"ListItem","position":1,"name":"Home","item":"https:\/\/lapsilopsi.ee\/et\/"},{"@type":"ListItem","position":2,"name":"Vabak\u00fclastus"}]},{"@type":"WebSite","@id":"https:\/\/lapsilopsi.ee\/et\/#website","url":"https:\/\/lapsilopsi.ee\/et\/","name":"LapsiLopsi","description":"Puhkame k\u00f5ik koos!","publisher":{"@id":"https:\/\/lapsilopsi.ee\/et\/#organization"},"potentialAction":[{"@type":"SearchAction","target":{"@type":"EntryPoint","urlTemplate":"https:\/\/lapsilopsi.ee\/et\/?s={search_term_string}"},"query-input":{"@type":"PropertyValueSpecification","valueRequired":true,"valueName":"search_term_string"}}],"inLanguage":"et"},{"@type":"Organization","@id":"https:\/\/lapsilopsi.ee\/et\/#organization","name":"LapsiLopsi","url":"https:\/\/lapsilopsi.ee\/et\/","logo":{"@type":"ImageObject","inLanguage":"et","@id":"https:\/\/lapsilopsi.ee\/et\/#\/schema\/logo\/image\/","url":"https:\/\/lapsilopsi.ee\/wp-content\/uploads\/2022\/10\/lapsi-lapsi.jpg","contentUrl":"https:\/\/lapsilopsi.ee\/wp-content\/uploads\/2022\/10\/lapsi-lapsi.jpg","width":699,"height":181,"caption":"LapsiLopsi"},"image":{"@id":"https:\/\/lapsilopsi.ee\/et\/#\/schema\/logo\/image\/"}}]}},"jetpack_sharing_enabled":true,"jetpack_shortlink":"https:\/\/wp.me\/PafPRj-3y","_links":{"self":[{"href":"https:\/\/lapsilopsi.ee\/et\/wp-json\/wp\/v2\/pages\/220","targetHints":{"allow":["GET"]}}],"collection":[{"href":"https:\/\/lapsilopsi.ee\/et\/wp-json\/wp\/v2\/pages"}],"about":[{"href":"https:\/\/lapsilopsi.ee\/et\/wp-json\/wp\/v2\/types\/page"}],"author":[{"embeddable":true,"href":"https:\/\/lapsilopsi.ee\/et\/wp-json\/wp\/v2\/users\/1"}],"replies":[{"embeddable":true,"href":"https:\/\/lapsilopsi.ee\/et\/wp-json\/wp\/v2\/comments?post=220"}],"version-history":[{"count":17,"href":"https:\/\/lapsilopsi.ee\/et\/wp-json\/wp\/v2\/pages\/220\/revisions"}],"predecessor-version":[{"id":13693,"href":"https:\/\/lapsilopsi.ee\/et\/wp-json\/wp\/v2\/pages\/220\/revisions\/13693"}],"wp:attachment":[{"href":"https:\/\/lapsilopsi.ee\/et\/wp-json\/wp\/v2\/media?parent=220"}],"curies":[{"name":"wp","href":"https:\/\/api.w.org\/{rel}","templated":true}]}}