{"id":218,"date":"2018-10-31T11:25:19","date_gmt":"2018-10-31T08:25:19","guid":{"rendered":"http:\/\/lapsilopsi.ee\/kodukord\/"},"modified":"2020-03-14T20:09:58","modified_gmt":"2020-03-14T17:09:58","slug":"kodukord","status":"publish","type":"page","link":"https:\/\/lapsilopsi.ee\/et\/kodukord\/","title":{"rendered":"Kodukord"},"content":{"rendered":"<h2>Kodukord<\/h2>\n<p>LapsiLopsi m\u00e4ngukohvik &#8211; see on Linnam\u00e4e Peetri pizza laste saal<\/p>\n<p>Teie saate rentida ruumi peoks v\u00f5i tulla lastega pizzat s\u00f6\u00f6ma ja m\u00e4ngima<\/p>\n<p>Kui ruum ei ole broneritud peoks , siis oleme avatud v\u00e4ikeste k\u00fclaliste jaoks iga p\u00e4ev 11.00-21.00<\/p>\n<p>Et tunda end turvaliselt, meie peauks on alati kinni. On olemas uksekell. Pitseria t\u00f6\u00f6tajad tulevad ukse avamiseks. Toas on ka kell pitsameistri kutsumiseks, kes alati abivalmis.<\/p>\n<p>Ruumis saab olla sokkides v\u00f5i vahetusjalan\u00f5udes.<\/p>\n<p>Palume tungivalt suhtuda s\u00e4\u00e4stvalt nii m\u00e4nguasjadesse kui k\u00f5igesse muusse, mis on m\u00e4ngukohvikus.<\/p>\n<p>Esimesel v\u00f5imalusel andke teada pizzameistrile kahjustatavatest v\u00f5i halvasti t\u00f6\u00f6tavatest asjadest.<\/p>\n<p>Ruumi ei tohi j\u00e4\u00e4ta lapsi j\u00e4relvalveta. Iga lapsevanem vastutab oma lapse ja tema k\u00e4itumise eest.<\/p>\n<p>S\u00f6\u00f6me ja joome ainult laudade taga. S\u00f6\u00f6gi ja joogiga toas ringi ei k\u00e4i.<\/p>\n<p>Mistahes suitsetamine ja alkohoolsete jookide tarvitamine ruumis on keelatud.<\/p>\n<p>M\u00e4ngukohvikusse ei tohi tuua koduloomi.<\/p>\n<p>Meil TOHIB kasutada vulkaantordik\u00fc\u00fcnlaid.<\/p>\n<p>\u00dchekordsel k\u00fclastusel on keelatud oma s\u00f6\u00f6ki ja jooki tuua.<\/p>\n<p>Siiralt palume j\u00e4tta oma tagasisidet ruumist, mugavusest, s\u00f6\u00f6kidest ja m\u00e4nguasjadest isiklikult pitseria t\u00f6\u00f6tajatele v\u00f5i kirjutage k\u00fclastusraamatusse.<\/p>\n<p>M\u00e4ngukohvikus on palju arendavaid m\u00e4nge: lauam\u00e4ngud, puzzled, igasugused klotsiderinevatele vanustele, plastiliin, joonistustarbed jne. Teie soovil ja vastutusel saavad pitsameistrid anda kapist k\u00f5ik vajaminevad asjad.<\/p>\n<p>P\u00f6\u00f6rame teie t\u00e4helepanu, et ruumi mahub kuni 12 last ja samapalju t\u00e4iskasvanuid (istekohti 12 +12)<\/p>\n<p>Ruumis on videovalve.<\/p>\n","protected":false},"excerpt":{"rendered":"<p>Kodukord LapsiLopsi m\u00e4ngukohvik &#8211; see on Linnam\u00e4e Peetri pizza laste saal Teie saate rentida ruumi peoks v\u00f5i tulla lastega pizzat s\u00f6\u00f6ma ja m\u00e4ngima Kui ruum ei ole broneritud peoks , siis oleme avatud v\u00e4ikeste k\u00fclaliste jaoks iga p\u00e4ev 11.00-21.00 Et tunda end turvaliselt, meie peauks on alati kinni. On olemas uksekell. Pitseria t\u00f6\u00f6tajad tulevad ukse [&hellip;]<\/p>\n","protected":false},"author":1,"featured_media":0,"parent":0,"menu_order":0,"comment_status":"closed","ping_status":"closed","template":"","meta":{"_acf_changed":false,"jetpack_post_was_ever_published":false,"footnotes":""},"class_list":["post-218","page","type-page","status-publish","hentry"],"acf":[],"yoast_head":"<!-- This site is optimized with the Yoast SEO plugin v24.6 - https:\/\/yoast.com\/wordpress\/plugins\/seo\/ -->\n<title>Kodukord - LapsiLopsi<\/title>\n<meta name=\"robots\" content=\"index, follow, max-snippet:-1, max-image-preview:large, max-video-preview:-1\" \/>\n<link rel=\"canonical\" href=\"https:\/\/lapsilopsi.ee\/et\/kodukord\/\" \/>\n<meta property=\"og:locale\" content=\"et_EE\" \/>\n<meta property=\"og:type\" content=\"article\" \/>\n<meta property=\"og:title\" content=\"Kodukord - LapsiLopsi\" \/>\n<meta property=\"og:description\" content=\"Kodukord LapsiLopsi m\u00e4ngukohvik &#8211; see on Linnam\u00e4e Peetri pizza laste saal Teie saate rentida ruumi peoks v\u00f5i tulla lastega pizzat s\u00f6\u00f6ma ja m\u00e4ngima Kui ruum ei ole broneritud peoks , siis oleme avatud v\u00e4ikeste k\u00fclaliste jaoks iga p\u00e4ev 11.00-21.00 Et tunda end turvaliselt, meie peauks on alati kinni. On olemas uksekell. Pitseria t\u00f6\u00f6tajad tulevad ukse [&hellip;]\" \/>\n<meta property=\"og:url\" content=\"https:\/\/lapsilopsi.ee\/et\/kodukord\/\" \/>\n<meta property=\"og:site_name\" content=\"LapsiLopsi\" \/>\n<meta property=\"article:modified_time\" content=\"2020-03-14T17:09:58+00:00\" \/>\n<meta name=\"twitter:card\" content=\"summary_large_image\" \/>\n<meta name=\"twitter:label1\" content=\"Est. reading time\" \/>\n\t<meta name=\"twitter:data1\" content=\"1 minut\" \/>\n<script type=\"application\/ld+json\" class=\"yoast-schema-graph\">{\"@context\":\"https:\/\/schema.org\",\"@graph\":[{\"@type\":\"WebPage\",\"@id\":\"https:\/\/lapsilopsi.ee\/et\/kodukord\/\",\"url\":\"https:\/\/lapsilopsi.ee\/et\/kodukord\/\",\"name\":\"Kodukord - LapsiLopsi\",\"isPartOf\":{\"@id\":\"https:\/\/lapsilopsi.ee\/et\/#website\"},\"datePublished\":\"2018-10-31T08:25:19+00:00\",\"dateModified\":\"2020-03-14T17:09:58+00:00\",\"breadcrumb\":{\"@id\":\"https:\/\/lapsilopsi.ee\/et\/kodukord\/#breadcrumb\"},\"inLanguage\":\"et\",\"potentialAction\":[{\"@type\":\"ReadAction\",\"target\":[\"https:\/\/lapsilopsi.ee\/et\/kodukord\/\"]}]},{\"@type\":\"BreadcrumbList\",\"@id\":\"https:\/\/lapsilopsi.ee\/et\/kodukord\/#breadcrumb\",\"itemListElement\":[{\"@type\":\"ListItem\",\"position\":1,\"name\":\"Home\",\"item\":\"https:\/\/lapsilopsi.ee\/et\/\"},{\"@type\":\"ListItem\",\"position\":2,\"name\":\"Kodukord\"}]},{\"@type\":\"WebSite\",\"@id\":\"https:\/\/lapsilopsi.ee\/et\/#website\",\"url\":\"https:\/\/lapsilopsi.ee\/et\/\",\"name\":\"LapsiLopsi\",\"description\":\"Puhkame k\u00f5ik koos!\",\"publisher\":{\"@id\":\"https:\/\/lapsilopsi.ee\/et\/#organization\"},\"potentialAction\":[{\"@type\":\"SearchAction\",\"target\":{\"@type\":\"EntryPoint\",\"urlTemplate\":\"https:\/\/lapsilopsi.ee\/et\/?s={search_term_string}\"},\"query-input\":{\"@type\":\"PropertyValueSpecification\",\"valueRequired\":true,\"valueName\":\"search_term_string\"}}],\"inLanguage\":\"et\"},{\"@type\":\"Organization\",\"@id\":\"https:\/\/lapsilopsi.ee\/et\/#organization\",\"name\":\"LapsiLopsi\",\"url\":\"https:\/\/lapsilopsi.ee\/et\/\",\"logo\":{\"@type\":\"ImageObject\",\"inLanguage\":\"et\",\"@id\":\"https:\/\/lapsilopsi.ee\/et\/#\/schema\/logo\/image\/\",\"url\":\"https:\/\/lapsilopsi.ee\/wp-content\/uploads\/2022\/10\/lapsi-lapsi.jpg\",\"contentUrl\":\"https:\/\/lapsilopsi.ee\/wp-content\/uploads\/2022\/10\/lapsi-lapsi.jpg\",\"width\":699,\"height\":181,\"caption\":\"LapsiLopsi\"},\"image\":{\"@id\":\"https:\/\/lapsilopsi.ee\/et\/#\/schema\/logo\/image\/\"}}]}<\/script>\n<!-- \/ Yoast SEO plugin. -->","yoast_head_json":{"title":"Kodukord - LapsiLopsi","robots":{"index":"index","follow":"follow","max-snippet":"max-snippet:-1","max-image-preview":"max-image-preview:large","max-video-preview":"max-video-preview:-1"},"canonical":"https:\/\/lapsilopsi.ee\/et\/kodukord\/","og_locale":"et_EE","og_type":"article","og_title":"Kodukord - LapsiLopsi","og_description":"Kodukord LapsiLopsi m\u00e4ngukohvik &#8211; see on Linnam\u00e4e Peetri pizza laste saal Teie saate rentida ruumi peoks v\u00f5i tulla lastega pizzat s\u00f6\u00f6ma ja m\u00e4ngima Kui ruum ei ole broneritud peoks , siis oleme avatud v\u00e4ikeste k\u00fclaliste jaoks iga p\u00e4ev 11.00-21.00 Et tunda end turvaliselt, meie peauks on alati kinni. On olemas uksekell. Pitseria t\u00f6\u00f6tajad tulevad ukse [&hellip;]","og_url":"https:\/\/lapsilopsi.ee\/et\/kodukord\/","og_site_name":"LapsiLopsi","article_modified_time":"2020-03-14T17:09:58+00:00","twitter_card":"summary_large_image","twitter_misc":{"Est. reading time":"1 minut"},"schema":{"@context":"https:\/\/schema.org","@graph":[{"@type":"WebPage","@id":"https:\/\/lapsilopsi.ee\/et\/kodukord\/","url":"https:\/\/lapsilopsi.ee\/et\/kodukord\/","name":"Kodukord - LapsiLopsi","isPartOf":{"@id":"https:\/\/lapsilopsi.ee\/et\/#website"},"datePublished":"2018-10-31T08:25:19+00:00","dateModified":"2020-03-14T17:09:58+00:00","breadcrumb":{"@id":"https:\/\/lapsilopsi.ee\/et\/kodukord\/#breadcrumb"},"inLanguage":"et","potentialAction":[{"@type":"ReadAction","target":["https:\/\/lapsilopsi.ee\/et\/kodukord\/"]}]},{"@type":"BreadcrumbList","@id":"https:\/\/lapsilopsi.ee\/et\/kodukord\/#breadcrumb","itemListElement":[{"@type":"ListItem","position":1,"name":"Home","item":"https:\/\/lapsilopsi.ee\/et\/"},{"@type":"ListItem","position":2,"name":"Kodukord"}]},{"@type":"WebSite","@id":"https:\/\/lapsilopsi.ee\/et\/#website","url":"https:\/\/lapsilopsi.ee\/et\/","name":"LapsiLopsi","description":"Puhkame k\u00f5ik koos!","publisher":{"@id":"https:\/\/lapsilopsi.ee\/et\/#organization"},"potentialAction":[{"@type":"SearchAction","target":{"@type":"EntryPoint","urlTemplate":"https:\/\/lapsilopsi.ee\/et\/?s={search_term_string}"},"query-input":{"@type":"PropertyValueSpecification","valueRequired":true,"valueName":"search_term_string"}}],"inLanguage":"et"},{"@type":"Organization","@id":"https:\/\/lapsilopsi.ee\/et\/#organization","name":"LapsiLopsi","url":"https:\/\/lapsilopsi.ee\/et\/","logo":{"@type":"ImageObject","inLanguage":"et","@id":"https:\/\/lapsilopsi.ee\/et\/#\/schema\/logo\/image\/","url":"https:\/\/lapsilopsi.ee\/wp-content\/uploads\/2022\/10\/lapsi-lapsi.jpg","contentUrl":"https:\/\/lapsilopsi.ee\/wp-content\/uploads\/2022\/10\/lapsi-lapsi.jpg","width":699,"height":181,"caption":"LapsiLopsi"},"image":{"@id":"https:\/\/lapsilopsi.ee\/et\/#\/schema\/logo\/image\/"}}]}},"jetpack_sharing_enabled":true,"jetpack_shortlink":"https:\/\/wp.me\/PafPRj-3w","_links":{"self":[{"href":"https:\/\/lapsilopsi.ee\/et\/wp-json\/wp\/v2\/pages\/218","targetHints":{"allow":["GET"]}}],"collection":[{"href":"https:\/\/lapsilopsi.ee\/et\/wp-json\/wp\/v2\/pages"}],"about":[{"href":"https:\/\/lapsilopsi.ee\/et\/wp-json\/wp\/v2\/types\/page"}],"author":[{"embeddable":true,"href":"https:\/\/lapsilopsi.ee\/et\/wp-json\/wp\/v2\/users\/1"}],"replies":[{"embeddable":true,"href":"https:\/\/lapsilopsi.ee\/et\/wp-json\/wp\/v2\/comments?post=218"}],"version-history":[{"count":3,"href":"https:\/\/lapsilopsi.ee\/et\/wp-json\/wp\/v2\/pages\/218\/revisions"}],"predecessor-version":[{"id":2308,"href":"https:\/\/lapsilopsi.ee\/et\/wp-json\/wp\/v2\/pages\/218\/revisions\/2308"}],"wp:attachment":[{"href":"https:\/\/lapsilopsi.ee\/et\/wp-json\/wp\/v2\/media?parent=218"}],"curies":[{"name":"wp","href":"https:\/\/api.w.org\/{rel}","templated":true}]}}