{"id":217,"date":"2018-10-31T11:23:51","date_gmt":"2018-10-31T08:23:51","guid":{"rendered":"http:\/\/lapsilopsi.ee\/lapsilopsi-mangukohvik\/"},"modified":"2024-07-01T15:30:08","modified_gmt":"2024-07-01T12:30:08","slug":"lapsilopsi-mangukohvik","status":"publish","type":"page","link":"https:\/\/lapsilopsi.ee\/et\/","title":{"rendered":"Lapsi-Lopsi"},"content":{"rendered":"<h4 style=\"text-align: right;\"><a href=\"https:\/\/lapsilopsi.ee\/et\/lastehoid\/\">Lastehoid<\/a><\/h4>\n<p style=\"text-align: left;\">Tere tulemast LapsiLopsi, see on ainuke lastekohvik Lasnam\u00e4el!<\/p>\n<p>See on hubane laste saal Linnam\u00e4e Peetri Pizza k\u00f5rval<\/p>\n<p><span style=\"font-size: 16px; color: #8b8271;\">Siin on l\u00f5bus ja mugav k\u00f5ikidele k\u00fclastajatele \u2013 lastele, noortele ja eriti vanematele. Meie m\u00e4ngulinnak arendav laste fantaasiat, annab v\u00f5imalust m\u00e4ngida erinevaid stsenaariume ja iga\u00fcks saab leida endale huvitavat tegevust.<\/span><\/p>\n<p>Noortele ja \u00f5pilastele meil on Sony PlayStation, palju erinevaid lauam\u00e4nge, diskovalgustus ja smart TV.<\/p>\n<p><strong>WOW! UUS!<\/strong> Broneerige terve kohvik enda seltskonnale 3 tunniks <a href=\"https:\/\/lapsilopsi.ee\/et\/\u0442\u043e\u0432\u0430\u0440\/booking\/\">SIIN<\/a> Minimaalne arve peab olema 60 euro. Tingimused <a href=\"https:\/\/lapsilopsi.ee\/et\/perepakett\/\">siis<\/a><\/p>\n<p>Meil on INTERAKTIIVNE P\u00d5RAND! Projektori pilt on kujutatud p\u00f5randal, kaamera loeb m\u00e4ngija vastupidiseid toiminguid. Sel juhul loob m\u00e4ngija mulje suhtlusest virtuaalsete objektidega. N\u00e4iteks v\u00f5ib kujuteldava palliga jalgpalli m\u00e4ngida. Selle interaktiivse p\u00f5randaga l\u00f5butsemine ja \u00f5ppimine areneb lastel suurel liikuvusel, visuaal-liikumise koordineerimisel, tajumisel ja reageerimisv\u00f5imel.<\/p>\n<p>Kohvik on avatud iga p\u00e4ev 10.00-21.00. Lastele sissep\u00e4\u00e4s tasuline, 5 euro\/2 tundi . <a href=\"https:\/\/lapsilopsi.ee\/et\/hinnakiri\/\">Vabak\u00fclastuse tingimused on siin<\/a>.<\/p>\n<p>Meie pakkume erinevad peo paketid iga vanusele Vali pidu <a href=\"https:\/\/lapsilopsi.ee\/et\/vali-pidu\/\">siin<\/a>.<\/p>\n<p>Vanemad v\u00e4ga hindavad meie mugavusi. Meie pakume k\u00f5iki teenuseid, mida on vaja toreda peo korraldamiseks \u2013 s\u00f6\u00f6k, jook , n\u00f5ud, koristus, espressomasin , heelium\u00f5hupallid, l\u00f5bustusprogrammid, smart TV, hea audios\u00fcsteem (v\u00f5ib panna vaatmiseks oma slaide ja videot). Teil on vaja kaasa v\u00f5tta ainult tort.<\/p>\n<p>LapsiLopsi m\u00e4ngukohvikus puhkame k\u00f5ik koos!<\/p>\n<div class=\"jetpack-video-wrapper\"><iframe loading=\"lazy\" title=\"Veronika Birthday Party 3\" width=\"842\" height=\"474\" src=\"https:\/\/www.youtube.com\/embed\/CbDqhF85ezk?feature=oembed\" frameborder=\"0\" allow=\"accelerometer; autoplay; clipboard-write; encrypted-media; gyroscope; picture-in-picture; web-share\" referrerpolicy=\"strict-origin-when-cross-origin\" allowfullscreen><\/iframe><\/div>\n<p>&nbsp;<\/p>\n","protected":false},"excerpt":{"rendered":"<p>Lastehoid Tere tulemast LapsiLopsi, see on ainuke lastekohvik Lasnam\u00e4el! See on hubane laste saal Linnam\u00e4e Peetri Pizza k\u00f5rval Siin on l\u00f5bus ja mugav k\u00f5ikidele k\u00fclastajatele \u2013 lastele, noortele ja eriti vanematele. Meie m\u00e4ngulinnak arendav laste fantaasiat, annab v\u00f5imalust m\u00e4ngida erinevaid stsenaariume ja iga\u00fcks saab leida endale huvitavat tegevust. Noortele ja \u00f5pilastele meil on Sony PlayStation, [&hellip;]<\/p>\n","protected":false},"author":1,"featured_media":0,"parent":0,"menu_order":0,"comment_status":"closed","ping_status":"closed","template":"","meta":{"_acf_changed":false,"jetpack_post_was_ever_published":false,"footnotes":""},"class_list":["post-217","page","type-page","status-publish","hentry"],"acf":[],"yoast_head":"<!-- This site is optimized with the Yoast SEO plugin v24.6 - https:\/\/yoast.com\/wordpress\/plugins\/seo\/ -->\n<title>Lapsi-Lopsi - LapsiLopsi<\/title>\n<meta name=\"robots\" content=\"index, follow, max-snippet:-1, max-image-preview:large, max-video-preview:-1\" \/>\n<link rel=\"canonical\" href=\"https:\/\/lapsilopsi.ee\/et\/\" \/>\n<meta property=\"og:locale\" content=\"et_EE\" \/>\n<meta property=\"og:type\" content=\"article\" \/>\n<meta property=\"og:title\" content=\"Lapsi-Lopsi - LapsiLopsi\" \/>\n<meta property=\"og:description\" content=\"Lastehoid Tere tulemast LapsiLopsi, see on ainuke lastekohvik Lasnam\u00e4el! See on hubane laste saal Linnam\u00e4e Peetri Pizza k\u00f5rval Siin on l\u00f5bus ja mugav k\u00f5ikidele k\u00fclastajatele \u2013 lastele, noortele ja eriti vanematele. Meie m\u00e4ngulinnak arendav laste fantaasiat, annab v\u00f5imalust m\u00e4ngida erinevaid stsenaariume ja iga\u00fcks saab leida endale huvitavat tegevust. Noortele ja \u00f5pilastele meil on Sony PlayStation, [&hellip;]\" \/>\n<meta property=\"og:url\" content=\"https:\/\/lapsilopsi.ee\/et\/\" \/>\n<meta property=\"og:site_name\" content=\"LapsiLopsi\" \/>\n<meta property=\"article:modified_time\" content=\"2024-07-01T12:30:08+00:00\" \/>\n<meta name=\"twitter:card\" content=\"summary_large_image\" \/>\n<meta name=\"twitter:label1\" content=\"Est. reading time\" \/>\n\t<meta name=\"twitter:data1\" content=\"2 minutit\" \/>\n<script type=\"application\/ld+json\" class=\"yoast-schema-graph\">{\"@context\":\"https:\/\/schema.org\",\"@graph\":[{\"@type\":\"WebPage\",\"@id\":\"https:\/\/lapsilopsi.ee\/et\/\",\"url\":\"https:\/\/lapsilopsi.ee\/et\/\",\"name\":\"Lapsi-Lopsi - LapsiLopsi\",\"isPartOf\":{\"@id\":\"https:\/\/lapsilopsi.ee\/et\/#website\"},\"datePublished\":\"2018-10-31T08:23:51+00:00\",\"dateModified\":\"2024-07-01T12:30:08+00:00\",\"breadcrumb\":{\"@id\":\"https:\/\/lapsilopsi.ee\/et\/#breadcrumb\"},\"inLanguage\":\"et\",\"potentialAction\":[{\"@type\":\"ReadAction\",\"target\":[\"https:\/\/lapsilopsi.ee\/et\/\"]}]},{\"@type\":\"BreadcrumbList\",\"@id\":\"https:\/\/lapsilopsi.ee\/et\/#breadcrumb\",\"itemListElement\":[{\"@type\":\"ListItem\",\"position\":1,\"name\":\"Home\",\"item\":\"https:\/\/lapsilopsi.ee\/et\/\"},{\"@type\":\"ListItem\",\"position\":2,\"name\":\"Lapsi-Lopsi\"}]},{\"@type\":\"WebSite\",\"@id\":\"https:\/\/lapsilopsi.ee\/et\/#website\",\"url\":\"https:\/\/lapsilopsi.ee\/et\/\",\"name\":\"LapsiLopsi\",\"description\":\"Puhkame k\u00f5ik koos!\",\"publisher\":{\"@id\":\"https:\/\/lapsilopsi.ee\/et\/#organization\"},\"potentialAction\":[{\"@type\":\"SearchAction\",\"target\":{\"@type\":\"EntryPoint\",\"urlTemplate\":\"https:\/\/lapsilopsi.ee\/et\/?s={search_term_string}\"},\"query-input\":{\"@type\":\"PropertyValueSpecification\",\"valueRequired\":true,\"valueName\":\"search_term_string\"}}],\"inLanguage\":\"et\"},{\"@type\":\"Organization\",\"@id\":\"https:\/\/lapsilopsi.ee\/et\/#organization\",\"name\":\"LapsiLopsi\",\"url\":\"https:\/\/lapsilopsi.ee\/et\/\",\"logo\":{\"@type\":\"ImageObject\",\"inLanguage\":\"et\",\"@id\":\"https:\/\/lapsilopsi.ee\/et\/#\/schema\/logo\/image\/\",\"url\":\"https:\/\/lapsilopsi.ee\/wp-content\/uploads\/2022\/10\/lapsi-lapsi.jpg\",\"contentUrl\":\"https:\/\/lapsilopsi.ee\/wp-content\/uploads\/2022\/10\/lapsi-lapsi.jpg\",\"width\":699,\"height\":181,\"caption\":\"LapsiLopsi\"},\"image\":{\"@id\":\"https:\/\/lapsilopsi.ee\/et\/#\/schema\/logo\/image\/\"}}]}<\/script>\n<!-- \/ Yoast SEO plugin. -->","yoast_head_json":{"title":"Lapsi-Lopsi - LapsiLopsi","robots":{"index":"index","follow":"follow","max-snippet":"max-snippet:-1","max-image-preview":"max-image-preview:large","max-video-preview":"max-video-preview:-1"},"canonical":"https:\/\/lapsilopsi.ee\/et\/","og_locale":"et_EE","og_type":"article","og_title":"Lapsi-Lopsi - LapsiLopsi","og_description":"Lastehoid Tere tulemast LapsiLopsi, see on ainuke lastekohvik Lasnam\u00e4el! See on hubane laste saal Linnam\u00e4e Peetri Pizza k\u00f5rval Siin on l\u00f5bus ja mugav k\u00f5ikidele k\u00fclastajatele \u2013 lastele, noortele ja eriti vanematele. Meie m\u00e4ngulinnak arendav laste fantaasiat, annab v\u00f5imalust m\u00e4ngida erinevaid stsenaariume ja iga\u00fcks saab leida endale huvitavat tegevust. Noortele ja \u00f5pilastele meil on Sony PlayStation, [&hellip;]","og_url":"https:\/\/lapsilopsi.ee\/et\/","og_site_name":"LapsiLopsi","article_modified_time":"2024-07-01T12:30:08+00:00","twitter_card":"summary_large_image","twitter_misc":{"Est. reading time":"2 minutit"},"schema":{"@context":"https:\/\/schema.org","@graph":[{"@type":"WebPage","@id":"https:\/\/lapsilopsi.ee\/et\/","url":"https:\/\/lapsilopsi.ee\/et\/","name":"Lapsi-Lopsi - LapsiLopsi","isPartOf":{"@id":"https:\/\/lapsilopsi.ee\/et\/#website"},"datePublished":"2018-10-31T08:23:51+00:00","dateModified":"2024-07-01T12:30:08+00:00","breadcrumb":{"@id":"https:\/\/lapsilopsi.ee\/et\/#breadcrumb"},"inLanguage":"et","potentialAction":[{"@type":"ReadAction","target":["https:\/\/lapsilopsi.ee\/et\/"]}]},{"@type":"BreadcrumbList","@id":"https:\/\/lapsilopsi.ee\/et\/#breadcrumb","itemListElement":[{"@type":"ListItem","position":1,"name":"Home","item":"https:\/\/lapsilopsi.ee\/et\/"},{"@type":"ListItem","position":2,"name":"Lapsi-Lopsi"}]},{"@type":"WebSite","@id":"https:\/\/lapsilopsi.ee\/et\/#website","url":"https:\/\/lapsilopsi.ee\/et\/","name":"LapsiLopsi","description":"Puhkame k\u00f5ik koos!","publisher":{"@id":"https:\/\/lapsilopsi.ee\/et\/#organization"},"potentialAction":[{"@type":"SearchAction","target":{"@type":"EntryPoint","urlTemplate":"https:\/\/lapsilopsi.ee\/et\/?s={search_term_string}"},"query-input":{"@type":"PropertyValueSpecification","valueRequired":true,"valueName":"search_term_string"}}],"inLanguage":"et"},{"@type":"Organization","@id":"https:\/\/lapsilopsi.ee\/et\/#organization","name":"LapsiLopsi","url":"https:\/\/lapsilopsi.ee\/et\/","logo":{"@type":"ImageObject","inLanguage":"et","@id":"https:\/\/lapsilopsi.ee\/et\/#\/schema\/logo\/image\/","url":"https:\/\/lapsilopsi.ee\/wp-content\/uploads\/2022\/10\/lapsi-lapsi.jpg","contentUrl":"https:\/\/lapsilopsi.ee\/wp-content\/uploads\/2022\/10\/lapsi-lapsi.jpg","width":699,"height":181,"caption":"LapsiLopsi"},"image":{"@id":"https:\/\/lapsilopsi.ee\/et\/#\/schema\/logo\/image\/"}}]}},"jetpack_sharing_enabled":true,"jetpack_shortlink":"https:\/\/wp.me\/PafPRj-3v","_links":{"self":[{"href":"https:\/\/lapsilopsi.ee\/et\/wp-json\/wp\/v2\/pages\/217","targetHints":{"allow":["GET"]}}],"collection":[{"href":"https:\/\/lapsilopsi.ee\/et\/wp-json\/wp\/v2\/pages"}],"about":[{"href":"https:\/\/lapsilopsi.ee\/et\/wp-json\/wp\/v2\/types\/page"}],"author":[{"embeddable":true,"href":"https:\/\/lapsilopsi.ee\/et\/wp-json\/wp\/v2\/users\/1"}],"replies":[{"embeddable":true,"href":"https:\/\/lapsilopsi.ee\/et\/wp-json\/wp\/v2\/comments?post=217"}],"version-history":[{"count":18,"href":"https:\/\/lapsilopsi.ee\/et\/wp-json\/wp\/v2\/pages\/217\/revisions"}],"predecessor-version":[{"id":12433,"href":"https:\/\/lapsilopsi.ee\/et\/wp-json\/wp\/v2\/pages\/217\/revisions\/12433"}],"wp:attachment":[{"href":"https:\/\/lapsilopsi.ee\/et\/wp-json\/wp\/v2\/media?parent=217"}],"curies":[{"name":"wp","href":"https:\/\/api.w.org\/{rel}","templated":true}]}}