{"id":2113,"date":"2020-01-28T19:48:44","date_gmt":"2020-01-28T16:48:44","guid":{"rendered":"https:\/\/lapsilopsi.ee\/foto-pidu\/"},"modified":"2023-11-30T19:22:12","modified_gmt":"2023-11-30T16:22:12","slug":"foto-pidu","status":"publish","type":"page","link":"https:\/\/lapsilopsi.ee\/et\/foto-pidu\/","title":{"rendered":"Foto pidu"},"content":{"rendered":"<p>Hind 275 euro<\/p><p>Hinna sees:<\/p><ol class=\"wp-block-list\">\r\n<li>Ruumi rent 3 tundi<\/li>\r\n<li>Fotoala maiustuste v\u00f5i puuviljade v\u00f5i coca colaga <a href=\"https:\/\/www.facebook.com\/inkdecosweets\/\">Ink Deco Sweets <\/a> poolt (teie valikul: s\u00f5rik, cupcake, 2 makaroni, 1 lolypop V\u00d5I ananass, apelsiin, sidrun, arbuus ja laim V\u00d5I pepsi, popcorn, 2 \u041c&amp;M, frii kartul )<\/li>\r\n<li>Fotograaf 1 tund<\/li>\r\n<li>Kohvimasin + kohvioad, piim ja suhkur<\/li>\r\n<li>Pehme j\u00e4\u00e4tis<\/li>\r\n<li>5 \u00f5hukest pizzad teie <a href=\"https:\/\/lapsilopsi.ee\/et\/menuu\/\">valikul<\/a><\/li>\r\n<li>Vaagen frii kartuli, kana nagitsate ja lihapallidega + ketsup<\/li>\r\n<li>Marja morss ja joogi vesi<\/li>\r\n<li>K\u00f5ik n\u00f5ud (mitte \u00fchekordsed!), \u00f5lek\u00f5rred, salvr\u00e4tikud<\/li>\r\n<li>12 heeliumiga t\u00e4idetud \u00f5hupalli (v\u00e4rvid valikul: roheline, punane, lilla, roosa)<\/li>\r\n<li>Koristus<\/li>\r\n<\/ol>\r\n<p>Broneerimistasu on 60 eurot, mis arvatakse maha kogusummast.<\/p>\r\n<p>Maksimaalne inimeste arv on 12 last ja 12 t\u00e4iskasvanu.<\/p>\r\n<p>Lisa s\u00f6\u00f6k ja jook saab tellida kohapeal. Soodustus pizzadele 15%<\/p>\r\n<p>Ruumis on k\u00f5ik vajalik kvaliteetne banketi n\u00f5ud: noad, kahvlid, lusikad, taldrikud, klaasid, tassid, salfr\u00e4tikud, kausid, vaasid jne. \u00dchekordne n\u00f5ud ei pea kaasa v\u00f5tta!<\/p>\r\n<p><strong>Meie juures saab maksta kaardiga!<\/strong><\/p>\r\n<p><a href=\"https:\/\/lapsilopsi.ee\/et\/toode\/booking\/\" target=\"_blank\" rel=\"noopener noreferrer\">Broneerida\u00a0<\/a><\/p>\t\t<div class=\"fotorama responsive-image-silder\" \n\t\t\tdata-width=\"100%\" \n\t\t\tdata-height=\"\" \n\t\t\tdata-nav=\"dots\"\n\t\t\tdata-navwidth=\"\"\t\t\n\t\t\tdata-allowfullscreen=\"true\" \n\t\t\tdata-fit=\"cover\" \n\t\t\tdata-transitionduration=\"300\" \n\t\t\tdata-autoplay=\"true\" \n\t\t\tdata-loop=\"true\" \n\t\t\tdata-arrows=\"true\" \n\t\t\tdata-swipe=\"true\" \n\t\t\tdata-spinner=\"true\" \n\t\t\tdata-transition=\"slide\" \n\t\t>\n\t\t\t\t\t\t\t\t<img decoding=\"async\" src=\"https:\/\/lapsilopsi.ee\/wp-content\/uploads\/2019\/03\/ART_8017.jpg\" data-caption=\"\">\n\t\t\t\t\t\t\t\t\t\t \t\t\t\t\t<img decoding=\"async\" src=\"https:\/\/lapsilopsi.ee\/wp-content\/uploads\/2019\/03\/DSC_8071-\u043a\u043e\u043f\u0438\u044f-fb.jpg\" data-caption=\"\">\n\t\t\t\t\t\t\t\t\t\t \t\t\t\t\t<img decoding=\"async\" src=\"https:\/\/lapsilopsi.ee\/wp-content\/uploads\/2019\/03\/IMG_9361.jpg\" data-caption=\"\">\n\t\t\t\t\t\t\t\t\t\t \t\t\t\t\t<img decoding=\"async\" src=\"https:\/\/lapsilopsi.ee\/wp-content\/uploads\/2019\/03\/DSC_6540-\u043a\u043e\u043f\u0438\u044f-fb.jpg\" data-caption=\"\">\n\t\t\t\t\t\t\t\t\t\t \t\t\t\t\t<img decoding=\"async\" src=\"https:\/\/lapsilopsi.ee\/wp-content\/uploads\/2019\/03\/ART_7672.jpg\" data-caption=\"\">\n\t\t\t\t\t\t\t\t\t\t \t\t\t\t\t<img decoding=\"async\" src=\"https:\/\/lapsilopsi.ee\/wp-content\/uploads\/2019\/03\/DSC_6641a.jpg\" data-caption=\"\">\n\t\t\t\t\t\t\t\t\t\t \t\t\t\t\t<img decoding=\"async\" src=\"https:\/\/lapsilopsi.ee\/wp-content\/uploads\/2019\/03\/ART_7519.jpg\" data-caption=\"\">\n\t\t\t\t\t\t\t\t\t\t \t\t\t\t\t<img decoding=\"async\" src=\"https:\/\/lapsilopsi.ee\/wp-content\/uploads\/2019\/03\/IMG_9501.jpg\" data-caption=\"\">\n\t\t\t\t\t\t\t\t\t\t \t\t\t\t\t<img decoding=\"async\" src=\"https:\/\/lapsilopsi.ee\/wp-content\/uploads\/2019\/03\/DSC_5147-\u043a\u043e\u043f\u0438\u044f.jpg\" data-caption=\"\">\n\t\t\t\t\t\t\t\t\t\t \t\t\t\t\t<img decoding=\"async\" src=\"https:\/\/lapsilopsi.ee\/wp-content\/uploads\/2019\/03\/DSC_5116-\u043a\u043e\u043f\u0438\u044f.jpg\" data-caption=\"\">\n\t\t\t\t\t\t\t\t\t\t \t\t\t\t\t<img decoding=\"async\" src=\"https:\/\/lapsilopsi.ee\/wp-content\/uploads\/2019\/03\/received_2608626449171833.jpeg\" data-caption=\"\">\n\t\t\t\t\t\t\t\t\t\t \t\t\t\t\t<img decoding=\"async\" src=\"https:\/\/lapsilopsi.ee\/wp-content\/uploads\/2019\/03\/received_478472599632981.jpeg\" data-caption=\"\">\n\t\t\t\t\t\t\t\t\t\t \t\t<\/div>\n\t\t","protected":false},"excerpt":{"rendered":"<p>Hind 275 euro Hinna sees: Ruumi rent 3 tundi Fotoala maiustuste v\u00f5i puuviljade v\u00f5i coca colaga Ink Deco Sweets poolt (teie valikul: s\u00f5rik, cupcake, 2 makaroni, 1 lolypop V\u00d5I ananass, apelsiin, sidrun, arbuus ja laim V\u00d5I pepsi, popcorn, 2 \u041c&amp;M, frii kartul ) Fotograaf 1 tund Kohvimasin + kohvioad, piim ja suhkur Pehme j\u00e4\u00e4tis 5 [&hellip;]<\/p>\n","protected":false},"author":2,"featured_media":0,"parent":0,"menu_order":0,"comment_status":"closed","ping_status":"closed","template":"","meta":{"_acf_changed":false,"jetpack_post_was_ever_published":false,"footnotes":""},"class_list":["post-2113","page","type-page","status-publish","hentry"],"acf":[],"yoast_head":"<!-- This site is optimized with the Yoast SEO plugin v24.6 - https:\/\/yoast.com\/wordpress\/plugins\/seo\/ -->\n<title>Foto pidu - LapsiLopsi<\/title>\n<meta name=\"robots\" content=\"index, follow, max-snippet:-1, max-image-preview:large, max-video-preview:-1\" \/>\n<link rel=\"canonical\" href=\"https:\/\/lapsilopsi.ee\/et\/foto-pidu\/\" \/>\n<meta property=\"og:locale\" content=\"et_EE\" \/>\n<meta property=\"og:type\" content=\"article\" \/>\n<meta property=\"og:title\" content=\"Foto pidu - LapsiLopsi\" \/>\n<meta property=\"og:description\" content=\"Hind 275 euro Hinna sees: Ruumi rent 3 tundi Fotoala maiustuste v\u00f5i puuviljade v\u00f5i coca colaga Ink Deco Sweets poolt (teie valikul: s\u00f5rik, cupcake, 2 makaroni, 1 lolypop V\u00d5I ananass, apelsiin, sidrun, arbuus ja laim V\u00d5I pepsi, popcorn, 2 \u041c&amp;M, frii kartul ) Fotograaf 1 tund Kohvimasin + kohvioad, piim ja suhkur Pehme j\u00e4\u00e4tis 5 [&hellip;]\" \/>\n<meta property=\"og:url\" content=\"https:\/\/lapsilopsi.ee\/et\/foto-pidu\/\" \/>\n<meta property=\"og:site_name\" content=\"LapsiLopsi\" \/>\n<meta property=\"article:modified_time\" content=\"2023-11-30T16:22:12+00:00\" \/>\n<meta name=\"twitter:card\" content=\"summary_large_image\" \/>\n<meta name=\"twitter:label1\" content=\"Est. reading time\" \/>\n\t<meta name=\"twitter:data1\" content=\"1 minut\" \/>\n<script type=\"application\/ld+json\" class=\"yoast-schema-graph\">{\"@context\":\"https:\/\/schema.org\",\"@graph\":[{\"@type\":\"WebPage\",\"@id\":\"https:\/\/lapsilopsi.ee\/et\/foto-pidu\/\",\"url\":\"https:\/\/lapsilopsi.ee\/et\/foto-pidu\/\",\"name\":\"Foto pidu - LapsiLopsi\",\"isPartOf\":{\"@id\":\"https:\/\/lapsilopsi.ee\/et\/#website\"},\"datePublished\":\"2020-01-28T16:48:44+00:00\",\"dateModified\":\"2023-11-30T16:22:12+00:00\",\"breadcrumb\":{\"@id\":\"https:\/\/lapsilopsi.ee\/et\/foto-pidu\/#breadcrumb\"},\"inLanguage\":\"et\",\"potentialAction\":[{\"@type\":\"ReadAction\",\"target\":[\"https:\/\/lapsilopsi.ee\/et\/foto-pidu\/\"]}]},{\"@type\":\"BreadcrumbList\",\"@id\":\"https:\/\/lapsilopsi.ee\/et\/foto-pidu\/#breadcrumb\",\"itemListElement\":[{\"@type\":\"ListItem\",\"position\":1,\"name\":\"Home\",\"item\":\"https:\/\/lapsilopsi.ee\/et\/\"},{\"@type\":\"ListItem\",\"position\":2,\"name\":\"Foto pidu\"}]},{\"@type\":\"WebSite\",\"@id\":\"https:\/\/lapsilopsi.ee\/et\/#website\",\"url\":\"https:\/\/lapsilopsi.ee\/et\/\",\"name\":\"LapsiLopsi\",\"description\":\"Puhkame k\u00f5ik koos!\",\"publisher\":{\"@id\":\"https:\/\/lapsilopsi.ee\/et\/#organization\"},\"potentialAction\":[{\"@type\":\"SearchAction\",\"target\":{\"@type\":\"EntryPoint\",\"urlTemplate\":\"https:\/\/lapsilopsi.ee\/et\/?s={search_term_string}\"},\"query-input\":{\"@type\":\"PropertyValueSpecification\",\"valueRequired\":true,\"valueName\":\"search_term_string\"}}],\"inLanguage\":\"et\"},{\"@type\":\"Organization\",\"@id\":\"https:\/\/lapsilopsi.ee\/et\/#organization\",\"name\":\"LapsiLopsi\",\"url\":\"https:\/\/lapsilopsi.ee\/et\/\",\"logo\":{\"@type\":\"ImageObject\",\"inLanguage\":\"et\",\"@id\":\"https:\/\/lapsilopsi.ee\/et\/#\/schema\/logo\/image\/\",\"url\":\"https:\/\/lapsilopsi.ee\/wp-content\/uploads\/2022\/10\/lapsi-lapsi.jpg\",\"contentUrl\":\"https:\/\/lapsilopsi.ee\/wp-content\/uploads\/2022\/10\/lapsi-lapsi.jpg\",\"width\":699,\"height\":181,\"caption\":\"LapsiLopsi\"},\"image\":{\"@id\":\"https:\/\/lapsilopsi.ee\/et\/#\/schema\/logo\/image\/\"}}]}<\/script>\n<!-- \/ Yoast SEO plugin. -->","yoast_head_json":{"title":"Foto pidu - LapsiLopsi","robots":{"index":"index","follow":"follow","max-snippet":"max-snippet:-1","max-image-preview":"max-image-preview:large","max-video-preview":"max-video-preview:-1"},"canonical":"https:\/\/lapsilopsi.ee\/et\/foto-pidu\/","og_locale":"et_EE","og_type":"article","og_title":"Foto pidu - LapsiLopsi","og_description":"Hind 275 euro Hinna sees: Ruumi rent 3 tundi Fotoala maiustuste v\u00f5i puuviljade v\u00f5i coca colaga Ink Deco Sweets poolt (teie valikul: s\u00f5rik, cupcake, 2 makaroni, 1 lolypop V\u00d5I ananass, apelsiin, sidrun, arbuus ja laim V\u00d5I pepsi, popcorn, 2 \u041c&amp;M, frii kartul ) Fotograaf 1 tund Kohvimasin + kohvioad, piim ja suhkur Pehme j\u00e4\u00e4tis 5 [&hellip;]","og_url":"https:\/\/lapsilopsi.ee\/et\/foto-pidu\/","og_site_name":"LapsiLopsi","article_modified_time":"2023-11-30T16:22:12+00:00","twitter_card":"summary_large_image","twitter_misc":{"Est. reading time":"1 minut"},"schema":{"@context":"https:\/\/schema.org","@graph":[{"@type":"WebPage","@id":"https:\/\/lapsilopsi.ee\/et\/foto-pidu\/","url":"https:\/\/lapsilopsi.ee\/et\/foto-pidu\/","name":"Foto pidu - LapsiLopsi","isPartOf":{"@id":"https:\/\/lapsilopsi.ee\/et\/#website"},"datePublished":"2020-01-28T16:48:44+00:00","dateModified":"2023-11-30T16:22:12+00:00","breadcrumb":{"@id":"https:\/\/lapsilopsi.ee\/et\/foto-pidu\/#breadcrumb"},"inLanguage":"et","potentialAction":[{"@type":"ReadAction","target":["https:\/\/lapsilopsi.ee\/et\/foto-pidu\/"]}]},{"@type":"BreadcrumbList","@id":"https:\/\/lapsilopsi.ee\/et\/foto-pidu\/#breadcrumb","itemListElement":[{"@type":"ListItem","position":1,"name":"Home","item":"https:\/\/lapsilopsi.ee\/et\/"},{"@type":"ListItem","position":2,"name":"Foto pidu"}]},{"@type":"WebSite","@id":"https:\/\/lapsilopsi.ee\/et\/#website","url":"https:\/\/lapsilopsi.ee\/et\/","name":"LapsiLopsi","description":"Puhkame k\u00f5ik koos!","publisher":{"@id":"https:\/\/lapsilopsi.ee\/et\/#organization"},"potentialAction":[{"@type":"SearchAction","target":{"@type":"EntryPoint","urlTemplate":"https:\/\/lapsilopsi.ee\/et\/?s={search_term_string}"},"query-input":{"@type":"PropertyValueSpecification","valueRequired":true,"valueName":"search_term_string"}}],"inLanguage":"et"},{"@type":"Organization","@id":"https:\/\/lapsilopsi.ee\/et\/#organization","name":"LapsiLopsi","url":"https:\/\/lapsilopsi.ee\/et\/","logo":{"@type":"ImageObject","inLanguage":"et","@id":"https:\/\/lapsilopsi.ee\/et\/#\/schema\/logo\/image\/","url":"https:\/\/lapsilopsi.ee\/wp-content\/uploads\/2022\/10\/lapsi-lapsi.jpg","contentUrl":"https:\/\/lapsilopsi.ee\/wp-content\/uploads\/2022\/10\/lapsi-lapsi.jpg","width":699,"height":181,"caption":"LapsiLopsi"},"image":{"@id":"https:\/\/lapsilopsi.ee\/et\/#\/schema\/logo\/image\/"}}]}},"jetpack_sharing_enabled":true,"jetpack_shortlink":"https:\/\/wp.me\/PafPRj-y5","_links":{"self":[{"href":"https:\/\/lapsilopsi.ee\/et\/wp-json\/wp\/v2\/pages\/2113","targetHints":{"allow":["GET"]}}],"collection":[{"href":"https:\/\/lapsilopsi.ee\/et\/wp-json\/wp\/v2\/pages"}],"about":[{"href":"https:\/\/lapsilopsi.ee\/et\/wp-json\/wp\/v2\/types\/page"}],"author":[{"embeddable":true,"href":"https:\/\/lapsilopsi.ee\/et\/wp-json\/wp\/v2\/users\/2"}],"replies":[{"embeddable":true,"href":"https:\/\/lapsilopsi.ee\/et\/wp-json\/wp\/v2\/comments?post=2113"}],"version-history":[{"count":12,"href":"https:\/\/lapsilopsi.ee\/et\/wp-json\/wp\/v2\/pages\/2113\/revisions"}],"predecessor-version":[{"id":11110,"href":"https:\/\/lapsilopsi.ee\/et\/wp-json\/wp\/v2\/pages\/2113\/revisions\/11110"}],"wp:attachment":[{"href":"https:\/\/lapsilopsi.ee\/et\/wp-json\/wp\/v2\/media?parent=2113"}],"curies":[{"name":"wp","href":"https:\/\/api.w.org\/{rel}","templated":true}]}}