{"id":2110,"date":"2020-01-28T19:42:00","date_gmt":"2020-01-28T16:42:00","guid":{"rendered":"https:\/\/lapsilopsi.ee\/lihtne-pakett\/"},"modified":"2025-02-20T14:10:31","modified_gmt":"2025-02-20T11:10:31","slug":"lihtne-pakett","status":"publish","type":"page","link":"https:\/\/lapsilopsi.ee\/et\/lihtne-pakett\/","title":{"rendered":"Lihtne pakett"},"content":{"rendered":"<hr \/>\r\n<p>See peopakett on ideaalne Sulle, kui Sul on palju k\u00fclalisi ja soovid ise s\u00fc\u00fca kaasa v\u00f5tta.<\/p>\r\n<hr \/>\r\n<p>Maksab 135 eurot<\/p><p>Hinna sees:<\/p><ol class=\"wp-block-list\">\r\n<li>Ruumi rent 3 tundi<\/li>\r\n<li>Kohvimasin + kohvioad, piim, suhkur<\/li>\r\n<li>Joogivesi<\/li>\r\n<li>K\u00f5ik n\u00f5ud ja salfr\u00e4tikud<\/li>\r\n<li>Koristus<\/li>\r\n<\/ol><p>&nbsp;<\/p><p>Broneeringu tasu 65 euro<\/p>\r\n<p>Maksimaalne inimeste arv 12 last ja 12 t\u00e4iskasvanu.<\/p>\r\n<p>&nbsp;<\/p><p>S\u00f6\u00f6k ja jook saab tellida kohapeal. Soodustus pizzadele 15%<\/p><p>Ruumis on k\u00f5ik vajalik kvaliteetne banketi n\u00f5ud: njad, kahvlid, lusikad, taldrikud, klaasid, tassid, salfr\u00e4tikud, kausid, vaagnad, vaasid jne. \u00dchekordne n\u00f5ud ei pea kaasa v\u00f5tta!<\/p><p>Meie juures saab maksta kaardiga!<\/p>\r\n<p><a href=\"https:\/\/lapsilopsi.ee\/et\/\u0442\u043e\u0432\u0430\u0440\/booking\/\" target=\"_blank\" rel=\"noopener noreferrer\">Broneeri siin <\/a><\/p>","protected":false},"excerpt":{"rendered":"<p>See peopakett on ideaalne Sulle, kui Sul on palju k\u00fclalisi ja soovid ise s\u00fc\u00fca kaasa v\u00f5tta. Maksab 135 eurot Hinna sees: Ruumi rent 3 tundi Kohvimasin + kohvioad, piim, suhkur Joogivesi K\u00f5ik n\u00f5ud ja salfr\u00e4tikud Koristus &nbsp; Broneeringu tasu 65 euro Maksimaalne inimeste arv 12 last ja 12 t\u00e4iskasvanu. &nbsp; S\u00f6\u00f6k ja jook saab tellida [&hellip;]<\/p>\n","protected":false},"author":2,"featured_media":0,"parent":0,"menu_order":0,"comment_status":"closed","ping_status":"closed","template":"","meta":{"_acf_changed":false,"jetpack_post_was_ever_published":false,"footnotes":""},"class_list":["post-2110","page","type-page","status-publish","hentry"],"acf":[],"yoast_head":"<!-- This site is optimized with the Yoast SEO plugin v24.6 - https:\/\/yoast.com\/wordpress\/plugins\/seo\/ -->\n<title>Lihtne pakett - LapsiLopsi<\/title>\n<meta name=\"robots\" content=\"index, follow, max-snippet:-1, max-image-preview:large, max-video-preview:-1\" \/>\n<link rel=\"canonical\" href=\"https:\/\/lapsilopsi.ee\/et\/lihtne-pakett\/\" \/>\n<meta property=\"og:locale\" content=\"et_EE\" \/>\n<meta property=\"og:type\" content=\"article\" \/>\n<meta property=\"og:title\" content=\"Lihtne pakett - LapsiLopsi\" \/>\n<meta property=\"og:description\" content=\"See peopakett on ideaalne Sulle, kui Sul on palju k\u00fclalisi ja soovid ise s\u00fc\u00fca kaasa v\u00f5tta. Maksab 135 eurot Hinna sees: Ruumi rent 3 tundi Kohvimasin + kohvioad, piim, suhkur Joogivesi K\u00f5ik n\u00f5ud ja salfr\u00e4tikud Koristus &nbsp; Broneeringu tasu 65 euro Maksimaalne inimeste arv 12 last ja 12 t\u00e4iskasvanu. &nbsp; S\u00f6\u00f6k ja jook saab tellida [&hellip;]\" \/>\n<meta property=\"og:url\" content=\"https:\/\/lapsilopsi.ee\/et\/lihtne-pakett\/\" \/>\n<meta property=\"og:site_name\" content=\"LapsiLopsi\" \/>\n<meta property=\"article:modified_time\" content=\"2025-02-20T11:10:31+00:00\" \/>\n<meta name=\"twitter:card\" content=\"summary_large_image\" \/>\n<meta name=\"twitter:label1\" content=\"Est. reading time\" \/>\n\t<meta name=\"twitter:data1\" content=\"1 minut\" \/>\n<script type=\"application\/ld+json\" class=\"yoast-schema-graph\">{\"@context\":\"https:\/\/schema.org\",\"@graph\":[{\"@type\":\"WebPage\",\"@id\":\"https:\/\/lapsilopsi.ee\/et\/lihtne-pakett\/\",\"url\":\"https:\/\/lapsilopsi.ee\/et\/lihtne-pakett\/\",\"name\":\"Lihtne pakett - LapsiLopsi\",\"isPartOf\":{\"@id\":\"https:\/\/lapsilopsi.ee\/et\/#website\"},\"datePublished\":\"2020-01-28T16:42:00+00:00\",\"dateModified\":\"2025-02-20T11:10:31+00:00\",\"breadcrumb\":{\"@id\":\"https:\/\/lapsilopsi.ee\/et\/lihtne-pakett\/#breadcrumb\"},\"inLanguage\":\"et\",\"potentialAction\":[{\"@type\":\"ReadAction\",\"target\":[\"https:\/\/lapsilopsi.ee\/et\/lihtne-pakett\/\"]}]},{\"@type\":\"BreadcrumbList\",\"@id\":\"https:\/\/lapsilopsi.ee\/et\/lihtne-pakett\/#breadcrumb\",\"itemListElement\":[{\"@type\":\"ListItem\",\"position\":1,\"name\":\"Home\",\"item\":\"https:\/\/lapsilopsi.ee\/et\/\"},{\"@type\":\"ListItem\",\"position\":2,\"name\":\"Lihtne pakett\"}]},{\"@type\":\"WebSite\",\"@id\":\"https:\/\/lapsilopsi.ee\/et\/#website\",\"url\":\"https:\/\/lapsilopsi.ee\/et\/\",\"name\":\"LapsiLopsi\",\"description\":\"Puhkame k\u00f5ik koos!\",\"publisher\":{\"@id\":\"https:\/\/lapsilopsi.ee\/et\/#organization\"},\"potentialAction\":[{\"@type\":\"SearchAction\",\"target\":{\"@type\":\"EntryPoint\",\"urlTemplate\":\"https:\/\/lapsilopsi.ee\/et\/?s={search_term_string}\"},\"query-input\":{\"@type\":\"PropertyValueSpecification\",\"valueRequired\":true,\"valueName\":\"search_term_string\"}}],\"inLanguage\":\"et\"},{\"@type\":\"Organization\",\"@id\":\"https:\/\/lapsilopsi.ee\/et\/#organization\",\"name\":\"LapsiLopsi\",\"url\":\"https:\/\/lapsilopsi.ee\/et\/\",\"logo\":{\"@type\":\"ImageObject\",\"inLanguage\":\"et\",\"@id\":\"https:\/\/lapsilopsi.ee\/et\/#\/schema\/logo\/image\/\",\"url\":\"https:\/\/lapsilopsi.ee\/wp-content\/uploads\/2022\/10\/lapsi-lapsi.jpg\",\"contentUrl\":\"https:\/\/lapsilopsi.ee\/wp-content\/uploads\/2022\/10\/lapsi-lapsi.jpg\",\"width\":699,\"height\":181,\"caption\":\"LapsiLopsi\"},\"image\":{\"@id\":\"https:\/\/lapsilopsi.ee\/et\/#\/schema\/logo\/image\/\"}}]}<\/script>\n<!-- \/ Yoast SEO plugin. -->","yoast_head_json":{"title":"Lihtne pakett - LapsiLopsi","robots":{"index":"index","follow":"follow","max-snippet":"max-snippet:-1","max-image-preview":"max-image-preview:large","max-video-preview":"max-video-preview:-1"},"canonical":"https:\/\/lapsilopsi.ee\/et\/lihtne-pakett\/","og_locale":"et_EE","og_type":"article","og_title":"Lihtne pakett - LapsiLopsi","og_description":"See peopakett on ideaalne Sulle, kui Sul on palju k\u00fclalisi ja soovid ise s\u00fc\u00fca kaasa v\u00f5tta. Maksab 135 eurot Hinna sees: Ruumi rent 3 tundi Kohvimasin + kohvioad, piim, suhkur Joogivesi K\u00f5ik n\u00f5ud ja salfr\u00e4tikud Koristus &nbsp; Broneeringu tasu 65 euro Maksimaalne inimeste arv 12 last ja 12 t\u00e4iskasvanu. &nbsp; S\u00f6\u00f6k ja jook saab tellida [&hellip;]","og_url":"https:\/\/lapsilopsi.ee\/et\/lihtne-pakett\/","og_site_name":"LapsiLopsi","article_modified_time":"2025-02-20T11:10:31+00:00","twitter_card":"summary_large_image","twitter_misc":{"Est. reading time":"1 minut"},"schema":{"@context":"https:\/\/schema.org","@graph":[{"@type":"WebPage","@id":"https:\/\/lapsilopsi.ee\/et\/lihtne-pakett\/","url":"https:\/\/lapsilopsi.ee\/et\/lihtne-pakett\/","name":"Lihtne pakett - LapsiLopsi","isPartOf":{"@id":"https:\/\/lapsilopsi.ee\/et\/#website"},"datePublished":"2020-01-28T16:42:00+00:00","dateModified":"2025-02-20T11:10:31+00:00","breadcrumb":{"@id":"https:\/\/lapsilopsi.ee\/et\/lihtne-pakett\/#breadcrumb"},"inLanguage":"et","potentialAction":[{"@type":"ReadAction","target":["https:\/\/lapsilopsi.ee\/et\/lihtne-pakett\/"]}]},{"@type":"BreadcrumbList","@id":"https:\/\/lapsilopsi.ee\/et\/lihtne-pakett\/#breadcrumb","itemListElement":[{"@type":"ListItem","position":1,"name":"Home","item":"https:\/\/lapsilopsi.ee\/et\/"},{"@type":"ListItem","position":2,"name":"Lihtne pakett"}]},{"@type":"WebSite","@id":"https:\/\/lapsilopsi.ee\/et\/#website","url":"https:\/\/lapsilopsi.ee\/et\/","name":"LapsiLopsi","description":"Puhkame k\u00f5ik koos!","publisher":{"@id":"https:\/\/lapsilopsi.ee\/et\/#organization"},"potentialAction":[{"@type":"SearchAction","target":{"@type":"EntryPoint","urlTemplate":"https:\/\/lapsilopsi.ee\/et\/?s={search_term_string}"},"query-input":{"@type":"PropertyValueSpecification","valueRequired":true,"valueName":"search_term_string"}}],"inLanguage":"et"},{"@type":"Organization","@id":"https:\/\/lapsilopsi.ee\/et\/#organization","name":"LapsiLopsi","url":"https:\/\/lapsilopsi.ee\/et\/","logo":{"@type":"ImageObject","inLanguage":"et","@id":"https:\/\/lapsilopsi.ee\/et\/#\/schema\/logo\/image\/","url":"https:\/\/lapsilopsi.ee\/wp-content\/uploads\/2022\/10\/lapsi-lapsi.jpg","contentUrl":"https:\/\/lapsilopsi.ee\/wp-content\/uploads\/2022\/10\/lapsi-lapsi.jpg","width":699,"height":181,"caption":"LapsiLopsi"},"image":{"@id":"https:\/\/lapsilopsi.ee\/et\/#\/schema\/logo\/image\/"}}]}},"jetpack_sharing_enabled":true,"jetpack_shortlink":"https:\/\/wp.me\/PafPRj-y2","_links":{"self":[{"href":"https:\/\/lapsilopsi.ee\/et\/wp-json\/wp\/v2\/pages\/2110","targetHints":{"allow":["GET"]}}],"collection":[{"href":"https:\/\/lapsilopsi.ee\/et\/wp-json\/wp\/v2\/pages"}],"about":[{"href":"https:\/\/lapsilopsi.ee\/et\/wp-json\/wp\/v2\/types\/page"}],"author":[{"embeddable":true,"href":"https:\/\/lapsilopsi.ee\/et\/wp-json\/wp\/v2\/users\/2"}],"replies":[{"embeddable":true,"href":"https:\/\/lapsilopsi.ee\/et\/wp-json\/wp\/v2\/comments?post=2110"}],"version-history":[{"count":20,"href":"https:\/\/lapsilopsi.ee\/et\/wp-json\/wp\/v2\/pages\/2110\/revisions"}],"predecessor-version":[{"id":9954,"href":"https:\/\/lapsilopsi.ee\/et\/wp-json\/wp\/v2\/pages\/2110\/revisions\/9954"}],"wp:attachment":[{"href":"https:\/\/lapsilopsi.ee\/et\/wp-json\/wp\/v2\/media?parent=2110"}],"curies":[{"name":"wp","href":"https:\/\/api.w.org\/{rel}","templated":true}]}}