{"id":2108,"date":"2020-01-28T19:38:12","date_gmt":"2020-01-28T16:38:12","guid":{"rendered":"https:\/\/lapsilopsi.ee\/pizza-pidu\/"},"modified":"2023-12-02T21:23:32","modified_gmt":"2023-12-02T18:23:32","slug":"pizza-pidu","status":"publish","type":"page","link":"https:\/\/lapsilopsi.ee\/et\/pizza-pidu\/","title":{"rendered":"Pizza pidu"},"content":{"rendered":"<hr \/>\r\n<p>LapsiLopsi ja Linnam\u00e4e Peetri Pizza esitlevad pidu \u201cV\u00e4ike pizzameister\u201d<br \/>Lapsed ise v\u00f5ivad valmistada endale v\u00e4ike \u00f5huke pizza kahe lisandiga nende valikul. Pizzameister \u00f5petab kuidas rullitakse pitsap\u00f5hi, kuidas ja missugune kaste on vaja panna. Ise ka lapsed panevad juustu ja nende valitud lisandid. Pizzameister n\u00e4itab kuidas pizza labida peale v\u00f5tta ja \u00f5igesti panna pizzaahjusse. Lapsed j\u00e4lgivad kuidas nende pizza k\u00fcpsetab. Kogenud pizzameister annab teada kui on vaja pizza ahjust v\u00f5tta. Lapsed ise v\u00f5tavad oma pizza ahjust v\u00e4lja. Panevad taldriku peale ja ise proovivad ka pizzanoaga l\u00f5igata oma pizza. Kui pizza on valmis, l\u00e4heb laps tagasi lastetuppa, et oma k\u00e4ttega valmistatud pizza degusteerida.<\/p><p>Peo hind on 205 eurot<\/p><p>Hinna sees:<\/p><ol class=\"wp-block-list\">\r\n<li>Ruumi rent 3 tundi (!!ainult 10-00-13-00!!)<\/li>\r\n<li>T\u00f6\u00f6tuba \u201cV\u00e4ike pizzameister\u201d Maksimaalne osalejate arv 12 inimest vanusega alates 7a. Iga laps ise valmistab endale \u00fcks v\u00e4ike \u00f5huke pizza kahe lisanditega<\/li>\r\n<li>Pizzade karbid<\/li>\r\n<li>P\u00f5llede ja koka m\u00fctsid<\/li>\r\n<li>Marjajook<\/li>\r\n<li>Pehmej\u00e4\u00e4tis<\/li>\r\n<li>Kohvimasin piima ja suhkruga<\/li>\r\n<li>Joogivesi ja tee<\/li>\r\n<li>K\u00f5ik s\u00f6\u00f6giriistad (mitte \u00fchekordsed!) ja salvr\u00e4tik.<\/li>\r\n<li>Koristus<\/li>\r\n<\/ol>\r\n<p>Kaasa tuleb v\u00f5tta vaid kook ja soovi korral kerged suupisted, puu- ja juurviljad.<\/p>\r\n<p>Maksimaalne arv 12 last ja 12 t\u00e4iskasvanut.<\/p>\r\n<p>MK osalejate vanuse alampiir on 7 aastat!<\/p>\r\n<p>Lisaks saab kohapealt toitu tellida. Pitsad on 15% soodsamad.<\/p>\r\n<p><a href=\"https:\/\/lapsilopsi.ee\/et\/\u0442\u043e\u0432\u0430\u0440\/booking\/\" target=\"_blank\" rel=\"noopener noreferrer\">Broneerida<\/a>\u00a0<\/p><p class=\"wp-block-gallery-1 is-layout-flex wp-block-gallery-is-layout-flex\"><div class=\"jetpack-video-wrapper\"><iframe loading=\"lazy\" title=\"MK v\u00e4ike pizzameister\" width=\"842\" height=\"474\" src=\"https:\/\/www.youtube.com\/embed\/WJsEcaoJqEg?feature=oembed\" frameborder=\"0\" allow=\"accelerometer; autoplay; clipboard-write; encrypted-media; gyroscope; picture-in-picture; web-share\" referrerpolicy=\"strict-origin-when-cross-origin\" allowfullscreen><\/iframe><\/div><\/p>\r\n<ul class=\"wp-block-gallery columns-3 is-cropped\">\r\n<li class=\"blocks-gallery-item\">\r\n<figure><img loading=\"lazy\" decoding=\"async\" width=\"1024\" height=\"683\" class=\"wp-image-620\" src=\"https:\/\/lapsilopsi.ee\/wp-content\/uploads\/2019\/03\/2790D1CE-1D14-499D-A83C-4E02A58AC2F4-1024x683.jpg\" alt=\"\" data-id=\"620\" data-link=\"https:\/\/lapsilopsi.ee\/?attachment_id=620\" srcset=\"https:\/\/lapsilopsi.ee\/wp-content\/uploads\/2019\/03\/2790D1CE-1D14-499D-A83C-4E02A58AC2F4-1024x683.jpg 1024w, https:\/\/lapsilopsi.ee\/wp-content\/uploads\/2019\/03\/2790D1CE-1D14-499D-A83C-4E02A58AC2F4-300x200.jpg 300w, https:\/\/lapsilopsi.ee\/wp-content\/uploads\/2019\/03\/2790D1CE-1D14-499D-A83C-4E02A58AC2F4-768x512.jpg 768w, https:\/\/lapsilopsi.ee\/wp-content\/uploads\/2019\/03\/2790D1CE-1D14-499D-A83C-4E02A58AC2F4-842x561.jpg 842w, https:\/\/lapsilopsi.ee\/wp-content\/uploads\/2019\/03\/2790D1CE-1D14-499D-A83C-4E02A58AC2F4-600x400.jpg 600w\" sizes=\"auto, (max-width: 1024px) 100vw, 1024px\" \/><\/figure>\r\n<\/li>\r\n<li class=\"blocks-gallery-item\">\r\n<figure><img loading=\"lazy\" decoding=\"async\" width=\"1024\" height=\"683\" class=\"wp-image-624\" src=\"https:\/\/lapsilopsi.ee\/wp-content\/uploads\/2019\/03\/24903D2E-DE99-42F9-8A29-D4C3FEF74696-1024x683.jpg\" alt=\"\" data-id=\"624\" data-link=\"https:\/\/lapsilopsi.ee\/?attachment_id=624\" srcset=\"https:\/\/lapsilopsi.ee\/wp-content\/uploads\/2019\/03\/24903D2E-DE99-42F9-8A29-D4C3FEF74696-1024x683.jpg 1024w, https:\/\/lapsilopsi.ee\/wp-content\/uploads\/2019\/03\/24903D2E-DE99-42F9-8A29-D4C3FEF74696-300x200.jpg 300w, https:\/\/lapsilopsi.ee\/wp-content\/uploads\/2019\/03\/24903D2E-DE99-42F9-8A29-D4C3FEF74696-768x512.jpg 768w, https:\/\/lapsilopsi.ee\/wp-content\/uploads\/2019\/03\/24903D2E-DE99-42F9-8A29-D4C3FEF74696-842x561.jpg 842w, https:\/\/lapsilopsi.ee\/wp-content\/uploads\/2019\/03\/24903D2E-DE99-42F9-8A29-D4C3FEF74696-600x400.jpg 600w\" sizes=\"auto, (max-width: 1024px) 100vw, 1024px\" \/><\/figure>\r\n<\/li>\r\n<li>\u00a0<\/li>\r\n<\/ul>\r\n<p>&nbsp;<\/p>","protected":false},"excerpt":{"rendered":"<p>LapsiLopsi ja Linnam\u00e4e Peetri Pizza esitlevad pidu \u201cV\u00e4ike pizzameister\u201dLapsed ise v\u00f5ivad valmistada endale v\u00e4ike \u00f5huke pizza kahe lisandiga nende valikul. Pizzameister \u00f5petab kuidas rullitakse pitsap\u00f5hi, kuidas ja missugune kaste on vaja panna. Ise ka lapsed panevad juustu ja nende valitud lisandid. Pizzameister n\u00e4itab kuidas pizza labida peale v\u00f5tta ja \u00f5igesti panna pizzaahjusse. Lapsed j\u00e4lgivad kuidas [&hellip;]<\/p>\n","protected":false},"author":2,"featured_media":0,"parent":0,"menu_order":0,"comment_status":"closed","ping_status":"closed","template":"","meta":{"_acf_changed":false,"jetpack_post_was_ever_published":false,"footnotes":""},"class_list":["post-2108","page","type-page","status-publish","hentry"],"acf":[],"yoast_head":"<!-- This site is optimized with the Yoast SEO plugin v24.6 - https:\/\/yoast.com\/wordpress\/plugins\/seo\/ -->\n<title>Pizza pidu - LapsiLopsi<\/title>\n<meta name=\"description\" content=\"MK pitsak\u00fcpsetamine &quot;Noor pizzameister&quot;. Lapsed saavad ise pizzat valmistada, valida oma lisandid, teha k\u00f5ike ise ja l\u00f5butseda lastekohvikus.\" \/>\n<meta name=\"robots\" content=\"index, follow, max-snippet:-1, max-image-preview:large, max-video-preview:-1\" \/>\n<link rel=\"canonical\" href=\"https:\/\/lapsilopsi.ee\/et\/pizza-pidu\/\" \/>\n<meta property=\"og:locale\" content=\"et_EE\" \/>\n<meta property=\"og:type\" content=\"article\" \/>\n<meta property=\"og:title\" content=\"Pizza pidu - LapsiLopsi\" \/>\n<meta property=\"og:description\" content=\"MK pitsak\u00fcpsetamine &quot;Noor pizzameister&quot;. Lapsed saavad ise pizzat valmistada, valida oma lisandid, teha k\u00f5ike ise ja l\u00f5butseda lastekohvikus.\" \/>\n<meta property=\"og:url\" content=\"https:\/\/lapsilopsi.ee\/et\/pizza-pidu\/\" \/>\n<meta property=\"og:site_name\" content=\"LapsiLopsi\" \/>\n<meta property=\"article:modified_time\" content=\"2023-12-02T18:23:32+00:00\" \/>\n<meta property=\"og:image\" content=\"https:\/\/lapsilopsi.ee\/wp-content\/uploads\/2019\/03\/2790D1CE-1D14-499D-A83C-4E02A58AC2F4-1024x683.jpg\" \/>\n<meta name=\"twitter:card\" content=\"summary_large_image\" \/>\n<meta name=\"twitter:label1\" content=\"Est. reading time\" \/>\n\t<meta name=\"twitter:data1\" content=\"2 minutit\" \/>\n<script type=\"application\/ld+json\" class=\"yoast-schema-graph\">{\"@context\":\"https:\/\/schema.org\",\"@graph\":[{\"@type\":\"WebPage\",\"@id\":\"https:\/\/lapsilopsi.ee\/et\/pizza-pidu\/\",\"url\":\"https:\/\/lapsilopsi.ee\/et\/pizza-pidu\/\",\"name\":\"Pizza pidu - LapsiLopsi\",\"isPartOf\":{\"@id\":\"https:\/\/lapsilopsi.ee\/et\/#website\"},\"primaryImageOfPage\":{\"@id\":\"https:\/\/lapsilopsi.ee\/et\/pizza-pidu\/#primaryimage\"},\"image\":{\"@id\":\"https:\/\/lapsilopsi.ee\/et\/pizza-pidu\/#primaryimage\"},\"thumbnailUrl\":\"https:\/\/lapsilopsi.ee\/wp-content\/uploads\/2019\/03\/2790D1CE-1D14-499D-A83C-4E02A58AC2F4-1024x683.jpg\",\"datePublished\":\"2020-01-28T16:38:12+00:00\",\"dateModified\":\"2023-12-02T18:23:32+00:00\",\"description\":\"MK pitsak\u00fcpsetamine \\\"Noor pizzameister\\\". Lapsed saavad ise pizzat valmistada, valida oma lisandid, teha k\u00f5ike ise ja l\u00f5butseda lastekohvikus.\",\"breadcrumb\":{\"@id\":\"https:\/\/lapsilopsi.ee\/et\/pizza-pidu\/#breadcrumb\"},\"inLanguage\":\"et\",\"potentialAction\":[{\"@type\":\"ReadAction\",\"target\":[\"https:\/\/lapsilopsi.ee\/et\/pizza-pidu\/\"]}]},{\"@type\":\"ImageObject\",\"inLanguage\":\"et\",\"@id\":\"https:\/\/lapsilopsi.ee\/et\/pizza-pidu\/#primaryimage\",\"url\":\"https:\/\/lapsilopsi.ee\/wp-content\/uploads\/2019\/03\/2790D1CE-1D14-499D-A83C-4E02A58AC2F4-1024x683.jpg\",\"contentUrl\":\"https:\/\/lapsilopsi.ee\/wp-content\/uploads\/2019\/03\/2790D1CE-1D14-499D-A83C-4E02A58AC2F4-1024x683.jpg\"},{\"@type\":\"BreadcrumbList\",\"@id\":\"https:\/\/lapsilopsi.ee\/et\/pizza-pidu\/#breadcrumb\",\"itemListElement\":[{\"@type\":\"ListItem\",\"position\":1,\"name\":\"Home\",\"item\":\"https:\/\/lapsilopsi.ee\/et\/\"},{\"@type\":\"ListItem\",\"position\":2,\"name\":\"Pizza pidu\"}]},{\"@type\":\"WebSite\",\"@id\":\"https:\/\/lapsilopsi.ee\/et\/#website\",\"url\":\"https:\/\/lapsilopsi.ee\/et\/\",\"name\":\"LapsiLopsi\",\"description\":\"Puhkame k\u00f5ik koos!\",\"publisher\":{\"@id\":\"https:\/\/lapsilopsi.ee\/et\/#organization\"},\"potentialAction\":[{\"@type\":\"SearchAction\",\"target\":{\"@type\":\"EntryPoint\",\"urlTemplate\":\"https:\/\/lapsilopsi.ee\/et\/?s={search_term_string}\"},\"query-input\":{\"@type\":\"PropertyValueSpecification\",\"valueRequired\":true,\"valueName\":\"search_term_string\"}}],\"inLanguage\":\"et\"},{\"@type\":\"Organization\",\"@id\":\"https:\/\/lapsilopsi.ee\/et\/#organization\",\"name\":\"LapsiLopsi\",\"url\":\"https:\/\/lapsilopsi.ee\/et\/\",\"logo\":{\"@type\":\"ImageObject\",\"inLanguage\":\"et\",\"@id\":\"https:\/\/lapsilopsi.ee\/et\/#\/schema\/logo\/image\/\",\"url\":\"https:\/\/lapsilopsi.ee\/wp-content\/uploads\/2022\/10\/lapsi-lapsi.jpg\",\"contentUrl\":\"https:\/\/lapsilopsi.ee\/wp-content\/uploads\/2022\/10\/lapsi-lapsi.jpg\",\"width\":699,\"height\":181,\"caption\":\"LapsiLopsi\"},\"image\":{\"@id\":\"https:\/\/lapsilopsi.ee\/et\/#\/schema\/logo\/image\/\"}}]}<\/script>\n<!-- \/ Yoast SEO plugin. -->","yoast_head_json":{"title":"Pizza pidu - LapsiLopsi","description":"MK pitsak\u00fcpsetamine \"Noor pizzameister\". Lapsed saavad ise pizzat valmistada, valida oma lisandid, teha k\u00f5ike ise ja l\u00f5butseda lastekohvikus.","robots":{"index":"index","follow":"follow","max-snippet":"max-snippet:-1","max-image-preview":"max-image-preview:large","max-video-preview":"max-video-preview:-1"},"canonical":"https:\/\/lapsilopsi.ee\/et\/pizza-pidu\/","og_locale":"et_EE","og_type":"article","og_title":"Pizza pidu - LapsiLopsi","og_description":"MK pitsak\u00fcpsetamine \"Noor pizzameister\". Lapsed saavad ise pizzat valmistada, valida oma lisandid, teha k\u00f5ike ise ja l\u00f5butseda lastekohvikus.","og_url":"https:\/\/lapsilopsi.ee\/et\/pizza-pidu\/","og_site_name":"LapsiLopsi","article_modified_time":"2023-12-02T18:23:32+00:00","og_image":[{"url":"https:\/\/lapsilopsi.ee\/wp-content\/uploads\/2019\/03\/2790D1CE-1D14-499D-A83C-4E02A58AC2F4-1024x683.jpg","type":"","width":"","height":""}],"twitter_card":"summary_large_image","twitter_misc":{"Est. reading time":"2 minutit"},"schema":{"@context":"https:\/\/schema.org","@graph":[{"@type":"WebPage","@id":"https:\/\/lapsilopsi.ee\/et\/pizza-pidu\/","url":"https:\/\/lapsilopsi.ee\/et\/pizza-pidu\/","name":"Pizza pidu - LapsiLopsi","isPartOf":{"@id":"https:\/\/lapsilopsi.ee\/et\/#website"},"primaryImageOfPage":{"@id":"https:\/\/lapsilopsi.ee\/et\/pizza-pidu\/#primaryimage"},"image":{"@id":"https:\/\/lapsilopsi.ee\/et\/pizza-pidu\/#primaryimage"},"thumbnailUrl":"https:\/\/lapsilopsi.ee\/wp-content\/uploads\/2019\/03\/2790D1CE-1D14-499D-A83C-4E02A58AC2F4-1024x683.jpg","datePublished":"2020-01-28T16:38:12+00:00","dateModified":"2023-12-02T18:23:32+00:00","description":"MK pitsak\u00fcpsetamine \"Noor pizzameister\". Lapsed saavad ise pizzat valmistada, valida oma lisandid, teha k\u00f5ike ise ja l\u00f5butseda lastekohvikus.","breadcrumb":{"@id":"https:\/\/lapsilopsi.ee\/et\/pizza-pidu\/#breadcrumb"},"inLanguage":"et","potentialAction":[{"@type":"ReadAction","target":["https:\/\/lapsilopsi.ee\/et\/pizza-pidu\/"]}]},{"@type":"ImageObject","inLanguage":"et","@id":"https:\/\/lapsilopsi.ee\/et\/pizza-pidu\/#primaryimage","url":"https:\/\/lapsilopsi.ee\/wp-content\/uploads\/2019\/03\/2790D1CE-1D14-499D-A83C-4E02A58AC2F4-1024x683.jpg","contentUrl":"https:\/\/lapsilopsi.ee\/wp-content\/uploads\/2019\/03\/2790D1CE-1D14-499D-A83C-4E02A58AC2F4-1024x683.jpg"},{"@type":"BreadcrumbList","@id":"https:\/\/lapsilopsi.ee\/et\/pizza-pidu\/#breadcrumb","itemListElement":[{"@type":"ListItem","position":1,"name":"Home","item":"https:\/\/lapsilopsi.ee\/et\/"},{"@type":"ListItem","position":2,"name":"Pizza pidu"}]},{"@type":"WebSite","@id":"https:\/\/lapsilopsi.ee\/et\/#website","url":"https:\/\/lapsilopsi.ee\/et\/","name":"LapsiLopsi","description":"Puhkame k\u00f5ik koos!","publisher":{"@id":"https:\/\/lapsilopsi.ee\/et\/#organization"},"potentialAction":[{"@type":"SearchAction","target":{"@type":"EntryPoint","urlTemplate":"https:\/\/lapsilopsi.ee\/et\/?s={search_term_string}"},"query-input":{"@type":"PropertyValueSpecification","valueRequired":true,"valueName":"search_term_string"}}],"inLanguage":"et"},{"@type":"Organization","@id":"https:\/\/lapsilopsi.ee\/et\/#organization","name":"LapsiLopsi","url":"https:\/\/lapsilopsi.ee\/et\/","logo":{"@type":"ImageObject","inLanguage":"et","@id":"https:\/\/lapsilopsi.ee\/et\/#\/schema\/logo\/image\/","url":"https:\/\/lapsilopsi.ee\/wp-content\/uploads\/2022\/10\/lapsi-lapsi.jpg","contentUrl":"https:\/\/lapsilopsi.ee\/wp-content\/uploads\/2022\/10\/lapsi-lapsi.jpg","width":699,"height":181,"caption":"LapsiLopsi"},"image":{"@id":"https:\/\/lapsilopsi.ee\/et\/#\/schema\/logo\/image\/"}}]}},"jetpack_sharing_enabled":true,"jetpack_shortlink":"https:\/\/wp.me\/PafPRj-y0","_links":{"self":[{"href":"https:\/\/lapsilopsi.ee\/et\/wp-json\/wp\/v2\/pages\/2108","targetHints":{"allow":["GET"]}}],"collection":[{"href":"https:\/\/lapsilopsi.ee\/et\/wp-json\/wp\/v2\/pages"}],"about":[{"href":"https:\/\/lapsilopsi.ee\/et\/wp-json\/wp\/v2\/types\/page"}],"author":[{"embeddable":true,"href":"https:\/\/lapsilopsi.ee\/et\/wp-json\/wp\/v2\/users\/2"}],"replies":[{"embeddable":true,"href":"https:\/\/lapsilopsi.ee\/et\/wp-json\/wp\/v2\/comments?post=2108"}],"version-history":[{"count":26,"href":"https:\/\/lapsilopsi.ee\/et\/wp-json\/wp\/v2\/pages\/2108\/revisions"}],"predecessor-version":[{"id":11145,"href":"https:\/\/lapsilopsi.ee\/et\/wp-json\/wp\/v2\/pages\/2108\/revisions\/11145"}],"wp:attachment":[{"href":"https:\/\/lapsilopsi.ee\/et\/wp-json\/wp\/v2\/media?parent=2108"}],"curies":[{"name":"wp","href":"https:\/\/api.w.org\/{rel}","templated":true}]}}