{"id":2105,"date":"2020-01-28T19:32:29","date_gmt":"2020-01-28T16:32:29","guid":{"rendered":"https:\/\/lapsilopsi.ee\/taispakett\/"},"modified":"2025-08-06T22:02:08","modified_gmt":"2025-08-06T19:02:08","slug":"taispakett","status":"publish","type":"page","link":"https:\/\/lapsilopsi.ee\/et\/taispakett\/","title":{"rendered":"T\u00e4ispakett"},"content":{"rendered":"<p>Hind 175 euro<\/p><p>Hinna sees:<\/p><ol class=\"wp-block-list\">\r\n<li>Ruumi rent 3 tundi<\/li>\r\n<li>Kohvimasin + kohvioad, piim, suhkur<\/li>\r\n<li>Pehmej\u00e4\u00e4tis<\/li>\r\n<li>5 suurt \u00f5hukest pizzat teie <a href=\"https:\/\/lapsilopsi.ee\/et\/menuu\/\">valikul<\/a><\/li>\r\n<li>Taldrik friikartulite, kana nagitsate ja lihapallidega<\/li>\r\n<li>Marjajook<\/li>\r\n<li>Joogivesi<\/li>\r\n<li>K\u00f5ik n\u00f5ud (mitte \u00fchekordsed!)\u00a0<\/li>\r\n<li>Salvr\u00e4tikud.<\/li>\r\n<li>Mulli disco 15 min<\/li>\r\n<li>Koristus<\/li>\r\n<\/ol>\r\n<p>Kaasa tuleb v\u00f5tta vaid kook ja soovi korral kerged suupisted, puu- ja juurviljad.<\/p><p>Broneerimistasu on 65 eurot, mis arvatakse maha kogusummast.<\/p>\r\n<p>Maksimaalne inimeste arv on 12 last ja 12 t\u00e4iskasvanu.<\/p><p>Lisa s\u00f6\u00f6k ja jook saab tellida kohapeal. Soodustus pizzadele 15%<\/p><p>Ruumis on k\u00f5ik vajalik kvaliteetne banketi n\u00f5ud: noad, kahvlid, lusikad, taldrikud, klaasid, tassid, salfr\u00e4tikud, kausid, vaasid jne. \u00dchekordne n\u00f5ud ei pea kaasa v\u00f5tta!<\/p><p><strong>Meie juures saab maksta kaardiga!<\/strong><\/p>\r\n<p><a href=\"https:\/\/lapsilopsi.ee\/et\/toode\/booking\/\" target=\"_blank\" rel=\"noopener noreferrer\">Broneeri siin <\/a><\/p>\r\n<p><div class=\"jetpack-video-wrapper\"><iframe loading=\"lazy\" title=\"LapsiLopsi lastekohvik \u043f\u0440\u0438\u0433\u043e\u0442\u043e\u0432\u043b\u0435\u043d\u0438\u0435 \u0432\u0430\u0448\u0435\u0433\u043e  \u043f\u0440\u0430\u0437\u0434\u043d\u0438\u043a\u0430\" width=\"842\" height=\"474\" src=\"https:\/\/www.youtube.com\/embed\/HfE5afkO7TA?feature=oembed\" frameborder=\"0\" allow=\"accelerometer; autoplay; clipboard-write; encrypted-media; gyroscope; picture-in-picture; web-share\" referrerpolicy=\"strict-origin-when-cross-origin\" allowfullscreen><\/iframe><\/div><\/p>","protected":false},"excerpt":{"rendered":"<p>Hind 175 euro Hinna sees: Ruumi rent 3 tundi Kohvimasin + kohvioad, piim, suhkur Pehmej\u00e4\u00e4tis 5 suurt \u00f5hukest pizzat teie valikul Taldrik friikartulite, kana nagitsate ja lihapallidega Marjajook Joogivesi K\u00f5ik n\u00f5ud (mitte \u00fchekordsed!)\u00a0 Salvr\u00e4tikud. Mulli disco 15 min Koristus Kaasa tuleb v\u00f5tta vaid kook ja soovi korral kerged suupisted, puu- ja juurviljad. Broneerimistasu on 65 [&hellip;]<\/p>\n","protected":false},"author":2,"featured_media":0,"parent":0,"menu_order":0,"comment_status":"closed","ping_status":"closed","template":"","meta":{"_acf_changed":false,"jetpack_post_was_ever_published":false,"footnotes":""},"class_list":["post-2105","page","type-page","status-publish","hentry"],"acf":[],"yoast_head":"<!-- This site is optimized with the Yoast SEO plugin v24.6 - https:\/\/yoast.com\/wordpress\/plugins\/seo\/ -->\n<title>T\u00e4ispakett - LapsiLopsi<\/title>\n<meta name=\"robots\" content=\"index, follow, max-snippet:-1, max-image-preview:large, max-video-preview:-1\" \/>\n<link rel=\"canonical\" href=\"https:\/\/lapsilopsi.ee\/et\/taispakett\/\" \/>\n<meta property=\"og:locale\" content=\"et_EE\" \/>\n<meta property=\"og:type\" content=\"article\" \/>\n<meta property=\"og:title\" content=\"T\u00e4ispakett - LapsiLopsi\" \/>\n<meta property=\"og:description\" content=\"Hind 175 euro Hinna sees: Ruumi rent 3 tundi Kohvimasin + kohvioad, piim, suhkur Pehmej\u00e4\u00e4tis 5 suurt \u00f5hukest pizzat teie valikul Taldrik friikartulite, kana nagitsate ja lihapallidega Marjajook Joogivesi K\u00f5ik n\u00f5ud (mitte \u00fchekordsed!)\u00a0 Salvr\u00e4tikud. Mulli disco 15 min Koristus Kaasa tuleb v\u00f5tta vaid kook ja soovi korral kerged suupisted, puu- ja juurviljad. Broneerimistasu on 65 [&hellip;]\" \/>\n<meta property=\"og:url\" content=\"https:\/\/lapsilopsi.ee\/et\/taispakett\/\" \/>\n<meta property=\"og:site_name\" content=\"LapsiLopsi\" \/>\n<meta property=\"article:modified_time\" content=\"2025-08-06T19:02:08+00:00\" \/>\n<meta name=\"twitter:card\" content=\"summary_large_image\" \/>\n<meta name=\"twitter:label1\" content=\"Est. reading time\" \/>\n\t<meta name=\"twitter:data1\" content=\"1 minut\" \/>\n<script type=\"application\/ld+json\" class=\"yoast-schema-graph\">{\"@context\":\"https:\/\/schema.org\",\"@graph\":[{\"@type\":\"WebPage\",\"@id\":\"https:\/\/lapsilopsi.ee\/et\/taispakett\/\",\"url\":\"https:\/\/lapsilopsi.ee\/et\/taispakett\/\",\"name\":\"T\u00e4ispakett - LapsiLopsi\",\"isPartOf\":{\"@id\":\"https:\/\/lapsilopsi.ee\/et\/#website\"},\"datePublished\":\"2020-01-28T16:32:29+00:00\",\"dateModified\":\"2025-08-06T19:02:08+00:00\",\"breadcrumb\":{\"@id\":\"https:\/\/lapsilopsi.ee\/et\/taispakett\/#breadcrumb\"},\"inLanguage\":\"et\",\"potentialAction\":[{\"@type\":\"ReadAction\",\"target\":[\"https:\/\/lapsilopsi.ee\/et\/taispakett\/\"]}]},{\"@type\":\"BreadcrumbList\",\"@id\":\"https:\/\/lapsilopsi.ee\/et\/taispakett\/#breadcrumb\",\"itemListElement\":[{\"@type\":\"ListItem\",\"position\":1,\"name\":\"Home\",\"item\":\"https:\/\/lapsilopsi.ee\/et\/\"},{\"@type\":\"ListItem\",\"position\":2,\"name\":\"T\u00e4ispakett\"}]},{\"@type\":\"WebSite\",\"@id\":\"https:\/\/lapsilopsi.ee\/et\/#website\",\"url\":\"https:\/\/lapsilopsi.ee\/et\/\",\"name\":\"LapsiLopsi\",\"description\":\"Puhkame k\u00f5ik koos!\",\"publisher\":{\"@id\":\"https:\/\/lapsilopsi.ee\/et\/#organization\"},\"potentialAction\":[{\"@type\":\"SearchAction\",\"target\":{\"@type\":\"EntryPoint\",\"urlTemplate\":\"https:\/\/lapsilopsi.ee\/et\/?s={search_term_string}\"},\"query-input\":{\"@type\":\"PropertyValueSpecification\",\"valueRequired\":true,\"valueName\":\"search_term_string\"}}],\"inLanguage\":\"et\"},{\"@type\":\"Organization\",\"@id\":\"https:\/\/lapsilopsi.ee\/et\/#organization\",\"name\":\"LapsiLopsi\",\"url\":\"https:\/\/lapsilopsi.ee\/et\/\",\"logo\":{\"@type\":\"ImageObject\",\"inLanguage\":\"et\",\"@id\":\"https:\/\/lapsilopsi.ee\/et\/#\/schema\/logo\/image\/\",\"url\":\"https:\/\/lapsilopsi.ee\/wp-content\/uploads\/2022\/10\/lapsi-lapsi.jpg\",\"contentUrl\":\"https:\/\/lapsilopsi.ee\/wp-content\/uploads\/2022\/10\/lapsi-lapsi.jpg\",\"width\":699,\"height\":181,\"caption\":\"LapsiLopsi\"},\"image\":{\"@id\":\"https:\/\/lapsilopsi.ee\/et\/#\/schema\/logo\/image\/\"}}]}<\/script>\n<!-- \/ Yoast SEO plugin. -->","yoast_head_json":{"title":"T\u00e4ispakett - LapsiLopsi","robots":{"index":"index","follow":"follow","max-snippet":"max-snippet:-1","max-image-preview":"max-image-preview:large","max-video-preview":"max-video-preview:-1"},"canonical":"https:\/\/lapsilopsi.ee\/et\/taispakett\/","og_locale":"et_EE","og_type":"article","og_title":"T\u00e4ispakett - LapsiLopsi","og_description":"Hind 175 euro Hinna sees: Ruumi rent 3 tundi Kohvimasin + kohvioad, piim, suhkur Pehmej\u00e4\u00e4tis 5 suurt \u00f5hukest pizzat teie valikul Taldrik friikartulite, kana nagitsate ja lihapallidega Marjajook Joogivesi K\u00f5ik n\u00f5ud (mitte \u00fchekordsed!)\u00a0 Salvr\u00e4tikud. Mulli disco 15 min Koristus Kaasa tuleb v\u00f5tta vaid kook ja soovi korral kerged suupisted, puu- ja juurviljad. Broneerimistasu on 65 [&hellip;]","og_url":"https:\/\/lapsilopsi.ee\/et\/taispakett\/","og_site_name":"LapsiLopsi","article_modified_time":"2025-08-06T19:02:08+00:00","twitter_card":"summary_large_image","twitter_misc":{"Est. reading time":"1 minut"},"schema":{"@context":"https:\/\/schema.org","@graph":[{"@type":"WebPage","@id":"https:\/\/lapsilopsi.ee\/et\/taispakett\/","url":"https:\/\/lapsilopsi.ee\/et\/taispakett\/","name":"T\u00e4ispakett - LapsiLopsi","isPartOf":{"@id":"https:\/\/lapsilopsi.ee\/et\/#website"},"datePublished":"2020-01-28T16:32:29+00:00","dateModified":"2025-08-06T19:02:08+00:00","breadcrumb":{"@id":"https:\/\/lapsilopsi.ee\/et\/taispakett\/#breadcrumb"},"inLanguage":"et","potentialAction":[{"@type":"ReadAction","target":["https:\/\/lapsilopsi.ee\/et\/taispakett\/"]}]},{"@type":"BreadcrumbList","@id":"https:\/\/lapsilopsi.ee\/et\/taispakett\/#breadcrumb","itemListElement":[{"@type":"ListItem","position":1,"name":"Home","item":"https:\/\/lapsilopsi.ee\/et\/"},{"@type":"ListItem","position":2,"name":"T\u00e4ispakett"}]},{"@type":"WebSite","@id":"https:\/\/lapsilopsi.ee\/et\/#website","url":"https:\/\/lapsilopsi.ee\/et\/","name":"LapsiLopsi","description":"Puhkame k\u00f5ik koos!","publisher":{"@id":"https:\/\/lapsilopsi.ee\/et\/#organization"},"potentialAction":[{"@type":"SearchAction","target":{"@type":"EntryPoint","urlTemplate":"https:\/\/lapsilopsi.ee\/et\/?s={search_term_string}"},"query-input":{"@type":"PropertyValueSpecification","valueRequired":true,"valueName":"search_term_string"}}],"inLanguage":"et"},{"@type":"Organization","@id":"https:\/\/lapsilopsi.ee\/et\/#organization","name":"LapsiLopsi","url":"https:\/\/lapsilopsi.ee\/et\/","logo":{"@type":"ImageObject","inLanguage":"et","@id":"https:\/\/lapsilopsi.ee\/et\/#\/schema\/logo\/image\/","url":"https:\/\/lapsilopsi.ee\/wp-content\/uploads\/2022\/10\/lapsi-lapsi.jpg","contentUrl":"https:\/\/lapsilopsi.ee\/wp-content\/uploads\/2022\/10\/lapsi-lapsi.jpg","width":699,"height":181,"caption":"LapsiLopsi"},"image":{"@id":"https:\/\/lapsilopsi.ee\/et\/#\/schema\/logo\/image\/"}}]}},"jetpack_sharing_enabled":true,"jetpack_shortlink":"https:\/\/wp.me\/PafPRj-xX","_links":{"self":[{"href":"https:\/\/lapsilopsi.ee\/et\/wp-json\/wp\/v2\/pages\/2105","targetHints":{"allow":["GET"]}}],"collection":[{"href":"https:\/\/lapsilopsi.ee\/et\/wp-json\/wp\/v2\/pages"}],"about":[{"href":"https:\/\/lapsilopsi.ee\/et\/wp-json\/wp\/v2\/types\/page"}],"author":[{"embeddable":true,"href":"https:\/\/lapsilopsi.ee\/et\/wp-json\/wp\/v2\/users\/2"}],"replies":[{"embeddable":true,"href":"https:\/\/lapsilopsi.ee\/et\/wp-json\/wp\/v2\/comments?post=2105"}],"version-history":[{"count":28,"href":"https:\/\/lapsilopsi.ee\/et\/wp-json\/wp\/v2\/pages\/2105\/revisions"}],"predecessor-version":[{"id":14487,"href":"https:\/\/lapsilopsi.ee\/et\/wp-json\/wp\/v2\/pages\/2105\/revisions\/14487"}],"wp:attachment":[{"href":"https:\/\/lapsilopsi.ee\/et\/wp-json\/wp\/v2\/media?parent=2105"}],"curies":[{"name":"wp","href":"https:\/\/api.w.org\/{rel}","templated":true}]}}