{"id":2102,"date":"2020-01-25T21:36:05","date_gmt":"2020-01-25T18:36:05","guid":{"rendered":"https:\/\/lapsilopsi.ee\/super-pidu\/"},"modified":"2025-01-17T01:28:45","modified_gmt":"2025-01-16T22:28:45","slug":"super-pidu","status":"publish","type":"page","link":"https:\/\/lapsilopsi.ee\/et\/super-pidu\/","title":{"rendered":"Super pidu"},"content":{"rendered":"<p>Hind 315 euro<\/p><p>Hinna sees:<\/p><ol class=\"wp-block-list\">\r\n<li>Ruumi rent 3 tundi<\/li>\r\n<li>\u00dcks meie <a href=\"http:\/\/lapsilopsi.ee\/ru\/programmq\/\">meelelahutus programm<\/a> teie valikul<\/li>\r\n<li>Kohvimasin + kohvioad, piim, suhkur<\/li>\r\n<li>Pehme j\u00e4\u00e4tis<\/li>\r\n<li>5 suurt \u00f5hukest pizzat teie <a href=\"https:\/\/lapsilopsi.ee\/et\/menuu\/\">valikul<\/a><\/li>\r\n<li>Frii kartuli, kana nagitsate ja lihapallide vaagen + ketsup<\/li>\r\n<li>Vaagen k\u00f6\u00f6giviljadega + hapukoore dipikaste<\/li>\r\n<li>Maiustused (pont\u0161ikud, makaroonid, profitroolid, miniekleerid, kummikommid, marmelaad, v\u00e4rviline popcorn ja vahukommid)<\/li>\r\n<li>Marjajook 6 liitrit<\/li>\r\n<li>K\u00f5ik n\u00f5ud (mitte \u00fchekordne),\u00a0<\/li>\r\n<li>Salfr\u00e4tikud<\/li>\r\n<li>Tordi vulkaan<\/li>\r\n<li>Koristus<\/li>\r\n<\/ol>\r\n<p>Tuleb vaid kook kaasa v\u00f5tta.<\/p>\r\n<p>Broneerimistasu on 65 EUR, mis arvestatakse maha kogusummast<\/p>\r\n<p>Maksimaalne arv 12 last ja 12 t\u00e4iskasvanut<\/p><p>Lisa s\u00f6\u00f6k ja jook saab tellida kohapeal. Soodustus pizzadele 15%<\/p>\r\n<p>Toas on k\u00f5ik kvaliteetsed n\u00f5ud &#8211; noad, kahvlid, lusikad, taldrikud, klaasid, kruusid, salvr\u00e4tikud, kausid ja vaasid. \u00dchekordne n\u00f5ud ei pea kaasa v\u00f5tta!<\/p>\r\n<p><strong>Meie juures saab maksta kaardiga!<\/strong><\/p>\r\n<p><a href=\"https:\/\/lapsilopsi.ee\/et\/toode\/booking\/\" target=\"_blank\" rel=\"noopener noreferrer\">Broneeri siin <\/a><\/p>\r\n<p><div class=\"jetpack-video-wrapper\"><iframe loading=\"lazy\" title=\"Super pidu LapsiLopsi Lastekohvikus 28.07.2020\" width=\"842\" height=\"474\" src=\"https:\/\/www.youtube.com\/embed\/x2Q_arzATh4?feature=oembed\" frameborder=\"0\" allow=\"accelerometer; autoplay; clipboard-write; encrypted-media; gyroscope; picture-in-picture; web-share\" referrerpolicy=\"strict-origin-when-cross-origin\" allowfullscreen><\/iframe><\/div><\/p>","protected":false},"excerpt":{"rendered":"<p>Hind 315 euro Hinna sees: Ruumi rent 3 tundi \u00dcks meie meelelahutus programm teie valikul Kohvimasin + kohvioad, piim, suhkur Pehme j\u00e4\u00e4tis 5 suurt \u00f5hukest pizzat teie valikul Frii kartuli, kana nagitsate ja lihapallide vaagen + ketsup Vaagen k\u00f6\u00f6giviljadega + hapukoore dipikaste Maiustused (pont\u0161ikud, makaroonid, profitroolid, miniekleerid, kummikommid, marmelaad, v\u00e4rviline popcorn ja vahukommid) Marjajook 6 [&hellip;]<\/p>\n","protected":false},"author":2,"featured_media":0,"parent":0,"menu_order":0,"comment_status":"closed","ping_status":"closed","template":"","meta":{"_acf_changed":false,"jetpack_post_was_ever_published":false,"footnotes":""},"class_list":["post-2102","page","type-page","status-publish","hentry"],"acf":[],"yoast_head":"<!-- This site is optimized with the Yoast SEO plugin v24.6 - https:\/\/yoast.com\/wordpress\/plugins\/seo\/ -->\n<title>Super pidu - LapsiLopsi<\/title>\n<meta name=\"robots\" content=\"index, follow, max-snippet:-1, max-image-preview:large, max-video-preview:-1\" \/>\n<link rel=\"canonical\" href=\"https:\/\/lapsilopsi.ee\/et\/super-pidu\/\" \/>\n<meta property=\"og:locale\" content=\"et_EE\" \/>\n<meta property=\"og:type\" content=\"article\" \/>\n<meta property=\"og:title\" content=\"Super pidu - LapsiLopsi\" \/>\n<meta property=\"og:description\" content=\"Hind 315 euro Hinna sees: Ruumi rent 3 tundi \u00dcks meie meelelahutus programm teie valikul Kohvimasin + kohvioad, piim, suhkur Pehme j\u00e4\u00e4tis 5 suurt \u00f5hukest pizzat teie valikul Frii kartuli, kana nagitsate ja lihapallide vaagen + ketsup Vaagen k\u00f6\u00f6giviljadega + hapukoore dipikaste Maiustused (pont\u0161ikud, makaroonid, profitroolid, miniekleerid, kummikommid, marmelaad, v\u00e4rviline popcorn ja vahukommid) Marjajook 6 [&hellip;]\" \/>\n<meta property=\"og:url\" content=\"https:\/\/lapsilopsi.ee\/et\/super-pidu\/\" \/>\n<meta property=\"og:site_name\" content=\"LapsiLopsi\" \/>\n<meta property=\"article:modified_time\" content=\"2025-01-16T22:28:45+00:00\" \/>\n<meta name=\"twitter:card\" content=\"summary_large_image\" \/>\n<meta name=\"twitter:label1\" content=\"Est. reading time\" \/>\n\t<meta name=\"twitter:data1\" content=\"1 minut\" \/>\n<script type=\"application\/ld+json\" class=\"yoast-schema-graph\">{\"@context\":\"https:\/\/schema.org\",\"@graph\":[{\"@type\":\"WebPage\",\"@id\":\"https:\/\/lapsilopsi.ee\/et\/super-pidu\/\",\"url\":\"https:\/\/lapsilopsi.ee\/et\/super-pidu\/\",\"name\":\"Super pidu - LapsiLopsi\",\"isPartOf\":{\"@id\":\"https:\/\/lapsilopsi.ee\/et\/#website\"},\"datePublished\":\"2020-01-25T18:36:05+00:00\",\"dateModified\":\"2025-01-16T22:28:45+00:00\",\"breadcrumb\":{\"@id\":\"https:\/\/lapsilopsi.ee\/et\/super-pidu\/#breadcrumb\"},\"inLanguage\":\"et\",\"potentialAction\":[{\"@type\":\"ReadAction\",\"target\":[\"https:\/\/lapsilopsi.ee\/et\/super-pidu\/\"]}]},{\"@type\":\"BreadcrumbList\",\"@id\":\"https:\/\/lapsilopsi.ee\/et\/super-pidu\/#breadcrumb\",\"itemListElement\":[{\"@type\":\"ListItem\",\"position\":1,\"name\":\"Home\",\"item\":\"https:\/\/lapsilopsi.ee\/et\/\"},{\"@type\":\"ListItem\",\"position\":2,\"name\":\"Super pidu\"}]},{\"@type\":\"WebSite\",\"@id\":\"https:\/\/lapsilopsi.ee\/et\/#website\",\"url\":\"https:\/\/lapsilopsi.ee\/et\/\",\"name\":\"LapsiLopsi\",\"description\":\"Puhkame k\u00f5ik koos!\",\"publisher\":{\"@id\":\"https:\/\/lapsilopsi.ee\/et\/#organization\"},\"potentialAction\":[{\"@type\":\"SearchAction\",\"target\":{\"@type\":\"EntryPoint\",\"urlTemplate\":\"https:\/\/lapsilopsi.ee\/et\/?s={search_term_string}\"},\"query-input\":{\"@type\":\"PropertyValueSpecification\",\"valueRequired\":true,\"valueName\":\"search_term_string\"}}],\"inLanguage\":\"et\"},{\"@type\":\"Organization\",\"@id\":\"https:\/\/lapsilopsi.ee\/et\/#organization\",\"name\":\"LapsiLopsi\",\"url\":\"https:\/\/lapsilopsi.ee\/et\/\",\"logo\":{\"@type\":\"ImageObject\",\"inLanguage\":\"et\",\"@id\":\"https:\/\/lapsilopsi.ee\/et\/#\/schema\/logo\/image\/\",\"url\":\"https:\/\/lapsilopsi.ee\/wp-content\/uploads\/2022\/10\/lapsi-lapsi.jpg\",\"contentUrl\":\"https:\/\/lapsilopsi.ee\/wp-content\/uploads\/2022\/10\/lapsi-lapsi.jpg\",\"width\":699,\"height\":181,\"caption\":\"LapsiLopsi\"},\"image\":{\"@id\":\"https:\/\/lapsilopsi.ee\/et\/#\/schema\/logo\/image\/\"}}]}<\/script>\n<!-- \/ Yoast SEO plugin. -->","yoast_head_json":{"title":"Super pidu - LapsiLopsi","robots":{"index":"index","follow":"follow","max-snippet":"max-snippet:-1","max-image-preview":"max-image-preview:large","max-video-preview":"max-video-preview:-1"},"canonical":"https:\/\/lapsilopsi.ee\/et\/super-pidu\/","og_locale":"et_EE","og_type":"article","og_title":"Super pidu - LapsiLopsi","og_description":"Hind 315 euro Hinna sees: Ruumi rent 3 tundi \u00dcks meie meelelahutus programm teie valikul Kohvimasin + kohvioad, piim, suhkur Pehme j\u00e4\u00e4tis 5 suurt \u00f5hukest pizzat teie valikul Frii kartuli, kana nagitsate ja lihapallide vaagen + ketsup Vaagen k\u00f6\u00f6giviljadega + hapukoore dipikaste Maiustused (pont\u0161ikud, makaroonid, profitroolid, miniekleerid, kummikommid, marmelaad, v\u00e4rviline popcorn ja vahukommid) Marjajook 6 [&hellip;]","og_url":"https:\/\/lapsilopsi.ee\/et\/super-pidu\/","og_site_name":"LapsiLopsi","article_modified_time":"2025-01-16T22:28:45+00:00","twitter_card":"summary_large_image","twitter_misc":{"Est. reading time":"1 minut"},"schema":{"@context":"https:\/\/schema.org","@graph":[{"@type":"WebPage","@id":"https:\/\/lapsilopsi.ee\/et\/super-pidu\/","url":"https:\/\/lapsilopsi.ee\/et\/super-pidu\/","name":"Super pidu - LapsiLopsi","isPartOf":{"@id":"https:\/\/lapsilopsi.ee\/et\/#website"},"datePublished":"2020-01-25T18:36:05+00:00","dateModified":"2025-01-16T22:28:45+00:00","breadcrumb":{"@id":"https:\/\/lapsilopsi.ee\/et\/super-pidu\/#breadcrumb"},"inLanguage":"et","potentialAction":[{"@type":"ReadAction","target":["https:\/\/lapsilopsi.ee\/et\/super-pidu\/"]}]},{"@type":"BreadcrumbList","@id":"https:\/\/lapsilopsi.ee\/et\/super-pidu\/#breadcrumb","itemListElement":[{"@type":"ListItem","position":1,"name":"Home","item":"https:\/\/lapsilopsi.ee\/et\/"},{"@type":"ListItem","position":2,"name":"Super pidu"}]},{"@type":"WebSite","@id":"https:\/\/lapsilopsi.ee\/et\/#website","url":"https:\/\/lapsilopsi.ee\/et\/","name":"LapsiLopsi","description":"Puhkame k\u00f5ik koos!","publisher":{"@id":"https:\/\/lapsilopsi.ee\/et\/#organization"},"potentialAction":[{"@type":"SearchAction","target":{"@type":"EntryPoint","urlTemplate":"https:\/\/lapsilopsi.ee\/et\/?s={search_term_string}"},"query-input":{"@type":"PropertyValueSpecification","valueRequired":true,"valueName":"search_term_string"}}],"inLanguage":"et"},{"@type":"Organization","@id":"https:\/\/lapsilopsi.ee\/et\/#organization","name":"LapsiLopsi","url":"https:\/\/lapsilopsi.ee\/et\/","logo":{"@type":"ImageObject","inLanguage":"et","@id":"https:\/\/lapsilopsi.ee\/et\/#\/schema\/logo\/image\/","url":"https:\/\/lapsilopsi.ee\/wp-content\/uploads\/2022\/10\/lapsi-lapsi.jpg","contentUrl":"https:\/\/lapsilopsi.ee\/wp-content\/uploads\/2022\/10\/lapsi-lapsi.jpg","width":699,"height":181,"caption":"LapsiLopsi"},"image":{"@id":"https:\/\/lapsilopsi.ee\/et\/#\/schema\/logo\/image\/"}}]}},"jetpack_sharing_enabled":true,"jetpack_shortlink":"https:\/\/wp.me\/PafPRj-xU","_links":{"self":[{"href":"https:\/\/lapsilopsi.ee\/et\/wp-json\/wp\/v2\/pages\/2102","targetHints":{"allow":["GET"]}}],"collection":[{"href":"https:\/\/lapsilopsi.ee\/et\/wp-json\/wp\/v2\/pages"}],"about":[{"href":"https:\/\/lapsilopsi.ee\/et\/wp-json\/wp\/v2\/types\/page"}],"author":[{"embeddable":true,"href":"https:\/\/lapsilopsi.ee\/et\/wp-json\/wp\/v2\/users\/2"}],"replies":[{"embeddable":true,"href":"https:\/\/lapsilopsi.ee\/et\/wp-json\/wp\/v2\/comments?post=2102"}],"version-history":[{"count":13,"href":"https:\/\/lapsilopsi.ee\/et\/wp-json\/wp\/v2\/pages\/2102\/revisions"}],"predecessor-version":[{"id":13670,"href":"https:\/\/lapsilopsi.ee\/et\/wp-json\/wp\/v2\/pages\/2102\/revisions\/13670"}],"wp:attachment":[{"href":"https:\/\/lapsilopsi.ee\/et\/wp-json\/wp\/v2\/media?parent=2102"}],"curies":[{"name":"wp","href":"https:\/\/api.w.org\/{rel}","templated":true}]}}