{"id":12886,"date":"2024-10-10T11:05:07","date_gmt":"2024-10-10T08:05:07","guid":{"rendered":"https:\/\/lapsilopsi.ee\/keelekohvik-lastele\/"},"modified":"2024-10-10T11:05:07","modified_gmt":"2024-10-10T08:05:07","slug":"keelekohvik-lastele","status":"publish","type":"page","link":"https:\/\/lapsilopsi.ee\/et\/keelekohvik-lastele\/","title":{"rendered":"Keelekohvik lastele"},"content":{"rendered":"<p>\ud83c\udf1f Keelekohvik lastele &#8211; eesti keele \u00f5ppimine on l\u00f5bus! \ud83c\udf1f Soovid, et su laps \u00f5piks eesti keelt kergesti? Tere tulemast meie keelekohvikusse, kus \u00f5ppimine on l\u00f5bus ja loominguline! \ud83c\udfa8\ud83c\udfb2 Aitame teie lapsel: \u00d5ppida eesti keeles kuulama, kuulama ja vastama; Harjutada eesti keeles r\u00e4\u00e4kimist, kasutades igap\u00e4evaelus vajalikku keelt; Kuulata muusikat, vaadata eestikeelseid lastesaadete ja multikaid; M\u00e4ngida keele aktiivse harjutamise eesm\u00e4rgil laua- ja mobiilim\u00e4nge; Tegutseda loovalt lastekohviku m\u00f5nusas ja hubases \u00f5hkkonnas.<br \/>\n\ud83d\udd52 Tunniajad: teisip\u00e4ev, kolmap\u00e4ev, neljap\u00e4ev kell 15:00-17:00. \ud83d\udcb0 Hind: 10 eurot 1 tund. Tasumine kohapeal sularahas v\u00f5i kaardiga. \ud83c\udf1f Oluline: meie kohvikus osalemiseks on k\u00f5ige olulisem lapse soov \u00f5ppida! K\u00fclastuste jaoks saab valida endale sobiva ajakava. \u26a1 Lisateenus: soovi korral v\u00f5ib laps tulla tund aega varem ja meie kvalifitseeritud t\u00f6\u00f6taja aitab koolit\u00f6\u00f6de tegemisel. Saadaval teisip\u00e4eval ja neljap\u00e4eval, hind on 5 eurot. \ud83c\udf7d Tule varakult enne tundi s\u00f6\u00f6ma! Toitude ettetellimine telefoni teel: 55923222. Anna oma lapsele v\u00f5imalus r\u00e4\u00e4kida eesti keelt ladusalt ja kindlalt ning samas l\u00f5butseda koos eakaaslastega! \ud83c\udf89<\/p>\n<div style=\"width: 720px;\" class=\"wp-video\"><!--[if lt IE 9]><script>document.createElement('video');<\/script><![endif]-->\n<video class=\"wp-video-shortcode\" id=\"video-12886-1\" width=\"720\" height=\"1280\" autoplay=\"1\" preload=\"metadata\" controls=\"controls\"><source type=\"video\/mp4\" src=\"https:\/\/lapsilopsi.ee\/wp-content\/uploads\/2024\/09\/video_2024-09-30_18-31-15.mp4?_=1\" \/><a href=\"https:\/\/lapsilopsi.ee\/wp-content\/uploads\/2024\/09\/video_2024-09-30_18-31-15.mp4\">https:\/\/lapsilopsi.ee\/wp-content\/uploads\/2024\/09\/video_2024-09-30_18-31-15.mp4<\/a><\/video><\/div>\n","protected":false},"excerpt":{"rendered":"<p>\ud83c\udf1f Keelekohvik lastele &#8211; eesti keele \u00f5ppimine on l\u00f5bus! \ud83c\udf1f Soovid, et su laps \u00f5piks eesti keelt kergesti? Tere tulemast meie keelekohvikusse, kus \u00f5ppimine on l\u00f5bus ja loominguline! \ud83c\udfa8\ud83c\udfb2 Aitame teie lapsel: \u00d5ppida eesti keeles kuulama, kuulama ja vastama; Harjutada eesti keeles r\u00e4\u00e4kimist, kasutades igap\u00e4evaelus vajalikku keelt; Kuulata muusikat, vaadata eestikeelseid lastesaadete ja multikaid; M\u00e4ngida [&hellip;]<\/p>\n","protected":false},"author":2,"featured_media":0,"parent":0,"menu_order":0,"comment_status":"closed","ping_status":"closed","template":"","meta":{"_acf_changed":false,"jetpack_post_was_ever_published":false,"footnotes":""},"class_list":["post-12886","page","type-page","status-publish","hentry"],"acf":[],"yoast_head":"<!-- This site is optimized with the Yoast SEO plugin v24.6 - https:\/\/yoast.com\/wordpress\/plugins\/seo\/ -->\n<title>Keelekohvik lastele - LapsiLopsi<\/title>\n<meta name=\"robots\" content=\"index, follow, max-snippet:-1, max-image-preview:large, max-video-preview:-1\" \/>\n<link rel=\"canonical\" href=\"https:\/\/lapsilopsi.ee\/et\/keelekohvik-lastele\/\" \/>\n<meta property=\"og:locale\" content=\"et_EE\" \/>\n<meta property=\"og:type\" content=\"article\" \/>\n<meta property=\"og:title\" content=\"Keelekohvik lastele - LapsiLopsi\" \/>\n<meta property=\"og:description\" content=\"\ud83c\udf1f Keelekohvik lastele &#8211; eesti keele \u00f5ppimine on l\u00f5bus! \ud83c\udf1f Soovid, et su laps \u00f5piks eesti keelt kergesti? Tere tulemast meie keelekohvikusse, kus \u00f5ppimine on l\u00f5bus ja loominguline! \ud83c\udfa8\ud83c\udfb2 Aitame teie lapsel: \u00d5ppida eesti keeles kuulama, kuulama ja vastama; Harjutada eesti keeles r\u00e4\u00e4kimist, kasutades igap\u00e4evaelus vajalikku keelt; Kuulata muusikat, vaadata eestikeelseid lastesaadete ja multikaid; M\u00e4ngida [&hellip;]\" \/>\n<meta property=\"og:url\" content=\"https:\/\/lapsilopsi.ee\/et\/keelekohvik-lastele\/\" \/>\n<meta property=\"og:site_name\" content=\"LapsiLopsi\" \/>\n<meta name=\"twitter:card\" content=\"summary_large_image\" \/>\n<meta name=\"twitter:label1\" content=\"Est. reading time\" \/>\n\t<meta name=\"twitter:data1\" content=\"1 minut\" \/>\n<script type=\"application\/ld+json\" class=\"yoast-schema-graph\">{\"@context\":\"https:\/\/schema.org\",\"@graph\":[{\"@type\":\"WebPage\",\"@id\":\"https:\/\/lapsilopsi.ee\/et\/keelekohvik-lastele\/\",\"url\":\"https:\/\/lapsilopsi.ee\/et\/keelekohvik-lastele\/\",\"name\":\"Keelekohvik lastele - LapsiLopsi\",\"isPartOf\":{\"@id\":\"https:\/\/lapsilopsi.ee\/et\/#website\"},\"datePublished\":\"2024-10-10T08:05:07+00:00\",\"breadcrumb\":{\"@id\":\"https:\/\/lapsilopsi.ee\/et\/keelekohvik-lastele\/#breadcrumb\"},\"inLanguage\":\"et\",\"potentialAction\":[{\"@type\":\"ReadAction\",\"target\":[\"https:\/\/lapsilopsi.ee\/et\/keelekohvik-lastele\/\"]}]},{\"@type\":\"BreadcrumbList\",\"@id\":\"https:\/\/lapsilopsi.ee\/et\/keelekohvik-lastele\/#breadcrumb\",\"itemListElement\":[{\"@type\":\"ListItem\",\"position\":1,\"name\":\"Home\",\"item\":\"https:\/\/lapsilopsi.ee\/et\/\"},{\"@type\":\"ListItem\",\"position\":2,\"name\":\"Keelekohvik lastele\"}]},{\"@type\":\"WebSite\",\"@id\":\"https:\/\/lapsilopsi.ee\/et\/#website\",\"url\":\"https:\/\/lapsilopsi.ee\/et\/\",\"name\":\"LapsiLopsi\",\"description\":\"Puhkame k\u00f5ik koos!\",\"publisher\":{\"@id\":\"https:\/\/lapsilopsi.ee\/et\/#organization\"},\"potentialAction\":[{\"@type\":\"SearchAction\",\"target\":{\"@type\":\"EntryPoint\",\"urlTemplate\":\"https:\/\/lapsilopsi.ee\/et\/?s={search_term_string}\"},\"query-input\":{\"@type\":\"PropertyValueSpecification\",\"valueRequired\":true,\"valueName\":\"search_term_string\"}}],\"inLanguage\":\"et\"},{\"@type\":\"Organization\",\"@id\":\"https:\/\/lapsilopsi.ee\/et\/#organization\",\"name\":\"LapsiLopsi\",\"url\":\"https:\/\/lapsilopsi.ee\/et\/\",\"logo\":{\"@type\":\"ImageObject\",\"inLanguage\":\"et\",\"@id\":\"https:\/\/lapsilopsi.ee\/et\/#\/schema\/logo\/image\/\",\"url\":\"https:\/\/lapsilopsi.ee\/wp-content\/uploads\/2022\/10\/lapsi-lapsi.jpg\",\"contentUrl\":\"https:\/\/lapsilopsi.ee\/wp-content\/uploads\/2022\/10\/lapsi-lapsi.jpg\",\"width\":699,\"height\":181,\"caption\":\"LapsiLopsi\"},\"image\":{\"@id\":\"https:\/\/lapsilopsi.ee\/et\/#\/schema\/logo\/image\/\"}}]}<\/script>\n<!-- \/ Yoast SEO plugin. -->","yoast_head_json":{"title":"Keelekohvik lastele - LapsiLopsi","robots":{"index":"index","follow":"follow","max-snippet":"max-snippet:-1","max-image-preview":"max-image-preview:large","max-video-preview":"max-video-preview:-1"},"canonical":"https:\/\/lapsilopsi.ee\/et\/keelekohvik-lastele\/","og_locale":"et_EE","og_type":"article","og_title":"Keelekohvik lastele - LapsiLopsi","og_description":"\ud83c\udf1f Keelekohvik lastele &#8211; eesti keele \u00f5ppimine on l\u00f5bus! \ud83c\udf1f Soovid, et su laps \u00f5piks eesti keelt kergesti? Tere tulemast meie keelekohvikusse, kus \u00f5ppimine on l\u00f5bus ja loominguline! \ud83c\udfa8\ud83c\udfb2 Aitame teie lapsel: \u00d5ppida eesti keeles kuulama, kuulama ja vastama; Harjutada eesti keeles r\u00e4\u00e4kimist, kasutades igap\u00e4evaelus vajalikku keelt; Kuulata muusikat, vaadata eestikeelseid lastesaadete ja multikaid; M\u00e4ngida [&hellip;]","og_url":"https:\/\/lapsilopsi.ee\/et\/keelekohvik-lastele\/","og_site_name":"LapsiLopsi","twitter_card":"summary_large_image","twitter_misc":{"Est. reading time":"1 minut"},"schema":{"@context":"https:\/\/schema.org","@graph":[{"@type":"WebPage","@id":"https:\/\/lapsilopsi.ee\/et\/keelekohvik-lastele\/","url":"https:\/\/lapsilopsi.ee\/et\/keelekohvik-lastele\/","name":"Keelekohvik lastele - LapsiLopsi","isPartOf":{"@id":"https:\/\/lapsilopsi.ee\/et\/#website"},"datePublished":"2024-10-10T08:05:07+00:00","breadcrumb":{"@id":"https:\/\/lapsilopsi.ee\/et\/keelekohvik-lastele\/#breadcrumb"},"inLanguage":"et","potentialAction":[{"@type":"ReadAction","target":["https:\/\/lapsilopsi.ee\/et\/keelekohvik-lastele\/"]}]},{"@type":"BreadcrumbList","@id":"https:\/\/lapsilopsi.ee\/et\/keelekohvik-lastele\/#breadcrumb","itemListElement":[{"@type":"ListItem","position":1,"name":"Home","item":"https:\/\/lapsilopsi.ee\/et\/"},{"@type":"ListItem","position":2,"name":"Keelekohvik lastele"}]},{"@type":"WebSite","@id":"https:\/\/lapsilopsi.ee\/et\/#website","url":"https:\/\/lapsilopsi.ee\/et\/","name":"LapsiLopsi","description":"Puhkame k\u00f5ik koos!","publisher":{"@id":"https:\/\/lapsilopsi.ee\/et\/#organization"},"potentialAction":[{"@type":"SearchAction","target":{"@type":"EntryPoint","urlTemplate":"https:\/\/lapsilopsi.ee\/et\/?s={search_term_string}"},"query-input":{"@type":"PropertyValueSpecification","valueRequired":true,"valueName":"search_term_string"}}],"inLanguage":"et"},{"@type":"Organization","@id":"https:\/\/lapsilopsi.ee\/et\/#organization","name":"LapsiLopsi","url":"https:\/\/lapsilopsi.ee\/et\/","logo":{"@type":"ImageObject","inLanguage":"et","@id":"https:\/\/lapsilopsi.ee\/et\/#\/schema\/logo\/image\/","url":"https:\/\/lapsilopsi.ee\/wp-content\/uploads\/2022\/10\/lapsi-lapsi.jpg","contentUrl":"https:\/\/lapsilopsi.ee\/wp-content\/uploads\/2022\/10\/lapsi-lapsi.jpg","width":699,"height":181,"caption":"LapsiLopsi"},"image":{"@id":"https:\/\/lapsilopsi.ee\/et\/#\/schema\/logo\/image\/"}}]}},"jetpack_sharing_enabled":true,"jetpack_shortlink":"https:\/\/wp.me\/PafPRj-3lQ","_links":{"self":[{"href":"https:\/\/lapsilopsi.ee\/et\/wp-json\/wp\/v2\/pages\/12886","targetHints":{"allow":["GET"]}}],"collection":[{"href":"https:\/\/lapsilopsi.ee\/et\/wp-json\/wp\/v2\/pages"}],"about":[{"href":"https:\/\/lapsilopsi.ee\/et\/wp-json\/wp\/v2\/types\/page"}],"author":[{"embeddable":true,"href":"https:\/\/lapsilopsi.ee\/et\/wp-json\/wp\/v2\/users\/2"}],"replies":[{"embeddable":true,"href":"https:\/\/lapsilopsi.ee\/et\/wp-json\/wp\/v2\/comments?post=12886"}],"version-history":[{"count":0,"href":"https:\/\/lapsilopsi.ee\/et\/wp-json\/wp\/v2\/pages\/12886\/revisions"}],"wp:attachment":[{"href":"https:\/\/lapsilopsi.ee\/et\/wp-json\/wp\/v2\/media?parent=12886"}],"curies":[{"name":"wp","href":"https:\/\/api.w.org\/{rel}","templated":true}]}}