{"id":12875,"date":"2024-10-10T10:39:57","date_gmt":"2024-10-10T07:39:57","guid":{"rendered":"https:\/\/lapsilopsi.ee\/halloween-2024\/"},"modified":"2024-10-10T10:39:57","modified_gmt":"2024-10-10T07:39:57","slug":"halloween-2024","status":"publish","type":"page","link":"https:\/\/lapsilopsi.ee\/et\/halloween-2024\/","title":{"rendered":"Halloween 2024"},"content":{"rendered":"<p>Kallid s\u00f5brad,<\/p>\n<p>Meil on hea meel teatada, et <a href=\"https:\/\/lapsilopsi.ee\/ru\/\" target=\"_blank\" rel=\"noopener noreferrer\">LapsiLopsi M\u00e4ngukohvik<\/a> korraldab koos <a href=\"https:\/\/www.facebook.com\/happykidstallinn\/\" target=\"_blank\" rel=\"noopener noreferrer\">Happy Kids Tallinnaga<\/a> ja <a href=\"https:\/\/www.facebook.com\/linnamaepeetripizza\/\" target=\"_blank\" rel=\"noopener noreferrer\">Linnam\u00e4e Peetri Pizza <\/a>toetusel teile privaatse Halloweeni kost\u00fc\u00fcmipidu.<img loading=\"lazy\" decoding=\"async\" class=\" wp-image-1763 alignright\" src=\"https:\/\/lapsilopsi.ee\/wp-content\/uploads\/2019\/09\/%D0%91%D0%B5%D0%B7-%D0%BD%D0%B0%D0%B7%D0%B2%D0%B0%D0%BD%D0%B8%D1%8F-300x168.jpg\" alt=\"\" width=\"396\" height=\"222\"><\/p>\n<p>Kaunid kaunistused, teemakohased kost\u00fc\u00fcmid ja sobiv muusika loovad uskumatu p\u00fchade atmosf\u00e4\u00e4ri. See karneval ei ole nagu \u00fckski teine! T\u00e4histage Halloweeni koos meiega! <\/p>\n<p> <span class=\"html-span xexx8yu x4uap5 x18d9i69 xkhd6sd x1hl2dhg x16tdsg8 x1vvkbs x3nfvp2 x1j61x8r x1fcty0u xdj266r xat24cr xgzva0m xhhsvwb xxymvpz xlup9mm x1kky2od\"><img loading=\"lazy\" decoding=\"async\" class=\"xz74otr\" src=\"https:\/\/static.xx.fbcdn.net\/images\/emoji.php\/v9\/td7\/1\/16\/1f47b.png\" alt=\"\ud83d\udc7b\" width=\"16\" height=\"16\"><\/span><span class=\"html-span xexx8yu x4uap5 x18d9i69 xkhd6sd x1hl2dhg x16tdsg8 x1vvkbs x3nfvp2 x1j61x8r x1fcty0u xdj266r xat24cr xgzva0m xhhsvwb xxymvpz xlup9mm x1kky2od\"><img loading=\"lazy\" decoding=\"async\" class=\"xz74otr\" src=\"https:\/\/static.xx.fbcdn.net\/images\/emoji.php\/v9\/t86\/1\/16\/1f383.png\" alt=\"\ud83c\udf83\" width=\"16\" height=\"16\"><\/span>  S\u00f5brad, valmistuge aasta k\u00f5ige hirmsamaks l\u00f5busaks puhkuseks! Kutsuge oma s\u00f5brad ja t\u00e4histage koos Halloweeni!   <span class=\"html-span xexx8yu x4uap5 x18d9i69 xkhd6sd x1hl2dhg x16tdsg8 x1vvkbs x3nfvp2 x1j61x8r x1fcty0u xdj266r xat24cr xgzva0m xhhsvwb xxymvpz xlup9mm x1kky2od\"><img loading=\"lazy\" decoding=\"async\" class=\"xz74otr\" src=\"https:\/\/static.xx.fbcdn.net\/images\/emoji.php\/v9\/t6d\/1\/16\/1f577.png\" alt=\"\ud83d\udd77\ufe0f\" width=\"16\" height=\"16\"><\/span>  Mis sind ootab: &#8211; L\u00f5busad v\u00f5istlused ja v\u00f5istlusvoorud k\u00f5igile osalejatele!  <span class=\"html-span xexx8yu x4uap5 x18d9i69 xkhd6sd x1hl2dhg x16tdsg8 x1vvkbs x3nfvp2 x1j61x8r x1fcty0u xdj266r xat24cr xgzva0m xhhsvwb xxymvpz xlup9mm x1kky2od\"><img loading=\"lazy\" decoding=\"async\" class=\"xz74otr\" src=\"https:\/\/static.xx.fbcdn.net\/images\/emoji.php\/v9\/tab\/1\/16\/1f3c3_200d_2642.png\" alt=\"\ud83c\udfc3\u200d\u2642\ufe0f\" width=\"16\" height=\"16\"><\/span><span class=\"html-span xexx8yu x4uap5 x18d9i69 xkhd6sd x1hl2dhg x16tdsg8 x1vvkbs x3nfvp2 x1j61x8r x1fcty0u xdj266r xat24cr xgzva0m xhhsvwb xxymvpz xlup9mm x1kky2od\"><img loading=\"lazy\" decoding=\"async\" class=\"xz74otr\" src=\"https:\/\/static.xx.fbcdn.net\/images\/emoji.php\/v9\/t8c\/1\/16\/1f389.png\" alt=\"\ud83c\udf89\" width=\"16\" height=\"16\"><\/span>  &#8211; Iga laps saab ebatavalise \u00f5hupallifiguuri!  <span class=\"html-span xexx8yu x4uap5 x18d9i69 xkhd6sd x1hl2dhg x16tdsg8 x1vvkbs x3nfvp2 x1j61x8r x1fcty0u xdj266r xat24cr xgzva0m xhhsvwb xxymvpz xlup9mm x1kky2od\"><img loading=\"lazy\" decoding=\"async\" class=\"xz74otr\" src=\"https:\/\/static.xx.fbcdn.net\/images\/emoji.php\/v9\/tb\/1\/16\/1f388.png\" alt=\"\ud83c\udf88\" width=\"16\" height=\"16\"><\/span>  &#8211; Ja pidustuste l\u00f5pus ootab teid glitterhullus ja h\u00e4mmastav must j\u00e4\u00e4tis!  <span class=\"html-span xexx8yu x4uap5 x18d9i69 xkhd6sd x1hl2dhg x16tdsg8 x1vvkbs x3nfvp2 x1j61x8r x1fcty0u xdj266r xat24cr xgzva0m xhhsvwb xxymvpz xlup9mm x1kky2od\"><img loading=\"lazy\" decoding=\"async\" class=\"xz74otr\" src=\"https:\/\/static.xx.fbcdn.net\/images\/emoji.php\/v9\/tcb\/1\/16\/1f366.png\" alt=\"\ud83c\udf66\" width=\"16\" height=\"16\"><\/span><span class=\"html-span xexx8yu x4uap5 x18d9i69 xkhd6sd x1hl2dhg x16tdsg8 x1vvkbs x3nfvp2 x1j61x8r x1fcty0u xdj266r xat24cr xgzva0m xhhsvwb xxymvpz xlup9mm x1kky2od\"><img loading=\"lazy\" decoding=\"async\" class=\"xz74otr\" src=\"https:\/\/static.xx.fbcdn.net\/images\/emoji.php\/v9\/t0\/1\/16\/1f5a4.png\" alt=\"\ud83d\udda4\" width=\"16\" height=\"16\"><\/span>  Pange oma k\u00f5ige hirmsamad ja loomingulisemad kost\u00fc\u00fcmid selga ja olge valmis l\u00f5butsemiseks ja naeruks! Ootame teid meie Halloweeni !   <span class=\"html-span xexx8yu x4uap5 x18d9i69 xkhd6sd x1hl2dhg x16tdsg8 x1vvkbs x3nfvp2 x1j61x8r x1fcty0u xdj266r xat24cr xgzva0m xhhsvwb xxymvpz xlup9mm x1kky2od\"><img loading=\"lazy\" decoding=\"async\" class=\"xz74otr\" src=\"https:\/\/static.xx.fbcdn.net\/images\/emoji.php\/v9\/t8c\/1\/16\/1f389.png\" alt=\"\ud83c\udf89\" width=\"16\" height=\"16\"><\/span><span class=\"html-span xexx8yu x4uap5 x18d9i69 xkhd6sd x1hl2dhg x16tdsg8 x1vvkbs x3nfvp2 x1j61x8r x1fcty0u xdj266r xat24cr xgzva0m xhhsvwb xxymvpz xlup9mm x1kky2od\"><img loading=\"lazy\" decoding=\"async\" class=\"xz74otr\" src=\"https:\/\/static.xx.fbcdn.net\/images\/emoji.php\/v9\/t56\/1\/16\/1f47a.png\" alt=\"\ud83d\udc7a\" width=\"16\" height=\"16\"><\/span><span class=\"html-span xexx8yu x4uap5 x18d9i69 xkhd6sd x1hl2dhg x16tdsg8 x1vvkbs x3nfvp2 x1j61x8r x1fcty0u xdj266r xat24cr xgzva0m xhhsvwb xxymvpz xlup9mm x1kky2od\"><img loading=\"lazy\" decoding=\"async\" class=\"xz74otr\" src=\"https:\/\/static.xx.fbcdn.net\/images\/emoji.php\/v9\/tf4\/1\/16\/2728.png\" alt=\"\u2728\" width=\"16\" height=\"16\"><\/span> Kiirustage ja broneerige oma pidu!<\/p>\n<p>Peo maksumus on 200 eurot<\/p>\n<p>Hinna sees:<\/p>\n<div class=\"\" data-block=\"true\" data-editor=\"5nagd\" data-offset-key=\"4aldq-0-0\">\n<div class=\"_1mf _1mj\" data-offset-key=\"4aldq-0-0\"><span data-offset-key=\"4aldq-0-0\">1. ruumi rent 2 tunniks <\/span><\/div>\n<div class=\"_1mf _1mj\" data-offset-key=\"4aldq-0-0\"><span data-offset-key=\"4aldq-0-0\">2. Meelelahutusprogramm 75 minutit <a href=\"https:\/\/www.facebook.com\/happykidstallinn\">HappyKidsTallinn<\/a><\/span><\/div>\n<div data-offset-key=\"4aldq-0-0\">3. suured \u00f5hukesed pitsad lastele 3 t\u00fckki (kaste+juust+sink, kaste+juust+salami, kaste+juust )<\/div>\n<div data-offset-key=\"4aldq-0-0\">4. Suured \u00f5hukesed pitsad vanematele 2 tk (valige <a href=\"https:\/\/lapsilopsi.ee\/ru\/menu\/\">siit)<\/a><\/div>\n<div class=\"_1mf _1mj\" data-offset-key=\"4aldq-0-0\"><span data-offset-key=\"4aldq-0-0\">5. Marjajook<\/span><\/div>\n<div class=\"_1mf _1mj\" data-offset-key=\"4aldq-0-0\"><span data-offset-key=\"4aldq-0-0\">6. MUST j\u00e4\u00e4tis  <\/span><\/div>\n<div data-offset-key=\"4aldq-0-0\">7. Kohv\/tee + suhkur, piim<\/div>\n<div data-offset-key=\"4aldq-0-0\">8. Joogivesi<\/div>\n<div data-offset-key=\"4aldq-0-0\">9. K\u00f5ik n\u00f5ud (mitte \u00fchekordsed) + salvr\u00e4tikud.<\/div>\n<div data-offset-key=\"4aldq-0-0\">10. Puhastamine<\/div>\n<\/div>\n<div data-offset-key=\"4aldq-0-0\"><\/div>\n<div data-offset-key=\"4aldq-0-0\"><\/div>\n<div class=\"\" data-block=\"true\" data-editor=\"5nagd\" data-offset-key=\"dbi3q-0-0\">\n<div class=\"_1mf _1mj\" data-offset-key=\"dbi3q-0-0\"><span style=\"font-size: 16px;\">Meelelahutusprogramm 1 tund ja 15 minutit<\/span><\/div>\n<\/div>\n<div class=\"_1mf _1mj\" data-offset-key=\"20b55-0-0\"><\/div>\n<div data-offset-key=\"20b55-0-0\"><\/div>\n<div class=\"\" data-block=\"true\" data-editor=\"5nagd\" data-offset-key=\"119c3-0-0\">\n<div class=\"_1mf _1mj\" data-offset-key=\"119c3-0-0\"><span style=\"font-size: 16px;\">Broneerimistasu on 60 eurot, mis arvatakse maha kogusummast.<\/span><\/div>\n<\/div>\n<p>Maksimaalne inimeste arv on 12 last ja 12 t\u00e4iskasvanu.<\/p>\n<p>Teil ei ole lubatud oma toitu ja jooke kaasa v\u00f5tta.<\/p>\n<p>Lisa s\u00f6\u00f6k ja jook saab tellida kohapeal. Pitsad on 15% soodsamad. Soovi korral saate broneerida lisatunni, et j\u00e4\u00e4da m\u00e4ngima (ilma animaatorita). Lisatunni maksumus 30 eurot. Palun kirjutage sellest tellimuse kommentaaridesse.<\/p>\n<p>Saalis on pidulik fototsoon Dekoratsiooni ja \u00f5hupallid koju v\u00f5tta ei tohi.<\/p>\n<p>Pidu on saadaval ainult 18.10-06.11.2024<\/p>\n<p><strong>Meie juures saab maksta kaardiga!<\/strong><\/p>\n<p><a href=\"https:\/\/lapsilopsi.ee\/ru\/%D1%82%D0%BE%D0%B2%D0%B0%D1%80\/booking\/\" target=\"_blank\" rel=\"noopener noreferrer\">Broneeri siin <\/a><\/p>\n<p>Kohtumiseni LapsiLopis!<\/p>\n<p>Lisainfo 56687818<\/p>\n<p><img loading=\"lazy\" decoding=\"async\" class=\"alignnone wp-image-1753\" src=\"https:\/\/lapsilopsi.ee\/wp-content\/uploads\/2019\/09\/%D0%91%D0%B5%D0%B7-%D0%BD%D0%B0%D0%B7%D0%B2%D0%B0%D0%BD%D0%B8%D1%8F-1.jpg\" alt=\"\" width=\"515\" height=\"327\"><\/p>\n<p>&nbsp;<\/p>\n<p>&nbsp;<\/p>\n<p>&nbsp;<\/p>\n<p>&nbsp;<\/p>\n","protected":false},"excerpt":{"rendered":"<p>Kallid s\u00f5brad, Meil on hea meel teatada, et LapsiLopsi M\u00e4ngukohvik korraldab koos Happy Kids Tallinnaga ja Linnam\u00e4e Peetri Pizza toetusel teile privaatse Halloweeni kost\u00fc\u00fcmipidu. Kaunid kaunistused, teemakohased kost\u00fc\u00fcmid ja sobiv muusika loovad uskumatu p\u00fchade atmosf\u00e4\u00e4ri. See karneval ei ole nagu \u00fckski teine! T\u00e4histage Halloweeni koos meiega! S\u00f5brad, valmistuge aasta k\u00f5ige hirmsamaks l\u00f5busaks puhkuseks! Kutsuge oma [&hellip;]<\/p>\n","protected":false},"author":2,"featured_media":0,"parent":0,"menu_order":0,"comment_status":"closed","ping_status":"closed","template":"","meta":{"_acf_changed":false,"jetpack_post_was_ever_published":false,"footnotes":""},"class_list":["post-12875","page","type-page","status-publish","hentry"],"acf":[],"yoast_head":"<!-- This site is optimized with the Yoast SEO plugin v24.6 - https:\/\/yoast.com\/wordpress\/plugins\/seo\/ -->\n<title>Halloween 2024 - LapsiLopsi<\/title>\n<meta name=\"robots\" content=\"index, follow, max-snippet:-1, max-image-preview:large, max-video-preview:-1\" \/>\n<link rel=\"canonical\" href=\"https:\/\/lapsilopsi.ee\/et\/halloween-2024\/\" \/>\n<meta property=\"og:locale\" content=\"et_EE\" \/>\n<meta property=\"og:type\" content=\"article\" \/>\n<meta property=\"og:title\" content=\"Halloween 2024 - LapsiLopsi\" \/>\n<meta property=\"og:description\" content=\"Kallid s\u00f5brad, Meil on hea meel teatada, et LapsiLopsi M\u00e4ngukohvik korraldab koos Happy Kids Tallinnaga ja Linnam\u00e4e Peetri Pizza toetusel teile privaatse Halloweeni kost\u00fc\u00fcmipidu. Kaunid kaunistused, teemakohased kost\u00fc\u00fcmid ja sobiv muusika loovad uskumatu p\u00fchade atmosf\u00e4\u00e4ri. See karneval ei ole nagu \u00fckski teine! T\u00e4histage Halloweeni koos meiega! S\u00f5brad, valmistuge aasta k\u00f5ige hirmsamaks l\u00f5busaks puhkuseks! Kutsuge oma [&hellip;]\" \/>\n<meta property=\"og:url\" content=\"https:\/\/lapsilopsi.ee\/et\/halloween-2024\/\" \/>\n<meta property=\"og:site_name\" content=\"LapsiLopsi\" \/>\n<meta property=\"og:image\" content=\"https:\/\/lapsilopsi.ee\/wp-content\/uploads\/2019\/09\/%D0%91%D0%B5%D0%B7-%D0%BD%D0%B0%D0%B7%D0%B2%D0%B0%D0%BD%D0%B8%D1%8F-300x168.jpg\" \/>\n<meta name=\"twitter:card\" content=\"summary_large_image\" \/>\n<meta name=\"twitter:label1\" content=\"Est. reading time\" \/>\n\t<meta name=\"twitter:data1\" content=\"1 minut\" \/>\n<script type=\"application\/ld+json\" class=\"yoast-schema-graph\">{\"@context\":\"https:\/\/schema.org\",\"@graph\":[{\"@type\":\"WebPage\",\"@id\":\"https:\/\/lapsilopsi.ee\/et\/halloween-2024\/\",\"url\":\"https:\/\/lapsilopsi.ee\/et\/halloween-2024\/\",\"name\":\"Halloween 2024 - LapsiLopsi\",\"isPartOf\":{\"@id\":\"https:\/\/lapsilopsi.ee\/et\/#website\"},\"primaryImageOfPage\":{\"@id\":\"https:\/\/lapsilopsi.ee\/et\/halloween-2024\/#primaryimage\"},\"image\":{\"@id\":\"https:\/\/lapsilopsi.ee\/et\/halloween-2024\/#primaryimage\"},\"thumbnailUrl\":\"https:\/\/lapsilopsi.ee\/wp-content\/uploads\/2019\/09\/%D0%91%D0%B5%D0%B7-%D0%BD%D0%B0%D0%B7%D0%B2%D0%B0%D0%BD%D0%B8%D1%8F-300x168.jpg\",\"datePublished\":\"2024-10-10T07:39:57+00:00\",\"breadcrumb\":{\"@id\":\"https:\/\/lapsilopsi.ee\/et\/halloween-2024\/#breadcrumb\"},\"inLanguage\":\"et\",\"potentialAction\":[{\"@type\":\"ReadAction\",\"target\":[\"https:\/\/lapsilopsi.ee\/et\/halloween-2024\/\"]}]},{\"@type\":\"ImageObject\",\"inLanguage\":\"et\",\"@id\":\"https:\/\/lapsilopsi.ee\/et\/halloween-2024\/#primaryimage\",\"url\":\"https:\/\/lapsilopsi.ee\/wp-content\/uploads\/2019\/09\/%D0%91%D0%B5%D0%B7-%D0%BD%D0%B0%D0%B7%D0%B2%D0%B0%D0%BD%D0%B8%D1%8F-300x168.jpg\",\"contentUrl\":\"https:\/\/lapsilopsi.ee\/wp-content\/uploads\/2019\/09\/%D0%91%D0%B5%D0%B7-%D0%BD%D0%B0%D0%B7%D0%B2%D0%B0%D0%BD%D0%B8%D1%8F-300x168.jpg\"},{\"@type\":\"BreadcrumbList\",\"@id\":\"https:\/\/lapsilopsi.ee\/et\/halloween-2024\/#breadcrumb\",\"itemListElement\":[{\"@type\":\"ListItem\",\"position\":1,\"name\":\"Home\",\"item\":\"https:\/\/lapsilopsi.ee\/et\/\"},{\"@type\":\"ListItem\",\"position\":2,\"name\":\"Halloween 2024\"}]},{\"@type\":\"WebSite\",\"@id\":\"https:\/\/lapsilopsi.ee\/et\/#website\",\"url\":\"https:\/\/lapsilopsi.ee\/et\/\",\"name\":\"LapsiLopsi\",\"description\":\"Puhkame k\u00f5ik koos!\",\"publisher\":{\"@id\":\"https:\/\/lapsilopsi.ee\/et\/#organization\"},\"potentialAction\":[{\"@type\":\"SearchAction\",\"target\":{\"@type\":\"EntryPoint\",\"urlTemplate\":\"https:\/\/lapsilopsi.ee\/et\/?s={search_term_string}\"},\"query-input\":{\"@type\":\"PropertyValueSpecification\",\"valueRequired\":true,\"valueName\":\"search_term_string\"}}],\"inLanguage\":\"et\"},{\"@type\":\"Organization\",\"@id\":\"https:\/\/lapsilopsi.ee\/et\/#organization\",\"name\":\"LapsiLopsi\",\"url\":\"https:\/\/lapsilopsi.ee\/et\/\",\"logo\":{\"@type\":\"ImageObject\",\"inLanguage\":\"et\",\"@id\":\"https:\/\/lapsilopsi.ee\/et\/#\/schema\/logo\/image\/\",\"url\":\"https:\/\/lapsilopsi.ee\/wp-content\/uploads\/2022\/10\/lapsi-lapsi.jpg\",\"contentUrl\":\"https:\/\/lapsilopsi.ee\/wp-content\/uploads\/2022\/10\/lapsi-lapsi.jpg\",\"width\":699,\"height\":181,\"caption\":\"LapsiLopsi\"},\"image\":{\"@id\":\"https:\/\/lapsilopsi.ee\/et\/#\/schema\/logo\/image\/\"}}]}<\/script>\n<!-- \/ Yoast SEO plugin. -->","yoast_head_json":{"title":"Halloween 2024 - LapsiLopsi","robots":{"index":"index","follow":"follow","max-snippet":"max-snippet:-1","max-image-preview":"max-image-preview:large","max-video-preview":"max-video-preview:-1"},"canonical":"https:\/\/lapsilopsi.ee\/et\/halloween-2024\/","og_locale":"et_EE","og_type":"article","og_title":"Halloween 2024 - LapsiLopsi","og_description":"Kallid s\u00f5brad, Meil on hea meel teatada, et LapsiLopsi M\u00e4ngukohvik korraldab koos Happy Kids Tallinnaga ja Linnam\u00e4e Peetri Pizza toetusel teile privaatse Halloweeni kost\u00fc\u00fcmipidu. Kaunid kaunistused, teemakohased kost\u00fc\u00fcmid ja sobiv muusika loovad uskumatu p\u00fchade atmosf\u00e4\u00e4ri. See karneval ei ole nagu \u00fckski teine! T\u00e4histage Halloweeni koos meiega! S\u00f5brad, valmistuge aasta k\u00f5ige hirmsamaks l\u00f5busaks puhkuseks! Kutsuge oma [&hellip;]","og_url":"https:\/\/lapsilopsi.ee\/et\/halloween-2024\/","og_site_name":"LapsiLopsi","og_image":[{"url":"https:\/\/lapsilopsi.ee\/wp-content\/uploads\/2019\/09\/%D0%91%D0%B5%D0%B7-%D0%BD%D0%B0%D0%B7%D0%B2%D0%B0%D0%BD%D0%B8%D1%8F-300x168.jpg","type":"","width":"","height":""}],"twitter_card":"summary_large_image","twitter_misc":{"Est. reading time":"1 minut"},"schema":{"@context":"https:\/\/schema.org","@graph":[{"@type":"WebPage","@id":"https:\/\/lapsilopsi.ee\/et\/halloween-2024\/","url":"https:\/\/lapsilopsi.ee\/et\/halloween-2024\/","name":"Halloween 2024 - LapsiLopsi","isPartOf":{"@id":"https:\/\/lapsilopsi.ee\/et\/#website"},"primaryImageOfPage":{"@id":"https:\/\/lapsilopsi.ee\/et\/halloween-2024\/#primaryimage"},"image":{"@id":"https:\/\/lapsilopsi.ee\/et\/halloween-2024\/#primaryimage"},"thumbnailUrl":"https:\/\/lapsilopsi.ee\/wp-content\/uploads\/2019\/09\/%D0%91%D0%B5%D0%B7-%D0%BD%D0%B0%D0%B7%D0%B2%D0%B0%D0%BD%D0%B8%D1%8F-300x168.jpg","datePublished":"2024-10-10T07:39:57+00:00","breadcrumb":{"@id":"https:\/\/lapsilopsi.ee\/et\/halloween-2024\/#breadcrumb"},"inLanguage":"et","potentialAction":[{"@type":"ReadAction","target":["https:\/\/lapsilopsi.ee\/et\/halloween-2024\/"]}]},{"@type":"ImageObject","inLanguage":"et","@id":"https:\/\/lapsilopsi.ee\/et\/halloween-2024\/#primaryimage","url":"https:\/\/lapsilopsi.ee\/wp-content\/uploads\/2019\/09\/%D0%91%D0%B5%D0%B7-%D0%BD%D0%B0%D0%B7%D0%B2%D0%B0%D0%BD%D0%B8%D1%8F-300x168.jpg","contentUrl":"https:\/\/lapsilopsi.ee\/wp-content\/uploads\/2019\/09\/%D0%91%D0%B5%D0%B7-%D0%BD%D0%B0%D0%B7%D0%B2%D0%B0%D0%BD%D0%B8%D1%8F-300x168.jpg"},{"@type":"BreadcrumbList","@id":"https:\/\/lapsilopsi.ee\/et\/halloween-2024\/#breadcrumb","itemListElement":[{"@type":"ListItem","position":1,"name":"Home","item":"https:\/\/lapsilopsi.ee\/et\/"},{"@type":"ListItem","position":2,"name":"Halloween 2024"}]},{"@type":"WebSite","@id":"https:\/\/lapsilopsi.ee\/et\/#website","url":"https:\/\/lapsilopsi.ee\/et\/","name":"LapsiLopsi","description":"Puhkame k\u00f5ik koos!","publisher":{"@id":"https:\/\/lapsilopsi.ee\/et\/#organization"},"potentialAction":[{"@type":"SearchAction","target":{"@type":"EntryPoint","urlTemplate":"https:\/\/lapsilopsi.ee\/et\/?s={search_term_string}"},"query-input":{"@type":"PropertyValueSpecification","valueRequired":true,"valueName":"search_term_string"}}],"inLanguage":"et"},{"@type":"Organization","@id":"https:\/\/lapsilopsi.ee\/et\/#organization","name":"LapsiLopsi","url":"https:\/\/lapsilopsi.ee\/et\/","logo":{"@type":"ImageObject","inLanguage":"et","@id":"https:\/\/lapsilopsi.ee\/et\/#\/schema\/logo\/image\/","url":"https:\/\/lapsilopsi.ee\/wp-content\/uploads\/2022\/10\/lapsi-lapsi.jpg","contentUrl":"https:\/\/lapsilopsi.ee\/wp-content\/uploads\/2022\/10\/lapsi-lapsi.jpg","width":699,"height":181,"caption":"LapsiLopsi"},"image":{"@id":"https:\/\/lapsilopsi.ee\/et\/#\/schema\/logo\/image\/"}}]}},"jetpack_sharing_enabled":true,"jetpack_shortlink":"https:\/\/wp.me\/PafPRj-3lF","_links":{"self":[{"href":"https:\/\/lapsilopsi.ee\/et\/wp-json\/wp\/v2\/pages\/12875","targetHints":{"allow":["GET"]}}],"collection":[{"href":"https:\/\/lapsilopsi.ee\/et\/wp-json\/wp\/v2\/pages"}],"about":[{"href":"https:\/\/lapsilopsi.ee\/et\/wp-json\/wp\/v2\/types\/page"}],"author":[{"embeddable":true,"href":"https:\/\/lapsilopsi.ee\/et\/wp-json\/wp\/v2\/users\/2"}],"replies":[{"embeddable":true,"href":"https:\/\/lapsilopsi.ee\/et\/wp-json\/wp\/v2\/comments?post=12875"}],"version-history":[{"count":0,"href":"https:\/\/lapsilopsi.ee\/et\/wp-json\/wp\/v2\/pages\/12875\/revisions"}],"wp:attachment":[{"href":"https:\/\/lapsilopsi.ee\/et\/wp-json\/wp\/v2\/media?parent=12875"}],"curies":[{"name":"wp","href":"https:\/\/api.w.org\/{rel}","templated":true}]}}