{"id":12804,"date":"2024-10-03T18:33:09","date_gmt":"2024-10-03T15:33:09","guid":{"rendered":"https:\/\/lapsilopsi.ee\/peokleitide-rentimine\/"},"modified":"2024-10-03T18:33:09","modified_gmt":"2024-10-03T15:33:09","slug":"peokleitide-rentimine","status":"publish","type":"page","link":"https:\/\/lapsilopsi.ee\/et\/peokleitide-rentimine\/","title":{"rendered":"Peokleitide rentimine"},"content":{"rendered":"<p>Ainulaadne v\u00f5imalus rentida peokleit vaid 10 euro eest. S\u00fcnnip\u00e4eva, l\u00f5puaktuse, fotomatkade, pulmade, ristimise, uue aasta ja muude p\u00fchade kleidid asuvad lastekohvikus. Saate vaadata, valida, proovida tasuta k\u00fclastusaegadel. Kohapeal saab maksta kaardiga v\u00f5i sularahas.    <\/p>\n<p style=\"font-family: Lato, Helvetica, Arial, sans-serif; font-size: 16px; font-style: normal; font-weight: 400;\"><img loading=\"lazy\" decoding=\"async\" class=\"wp-image-12646 alignright\" src=\"https:\/\/lapsilopsi.ee\/wp-content\/uploads\/2024\/09\/20240804_211331-225x300.jpg\" alt=\"\" width=\"256\" height=\"342\" srcset=\"https:\/\/lapsilopsi.ee\/wp-content\/uploads\/2024\/09\/20240804_211331-225x300.jpg 225w, https:\/\/lapsilopsi.ee\/wp-content\/uploads\/2024\/09\/20240804_211331-768x1024.jpg 768w, https:\/\/lapsilopsi.ee\/wp-content\/uploads\/2024\/09\/20240804_211331-1152x1536.jpg 1152w, https:\/\/lapsilopsi.ee\/wp-content\/uploads\/2024\/09\/20240804_211331-1536x2048.jpg 1536w, https:\/\/lapsilopsi.ee\/wp-content\/uploads\/2024\/09\/20240804_211331-749x999.jpg 749w, https:\/\/lapsilopsi.ee\/wp-content\/uploads\/2024\/09\/20240804_211331-600x800.jpg 600w, https:\/\/lapsilopsi.ee\/wp-content\/uploads\/2024\/09\/20240804_211331-scaled.jpg 1920w\" sizes=\"auto, (max-width: 256px) 100vw, 256px\" \/><\/p>\n<p>&nbsp;<\/p>\n<p><span style=\"font-size: 16px;\">Tule peole ja vali endale kleit. Kleidi rent 10 eurot sisaldub \u00fcldarvel. P\u00e4rast pidu j\u00e4tke kleit toolile.  <\/span> Kui soovite rentida kleiti \u00fcrituseks, mis ei toimu Lapsi Lopsi kohvikus, peate tasuma 20 euro suuruse tagatisraha sularahas. Kui kleit tagastatakse \u00f5igeaegselt ja heas korras, tagastatakse tagatisraha. Kleidi suurused 92 kuni 140. Palun andke meile teada, kui soovite kleiti rentida, kui broneerite oma peo v\u00f5i t\u00e4itke allolev vorm.   <div class=\"wpforms-container wpforms-container-full wpforms-render-modern\" id=\"wpforms-12651\"><form id=\"wpforms-form-12651\" class=\"wpforms-validate wpforms-form wpforms-ajax-form\" data-formid=\"12651\" method=\"post\" enctype=\"multipart\/form-data\" action=\"\/et\/wp-json\/wp\/v2\/pages\/12804\" data-token=\"e8d9dcb97197f478e7c5dda1b138fd1c\" data-token-time=\"1776001170\"><noscript class=\"wpforms-error-noscript\">Please enable JavaScript in your browser to complete this form.<\/noscript><div class=\"wpforms-hidden\" id=\"wpforms-error-noscript\">Please enable JavaScript in your browser to complete this form.<\/div><div class=\"wpforms-field-container\"><div id=\"wpforms-12651-field_0-container\" class=\"wpforms-field wpforms-field-name\" data-field-id=\"0\"><fieldset><legend class=\"wpforms-field-label\">\u0410\u0440\u0435\u043d\u0434\u0430 \u043f\u0440\u0430\u0437\u0434\u043d\u0438\u0447\u043d\u043e\u0433\u043e \u043f\u043b\u0430\u0442\u044c\u044f  <span class=\"wpforms-required-label\" aria-hidden=\"true\">*<\/span><\/legend><div class=\"wpforms-field-row wpforms-field-medium\"><div class=\"wpforms-field-row-block wpforms-first wpforms-one-half\"><input type=\"text\" id=\"wpforms-12651-field_0\" class=\"wpforms-field-name-first wpforms-field-required\" name=\"wpforms[fields][0][first]\" aria-errormessage=\"wpforms-12651-field_0-error\" required><label for=\"wpforms-12651-field_0\" class=\"wpforms-field-sublabel after\">First<\/label><\/div><div class=\"wpforms-field-row-block wpforms-one-half\"><input type=\"text\" id=\"wpforms-12651-field_0-last\" class=\"wpforms-field-name-last wpforms-field-required\" name=\"wpforms[fields][0][last]\" aria-errormessage=\"wpforms-12651-field_0-last-error\" required><label for=\"wpforms-12651-field_0-last\" class=\"wpforms-field-sublabel after\">Last<\/label><\/div><\/div><\/fieldset><\/div><div id=\"wpforms-12651-field_1-container\" class=\"wpforms-field wpforms-field-email\" data-field-id=\"1\"><label class=\"wpforms-field-label\" for=\"wpforms-12651-field_1\">\u042d\u043b. \u043f\u043e\u0447\u0442\u0430 <span class=\"wpforms-required-label\" aria-hidden=\"true\">*<\/span><\/label><input type=\"email\" id=\"wpforms-12651-field_1\" class=\"wpforms-field-medium wpforms-field-required\" name=\"wpforms[fields][1]\" spellcheck=\"false\" aria-errormessage=\"wpforms-12651-field_1-error\" required><\/div><div id=\"wpforms-12651-field_2-container\" class=\"wpforms-field wpforms-field-textarea\" data-field-id=\"2\"><label class=\"wpforms-field-label\" for=\"wpforms-12651-field_2\">\u041a\u043e\u043c\u043c\u0435\u043d\u0442\u0430\u0440\u0438\u0439 <span class=\"wpforms-required-label\" aria-hidden=\"true\">*<\/span><\/label><textarea id=\"wpforms-12651-field_2\" class=\"wpforms-field-medium wpforms-field-required\" name=\"wpforms[fields][2]\" aria-errormessage=\"wpforms-12651-field_2-error\" aria-describedby=\"wpforms-12651-field_2-description\" required><\/textarea><div id=\"wpforms-12651-field_2-description\" class=\"wpforms-field-description\">\u0423\u043a\u0430\u0436\u0438\u0442\u0435: \u0440\u0430\u0437\u043c\u0435\u0440 \u043f\u043b\u0430\u0442\u044c\u044f,  \u043c\u043e\u0434\u0435\u043b\u044c (\u0435\u0441\u043b\u0438 \u0443\u0436\u0435 \u0432\u044b\u0431\u0440\u0430\u043b\u0438) , \u0436\u0435\u043b\u0430\u0435\u0442\u0435 \u043b\u0438 \u043f\u0440\u0438\u0439\u0442\u0438 \u043f\u043e\u043c\u0435\u0440\u0438\u0442\u044c \u0438 \u043a\u043e\u0433\u0434\u0430, \u0430 \u0442\u0430\u043a \u0436\u0435 \u0434\u0430\u0442\u0443  \u0441\u0430\u043c\u043e\u0433\u043e \u043f\u0440\u0430\u0437\u0434\u043d\u0438\u043a\u0430 \u0438 \u043c\u0435\u0441\u0442\u043e.  \u0416\u0435\u043b\u0430\u0442\u0435\u043b\u044c\u043d\u043e \u0442\u0430\u043a \u0436\u0435 \u0443\u043a\u0430\u0437\u0430\u0442\u044c \u043d\u043e\u043c\u0435\u0440 \u0442\u0435\u043b\u0435\u0444\u043e\u043d\u0430 <\/div><\/div><\/div><!-- .wpforms-field-container --><div class=\"wpforms-submit-container\" ><input type=\"hidden\" name=\"wpforms[id]\" value=\"12651\"><input type=\"hidden\" name=\"page_title\" value=\"\"><input type=\"hidden\" name=\"page_url\" value=\"https:\/\/lapsilopsi.ee\/et\/wp-json\/wp\/v2\/pages\/12804\"><input type=\"hidden\" name=\"url_referer\" value=\"\"><button type=\"submit\" name=\"wpforms[submit]\" id=\"wpforms-submit-12651\" class=\"wpforms-submit\" data-alt-text=\"\u041e\u0442\u043f\u0440\u0430\u0432\u043a\u0430...\" data-submit-text=\"\u041e\u0442\u043f\u0440\u0430\u0432\u0438\u0442\u044c\" aria-live=\"assertive\" value=\"wpforms-submit\">\u041e\u0442\u043f\u0440\u0430\u0432\u0438\u0442\u044c<\/button><img loading=\"lazy\" decoding=\"async\" src=\"https:\/\/lapsilopsi.ee\/wp-content\/plugins\/wpforms-lite\/assets\/images\/submit-spin.svg\" class=\"wpforms-submit-spinner\" style=\"display: none;\" width=\"26\" height=\"26\" alt=\"Loading\"><\/div><\/form><\/div>  <!-- .wpforms-container --><\/p>\n","protected":false},"excerpt":{"rendered":"<p>Ainulaadne v\u00f5imalus rentida peokleit vaid 10 euro eest. S\u00fcnnip\u00e4eva, l\u00f5puaktuse, fotomatkade, pulmade, ristimise, uue aasta ja muude p\u00fchade kleidid asuvad lastekohvikus. Saate vaadata, valida, proovida tasuta k\u00fclastusaegadel. Kohapeal saab maksta kaardiga v\u00f5i sularahas. &nbsp; Tule peole ja vali endale kleit. Kleidi rent 10 eurot sisaldub \u00fcldarvel. P\u00e4rast pidu j\u00e4tke kleit toolile. Kui soovite rentida kleiti [&hellip;]<\/p>\n","protected":false},"author":2,"featured_media":0,"parent":0,"menu_order":0,"comment_status":"closed","ping_status":"closed","template":"","meta":{"_acf_changed":false,"jetpack_post_was_ever_published":false,"footnotes":""},"class_list":["post-12804","page","type-page","status-publish","hentry"],"acf":[],"yoast_head":"<!-- This site is optimized with the Yoast SEO plugin v24.6 - https:\/\/yoast.com\/wordpress\/plugins\/seo\/ -->\n<title>Peokleitide rentimine - LapsiLopsi<\/title>\n<meta name=\"robots\" content=\"index, follow, max-snippet:-1, max-image-preview:large, max-video-preview:-1\" \/>\n<link rel=\"canonical\" href=\"https:\/\/lapsilopsi.ee\/et\/peokleitide-rentimine\/\" \/>\n<meta property=\"og:locale\" content=\"et_EE\" \/>\n<meta property=\"og:type\" content=\"article\" \/>\n<meta property=\"og:title\" content=\"Peokleitide rentimine - LapsiLopsi\" \/>\n<meta property=\"og:description\" content=\"Ainulaadne v\u00f5imalus rentida peokleit vaid 10 euro eest. S\u00fcnnip\u00e4eva, l\u00f5puaktuse, fotomatkade, pulmade, ristimise, uue aasta ja muude p\u00fchade kleidid asuvad lastekohvikus. Saate vaadata, valida, proovida tasuta k\u00fclastusaegadel. Kohapeal saab maksta kaardiga v\u00f5i sularahas. &nbsp; Tule peole ja vali endale kleit. Kleidi rent 10 eurot sisaldub \u00fcldarvel. P\u00e4rast pidu j\u00e4tke kleit toolile. Kui soovite rentida kleiti [&hellip;]\" \/>\n<meta property=\"og:url\" content=\"https:\/\/lapsilopsi.ee\/et\/peokleitide-rentimine\/\" \/>\n<meta property=\"og:site_name\" content=\"LapsiLopsi\" \/>\n<meta property=\"og:image\" content=\"https:\/\/lapsilopsi.ee\/wp-content\/uploads\/2024\/09\/20240804_211331-225x300.jpg\" \/>\n<meta name=\"twitter:card\" content=\"summary_large_image\" \/>\n<meta name=\"twitter:label1\" content=\"Est. reading time\" \/>\n\t<meta name=\"twitter:data1\" content=\"1 minut\" \/>\n<script type=\"application\/ld+json\" class=\"yoast-schema-graph\">{\"@context\":\"https:\/\/schema.org\",\"@graph\":[{\"@type\":\"WebPage\",\"@id\":\"https:\/\/lapsilopsi.ee\/et\/peokleitide-rentimine\/\",\"url\":\"https:\/\/lapsilopsi.ee\/et\/peokleitide-rentimine\/\",\"name\":\"Peokleitide rentimine - LapsiLopsi\",\"isPartOf\":{\"@id\":\"https:\/\/lapsilopsi.ee\/et\/#website\"},\"primaryImageOfPage\":{\"@id\":\"https:\/\/lapsilopsi.ee\/et\/peokleitide-rentimine\/#primaryimage\"},\"image\":{\"@id\":\"https:\/\/lapsilopsi.ee\/et\/peokleitide-rentimine\/#primaryimage\"},\"thumbnailUrl\":\"https:\/\/lapsilopsi.ee\/wp-content\/uploads\/2024\/09\/20240804_211331-225x300.jpg\",\"datePublished\":\"2024-10-03T15:33:09+00:00\",\"breadcrumb\":{\"@id\":\"https:\/\/lapsilopsi.ee\/et\/peokleitide-rentimine\/#breadcrumb\"},\"inLanguage\":\"et\",\"potentialAction\":[{\"@type\":\"ReadAction\",\"target\":[\"https:\/\/lapsilopsi.ee\/et\/peokleitide-rentimine\/\"]}]},{\"@type\":\"ImageObject\",\"inLanguage\":\"et\",\"@id\":\"https:\/\/lapsilopsi.ee\/et\/peokleitide-rentimine\/#primaryimage\",\"url\":\"https:\/\/lapsilopsi.ee\/wp-content\/uploads\/2024\/09\/20240804_211331-225x300.jpg\",\"contentUrl\":\"https:\/\/lapsilopsi.ee\/wp-content\/uploads\/2024\/09\/20240804_211331-225x300.jpg\"},{\"@type\":\"BreadcrumbList\",\"@id\":\"https:\/\/lapsilopsi.ee\/et\/peokleitide-rentimine\/#breadcrumb\",\"itemListElement\":[{\"@type\":\"ListItem\",\"position\":1,\"name\":\"Home\",\"item\":\"https:\/\/lapsilopsi.ee\/et\/\"},{\"@type\":\"ListItem\",\"position\":2,\"name\":\"Peokleitide rentimine\"}]},{\"@type\":\"WebSite\",\"@id\":\"https:\/\/lapsilopsi.ee\/et\/#website\",\"url\":\"https:\/\/lapsilopsi.ee\/et\/\",\"name\":\"LapsiLopsi\",\"description\":\"Puhkame k\u00f5ik koos!\",\"publisher\":{\"@id\":\"https:\/\/lapsilopsi.ee\/et\/#organization\"},\"potentialAction\":[{\"@type\":\"SearchAction\",\"target\":{\"@type\":\"EntryPoint\",\"urlTemplate\":\"https:\/\/lapsilopsi.ee\/et\/?s={search_term_string}\"},\"query-input\":{\"@type\":\"PropertyValueSpecification\",\"valueRequired\":true,\"valueName\":\"search_term_string\"}}],\"inLanguage\":\"et\"},{\"@type\":\"Organization\",\"@id\":\"https:\/\/lapsilopsi.ee\/et\/#organization\",\"name\":\"LapsiLopsi\",\"url\":\"https:\/\/lapsilopsi.ee\/et\/\",\"logo\":{\"@type\":\"ImageObject\",\"inLanguage\":\"et\",\"@id\":\"https:\/\/lapsilopsi.ee\/et\/#\/schema\/logo\/image\/\",\"url\":\"https:\/\/lapsilopsi.ee\/wp-content\/uploads\/2022\/10\/lapsi-lapsi.jpg\",\"contentUrl\":\"https:\/\/lapsilopsi.ee\/wp-content\/uploads\/2022\/10\/lapsi-lapsi.jpg\",\"width\":699,\"height\":181,\"caption\":\"LapsiLopsi\"},\"image\":{\"@id\":\"https:\/\/lapsilopsi.ee\/et\/#\/schema\/logo\/image\/\"}}]}<\/script>\n<!-- \/ Yoast SEO plugin. -->","yoast_head_json":{"title":"Peokleitide rentimine - LapsiLopsi","robots":{"index":"index","follow":"follow","max-snippet":"max-snippet:-1","max-image-preview":"max-image-preview:large","max-video-preview":"max-video-preview:-1"},"canonical":"https:\/\/lapsilopsi.ee\/et\/peokleitide-rentimine\/","og_locale":"et_EE","og_type":"article","og_title":"Peokleitide rentimine - LapsiLopsi","og_description":"Ainulaadne v\u00f5imalus rentida peokleit vaid 10 euro eest. S\u00fcnnip\u00e4eva, l\u00f5puaktuse, fotomatkade, pulmade, ristimise, uue aasta ja muude p\u00fchade kleidid asuvad lastekohvikus. Saate vaadata, valida, proovida tasuta k\u00fclastusaegadel. Kohapeal saab maksta kaardiga v\u00f5i sularahas. &nbsp; Tule peole ja vali endale kleit. Kleidi rent 10 eurot sisaldub \u00fcldarvel. P\u00e4rast pidu j\u00e4tke kleit toolile. Kui soovite rentida kleiti [&hellip;]","og_url":"https:\/\/lapsilopsi.ee\/et\/peokleitide-rentimine\/","og_site_name":"LapsiLopsi","og_image":[{"url":"https:\/\/lapsilopsi.ee\/wp-content\/uploads\/2024\/09\/20240804_211331-225x300.jpg","type":"","width":"","height":""}],"twitter_card":"summary_large_image","twitter_misc":{"Est. reading time":"1 minut"},"schema":{"@context":"https:\/\/schema.org","@graph":[{"@type":"WebPage","@id":"https:\/\/lapsilopsi.ee\/et\/peokleitide-rentimine\/","url":"https:\/\/lapsilopsi.ee\/et\/peokleitide-rentimine\/","name":"Peokleitide rentimine - LapsiLopsi","isPartOf":{"@id":"https:\/\/lapsilopsi.ee\/et\/#website"},"primaryImageOfPage":{"@id":"https:\/\/lapsilopsi.ee\/et\/peokleitide-rentimine\/#primaryimage"},"image":{"@id":"https:\/\/lapsilopsi.ee\/et\/peokleitide-rentimine\/#primaryimage"},"thumbnailUrl":"https:\/\/lapsilopsi.ee\/wp-content\/uploads\/2024\/09\/20240804_211331-225x300.jpg","datePublished":"2024-10-03T15:33:09+00:00","breadcrumb":{"@id":"https:\/\/lapsilopsi.ee\/et\/peokleitide-rentimine\/#breadcrumb"},"inLanguage":"et","potentialAction":[{"@type":"ReadAction","target":["https:\/\/lapsilopsi.ee\/et\/peokleitide-rentimine\/"]}]},{"@type":"ImageObject","inLanguage":"et","@id":"https:\/\/lapsilopsi.ee\/et\/peokleitide-rentimine\/#primaryimage","url":"https:\/\/lapsilopsi.ee\/wp-content\/uploads\/2024\/09\/20240804_211331-225x300.jpg","contentUrl":"https:\/\/lapsilopsi.ee\/wp-content\/uploads\/2024\/09\/20240804_211331-225x300.jpg"},{"@type":"BreadcrumbList","@id":"https:\/\/lapsilopsi.ee\/et\/peokleitide-rentimine\/#breadcrumb","itemListElement":[{"@type":"ListItem","position":1,"name":"Home","item":"https:\/\/lapsilopsi.ee\/et\/"},{"@type":"ListItem","position":2,"name":"Peokleitide rentimine"}]},{"@type":"WebSite","@id":"https:\/\/lapsilopsi.ee\/et\/#website","url":"https:\/\/lapsilopsi.ee\/et\/","name":"LapsiLopsi","description":"Puhkame k\u00f5ik koos!","publisher":{"@id":"https:\/\/lapsilopsi.ee\/et\/#organization"},"potentialAction":[{"@type":"SearchAction","target":{"@type":"EntryPoint","urlTemplate":"https:\/\/lapsilopsi.ee\/et\/?s={search_term_string}"},"query-input":{"@type":"PropertyValueSpecification","valueRequired":true,"valueName":"search_term_string"}}],"inLanguage":"et"},{"@type":"Organization","@id":"https:\/\/lapsilopsi.ee\/et\/#organization","name":"LapsiLopsi","url":"https:\/\/lapsilopsi.ee\/et\/","logo":{"@type":"ImageObject","inLanguage":"et","@id":"https:\/\/lapsilopsi.ee\/et\/#\/schema\/logo\/image\/","url":"https:\/\/lapsilopsi.ee\/wp-content\/uploads\/2022\/10\/lapsi-lapsi.jpg","contentUrl":"https:\/\/lapsilopsi.ee\/wp-content\/uploads\/2022\/10\/lapsi-lapsi.jpg","width":699,"height":181,"caption":"LapsiLopsi"},"image":{"@id":"https:\/\/lapsilopsi.ee\/et\/#\/schema\/logo\/image\/"}}]}},"jetpack_sharing_enabled":true,"jetpack_shortlink":"https:\/\/wp.me\/PafPRj-3kw","_links":{"self":[{"href":"https:\/\/lapsilopsi.ee\/et\/wp-json\/wp\/v2\/pages\/12804","targetHints":{"allow":["GET"]}}],"collection":[{"href":"https:\/\/lapsilopsi.ee\/et\/wp-json\/wp\/v2\/pages"}],"about":[{"href":"https:\/\/lapsilopsi.ee\/et\/wp-json\/wp\/v2\/types\/page"}],"author":[{"embeddable":true,"href":"https:\/\/lapsilopsi.ee\/et\/wp-json\/wp\/v2\/users\/2"}],"replies":[{"embeddable":true,"href":"https:\/\/lapsilopsi.ee\/et\/wp-json\/wp\/v2\/comments?post=12804"}],"version-history":[{"count":0,"href":"https:\/\/lapsilopsi.ee\/et\/wp-json\/wp\/v2\/pages\/12804\/revisions"}],"wp:attachment":[{"href":"https:\/\/lapsilopsi.ee\/et\/wp-json\/wp\/v2\/media?parent=12804"}],"curies":[{"name":"wp","href":"https:\/\/api.w.org\/{rel}","templated":true}]}}