{"id":11499,"date":"2024-01-24T10:36:05","date_gmt":"2024-01-24T07:36:05","guid":{"rendered":"https:\/\/lapsilopsi.ee\/onnitlused\/"},"modified":"2025-01-17T01:52:43","modified_gmt":"2025-01-16T22:52:43","slug":"onnitlused","status":"publish","type":"page","link":"https:\/\/lapsilopsi.ee\/et\/onnitlused\/","title":{"rendered":"V\u00d5RDLE"},"content":{"rendered":"<p>Teie mugavuse huvides oleme koostanud pakutavate pidude v\u00f5rdlustabeli, et teil oleks lihtsam valida \u00f5ige pidu.<\/p>\n<table style=\"height: 561px;\" width=\"738\">\n<tbody>\n<tr>\n<td width=\"132\"><\/td>\n<td width=\"45\"><a href=\"https:\/\/lapsilopsi.ee\/ru\/superprazdnik\/\"><strong>Super<\/strong><\/a><\/td>\n<td width=\"63\"><a href=\"https:\/\/lapsilopsi.ee\/ru\/horoshij-prazdnik\/\"><strong>Hea <\/strong><\/a><\/td>\n<td width=\"39\"><strong><a href=\"https:\/\/lapsilopsi.ee\/ru\/prazdnik-dlya-samyh-malenkih\/\">Beebi<\/a> <\/strong><\/td>\n<td width=\"56\"><a href=\"https:\/\/lapsilopsi.ee\/ru\/polnqipaket\/\"><strong>T\u00e4is <\/strong><\/a><\/td>\n<td width=\"58\"><a href=\"https:\/\/lapsilopsi.ee\/ru\/prostoipaket\/\"><strong>Lihtne <\/strong><\/a><\/td>\n<td width=\"59\"><a href=\"https:\/\/lapsilopsi.ee\/ru\/sladkiy-prazdnik\/\"><strong>Magus <\/strong><\/a><\/td>\n<td width=\"48\"><a href=\"https:\/\/lapsilopsi.ee\/ru\/pizzaprazdnik\/\"><strong>Pizza <\/strong><\/a><\/td>\n<td width=\"46\"><a href=\"https:\/\/lapsilopsi.ee\/ru\/semejnyj-paket\/\"><strong>Pere<\/strong><\/a><\/td>\n<td width=\"62\"><strong>Disko<\/strong><\/td>\n<td width=\"70\"><\/td>\n<\/tr>\n<tr>\n<td width=\"132\">Rent 3 tundi<\/td>\n<td width=\"45\">+<\/td>\n<td width=\"63\">+<\/td>\n<td width=\"39\">+<\/td>\n<td width=\"56\">+<\/td>\n<td width=\"58\">+<\/td>\n<td width=\"59\">+<\/td>\n<td width=\"48\">+<\/td>\n<td width=\"46\">+<\/td>\n<td width=\"62\">+<\/td>\n<td width=\"70\"><\/td>\n<\/tr>\n<tr>\n<td width=\"132\">programm<\/td>\n<td width=\"45\">+<\/td>\n<td width=\"63\">+<\/td>\n<td width=\"39\">+<\/td>\n<td width=\"56\">&#8211;<\/td>\n<td width=\"58\">&#8211;<\/td>\n<td width=\"59\">+<\/td>\n<td width=\"48\">+<\/td>\n<td width=\"46\">&#8211;<\/td>\n<td width=\"62\">+<\/td>\n<td width=\"70\"><\/td>\n<\/tr>\n<tr>\n<td width=\"132\">Kohv<\/td>\n<td width=\"45\">+<\/td>\n<td width=\"63\">+<\/td>\n<td width=\"39\">+<\/td>\n<td width=\"56\">+<\/td>\n<td width=\"58\">+<\/td>\n<td width=\"59\">+<\/td>\n<td width=\"48\">+<\/td>\n<td width=\"46\">+<\/td>\n<td width=\"62\">+<\/td>\n<td width=\"70\"><\/td>\n<\/tr>\n<tr>\n<td width=\"132\">J\u00e4\u00e4tis<\/td>\n<td width=\"45\">+<\/td>\n<td width=\"63\">+<\/td>\n<td width=\"39\">+<\/td>\n<td width=\"56\">+<\/td>\n<td width=\"58\">&#8211;<\/td>\n<td width=\"59\">+<\/td>\n<td width=\"48\">+<\/td>\n<td width=\"46\">&#8211;<\/td>\n<td width=\"62\">+<\/td>\n<td width=\"70\"><\/td>\n<\/tr>\n<tr>\n<td width=\"132\">Suupisted<\/td>\n<td width=\"45\">+<\/td>\n<td width=\"63\">+<\/td>\n<td width=\"39\">+<\/td>\n<td width=\"56\">+<\/td>\n<td width=\"58\">&#8211;<\/td>\n<td width=\"59\">&#8211;<\/td>\n<td width=\"48\">&#8211;<\/td>\n<td width=\"46\">&#8211;<\/td>\n<td width=\"62\">+<\/td>\n<td width=\"70\"><\/td>\n<\/tr>\n<tr>\n<td width=\"132\">K\u00f6\u00f6giviljad<\/td>\n<td width=\"45\">+<\/td>\n<td width=\"63\">&#8211;<\/td>\n<td width=\"39\">+<\/td>\n<td width=\"56\">&#8211;<\/td>\n<td width=\"58\">&#8211;<\/td>\n<td width=\"59\">&#8211;<\/td>\n<td width=\"48\">&#8211;<\/td>\n<td width=\"46\">&#8211;<\/td>\n<td width=\"62\">+<\/td>\n<td width=\"70\"><\/td>\n<\/tr>\n<tr>\n<td width=\"132\">Candy Bar<\/td>\n<td width=\"45\">+<\/td>\n<td width=\"63\">&#8211;<\/td>\n<td width=\"39\">&#8211;<\/td>\n<td width=\"56\">&#8211;<\/td>\n<td width=\"58\">&#8211;<\/td>\n<td width=\"59\">&#8211;<\/td>\n<td width=\"48\">&#8211;<\/td>\n<td width=\"46\">&#8211;<\/td>\n<td width=\"62\">&#8211;<\/td>\n<td width=\"70\"><\/td>\n<\/tr>\n<tr>\n<td width=\"132\">Marjajook<\/td>\n<td width=\"45\">+<\/td>\n<td width=\"63\">+<\/td>\n<td width=\"39\">+<\/td>\n<td width=\"56\">+<\/td>\n<td width=\"58\">&#8211;<\/td>\n<td width=\"59\">+<\/td>\n<td width=\"48\">+<\/td>\n<td width=\"46\">&#8211;<\/td>\n<td width=\"62\">+<\/td>\n<td width=\"70\"><\/td>\n<\/tr>\n<tr>\n<td width=\"132\">Tordi vulkaan<\/td>\n<td width=\"45\">+<\/td>\n<td width=\"63\">+<\/td>\n<td width=\"39\">+<\/td>\n<td width=\"56\">+<\/td>\n<td width=\"58\">+<\/td>\n<td width=\"59\">+<\/td>\n<td width=\"48\">+<\/td>\n<td width=\"46\">&#8211;<\/td>\n<td width=\"62\">+<\/td>\n<td width=\"70\"><\/td>\n<\/tr>\n<tr>\n<td width=\"132\">Joogivesi<\/td>\n<td width=\"45\">+<\/td>\n<td width=\"63\">+<\/td>\n<td width=\"39\">+<\/td>\n<td width=\"56\">+<\/td>\n<td width=\"58\">+<\/td>\n<td width=\"59\">+<\/td>\n<td width=\"48\">+<\/td>\n<td width=\"46\">+<\/td>\n<td width=\"62\">+<\/td>\n<td width=\"70\"><\/td>\n<\/tr>\n<tr>\n<td width=\"132\">N\u00f5ud<\/td>\n<td width=\"45\">+<\/td>\n<td width=\"63\">+<\/td>\n<td width=\"39\">+<\/td>\n<td width=\"56\">+<\/td>\n<td width=\"58\">+<\/td>\n<td width=\"59\">+<\/td>\n<td width=\"48\">+<\/td>\n<td width=\"46\">+<\/td>\n<td width=\"62\">+<\/td>\n<td width=\"70\"><\/td>\n<\/tr>\n<tr>\n<td width=\"132\">salfr\u00e4tikud<\/td>\n<td width=\"45\">+<\/td>\n<td width=\"63\">+<\/td>\n<td width=\"39\">+<\/td>\n<td width=\"56\">+<\/td>\n<td width=\"58\">+<\/td>\n<td width=\"59\">+<\/td>\n<td width=\"48\">+<\/td>\n<td width=\"46\">+<\/td>\n<td width=\"62\">+<\/td>\n<td width=\"70\"><\/td>\n<\/tr>\n<tr>\n<td width=\"132\">Koristus<\/td>\n<td width=\"45\">+<\/td>\n<td width=\"63\">+<\/td>\n<td width=\"39\">+<\/td>\n<td width=\"56\">+<\/td>\n<td width=\"58\">+<\/td>\n<td width=\"59\">+<\/td>\n<td width=\"48\">+<\/td>\n<td width=\"46\">+<\/td>\n<td width=\"62\">+<\/td>\n<td width=\"70\"><\/td>\n<\/tr>\n<tr>\n<td width=\"132\"><strong>HIND<\/strong><\/td>\n<td width=\"45\"><strong>315<\/strong><\/td>\n<td width=\"63\"><strong>225<\/strong><\/td>\n<td width=\"39\"><strong>235<\/strong><\/td>\n<td width=\"56\"><strong>195<\/strong><\/td>\n<td width=\"58\"><strong>135<\/strong><\/td>\n<td width=\"59\"><strong>205<\/strong><\/td>\n<td width=\"48\"><strong>205<\/strong><\/td>\n<td width=\"46\"><strong>Al.65<\/strong><\/td>\n<td width=\"62\"><strong>270<\/strong><\/td>\n<td width=\"70\"><\/td>\n<\/tr>\n<\/tbody>\n<\/table>\n<h4><a href=\"https:\/\/lapsilopsi.ee\/ru\/%D1%82%D0%BE%D0%B2%D0%B0%D1%80\/booking\/\">BRONEERI SIIN<\/a><\/h4>\n","protected":false},"excerpt":{"rendered":"<p>Teie mugavuse huvides oleme koostanud pakutavate pidude v\u00f5rdlustabeli, et teil oleks lihtsam valida \u00f5ige pidu. Super Hea Beebi T\u00e4is Lihtne Magus Pizza Pere Disko Rent 3 tundi + + + + + + + + + programm + + + &#8211; &#8211; + + &#8211; + Kohv + + + + + + + + [&hellip;]<\/p>\n","protected":false},"author":2,"featured_media":0,"parent":0,"menu_order":0,"comment_status":"closed","ping_status":"closed","template":"","meta":{"_acf_changed":false,"jetpack_post_was_ever_published":false,"footnotes":""},"class_list":["post-11499","page","type-page","status-publish","hentry"],"acf":[],"yoast_head":"<!-- This site is optimized with the Yoast SEO plugin v24.6 - https:\/\/yoast.com\/wordpress\/plugins\/seo\/ -->\n<title>V\u00d5RDLE - LapsiLopsi<\/title>\n<meta name=\"robots\" content=\"index, follow, max-snippet:-1, max-image-preview:large, max-video-preview:-1\" \/>\n<link rel=\"canonical\" href=\"https:\/\/lapsilopsi.ee\/et\/onnitlused\/\" \/>\n<meta property=\"og:locale\" content=\"et_EE\" \/>\n<meta property=\"og:type\" content=\"article\" \/>\n<meta property=\"og:title\" content=\"V\u00d5RDLE - LapsiLopsi\" \/>\n<meta property=\"og:description\" content=\"Teie mugavuse huvides oleme koostanud pakutavate pidude v\u00f5rdlustabeli, et teil oleks lihtsam valida \u00f5ige pidu. Super Hea Beebi T\u00e4is Lihtne Magus Pizza Pere Disko Rent 3 tundi + + + + + + + + + programm + + + &#8211; &#8211; + + &#8211; + Kohv + + + + + + + + [&hellip;]\" \/>\n<meta property=\"og:url\" content=\"https:\/\/lapsilopsi.ee\/et\/onnitlused\/\" \/>\n<meta property=\"og:site_name\" content=\"LapsiLopsi\" \/>\n<meta property=\"article:modified_time\" content=\"2025-01-16T22:52:43+00:00\" \/>\n<meta name=\"twitter:card\" content=\"summary_large_image\" \/>\n<meta name=\"twitter:label1\" content=\"Est. reading time\" \/>\n\t<meta name=\"twitter:data1\" content=\"1 minut\" \/>\n<script type=\"application\/ld+json\" class=\"yoast-schema-graph\">{\"@context\":\"https:\/\/schema.org\",\"@graph\":[{\"@type\":\"WebPage\",\"@id\":\"https:\/\/lapsilopsi.ee\/et\/onnitlused\/\",\"url\":\"https:\/\/lapsilopsi.ee\/et\/onnitlused\/\",\"name\":\"V\u00d5RDLE - LapsiLopsi\",\"isPartOf\":{\"@id\":\"https:\/\/lapsilopsi.ee\/et\/#website\"},\"datePublished\":\"2024-01-24T07:36:05+00:00\",\"dateModified\":\"2025-01-16T22:52:43+00:00\",\"breadcrumb\":{\"@id\":\"https:\/\/lapsilopsi.ee\/et\/onnitlused\/#breadcrumb\"},\"inLanguage\":\"et\",\"potentialAction\":[{\"@type\":\"ReadAction\",\"target\":[\"https:\/\/lapsilopsi.ee\/et\/onnitlused\/\"]}]},{\"@type\":\"BreadcrumbList\",\"@id\":\"https:\/\/lapsilopsi.ee\/et\/onnitlused\/#breadcrumb\",\"itemListElement\":[{\"@type\":\"ListItem\",\"position\":1,\"name\":\"Home\",\"item\":\"https:\/\/lapsilopsi.ee\/et\/\"},{\"@type\":\"ListItem\",\"position\":2,\"name\":\"V\u00d5RDLE\"}]},{\"@type\":\"WebSite\",\"@id\":\"https:\/\/lapsilopsi.ee\/et\/#website\",\"url\":\"https:\/\/lapsilopsi.ee\/et\/\",\"name\":\"LapsiLopsi\",\"description\":\"Puhkame k\u00f5ik koos!\",\"publisher\":{\"@id\":\"https:\/\/lapsilopsi.ee\/et\/#organization\"},\"potentialAction\":[{\"@type\":\"SearchAction\",\"target\":{\"@type\":\"EntryPoint\",\"urlTemplate\":\"https:\/\/lapsilopsi.ee\/et\/?s={search_term_string}\"},\"query-input\":{\"@type\":\"PropertyValueSpecification\",\"valueRequired\":true,\"valueName\":\"search_term_string\"}}],\"inLanguage\":\"et\"},{\"@type\":\"Organization\",\"@id\":\"https:\/\/lapsilopsi.ee\/et\/#organization\",\"name\":\"LapsiLopsi\",\"url\":\"https:\/\/lapsilopsi.ee\/et\/\",\"logo\":{\"@type\":\"ImageObject\",\"inLanguage\":\"et\",\"@id\":\"https:\/\/lapsilopsi.ee\/et\/#\/schema\/logo\/image\/\",\"url\":\"https:\/\/lapsilopsi.ee\/wp-content\/uploads\/2022\/10\/lapsi-lapsi.jpg\",\"contentUrl\":\"https:\/\/lapsilopsi.ee\/wp-content\/uploads\/2022\/10\/lapsi-lapsi.jpg\",\"width\":699,\"height\":181,\"caption\":\"LapsiLopsi\"},\"image\":{\"@id\":\"https:\/\/lapsilopsi.ee\/et\/#\/schema\/logo\/image\/\"}}]}<\/script>\n<!-- \/ Yoast SEO plugin. -->","yoast_head_json":{"title":"V\u00d5RDLE - LapsiLopsi","robots":{"index":"index","follow":"follow","max-snippet":"max-snippet:-1","max-image-preview":"max-image-preview:large","max-video-preview":"max-video-preview:-1"},"canonical":"https:\/\/lapsilopsi.ee\/et\/onnitlused\/","og_locale":"et_EE","og_type":"article","og_title":"V\u00d5RDLE - LapsiLopsi","og_description":"Teie mugavuse huvides oleme koostanud pakutavate pidude v\u00f5rdlustabeli, et teil oleks lihtsam valida \u00f5ige pidu. Super Hea Beebi T\u00e4is Lihtne Magus Pizza Pere Disko Rent 3 tundi + + + + + + + + + programm + + + &#8211; &#8211; + + &#8211; + Kohv + + + + + + + + [&hellip;]","og_url":"https:\/\/lapsilopsi.ee\/et\/onnitlused\/","og_site_name":"LapsiLopsi","article_modified_time":"2025-01-16T22:52:43+00:00","twitter_card":"summary_large_image","twitter_misc":{"Est. reading time":"1 minut"},"schema":{"@context":"https:\/\/schema.org","@graph":[{"@type":"WebPage","@id":"https:\/\/lapsilopsi.ee\/et\/onnitlused\/","url":"https:\/\/lapsilopsi.ee\/et\/onnitlused\/","name":"V\u00d5RDLE - LapsiLopsi","isPartOf":{"@id":"https:\/\/lapsilopsi.ee\/et\/#website"},"datePublished":"2024-01-24T07:36:05+00:00","dateModified":"2025-01-16T22:52:43+00:00","breadcrumb":{"@id":"https:\/\/lapsilopsi.ee\/et\/onnitlused\/#breadcrumb"},"inLanguage":"et","potentialAction":[{"@type":"ReadAction","target":["https:\/\/lapsilopsi.ee\/et\/onnitlused\/"]}]},{"@type":"BreadcrumbList","@id":"https:\/\/lapsilopsi.ee\/et\/onnitlused\/#breadcrumb","itemListElement":[{"@type":"ListItem","position":1,"name":"Home","item":"https:\/\/lapsilopsi.ee\/et\/"},{"@type":"ListItem","position":2,"name":"V\u00d5RDLE"}]},{"@type":"WebSite","@id":"https:\/\/lapsilopsi.ee\/et\/#website","url":"https:\/\/lapsilopsi.ee\/et\/","name":"LapsiLopsi","description":"Puhkame k\u00f5ik koos!","publisher":{"@id":"https:\/\/lapsilopsi.ee\/et\/#organization"},"potentialAction":[{"@type":"SearchAction","target":{"@type":"EntryPoint","urlTemplate":"https:\/\/lapsilopsi.ee\/et\/?s={search_term_string}"},"query-input":{"@type":"PropertyValueSpecification","valueRequired":true,"valueName":"search_term_string"}}],"inLanguage":"et"},{"@type":"Organization","@id":"https:\/\/lapsilopsi.ee\/et\/#organization","name":"LapsiLopsi","url":"https:\/\/lapsilopsi.ee\/et\/","logo":{"@type":"ImageObject","inLanguage":"et","@id":"https:\/\/lapsilopsi.ee\/et\/#\/schema\/logo\/image\/","url":"https:\/\/lapsilopsi.ee\/wp-content\/uploads\/2022\/10\/lapsi-lapsi.jpg","contentUrl":"https:\/\/lapsilopsi.ee\/wp-content\/uploads\/2022\/10\/lapsi-lapsi.jpg","width":699,"height":181,"caption":"LapsiLopsi"},"image":{"@id":"https:\/\/lapsilopsi.ee\/et\/#\/schema\/logo\/image\/"}}]}},"jetpack_sharing_enabled":true,"jetpack_shortlink":"https:\/\/wp.me\/PafPRj-2Zt","_links":{"self":[{"href":"https:\/\/lapsilopsi.ee\/et\/wp-json\/wp\/v2\/pages\/11499","targetHints":{"allow":["GET"]}}],"collection":[{"href":"https:\/\/lapsilopsi.ee\/et\/wp-json\/wp\/v2\/pages"}],"about":[{"href":"https:\/\/lapsilopsi.ee\/et\/wp-json\/wp\/v2\/types\/page"}],"author":[{"embeddable":true,"href":"https:\/\/lapsilopsi.ee\/et\/wp-json\/wp\/v2\/users\/2"}],"replies":[{"embeddable":true,"href":"https:\/\/lapsilopsi.ee\/et\/wp-json\/wp\/v2\/comments?post=11499"}],"version-history":[{"count":6,"href":"https:\/\/lapsilopsi.ee\/et\/wp-json\/wp\/v2\/pages\/11499\/revisions"}],"predecessor-version":[{"id":13680,"href":"https:\/\/lapsilopsi.ee\/et\/wp-json\/wp\/v2\/pages\/11499\/revisions\/13680"}],"wp:attachment":[{"href":"https:\/\/lapsilopsi.ee\/et\/wp-json\/wp\/v2\/media?parent=11499"}],"curies":[{"name":"wp","href":"https:\/\/api.w.org\/{rel}","templated":true}]}}