{"id":11226,"date":"2023-12-15T19:14:03","date_gmt":"2023-12-15T16:14:03","guid":{"rendered":"https:\/\/lapsilopsi.ee\/tule-kulla\/"},"modified":"2026-01-14T00:05:08","modified_gmt":"2026-01-13T21:05:08","slug":"tule-kulla","status":"publish","type":"page","link":"https:\/\/lapsilopsi.ee\/et\/tule-kulla\/","title":{"rendered":"Tule k\u00fclla"},"content":{"rendered":"<p>Ainus lastekohvik Lasnam\u00e4el!<\/p>\n<p>Kohvik avatud iga p\u00e4ev 10.00-21.00. Lastele sissep\u00e4\u00e4s tasuline, 5 euro. <a href=\"https:\/\/lapsilopsi.ee\/et\/hinnakiri\/\">Vabak\u00fclastuse tingimused on siin<\/a>.<\/p>\n<p>Tasuta k\u00fclastusaegade kohta saate vaadata iga p\u00e4ev meie <a href=\"https:\/\/www.facebook.com\/lapsilopsilinnamae\">Facebooki <\/a> lehel.  <\/p>\n<p><strong>JAH!<\/strong> Broneeri kohvik oma seltskonnale 3 tunniks <a href=\"https:\/\/lapsilopsi.ee\/et\/\u0442\u043e\u0432\u0430\u0440\/booking\/\">SIIN<\/a>. \u041c\u0438\u043d\u0438\u043c\u0430\u043b\u044c\u043d\u044b\u0439 \u0441\u0447\u0435\u0442 \u0434\u043e\u043b\u0436\u0435\u043d \u0431\u044b\u0442\u044c 65 \u0435\u0432\u0440\u043e. Tingimused<a href=\"https:\/\/lapsilopsi.ee\/et\/perepakett\/\">siis<\/a><\/p>\n<p>Neljap\u00e4eviti 18.00-19.00 Jolly Toffee tuleb k\u00fclla. \u00dcritusel osalemine on tasuta. \u041f\u043e \u0441\u0440\u0435\u0434\u0430\u043c \u043f\u0440\u0438\u0445\u043e\u0434\u0438\u0442 \u042d\u0441\u0442\u043e\u043d\u0441\u043a\u0430\u044f \u0418\u0440\u0438\u0441\u043a\u0430 18.00-19.00. Butterscotch kostitab k\u00f5iki j\u00e4\u00e4tisega. Loe l\u00e4hemalt <a href=\"https:\/\/lapsilopsi.ee\/et\/haid-ohtuid-iriskaga\/\">SIIN<\/a>.<\/p>\n<p>K\u00fcsi, et l\u00fclitada sisse INTERAKTIIVNE P\u00d5HJENDUS! Projektori pilt on kujutatud p\u00f5randal, kaamera loeb m\u00e4ngija vastupidiseid toiminguid. Sel juhul loob m\u00e4ngija mulje suhtlusest virtuaalsete objektidega. N\u00e4iteks v\u00f5ib kujuteldava palliga jalgpalli m\u00e4ngida. Selle interaktiivse p\u00f5randaga l\u00f5butsemine ja \u00f5ppimine areneb lastel suurel liikuvusel, visuaal-liikumise koordineerimisel, tajumisel ja reageerimisv\u00f5imel.<\/p>\n<p>Kohtumiseni LapsiLopis!<\/p>\n","protected":false},"excerpt":{"rendered":"<p>Ainus lastekohvik Lasnam\u00e4el! Kohvik avatud iga p\u00e4ev 10.00-21.00. Lastele sissep\u00e4\u00e4s tasuline, 5 euro. Vabak\u00fclastuse tingimused on siin. Tasuta k\u00fclastusaegade kohta saate vaadata iga p\u00e4ev meie Facebooki lehel. JAH! Broneeri kohvik oma seltskonnale 3 tunniks SIIN. \u041c\u0438\u043d\u0438\u043c\u0430\u043b\u044c\u043d\u044b\u0439 \u0441\u0447\u0435\u0442 \u0434\u043e\u043b\u0436\u0435\u043d \u0431\u044b\u0442\u044c 65 \u0435\u0432\u0440\u043e. Tingimusedsiis Neljap\u00e4eviti 18.00-19.00 Jolly Toffee tuleb k\u00fclla. \u00dcritusel osalemine on tasuta. \u041f\u043e \u0441\u0440\u0435\u0434\u0430\u043c \u043f\u0440\u0438\u0445\u043e\u0434\u0438\u0442 [&hellip;]<\/p>\n","protected":false},"author":2,"featured_media":0,"parent":0,"menu_order":0,"comment_status":"closed","ping_status":"closed","template":"","meta":{"_acf_changed":false,"jetpack_post_was_ever_published":false,"footnotes":""},"class_list":["post-11226","page","type-page","status-publish","hentry"],"acf":[],"yoast_head":"<!-- This site is optimized with the Yoast SEO plugin v24.6 - https:\/\/yoast.com\/wordpress\/plugins\/seo\/ -->\n<title>Tule k\u00fclla - LapsiLopsi<\/title>\n<meta name=\"robots\" content=\"index, follow, max-snippet:-1, max-image-preview:large, max-video-preview:-1\" \/>\n<link rel=\"canonical\" href=\"https:\/\/lapsilopsi.ee\/et\/tule-kulla\/\" \/>\n<meta property=\"og:locale\" content=\"et_EE\" \/>\n<meta property=\"og:type\" content=\"article\" \/>\n<meta property=\"og:title\" content=\"Tule k\u00fclla - LapsiLopsi\" \/>\n<meta property=\"og:description\" content=\"Ainus lastekohvik Lasnam\u00e4el! Kohvik avatud iga p\u00e4ev 10.00-21.00. Lastele sissep\u00e4\u00e4s tasuline, 5 euro. Vabak\u00fclastuse tingimused on siin. Tasuta k\u00fclastusaegade kohta saate vaadata iga p\u00e4ev meie Facebooki lehel. JAH! Broneeri kohvik oma seltskonnale 3 tunniks SIIN. \u041c\u0438\u043d\u0438\u043c\u0430\u043b\u044c\u043d\u044b\u0439 \u0441\u0447\u0435\u0442 \u0434\u043e\u043b\u0436\u0435\u043d \u0431\u044b\u0442\u044c 65 \u0435\u0432\u0440\u043e. Tingimusedsiis Neljap\u00e4eviti 18.00-19.00 Jolly Toffee tuleb k\u00fclla. \u00dcritusel osalemine on tasuta. \u041f\u043e \u0441\u0440\u0435\u0434\u0430\u043c \u043f\u0440\u0438\u0445\u043e\u0434\u0438\u0442 [&hellip;]\" \/>\n<meta property=\"og:url\" content=\"https:\/\/lapsilopsi.ee\/et\/tule-kulla\/\" \/>\n<meta property=\"og:site_name\" content=\"LapsiLopsi\" \/>\n<meta property=\"article:modified_time\" content=\"2026-01-13T21:05:08+00:00\" \/>\n<meta name=\"twitter:card\" content=\"summary_large_image\" \/>\n<meta name=\"twitter:label1\" content=\"Est. reading time\" \/>\n\t<meta name=\"twitter:data1\" content=\"1 minut\" \/>\n<script type=\"application\/ld+json\" class=\"yoast-schema-graph\">{\"@context\":\"https:\/\/schema.org\",\"@graph\":[{\"@type\":\"WebPage\",\"@id\":\"https:\/\/lapsilopsi.ee\/et\/tule-kulla\/\",\"url\":\"https:\/\/lapsilopsi.ee\/et\/tule-kulla\/\",\"name\":\"Tule k\u00fclla - LapsiLopsi\",\"isPartOf\":{\"@id\":\"https:\/\/lapsilopsi.ee\/et\/#website\"},\"datePublished\":\"2023-12-15T16:14:03+00:00\",\"dateModified\":\"2026-01-13T21:05:08+00:00\",\"breadcrumb\":{\"@id\":\"https:\/\/lapsilopsi.ee\/et\/tule-kulla\/#breadcrumb\"},\"inLanguage\":\"et\",\"potentialAction\":[{\"@type\":\"ReadAction\",\"target\":[\"https:\/\/lapsilopsi.ee\/et\/tule-kulla\/\"]}]},{\"@type\":\"BreadcrumbList\",\"@id\":\"https:\/\/lapsilopsi.ee\/et\/tule-kulla\/#breadcrumb\",\"itemListElement\":[{\"@type\":\"ListItem\",\"position\":1,\"name\":\"Home\",\"item\":\"https:\/\/lapsilopsi.ee\/et\/\"},{\"@type\":\"ListItem\",\"position\":2,\"name\":\"Tule k\u00fclla\"}]},{\"@type\":\"WebSite\",\"@id\":\"https:\/\/lapsilopsi.ee\/et\/#website\",\"url\":\"https:\/\/lapsilopsi.ee\/et\/\",\"name\":\"LapsiLopsi\",\"description\":\"Puhkame k\u00f5ik koos!\",\"publisher\":{\"@id\":\"https:\/\/lapsilopsi.ee\/et\/#organization\"},\"potentialAction\":[{\"@type\":\"SearchAction\",\"target\":{\"@type\":\"EntryPoint\",\"urlTemplate\":\"https:\/\/lapsilopsi.ee\/et\/?s={search_term_string}\"},\"query-input\":{\"@type\":\"PropertyValueSpecification\",\"valueRequired\":true,\"valueName\":\"search_term_string\"}}],\"inLanguage\":\"et\"},{\"@type\":\"Organization\",\"@id\":\"https:\/\/lapsilopsi.ee\/et\/#organization\",\"name\":\"LapsiLopsi\",\"url\":\"https:\/\/lapsilopsi.ee\/et\/\",\"logo\":{\"@type\":\"ImageObject\",\"inLanguage\":\"et\",\"@id\":\"https:\/\/lapsilopsi.ee\/et\/#\/schema\/logo\/image\/\",\"url\":\"https:\/\/lapsilopsi.ee\/wp-content\/uploads\/2022\/10\/lapsi-lapsi.jpg\",\"contentUrl\":\"https:\/\/lapsilopsi.ee\/wp-content\/uploads\/2022\/10\/lapsi-lapsi.jpg\",\"width\":699,\"height\":181,\"caption\":\"LapsiLopsi\"},\"image\":{\"@id\":\"https:\/\/lapsilopsi.ee\/et\/#\/schema\/logo\/image\/\"}}]}<\/script>\n<!-- \/ Yoast SEO plugin. -->","yoast_head_json":{"title":"Tule k\u00fclla - LapsiLopsi","robots":{"index":"index","follow":"follow","max-snippet":"max-snippet:-1","max-image-preview":"max-image-preview:large","max-video-preview":"max-video-preview:-1"},"canonical":"https:\/\/lapsilopsi.ee\/et\/tule-kulla\/","og_locale":"et_EE","og_type":"article","og_title":"Tule k\u00fclla - LapsiLopsi","og_description":"Ainus lastekohvik Lasnam\u00e4el! Kohvik avatud iga p\u00e4ev 10.00-21.00. Lastele sissep\u00e4\u00e4s tasuline, 5 euro. Vabak\u00fclastuse tingimused on siin. Tasuta k\u00fclastusaegade kohta saate vaadata iga p\u00e4ev meie Facebooki lehel. JAH! Broneeri kohvik oma seltskonnale 3 tunniks SIIN. \u041c\u0438\u043d\u0438\u043c\u0430\u043b\u044c\u043d\u044b\u0439 \u0441\u0447\u0435\u0442 \u0434\u043e\u043b\u0436\u0435\u043d \u0431\u044b\u0442\u044c 65 \u0435\u0432\u0440\u043e. Tingimusedsiis Neljap\u00e4eviti 18.00-19.00 Jolly Toffee tuleb k\u00fclla. \u00dcritusel osalemine on tasuta. \u041f\u043e \u0441\u0440\u0435\u0434\u0430\u043c \u043f\u0440\u0438\u0445\u043e\u0434\u0438\u0442 [&hellip;]","og_url":"https:\/\/lapsilopsi.ee\/et\/tule-kulla\/","og_site_name":"LapsiLopsi","article_modified_time":"2026-01-13T21:05:08+00:00","twitter_card":"summary_large_image","twitter_misc":{"Est. reading time":"1 minut"},"schema":{"@context":"https:\/\/schema.org","@graph":[{"@type":"WebPage","@id":"https:\/\/lapsilopsi.ee\/et\/tule-kulla\/","url":"https:\/\/lapsilopsi.ee\/et\/tule-kulla\/","name":"Tule k\u00fclla - LapsiLopsi","isPartOf":{"@id":"https:\/\/lapsilopsi.ee\/et\/#website"},"datePublished":"2023-12-15T16:14:03+00:00","dateModified":"2026-01-13T21:05:08+00:00","breadcrumb":{"@id":"https:\/\/lapsilopsi.ee\/et\/tule-kulla\/#breadcrumb"},"inLanguage":"et","potentialAction":[{"@type":"ReadAction","target":["https:\/\/lapsilopsi.ee\/et\/tule-kulla\/"]}]},{"@type":"BreadcrumbList","@id":"https:\/\/lapsilopsi.ee\/et\/tule-kulla\/#breadcrumb","itemListElement":[{"@type":"ListItem","position":1,"name":"Home","item":"https:\/\/lapsilopsi.ee\/et\/"},{"@type":"ListItem","position":2,"name":"Tule k\u00fclla"}]},{"@type":"WebSite","@id":"https:\/\/lapsilopsi.ee\/et\/#website","url":"https:\/\/lapsilopsi.ee\/et\/","name":"LapsiLopsi","description":"Puhkame k\u00f5ik koos!","publisher":{"@id":"https:\/\/lapsilopsi.ee\/et\/#organization"},"potentialAction":[{"@type":"SearchAction","target":{"@type":"EntryPoint","urlTemplate":"https:\/\/lapsilopsi.ee\/et\/?s={search_term_string}"},"query-input":{"@type":"PropertyValueSpecification","valueRequired":true,"valueName":"search_term_string"}}],"inLanguage":"et"},{"@type":"Organization","@id":"https:\/\/lapsilopsi.ee\/et\/#organization","name":"LapsiLopsi","url":"https:\/\/lapsilopsi.ee\/et\/","logo":{"@type":"ImageObject","inLanguage":"et","@id":"https:\/\/lapsilopsi.ee\/et\/#\/schema\/logo\/image\/","url":"https:\/\/lapsilopsi.ee\/wp-content\/uploads\/2022\/10\/lapsi-lapsi.jpg","contentUrl":"https:\/\/lapsilopsi.ee\/wp-content\/uploads\/2022\/10\/lapsi-lapsi.jpg","width":699,"height":181,"caption":"LapsiLopsi"},"image":{"@id":"https:\/\/lapsilopsi.ee\/et\/#\/schema\/logo\/image\/"}}]}},"jetpack_sharing_enabled":true,"jetpack_shortlink":"https:\/\/wp.me\/PafPRj-2V4","_links":{"self":[{"href":"https:\/\/lapsilopsi.ee\/et\/wp-json\/wp\/v2\/pages\/11226","targetHints":{"allow":["GET"]}}],"collection":[{"href":"https:\/\/lapsilopsi.ee\/et\/wp-json\/wp\/v2\/pages"}],"about":[{"href":"https:\/\/lapsilopsi.ee\/et\/wp-json\/wp\/v2\/types\/page"}],"author":[{"embeddable":true,"href":"https:\/\/lapsilopsi.ee\/et\/wp-json\/wp\/v2\/users\/2"}],"replies":[{"embeddable":true,"href":"https:\/\/lapsilopsi.ee\/et\/wp-json\/wp\/v2\/comments?post=11226"}],"version-history":[{"count":3,"href":"https:\/\/lapsilopsi.ee\/et\/wp-json\/wp\/v2\/pages\/11226\/revisions"}],"predecessor-version":[{"id":15238,"href":"https:\/\/lapsilopsi.ee\/et\/wp-json\/wp\/v2\/pages\/11226\/revisions\/15238"}],"wp:attachment":[{"href":"https:\/\/lapsilopsi.ee\/et\/wp-json\/wp\/v2\/media?parent=11226"}],"curies":[{"name":"wp","href":"https:\/\/api.w.org\/{rel}","templated":true}]}}